{"id":2216,"date":"2023-06-22T14:30:12","date_gmt":"2023-06-22T14:30:12","guid":{"rendered":"https:\/\/thesweetshop.ma\/?post_type=product&#038;p=2216"},"modified":"2024-07-09T05:00:47","modified_gmt":"2024-07-09T05:00:47","slug":"loreal-paris-pure-riche-shampooing-sans-sulfate-a-lhuile-de-cameline","status":"publish","type":"product","link":"https:\/\/thesweetshop.ma\/?product=loreal-paris-pure-riche-shampooing-sans-sulfate-a-lhuile-de-cameline","title":{"rendered":"L&rsquo;Or\u00e9al Paris Pure Riche Shampooing Sans Sulfate \u00e0 l&rsquo;Huile de Cam\u00e9line"},"content":{"rendered":"<p>Le shampooing L&rsquo;Or\u00e9al Hair Expertise Pure Riche Nourishing and Taming 250ml est sp\u00e9cialement con\u00e7u pour les cheveux, m\u00eame ceux qui ont \u00e9t\u00e9 trop trait\u00e9s. L&rsquo;exp\u00e9rience luxueuse, avec des huiles botaniques. Respecte la fibre capillaire. L&rsquo;exp\u00e9rience sensorielle : Une mousse de shampooing riche et tr\u00e8s moussante aux parfums aromatiques. Le pouvoir des huiles<\/p>\n<ul class=\"a-unordered-list a-vertical a-spacing-mini\">\n<li><span class=\"a-list-item\">Shampooing sans sulfate au pouvoir hydratant et nourrissant pour une action efficace sur la fibre capillaire dess\u00e9ch\u00e9e et ultra-sensibilis\u00e9e<\/span><\/li>\n<li><span class=\"a-list-item\">Parfum aux subtiles notes de vanille, Formule enrichie en huile de Cam\u00e9line pour une mousse \u00e0 la texture riche et onctueuse<\/span><\/li>\n<li><span class=\"a-list-item\">Appliquer une noisette de Shampooing sur chevelure mouill\u00e9e puis masser d\u00e9licatement jusqu\u2019\u00e0 obtention d\u2019une mousse, Rincer abondamment, \u00c0 compl\u00e9ter avec l\u2019apr\u00e8s-Shampooing Pure Riche pour un rituel complet<\/span><\/li>\n<li><span class=\"a-list-item\">R\u00e9sultats : des cheveux brillants, r\u00e9par\u00e9s et nourris en profondeur, Toucher soyeux et coiffage facile<\/span><\/li>\n<li><span class=\"a-list-item\">Contenu : 1x Tube de Shampooing L\u2019Or\u00e9al Paris Pure Riche Syst\u00e8me Soin Nutrition, 250 ml<\/span><\/li>\n<\/ul>\n","protected":false},"excerpt":{"rendered":"<p>Le shampooing L&rsquo;Or\u00e9al Hair Expertise Pure Riche Nourishing and Taming 250ml est sp\u00e9cialement con\u00e7u pour les cheveux, m\u00eame ceux qui ont \u00e9t\u00e9 trop trait\u00e9s. L&rsquo;exp\u00e9rience&#8230;<\/p>\n","protected":false},"featured_media":2256,"comment_status":"open","ping_status":"closed","template":"","meta":{"_joinchat":[]},"etheme_brands":[],"product_brand":[],"product_cat":[103,104,105],"product_tag":[],"class_list":{"0":"post-2216","1":"product","2":"type-product","3":"status-publish","4":"has-post-thumbnail","6":"product_cat-france","7":"product_cat-loreal","8":"product_cat-shampooing-et-revitalisant","10":"first","11":"outofstock","12":"shipping-taxable","13":"purchasable","14":"product-type-simple"},"yoast_head":"<!-- This site is optimized with the Yoast SEO plugin v27.3 - https:\/\/yoast.com\/product\/yoast-seo-wordpress\/ -->\n<title>L&#039;Or\u00e9al Paris Pure Riche Shampooing Sans Sulfate \u00e0 l&#039;Huile de Cam\u00e9line -Maroc - The Sweet Shop<\/title>\n<meta name=\"robots\" content=\"index, follow, max-snippet:-1, max-image-preview:large, max-video-preview:-1\" \/>\n<link rel=\"canonical\" href=\"https:\/\/thesweetshop.ma\/?product=loreal-paris-pure-riche-shampooing-sans-sulfate-a-lhuile-de-cameline\" \/>\n<meta property=\"og:locale\" content=\"fr_FR\" \/>\n<meta property=\"og:type\" content=\"article\" \/>\n<meta property=\"og:title\" content=\"L&#039;Or\u00e9al Paris Pure Riche Shampooing Sans Sulfate \u00e0 l&#039;Huile de Cam\u00e9line -Maroc - The Sweet Shop\" \/>\n<meta property=\"og:description\" content=\"Le shampooing L&rsquo;Or\u00e9al Hair Expertise Pure Riche Nourishing and Taming 250ml est sp\u00e9cialement con\u00e7u pour les cheveux, m\u00eame ceux qui ont \u00e9t\u00e9 trop trait\u00e9s. L&rsquo;exp\u00e9rience...\" \/>\n<meta property=\"og:url\" content=\"https:\/\/thesweetshop.ma\/?product=loreal-paris-pure-riche-shampooing-sans-sulfate-a-lhuile-de-cameline\" \/>\n<meta property=\"og:site_name\" content=\"The Sweet Shop\" \/>\n<meta property=\"article:modified_time\" content=\"2024-07-09T05:00:47+00:00\" \/>\n<meta property=\"og:image\" content=\"https:\/\/thesweetshop.ma\/wp-content\/uploads\/2023\/06\/New-Project-1.jpg\" \/>\n\t<meta property=\"og:image:width\" content=\"800\" \/>\n\t<meta property=\"og:image:height\" content=\"800\" \/>\n\t<meta property=\"og:image:type\" content=\"image\/jpeg\" \/>\n<meta name=\"twitter:card\" content=\"summary_large_image\" \/>\n<meta name=\"twitter:label1\" content=\"Dur\u00e9e de lecture estim\u00e9e\" \/>\n\t<meta name=\"twitter:data1\" content=\"1 minute\" \/>\n<script type=\"application\/ld+json\" class=\"yoast-schema-graph\">{\"@context\":\"https:\\\/\\\/schema.org\",\"@graph\":[{\"@type\":\"WebPage\",\"@id\":\"https:\\\/\\\/thesweetshop.ma\\\/?product=loreal-paris-pure-riche-shampooing-sans-sulfate-a-lhuile-de-cameline\",\"url\":\"https:\\\/\\\/thesweetshop.ma\\\/?product=loreal-paris-pure-riche-shampooing-sans-sulfate-a-lhuile-de-cameline\",\"name\":\"L'Or\u00e9al Paris Pure Riche Shampooing Sans Sulfate \u00e0 l'Huile de Cam\u00e9line -Maroc - The Sweet Shop\",\"isPartOf\":{\"@id\":\"https:\\\/\\\/thesweetshop.ma\\\/#website\"},\"primaryImageOfPage\":{\"@id\":\"https:\\\/\\\/thesweetshop.ma\\\/?product=loreal-paris-pure-riche-shampooing-sans-sulfate-a-lhuile-de-cameline#primaryimage\"},\"image\":{\"@id\":\"https:\\\/\\\/thesweetshop.ma\\\/?product=loreal-paris-pure-riche-shampooing-sans-sulfate-a-lhuile-de-cameline#primaryimage\"},\"thumbnailUrl\":\"https:\\\/\\\/thesweetshop.ma\\\/wp-content\\\/uploads\\\/2023\\\/06\\\/New-Project-1.jpg\",\"datePublished\":\"2023-06-22T14:30:12+00:00\",\"dateModified\":\"2024-07-09T05:00:47+00:00\",\"breadcrumb\":{\"@id\":\"https:\\\/\\\/thesweetshop.ma\\\/?product=loreal-paris-pure-riche-shampooing-sans-sulfate-a-lhuile-de-cameline#breadcrumb\"},\"inLanguage\":\"fr-FR\",\"potentialAction\":[{\"@type\":\"ReadAction\",\"target\":[\"https:\\\/\\\/thesweetshop.ma\\\/?product=loreal-paris-pure-riche-shampooing-sans-sulfate-a-lhuile-de-cameline\"]}]},{\"@type\":\"ImageObject\",\"inLanguage\":\"fr-FR\",\"@id\":\"https:\\\/\\\/thesweetshop.ma\\\/?product=loreal-paris-pure-riche-shampooing-sans-sulfate-a-lhuile-de-cameline#primaryimage\",\"url\":\"https:\\\/\\\/thesweetshop.ma\\\/wp-content\\\/uploads\\\/2023\\\/06\\\/New-Project-1.jpg\",\"contentUrl\":\"https:\\\/\\\/thesweetshop.ma\\\/wp-content\\\/uploads\\\/2023\\\/06\\\/New-Project-1.jpg\",\"width\":800,\"height\":800},{\"@type\":\"BreadcrumbList\",\"@id\":\"https:\\\/\\\/thesweetshop.ma\\\/?product=loreal-paris-pure-riche-shampooing-sans-sulfate-a-lhuile-de-cameline#breadcrumb\",\"itemListElement\":[{\"@type\":\"ListItem\",\"position\":1,\"name\":\"Home\",\"item\":\"https:\\\/\\\/thesweetshop.ma\\\/\"},{\"@type\":\"ListItem\",\"position\":2,\"name\":\"Shop\",\"item\":\"https:\\\/\\\/thesweetshop.ma\\\/?page_id=5\"},{\"@type\":\"ListItem\",\"position\":3,\"name\":\"L&rsquo;Or\u00e9al Paris Pure Riche Shampooing Sans Sulfate \u00e0 l&rsquo;Huile de Cam\u00e9line\"}]},{\"@type\":\"WebSite\",\"@id\":\"https:\\\/\\\/thesweetshop.ma\\\/#website\",\"url\":\"https:\\\/\\\/thesweetshop.ma\\\/\",\"name\":\"The Sweet Shop\",\"description\":\"1# Le premier site de maquillage au Maroc\",\"potentialAction\":[{\"@type\":\"SearchAction\",\"target\":{\"@type\":\"EntryPoint\",\"urlTemplate\":\"https:\\\/\\\/thesweetshop.ma\\\/?s={search_term_string}\"},\"query-input\":{\"@type\":\"PropertyValueSpecification\",\"valueRequired\":true,\"valueName\":\"search_term_string\"}}],\"inLanguage\":\"fr-FR\"}]}<\/script>\n<!-- \/ Yoast SEO plugin. -->","yoast_head_json":{"title":"L'Or\u00e9al Paris Pure Riche Shampooing Sans Sulfate \u00e0 l'Huile de Cam\u00e9line -Maroc - The Sweet Shop","robots":{"index":"index","follow":"follow","max-snippet":"max-snippet:-1","max-image-preview":"max-image-preview:large","max-video-preview":"max-video-preview:-1"},"canonical":"https:\/\/thesweetshop.ma\/?product=loreal-paris-pure-riche-shampooing-sans-sulfate-a-lhuile-de-cameline","og_locale":"fr_FR","og_type":"article","og_title":"L'Or\u00e9al Paris Pure Riche Shampooing Sans Sulfate \u00e0 l'Huile de Cam\u00e9line -Maroc - The Sweet Shop","og_description":"Le shampooing L&rsquo;Or\u00e9al Hair Expertise Pure Riche Nourishing and Taming 250ml est sp\u00e9cialement con\u00e7u pour les cheveux, m\u00eame ceux qui ont \u00e9t\u00e9 trop trait\u00e9s. L&rsquo;exp\u00e9rience...","og_url":"https:\/\/thesweetshop.ma\/?product=loreal-paris-pure-riche-shampooing-sans-sulfate-a-lhuile-de-cameline","og_site_name":"The Sweet Shop","article_modified_time":"2024-07-09T05:00:47+00:00","og_image":[{"width":800,"height":800,"url":"https:\/\/thesweetshop.ma\/wp-content\/uploads\/2023\/06\/New-Project-1.jpg","type":"image\/jpeg"}],"twitter_card":"summary_large_image","twitter_misc":{"Dur\u00e9e de lecture estim\u00e9e":"1 minute"},"schema":{"@context":"https:\/\/schema.org","@graph":[{"@type":"WebPage","@id":"https:\/\/thesweetshop.ma\/?product=loreal-paris-pure-riche-shampooing-sans-sulfate-a-lhuile-de-cameline","url":"https:\/\/thesweetshop.ma\/?product=loreal-paris-pure-riche-shampooing-sans-sulfate-a-lhuile-de-cameline","name":"L'Or\u00e9al Paris Pure Riche Shampooing Sans Sulfate \u00e0 l'Huile de Cam\u00e9line -Maroc - The Sweet Shop","isPartOf":{"@id":"https:\/\/thesweetshop.ma\/#website"},"primaryImageOfPage":{"@id":"https:\/\/thesweetshop.ma\/?product=loreal-paris-pure-riche-shampooing-sans-sulfate-a-lhuile-de-cameline#primaryimage"},"image":{"@id":"https:\/\/thesweetshop.ma\/?product=loreal-paris-pure-riche-shampooing-sans-sulfate-a-lhuile-de-cameline#primaryimage"},"thumbnailUrl":"https:\/\/thesweetshop.ma\/wp-content\/uploads\/2023\/06\/New-Project-1.jpg","datePublished":"2023-06-22T14:30:12+00:00","dateModified":"2024-07-09T05:00:47+00:00","breadcrumb":{"@id":"https:\/\/thesweetshop.ma\/?product=loreal-paris-pure-riche-shampooing-sans-sulfate-a-lhuile-de-cameline#breadcrumb"},"inLanguage":"fr-FR","potentialAction":[{"@type":"ReadAction","target":["https:\/\/thesweetshop.ma\/?product=loreal-paris-pure-riche-shampooing-sans-sulfate-a-lhuile-de-cameline"]}]},{"@type":"ImageObject","inLanguage":"fr-FR","@id":"https:\/\/thesweetshop.ma\/?product=loreal-paris-pure-riche-shampooing-sans-sulfate-a-lhuile-de-cameline#primaryimage","url":"https:\/\/thesweetshop.ma\/wp-content\/uploads\/2023\/06\/New-Project-1.jpg","contentUrl":"https:\/\/thesweetshop.ma\/wp-content\/uploads\/2023\/06\/New-Project-1.jpg","width":800,"height":800},{"@type":"BreadcrumbList","@id":"https:\/\/thesweetshop.ma\/?product=loreal-paris-pure-riche-shampooing-sans-sulfate-a-lhuile-de-cameline#breadcrumb","itemListElement":[{"@type":"ListItem","position":1,"name":"Home","item":"https:\/\/thesweetshop.ma\/"},{"@type":"ListItem","position":2,"name":"Shop","item":"https:\/\/thesweetshop.ma\/?page_id=5"},{"@type":"ListItem","position":3,"name":"L&rsquo;Or\u00e9al Paris Pure Riche Shampooing Sans Sulfate \u00e0 l&rsquo;Huile de Cam\u00e9line"}]},{"@type":"WebSite","@id":"https:\/\/thesweetshop.ma\/#website","url":"https:\/\/thesweetshop.ma\/","name":"The Sweet Shop","description":"1# Le premier site de maquillage au Maroc","potentialAction":[{"@type":"SearchAction","target":{"@type":"EntryPoint","urlTemplate":"https:\/\/thesweetshop.ma\/?s={search_term_string}"},"query-input":{"@type":"PropertyValueSpecification","valueRequired":true,"valueName":"search_term_string"}}],"inLanguage":"fr-FR"}]}},"jetpack_sharing_enabled":true,"_links":{"self":[{"href":"https:\/\/thesweetshop.ma\/index.php?rest_route=\/wp\/v2\/product\/2216","targetHints":{"allow":["GET"]}}],"collection":[{"href":"https:\/\/thesweetshop.ma\/index.php?rest_route=\/wp\/v2\/product"}],"about":[{"href":"https:\/\/thesweetshop.ma\/index.php?rest_route=\/wp\/v2\/types\/product"}],"replies":[{"embeddable":true,"href":"https:\/\/thesweetshop.ma\/index.php?rest_route=%2Fwp%2Fv2%2Fcomments&post=2216"}],"version-history":[{"count":1,"href":"https:\/\/thesweetshop.ma\/index.php?rest_route=\/wp\/v2\/product\/2216\/revisions"}],"predecessor-version":[{"id":2257,"href":"https:\/\/thesweetshop.ma\/index.php?rest_route=\/wp\/v2\/product\/2216\/revisions\/2257"}],"wp:featuredmedia":[{"embeddable":true,"href":"https:\/\/thesweetshop.ma\/index.php?rest_route=\/wp\/v2\/media\/2256"}],"wp:attachment":[{"href":"https:\/\/thesweetshop.ma\/index.php?rest_route=%2Fwp%2Fv2%2Fmedia&parent=2216"}],"wp:term":[{"taxonomy":"brand","embeddable":true,"href":"https:\/\/thesweetshop.ma\/index.php?rest_route=%2Fwp%2Fv2%2Fetheme_brands&post=2216"},{"taxonomy":"product_brand","embeddable":true,"href":"https:\/\/thesweetshop.ma\/index.php?rest_route=%2Fwp%2Fv2%2Fproduct_brand&post=2216"},{"taxonomy":"product_cat","embeddable":true,"href":"https:\/\/thesweetshop.ma\/index.php?rest_route=%2Fwp%2Fv2%2Fproduct_cat&post=2216"},{"taxonomy":"product_tag","embeddable":true,"href":"https:\/\/thesweetshop.ma\/index.php?rest_route=%2Fwp%2Fv2%2Fproduct_tag&post=2216"}],"curies":[{"name":"wp","href":"https:\/\/api.w.org\/{rel}","templated":true}]}}