{"id":2222,"date":"2023-06-22T14:30:13","date_gmt":"2023-06-22T14:30:13","guid":{"rendered":"https:\/\/thesweetshop.ma\/?post_type=product&#038;p=2222"},"modified":"2025-05-24T01:32:13","modified_gmt":"2025-05-24T01:32:13","slug":"hugo-boss-boss-bottled-unlimited-eau-de-toilette-100-ml","status":"publish","type":"product","link":"https:\/\/thesweetshop.ma\/?product=hugo-boss-boss-bottled-unlimited-eau-de-toilette-100-ml","title":{"rendered":"Hugo Boss Boss Bottled Unlimited Eau de Toilette 100 ML"},"content":{"rendered":"<p><strong>Boss Bottled Unlimited d&rsquo;Hugo Boss&#8230;<\/strong><\/p>\n<p>Une \u00e9dition limit\u00e9e fra\u00eeche et \u00e9nergisante pour les hommes \u00e0 la recherche d\u2019un succ\u00e8s sans limite, au-del\u00e0 du jeu! Ce parfum repr\u00e9sente la pr\u00e9paration n\u00e9cessaire au succ\u00e8s combin\u00e9e \u00e0 la mont\u00e9e d\u2019adr\u00e9naline quand l\u2019objectif est atteint. Un parfum id\u00e9al pour cet \u00e9t\u00e9 plac\u00e9 sous le signe du football.<\/p>\n","protected":false},"excerpt":{"rendered":"<p>Boss Bottled Unlimited d&rsquo;Hugo Boss&#8230; Une \u00e9dition limit\u00e9e fra\u00eeche et \u00e9nergisante pour les hommes \u00e0 la recherche d\u2019un succ\u00e8s sans limite, au-del\u00e0 du jeu! Ce&#8230;<\/p>\n","protected":false},"featured_media":2268,"comment_status":"open","ping_status":"closed","template":"","meta":{"_joinchat":[]},"etheme_brands":[],"product_brand":[],"product_cat":[107,111,112,113],"product_tag":[],"class_list":{"0":"post-2222","1":"product","2":"type-product","3":"status-publish","4":"has-post-thumbnail","6":"product_cat-allemagne","7":"product_cat-boss","8":"product_cat-parfum","9":"product_cat-parfum-pour-homme","11":"first","12":"outofstock","13":"sale","14":"shipping-taxable","15":"purchasable","16":"product-type-simple"},"yoast_head":"<!-- This site is optimized with the Yoast SEO plugin v27.4 - https:\/\/yoast.com\/product\/yoast-seo-wordpress\/ -->\n<title>Hugo Boss Boss Bottled Unlimited Eau de Toilette 100 ML - MAROC - The Sweet Shop<\/title>\n<meta name=\"robots\" content=\"index, follow, max-snippet:-1, max-image-preview:large, max-video-preview:-1\" \/>\n<link rel=\"canonical\" href=\"https:\/\/thesweetshop.ma\/?product=hugo-boss-boss-bottled-unlimited-eau-de-toilette-100-ml\" \/>\n<meta property=\"og:locale\" content=\"fr_FR\" \/>\n<meta property=\"og:type\" content=\"article\" \/>\n<meta property=\"og:title\" content=\"Hugo Boss Boss Bottled Unlimited Eau de Toilette 100 ML - MAROC - The Sweet Shop\" \/>\n<meta property=\"og:description\" content=\"Boss Bottled Unlimited d&rsquo;Hugo Boss&#8230; Une \u00e9dition limit\u00e9e fra\u00eeche et \u00e9nergisante pour les hommes \u00e0 la recherche d\u2019un succ\u00e8s sans limite, au-del\u00e0 du jeu! Ce...\" \/>\n<meta property=\"og:url\" content=\"https:\/\/thesweetshop.ma\/?product=hugo-boss-boss-bottled-unlimited-eau-de-toilette-100-ml\" \/>\n<meta property=\"og:site_name\" content=\"The Sweet Shop\" \/>\n<meta property=\"article:modified_time\" content=\"2025-05-24T01:32:13+00:00\" \/>\n<meta property=\"og:image\" content=\"https:\/\/thesweetshop.ma\/wp-content\/uploads\/2023\/06\/boss-bottled-unlimited-boite-et-flacon-du-parfum.jpeg\" \/>\n\t<meta property=\"og:image:width\" content=\"710\" \/>\n\t<meta property=\"og:image:height\" content=\"710\" \/>\n\t<meta property=\"og:image:type\" content=\"image\/jpeg\" \/>\n<meta name=\"twitter:card\" content=\"summary_large_image\" \/>\n<meta name=\"twitter:label1\" content=\"Dur\u00e9e de lecture estim\u00e9e\" \/>\n\t<meta name=\"twitter:data1\" content=\"1 minute\" \/>\n<script type=\"application\/ld+json\" class=\"yoast-schema-graph\">{\"@context\":\"https:\\\/\\\/schema.org\",\"@graph\":[{\"@type\":\"WebPage\",\"@id\":\"https:\\\/\\\/thesweetshop.ma\\\/?product=hugo-boss-boss-bottled-unlimited-eau-de-toilette-100-ml\",\"url\":\"https:\\\/\\\/thesweetshop.ma\\\/?product=hugo-boss-boss-bottled-unlimited-eau-de-toilette-100-ml\",\"name\":\"Hugo Boss Boss Bottled Unlimited Eau de Toilette 100 ML - MAROC - The Sweet Shop\",\"isPartOf\":{\"@id\":\"https:\\\/\\\/thesweetshop.ma\\\/#website\"},\"primaryImageOfPage\":{\"@id\":\"https:\\\/\\\/thesweetshop.ma\\\/?product=hugo-boss-boss-bottled-unlimited-eau-de-toilette-100-ml#primaryimage\"},\"image\":{\"@id\":\"https:\\\/\\\/thesweetshop.ma\\\/?product=hugo-boss-boss-bottled-unlimited-eau-de-toilette-100-ml#primaryimage\"},\"thumbnailUrl\":\"https:\\\/\\\/thesweetshop.ma\\\/wp-content\\\/uploads\\\/2023\\\/06\\\/boss-bottled-unlimited-boite-et-flacon-du-parfum.jpeg\",\"datePublished\":\"2023-06-22T14:30:13+00:00\",\"dateModified\":\"2025-05-24T01:32:13+00:00\",\"breadcrumb\":{\"@id\":\"https:\\\/\\\/thesweetshop.ma\\\/?product=hugo-boss-boss-bottled-unlimited-eau-de-toilette-100-ml#breadcrumb\"},\"inLanguage\":\"fr-FR\",\"potentialAction\":[{\"@type\":\"ReadAction\",\"target\":[\"https:\\\/\\\/thesweetshop.ma\\\/?product=hugo-boss-boss-bottled-unlimited-eau-de-toilette-100-ml\"]}]},{\"@type\":\"ImageObject\",\"inLanguage\":\"fr-FR\",\"@id\":\"https:\\\/\\\/thesweetshop.ma\\\/?product=hugo-boss-boss-bottled-unlimited-eau-de-toilette-100-ml#primaryimage\",\"url\":\"https:\\\/\\\/thesweetshop.ma\\\/wp-content\\\/uploads\\\/2023\\\/06\\\/boss-bottled-unlimited-boite-et-flacon-du-parfum.jpeg\",\"contentUrl\":\"https:\\\/\\\/thesweetshop.ma\\\/wp-content\\\/uploads\\\/2023\\\/06\\\/boss-bottled-unlimited-boite-et-flacon-du-parfum.jpeg\",\"width\":710,\"height\":710},{\"@type\":\"BreadcrumbList\",\"@id\":\"https:\\\/\\\/thesweetshop.ma\\\/?product=hugo-boss-boss-bottled-unlimited-eau-de-toilette-100-ml#breadcrumb\",\"itemListElement\":[{\"@type\":\"ListItem\",\"position\":1,\"name\":\"Home\",\"item\":\"https:\\\/\\\/thesweetshop.ma\\\/\"},{\"@type\":\"ListItem\",\"position\":2,\"name\":\"Shop\",\"item\":\"https:\\\/\\\/thesweetshop.ma\\\/?page_id=5\"},{\"@type\":\"ListItem\",\"position\":3,\"name\":\"Hugo Boss Boss Bottled Unlimited Eau de Toilette 100 ML\"}]},{\"@type\":\"WebSite\",\"@id\":\"https:\\\/\\\/thesweetshop.ma\\\/#website\",\"url\":\"https:\\\/\\\/thesweetshop.ma\\\/\",\"name\":\"The Sweet Shop\",\"description\":\"1# Le premier site de maquillage au Maroc\",\"potentialAction\":[{\"@type\":\"SearchAction\",\"target\":{\"@type\":\"EntryPoint\",\"urlTemplate\":\"https:\\\/\\\/thesweetshop.ma\\\/?s={search_term_string}\"},\"query-input\":{\"@type\":\"PropertyValueSpecification\",\"valueRequired\":true,\"valueName\":\"search_term_string\"}}],\"inLanguage\":\"fr-FR\"}]}<\/script>\n<!-- \/ Yoast SEO plugin. -->","yoast_head_json":{"title":"Hugo Boss Boss Bottled Unlimited Eau de Toilette 100 ML - MAROC - The Sweet Shop","robots":{"index":"index","follow":"follow","max-snippet":"max-snippet:-1","max-image-preview":"max-image-preview:large","max-video-preview":"max-video-preview:-1"},"canonical":"https:\/\/thesweetshop.ma\/?product=hugo-boss-boss-bottled-unlimited-eau-de-toilette-100-ml","og_locale":"fr_FR","og_type":"article","og_title":"Hugo Boss Boss Bottled Unlimited Eau de Toilette 100 ML - MAROC - The Sweet Shop","og_description":"Boss Bottled Unlimited d&rsquo;Hugo Boss&#8230; Une \u00e9dition limit\u00e9e fra\u00eeche et \u00e9nergisante pour les hommes \u00e0 la recherche d\u2019un succ\u00e8s sans limite, au-del\u00e0 du jeu! Ce...","og_url":"https:\/\/thesweetshop.ma\/?product=hugo-boss-boss-bottled-unlimited-eau-de-toilette-100-ml","og_site_name":"The Sweet Shop","article_modified_time":"2025-05-24T01:32:13+00:00","og_image":[{"width":710,"height":710,"url":"https:\/\/thesweetshop.ma\/wp-content\/uploads\/2023\/06\/boss-bottled-unlimited-boite-et-flacon-du-parfum.jpeg","type":"image\/jpeg"}],"twitter_card":"summary_large_image","twitter_misc":{"Dur\u00e9e de lecture estim\u00e9e":"1 minute"},"schema":{"@context":"https:\/\/schema.org","@graph":[{"@type":"WebPage","@id":"https:\/\/thesweetshop.ma\/?product=hugo-boss-boss-bottled-unlimited-eau-de-toilette-100-ml","url":"https:\/\/thesweetshop.ma\/?product=hugo-boss-boss-bottled-unlimited-eau-de-toilette-100-ml","name":"Hugo Boss Boss Bottled Unlimited Eau de Toilette 100 ML - MAROC - The Sweet Shop","isPartOf":{"@id":"https:\/\/thesweetshop.ma\/#website"},"primaryImageOfPage":{"@id":"https:\/\/thesweetshop.ma\/?product=hugo-boss-boss-bottled-unlimited-eau-de-toilette-100-ml#primaryimage"},"image":{"@id":"https:\/\/thesweetshop.ma\/?product=hugo-boss-boss-bottled-unlimited-eau-de-toilette-100-ml#primaryimage"},"thumbnailUrl":"https:\/\/thesweetshop.ma\/wp-content\/uploads\/2023\/06\/boss-bottled-unlimited-boite-et-flacon-du-parfum.jpeg","datePublished":"2023-06-22T14:30:13+00:00","dateModified":"2025-05-24T01:32:13+00:00","breadcrumb":{"@id":"https:\/\/thesweetshop.ma\/?product=hugo-boss-boss-bottled-unlimited-eau-de-toilette-100-ml#breadcrumb"},"inLanguage":"fr-FR","potentialAction":[{"@type":"ReadAction","target":["https:\/\/thesweetshop.ma\/?product=hugo-boss-boss-bottled-unlimited-eau-de-toilette-100-ml"]}]},{"@type":"ImageObject","inLanguage":"fr-FR","@id":"https:\/\/thesweetshop.ma\/?product=hugo-boss-boss-bottled-unlimited-eau-de-toilette-100-ml#primaryimage","url":"https:\/\/thesweetshop.ma\/wp-content\/uploads\/2023\/06\/boss-bottled-unlimited-boite-et-flacon-du-parfum.jpeg","contentUrl":"https:\/\/thesweetshop.ma\/wp-content\/uploads\/2023\/06\/boss-bottled-unlimited-boite-et-flacon-du-parfum.jpeg","width":710,"height":710},{"@type":"BreadcrumbList","@id":"https:\/\/thesweetshop.ma\/?product=hugo-boss-boss-bottled-unlimited-eau-de-toilette-100-ml#breadcrumb","itemListElement":[{"@type":"ListItem","position":1,"name":"Home","item":"https:\/\/thesweetshop.ma\/"},{"@type":"ListItem","position":2,"name":"Shop","item":"https:\/\/thesweetshop.ma\/?page_id=5"},{"@type":"ListItem","position":3,"name":"Hugo Boss Boss Bottled Unlimited Eau de Toilette 100 ML"}]},{"@type":"WebSite","@id":"https:\/\/thesweetshop.ma\/#website","url":"https:\/\/thesweetshop.ma\/","name":"The Sweet Shop","description":"1# Le premier site de maquillage au Maroc","potentialAction":[{"@type":"SearchAction","target":{"@type":"EntryPoint","urlTemplate":"https:\/\/thesweetshop.ma\/?s={search_term_string}"},"query-input":{"@type":"PropertyValueSpecification","valueRequired":true,"valueName":"search_term_string"}}],"inLanguage":"fr-FR"}]}},"jetpack_sharing_enabled":true,"_links":{"self":[{"href":"https:\/\/thesweetshop.ma\/index.php?rest_route=\/wp\/v2\/product\/2222","targetHints":{"allow":["GET"]}}],"collection":[{"href":"https:\/\/thesweetshop.ma\/index.php?rest_route=\/wp\/v2\/product"}],"about":[{"href":"https:\/\/thesweetshop.ma\/index.php?rest_route=\/wp\/v2\/types\/product"}],"replies":[{"embeddable":true,"href":"https:\/\/thesweetshop.ma\/index.php?rest_route=%2Fwp%2Fv2%2Fcomments&post=2222"}],"version-history":[{"count":1,"href":"https:\/\/thesweetshop.ma\/index.php?rest_route=\/wp\/v2\/product\/2222\/revisions"}],"predecessor-version":[{"id":2269,"href":"https:\/\/thesweetshop.ma\/index.php?rest_route=\/wp\/v2\/product\/2222\/revisions\/2269"}],"wp:featuredmedia":[{"embeddable":true,"href":"https:\/\/thesweetshop.ma\/index.php?rest_route=\/wp\/v2\/media\/2268"}],"wp:attachment":[{"href":"https:\/\/thesweetshop.ma\/index.php?rest_route=%2Fwp%2Fv2%2Fmedia&parent=2222"}],"wp:term":[{"taxonomy":"brand","embeddable":true,"href":"https:\/\/thesweetshop.ma\/index.php?rest_route=%2Fwp%2Fv2%2Fetheme_brands&post=2222"},{"taxonomy":"product_brand","embeddable":true,"href":"https:\/\/thesweetshop.ma\/index.php?rest_route=%2Fwp%2Fv2%2Fproduct_brand&post=2222"},{"taxonomy":"product_cat","embeddable":true,"href":"https:\/\/thesweetshop.ma\/index.php?rest_route=%2Fwp%2Fv2%2Fproduct_cat&post=2222"},{"taxonomy":"product_tag","embeddable":true,"href":"https:\/\/thesweetshop.ma\/index.php?rest_route=%2Fwp%2Fv2%2Fproduct_tag&post=2222"}],"curies":[{"name":"wp","href":"https:\/\/api.w.org\/{rel}","templated":true}]}}