{"id":2223,"date":"2023-06-22T14:30:13","date_gmt":"2023-06-22T14:30:13","guid":{"rendered":"https:\/\/thesweetshop.ma\/?post_type=product&#038;p=2223"},"modified":"2025-01-09T01:40:35","modified_gmt":"2025-01-09T01:40:35","slug":"hugo-boss-boss-bottled-night-eau-de-toilette-200-ml","status":"publish","type":"product","link":"https:\/\/thesweetshop.ma\/?product=hugo-boss-boss-bottled-night-eau-de-toilette-200-ml","title":{"rendered":"Hugo Boss Boss Bottled Night Eau de Toilette 200 ML"},"content":{"rendered":"<p>LA S\u00c9DUCTION DE BOSS BOTTLED NIGHT D\u2019HUGO BOSS<br \/>\nBoss Bottled Night est un parfum qui a vu le jour en 2010 et qui s\u2019est tr\u00e8s rapidement class\u00e9 comme \u00e9tant l\u2019un des grands succ\u00e8s de la marque Hugo Boss.<br \/>\nL\u2019homme Boss Night est excessivement masculin, incontestablement \u00e9l\u00e9gant, et profond\u00e9ment attirant. C\u2019est le parfum des hommes qui veulent plaire.<br \/>\nSes notes de t\u00eate aromatiques vertes et \u00e9nergiques sont port\u00e9es par le bouleau et la cardamome. Tandis que ses notes de c\u0153ur sont un m\u00e9lange de senteurs bois\u00e9es du louro amarelo, qui apportent des notes de fond plus musqu\u00e9es.<\/p>\n","protected":false},"excerpt":{"rendered":"<p>LA S\u00c9DUCTION DE BOSS BOTTLED NIGHT D\u2019HUGO BOSS Boss Bottled Night est un parfum qui a vu le jour en 2010 et qui s\u2019est tr\u00e8s&#8230;<\/p>\n","protected":false},"featured_media":2270,"comment_status":"open","ping_status":"closed","template":"","meta":{"_joinchat":[]},"etheme_brands":[],"product_brand":[],"product_cat":[107,111,112,113],"product_tag":[],"class_list":{"0":"post-2223","1":"product","2":"type-product","3":"status-publish","4":"has-post-thumbnail","6":"product_cat-allemagne","7":"product_cat-boss","8":"product_cat-parfum","9":"product_cat-parfum-pour-homme","11":"first","12":"outofstock","13":"shipping-taxable","14":"purchasable","15":"product-type-simple"},"yoast_head":"<!-- This site is optimized with the Yoast SEO plugin v27.4 - https:\/\/yoast.com\/product\/yoast-seo-wordpress\/ -->\n<title>Hugo Boss Boss Bottled Night Eau de Toilette 200 ML -MAROC- The Sweet Shop<\/title>\n<meta name=\"robots\" content=\"index, follow, max-snippet:-1, max-image-preview:large, max-video-preview:-1\" \/>\n<link rel=\"canonical\" href=\"https:\/\/thesweetshop.ma\/?product=hugo-boss-boss-bottled-night-eau-de-toilette-200-ml\" \/>\n<meta property=\"og:locale\" content=\"fr_FR\" \/>\n<meta property=\"og:type\" content=\"article\" \/>\n<meta property=\"og:title\" content=\"Hugo Boss Boss Bottled Night Eau de Toilette 200 ML -MAROC- The Sweet Shop\" \/>\n<meta property=\"og:description\" content=\"LA S\u00c9DUCTION DE BOSS BOTTLED NIGHT D\u2019HUGO BOSS Boss Bottled Night est un parfum qui a vu le jour en 2010 et qui s\u2019est tr\u00e8s...\" \/>\n<meta property=\"og:url\" content=\"https:\/\/thesweetshop.ma\/?product=hugo-boss-boss-bottled-night-eau-de-toilette-200-ml\" \/>\n<meta property=\"og:site_name\" content=\"The Sweet Shop\" \/>\n<meta property=\"article:modified_time\" content=\"2025-01-09T01:40:35+00:00\" \/>\n<meta property=\"og:image\" content=\"https:\/\/thesweetshop.ma\/wp-content\/uploads\/2023\/06\/s-l640.jpeg\" \/>\n\t<meta property=\"og:image:width\" content=\"640\" \/>\n\t<meta property=\"og:image:height\" content=\"640\" \/>\n\t<meta property=\"og:image:type\" content=\"image\/jpeg\" \/>\n<meta name=\"twitter:card\" content=\"summary_large_image\" \/>\n<meta name=\"twitter:label1\" content=\"Dur\u00e9e de lecture estim\u00e9e\" \/>\n\t<meta name=\"twitter:data1\" content=\"1 minute\" \/>\n<script type=\"application\/ld+json\" class=\"yoast-schema-graph\">{\"@context\":\"https:\\\/\\\/schema.org\",\"@graph\":[{\"@type\":\"WebPage\",\"@id\":\"https:\\\/\\\/thesweetshop.ma\\\/?product=hugo-boss-boss-bottled-night-eau-de-toilette-200-ml\",\"url\":\"https:\\\/\\\/thesweetshop.ma\\\/?product=hugo-boss-boss-bottled-night-eau-de-toilette-200-ml\",\"name\":\"Hugo Boss Boss Bottled Night Eau de Toilette 200 ML -MAROC- The Sweet Shop\",\"isPartOf\":{\"@id\":\"https:\\\/\\\/thesweetshop.ma\\\/#website\"},\"primaryImageOfPage\":{\"@id\":\"https:\\\/\\\/thesweetshop.ma\\\/?product=hugo-boss-boss-bottled-night-eau-de-toilette-200-ml#primaryimage\"},\"image\":{\"@id\":\"https:\\\/\\\/thesweetshop.ma\\\/?product=hugo-boss-boss-bottled-night-eau-de-toilette-200-ml#primaryimage\"},\"thumbnailUrl\":\"https:\\\/\\\/thesweetshop.ma\\\/wp-content\\\/uploads\\\/2023\\\/06\\\/s-l640.jpeg\",\"datePublished\":\"2023-06-22T14:30:13+00:00\",\"dateModified\":\"2025-01-09T01:40:35+00:00\",\"breadcrumb\":{\"@id\":\"https:\\\/\\\/thesweetshop.ma\\\/?product=hugo-boss-boss-bottled-night-eau-de-toilette-200-ml#breadcrumb\"},\"inLanguage\":\"fr-FR\",\"potentialAction\":[{\"@type\":\"ReadAction\",\"target\":[\"https:\\\/\\\/thesweetshop.ma\\\/?product=hugo-boss-boss-bottled-night-eau-de-toilette-200-ml\"]}]},{\"@type\":\"ImageObject\",\"inLanguage\":\"fr-FR\",\"@id\":\"https:\\\/\\\/thesweetshop.ma\\\/?product=hugo-boss-boss-bottled-night-eau-de-toilette-200-ml#primaryimage\",\"url\":\"https:\\\/\\\/thesweetshop.ma\\\/wp-content\\\/uploads\\\/2023\\\/06\\\/s-l640.jpeg\",\"contentUrl\":\"https:\\\/\\\/thesweetshop.ma\\\/wp-content\\\/uploads\\\/2023\\\/06\\\/s-l640.jpeg\",\"width\":640,\"height\":640},{\"@type\":\"BreadcrumbList\",\"@id\":\"https:\\\/\\\/thesweetshop.ma\\\/?product=hugo-boss-boss-bottled-night-eau-de-toilette-200-ml#breadcrumb\",\"itemListElement\":[{\"@type\":\"ListItem\",\"position\":1,\"name\":\"Home\",\"item\":\"https:\\\/\\\/thesweetshop.ma\\\/\"},{\"@type\":\"ListItem\",\"position\":2,\"name\":\"Shop\",\"item\":\"https:\\\/\\\/thesweetshop.ma\\\/?page_id=5\"},{\"@type\":\"ListItem\",\"position\":3,\"name\":\"Hugo Boss Boss Bottled Night Eau de Toilette 200 ML\"}]},{\"@type\":\"WebSite\",\"@id\":\"https:\\\/\\\/thesweetshop.ma\\\/#website\",\"url\":\"https:\\\/\\\/thesweetshop.ma\\\/\",\"name\":\"The Sweet Shop\",\"description\":\"1# Le premier site de maquillage au Maroc\",\"potentialAction\":[{\"@type\":\"SearchAction\",\"target\":{\"@type\":\"EntryPoint\",\"urlTemplate\":\"https:\\\/\\\/thesweetshop.ma\\\/?s={search_term_string}\"},\"query-input\":{\"@type\":\"PropertyValueSpecification\",\"valueRequired\":true,\"valueName\":\"search_term_string\"}}],\"inLanguage\":\"fr-FR\"}]}<\/script>\n<!-- \/ Yoast SEO plugin. -->","yoast_head_json":{"title":"Hugo Boss Boss Bottled Night Eau de Toilette 200 ML -MAROC- The Sweet Shop","robots":{"index":"index","follow":"follow","max-snippet":"max-snippet:-1","max-image-preview":"max-image-preview:large","max-video-preview":"max-video-preview:-1"},"canonical":"https:\/\/thesweetshop.ma\/?product=hugo-boss-boss-bottled-night-eau-de-toilette-200-ml","og_locale":"fr_FR","og_type":"article","og_title":"Hugo Boss Boss Bottled Night Eau de Toilette 200 ML -MAROC- The Sweet Shop","og_description":"LA S\u00c9DUCTION DE BOSS BOTTLED NIGHT D\u2019HUGO BOSS Boss Bottled Night est un parfum qui a vu le jour en 2010 et qui s\u2019est tr\u00e8s...","og_url":"https:\/\/thesweetshop.ma\/?product=hugo-boss-boss-bottled-night-eau-de-toilette-200-ml","og_site_name":"The Sweet Shop","article_modified_time":"2025-01-09T01:40:35+00:00","og_image":[{"width":640,"height":640,"url":"https:\/\/thesweetshop.ma\/wp-content\/uploads\/2023\/06\/s-l640.jpeg","type":"image\/jpeg"}],"twitter_card":"summary_large_image","twitter_misc":{"Dur\u00e9e de lecture estim\u00e9e":"1 minute"},"schema":{"@context":"https:\/\/schema.org","@graph":[{"@type":"WebPage","@id":"https:\/\/thesweetshop.ma\/?product=hugo-boss-boss-bottled-night-eau-de-toilette-200-ml","url":"https:\/\/thesweetshop.ma\/?product=hugo-boss-boss-bottled-night-eau-de-toilette-200-ml","name":"Hugo Boss Boss Bottled Night Eau de Toilette 200 ML -MAROC- The Sweet Shop","isPartOf":{"@id":"https:\/\/thesweetshop.ma\/#website"},"primaryImageOfPage":{"@id":"https:\/\/thesweetshop.ma\/?product=hugo-boss-boss-bottled-night-eau-de-toilette-200-ml#primaryimage"},"image":{"@id":"https:\/\/thesweetshop.ma\/?product=hugo-boss-boss-bottled-night-eau-de-toilette-200-ml#primaryimage"},"thumbnailUrl":"https:\/\/thesweetshop.ma\/wp-content\/uploads\/2023\/06\/s-l640.jpeg","datePublished":"2023-06-22T14:30:13+00:00","dateModified":"2025-01-09T01:40:35+00:00","breadcrumb":{"@id":"https:\/\/thesweetshop.ma\/?product=hugo-boss-boss-bottled-night-eau-de-toilette-200-ml#breadcrumb"},"inLanguage":"fr-FR","potentialAction":[{"@type":"ReadAction","target":["https:\/\/thesweetshop.ma\/?product=hugo-boss-boss-bottled-night-eau-de-toilette-200-ml"]}]},{"@type":"ImageObject","inLanguage":"fr-FR","@id":"https:\/\/thesweetshop.ma\/?product=hugo-boss-boss-bottled-night-eau-de-toilette-200-ml#primaryimage","url":"https:\/\/thesweetshop.ma\/wp-content\/uploads\/2023\/06\/s-l640.jpeg","contentUrl":"https:\/\/thesweetshop.ma\/wp-content\/uploads\/2023\/06\/s-l640.jpeg","width":640,"height":640},{"@type":"BreadcrumbList","@id":"https:\/\/thesweetshop.ma\/?product=hugo-boss-boss-bottled-night-eau-de-toilette-200-ml#breadcrumb","itemListElement":[{"@type":"ListItem","position":1,"name":"Home","item":"https:\/\/thesweetshop.ma\/"},{"@type":"ListItem","position":2,"name":"Shop","item":"https:\/\/thesweetshop.ma\/?page_id=5"},{"@type":"ListItem","position":3,"name":"Hugo Boss Boss Bottled Night Eau de Toilette 200 ML"}]},{"@type":"WebSite","@id":"https:\/\/thesweetshop.ma\/#website","url":"https:\/\/thesweetshop.ma\/","name":"The Sweet Shop","description":"1# Le premier site de maquillage au Maroc","potentialAction":[{"@type":"SearchAction","target":{"@type":"EntryPoint","urlTemplate":"https:\/\/thesweetshop.ma\/?s={search_term_string}"},"query-input":{"@type":"PropertyValueSpecification","valueRequired":true,"valueName":"search_term_string"}}],"inLanguage":"fr-FR"}]}},"jetpack_sharing_enabled":true,"_links":{"self":[{"href":"https:\/\/thesweetshop.ma\/index.php?rest_route=\/wp\/v2\/product\/2223","targetHints":{"allow":["GET"]}}],"collection":[{"href":"https:\/\/thesweetshop.ma\/index.php?rest_route=\/wp\/v2\/product"}],"about":[{"href":"https:\/\/thesweetshop.ma\/index.php?rest_route=\/wp\/v2\/types\/product"}],"replies":[{"embeddable":true,"href":"https:\/\/thesweetshop.ma\/index.php?rest_route=%2Fwp%2Fv2%2Fcomments&post=2223"}],"version-history":[{"count":1,"href":"https:\/\/thesweetshop.ma\/index.php?rest_route=\/wp\/v2\/product\/2223\/revisions"}],"predecessor-version":[{"id":2271,"href":"https:\/\/thesweetshop.ma\/index.php?rest_route=\/wp\/v2\/product\/2223\/revisions\/2271"}],"wp:featuredmedia":[{"embeddable":true,"href":"https:\/\/thesweetshop.ma\/index.php?rest_route=\/wp\/v2\/media\/2270"}],"wp:attachment":[{"href":"https:\/\/thesweetshop.ma\/index.php?rest_route=%2Fwp%2Fv2%2Fmedia&parent=2223"}],"wp:term":[{"taxonomy":"brand","embeddable":true,"href":"https:\/\/thesweetshop.ma\/index.php?rest_route=%2Fwp%2Fv2%2Fetheme_brands&post=2223"},{"taxonomy":"product_brand","embeddable":true,"href":"https:\/\/thesweetshop.ma\/index.php?rest_route=%2Fwp%2Fv2%2Fproduct_brand&post=2223"},{"taxonomy":"product_cat","embeddable":true,"href":"https:\/\/thesweetshop.ma\/index.php?rest_route=%2Fwp%2Fv2%2Fproduct_cat&post=2223"},{"taxonomy":"product_tag","embeddable":true,"href":"https:\/\/thesweetshop.ma\/index.php?rest_route=%2Fwp%2Fv2%2Fproduct_tag&post=2223"}],"curies":[{"name":"wp","href":"https:\/\/api.w.org\/{rel}","templated":true}]}}