{"id":2225,"date":"2023-06-22T14:30:13","date_gmt":"2023-06-22T14:30:13","guid":{"rendered":"https:\/\/thesweetshop.ma\/?post_type=product&#038;p=2225"},"modified":"2025-05-24T01:31:55","modified_gmt":"2025-05-24T01:31:55","slug":"hugo-boss-boss-orange-man-eau-de-toilette-100ml","status":"publish","type":"product","link":"https:\/\/thesweetshop.ma\/?product=hugo-boss-boss-orange-man-eau-de-toilette-100ml","title":{"rendered":"Hugo Boss BOSS ORANGE MAN Eau de Toilette 100ML"},"content":{"rendered":"<p>UN M\u00c9LANGE \u00c9NERGISANT D\u00c9BORDANT D\u2019OPTIMISME ET DE LIBERT\u00c9<\/p>\n<p>BOSS ORANGE MAN d\u2019Hugo Boss est une eau de toilette pour homme aux notes bois\u00e9es et \u00e9pic\u00e9es. Une cr\u00e9ation pleine d\u2019optimisme, de vitalit\u00e9 et d\u00b4\u2019\u00e9nergie qui nous invite \u00e0 vivre dans un monde o\u00f9 r\u00e8gnent bien-\u00eatre, libert\u00e9 et passion, sans limites ni interdictions.<\/p>\n<p>Ce parfum fut cr\u00e9\u00e9 en 2001, s\u2019inspirant d\u2019un homme tr\u00e8s masculin, au style d\u00e9contract\u00e9 et casual. Un homme s\u00fbr de lui et d\u00e9sireux de vivre de nouvelles aventures, tr\u00e8s contemporain et se souciant de son apparence.<\/p>\n<p>Sa fragrance s\u2019ouvre sur des notes de coriandre et pomme rouge, charg\u00e9es de fra\u00eecheur et d\u2019\u00e9nergie, se prolonge sur un c\u0153ur \u00e9pic\u00e9 et piquant d\u2019encens et de poivre de Sichuan, un accord tr\u00e8s viril et audacieux, et se d\u00e9ploie enfin sur un fond de vanille et de notes bois\u00e9es, douces et s\u00e9ductrices.<\/p>\n","protected":false},"excerpt":{"rendered":"<p>UN M\u00c9LANGE \u00c9NERGISANT D\u00c9BORDANT D\u2019OPTIMISME ET DE LIBERT\u00c9 BOSS ORANGE MAN d\u2019Hugo Boss est une eau de toilette pour homme aux notes bois\u00e9es et \u00e9pic\u00e9es&#8230;.<\/p>\n","protected":false},"featured_media":2274,"comment_status":"open","ping_status":"closed","template":"","meta":{"_joinchat":[]},"etheme_brands":[],"product_brand":[],"product_cat":[111,112,113,114],"product_tag":[],"class_list":{"0":"post-2225","1":"product","2":"type-product","3":"status-publish","4":"has-post-thumbnail","6":"product_cat-boss","7":"product_cat-parfum","8":"product_cat-parfum-pour-homme","9":"product_cat-royaume-uni","11":"first","12":"outofstock","13":"sale","14":"shipping-taxable","15":"purchasable","16":"product-type-simple"},"yoast_head":"<!-- This site is optimized with the Yoast SEO plugin v27.4 - https:\/\/yoast.com\/product\/yoast-seo-wordpress\/ -->\n<title>Hugo Boss BOSS ORANGE MAN Eau de Toilette 100ML -MAROC - The Sweet Shop<\/title>\n<meta name=\"robots\" content=\"index, follow, max-snippet:-1, max-image-preview:large, max-video-preview:-1\" \/>\n<link rel=\"canonical\" href=\"https:\/\/thesweetshop.ma\/?product=hugo-boss-boss-orange-man-eau-de-toilette-100ml\" \/>\n<meta property=\"og:locale\" content=\"fr_FR\" \/>\n<meta property=\"og:type\" content=\"article\" \/>\n<meta property=\"og:title\" content=\"Hugo Boss BOSS ORANGE MAN Eau de Toilette 100ML -MAROC - The Sweet Shop\" \/>\n<meta property=\"og:description\" content=\"UN M\u00c9LANGE \u00c9NERGISANT D\u00c9BORDANT D\u2019OPTIMISME ET DE LIBERT\u00c9 BOSS ORANGE MAN d\u2019Hugo Boss est une eau de toilette pour homme aux notes bois\u00e9es et \u00e9pic\u00e9es....\" \/>\n<meta property=\"og:url\" content=\"https:\/\/thesweetshop.ma\/?product=hugo-boss-boss-orange-man-eau-de-toilette-100ml\" \/>\n<meta property=\"og:site_name\" content=\"The Sweet Shop\" \/>\n<meta property=\"article:modified_time\" content=\"2025-05-24T01:31:55+00:00\" \/>\n<meta property=\"og:image\" content=\"https:\/\/thesweetshop.ma\/wp-content\/uploads\/2023\/06\/boss-orange-man-boite-et-flacon-du-parfum.jpeg\" \/>\n\t<meta property=\"og:image:width\" content=\"710\" \/>\n\t<meta property=\"og:image:height\" content=\"710\" \/>\n\t<meta property=\"og:image:type\" content=\"image\/jpeg\" \/>\n<meta name=\"twitter:card\" content=\"summary_large_image\" \/>\n<meta name=\"twitter:label1\" content=\"Dur\u00e9e de lecture estim\u00e9e\" \/>\n\t<meta name=\"twitter:data1\" content=\"1 minute\" \/>\n<script type=\"application\/ld+json\" class=\"yoast-schema-graph\">{\"@context\":\"https:\\\/\\\/schema.org\",\"@graph\":[{\"@type\":\"WebPage\",\"@id\":\"https:\\\/\\\/thesweetshop.ma\\\/?product=hugo-boss-boss-orange-man-eau-de-toilette-100ml\",\"url\":\"https:\\\/\\\/thesweetshop.ma\\\/?product=hugo-boss-boss-orange-man-eau-de-toilette-100ml\",\"name\":\"Hugo Boss BOSS ORANGE MAN Eau de Toilette 100ML -MAROC - The Sweet Shop\",\"isPartOf\":{\"@id\":\"https:\\\/\\\/thesweetshop.ma\\\/#website\"},\"primaryImageOfPage\":{\"@id\":\"https:\\\/\\\/thesweetshop.ma\\\/?product=hugo-boss-boss-orange-man-eau-de-toilette-100ml#primaryimage\"},\"image\":{\"@id\":\"https:\\\/\\\/thesweetshop.ma\\\/?product=hugo-boss-boss-orange-man-eau-de-toilette-100ml#primaryimage\"},\"thumbnailUrl\":\"https:\\\/\\\/thesweetshop.ma\\\/wp-content\\\/uploads\\\/2023\\\/06\\\/boss-orange-man-boite-et-flacon-du-parfum.jpeg\",\"datePublished\":\"2023-06-22T14:30:13+00:00\",\"dateModified\":\"2025-05-24T01:31:55+00:00\",\"breadcrumb\":{\"@id\":\"https:\\\/\\\/thesweetshop.ma\\\/?product=hugo-boss-boss-orange-man-eau-de-toilette-100ml#breadcrumb\"},\"inLanguage\":\"fr-FR\",\"potentialAction\":[{\"@type\":\"ReadAction\",\"target\":[\"https:\\\/\\\/thesweetshop.ma\\\/?product=hugo-boss-boss-orange-man-eau-de-toilette-100ml\"]}]},{\"@type\":\"ImageObject\",\"inLanguage\":\"fr-FR\",\"@id\":\"https:\\\/\\\/thesweetshop.ma\\\/?product=hugo-boss-boss-orange-man-eau-de-toilette-100ml#primaryimage\",\"url\":\"https:\\\/\\\/thesweetshop.ma\\\/wp-content\\\/uploads\\\/2023\\\/06\\\/boss-orange-man-boite-et-flacon-du-parfum.jpeg\",\"contentUrl\":\"https:\\\/\\\/thesweetshop.ma\\\/wp-content\\\/uploads\\\/2023\\\/06\\\/boss-orange-man-boite-et-flacon-du-parfum.jpeg\",\"width\":710,\"height\":710},{\"@type\":\"BreadcrumbList\",\"@id\":\"https:\\\/\\\/thesweetshop.ma\\\/?product=hugo-boss-boss-orange-man-eau-de-toilette-100ml#breadcrumb\",\"itemListElement\":[{\"@type\":\"ListItem\",\"position\":1,\"name\":\"Home\",\"item\":\"https:\\\/\\\/thesweetshop.ma\\\/\"},{\"@type\":\"ListItem\",\"position\":2,\"name\":\"Shop\",\"item\":\"https:\\\/\\\/thesweetshop.ma\\\/?page_id=5\"},{\"@type\":\"ListItem\",\"position\":3,\"name\":\"Hugo Boss BOSS ORANGE MAN Eau de Toilette 100ML\"}]},{\"@type\":\"WebSite\",\"@id\":\"https:\\\/\\\/thesweetshop.ma\\\/#website\",\"url\":\"https:\\\/\\\/thesweetshop.ma\\\/\",\"name\":\"The Sweet Shop\",\"description\":\"1# Le premier site de maquillage au Maroc\",\"potentialAction\":[{\"@type\":\"SearchAction\",\"target\":{\"@type\":\"EntryPoint\",\"urlTemplate\":\"https:\\\/\\\/thesweetshop.ma\\\/?s={search_term_string}\"},\"query-input\":{\"@type\":\"PropertyValueSpecification\",\"valueRequired\":true,\"valueName\":\"search_term_string\"}}],\"inLanguage\":\"fr-FR\"}]}<\/script>\n<!-- \/ Yoast SEO plugin. -->","yoast_head_json":{"title":"Hugo Boss BOSS ORANGE MAN Eau de Toilette 100ML -MAROC - The Sweet Shop","robots":{"index":"index","follow":"follow","max-snippet":"max-snippet:-1","max-image-preview":"max-image-preview:large","max-video-preview":"max-video-preview:-1"},"canonical":"https:\/\/thesweetshop.ma\/?product=hugo-boss-boss-orange-man-eau-de-toilette-100ml","og_locale":"fr_FR","og_type":"article","og_title":"Hugo Boss BOSS ORANGE MAN Eau de Toilette 100ML -MAROC - The Sweet Shop","og_description":"UN M\u00c9LANGE \u00c9NERGISANT D\u00c9BORDANT D\u2019OPTIMISME ET DE LIBERT\u00c9 BOSS ORANGE MAN d\u2019Hugo Boss est une eau de toilette pour homme aux notes bois\u00e9es et \u00e9pic\u00e9es....","og_url":"https:\/\/thesweetshop.ma\/?product=hugo-boss-boss-orange-man-eau-de-toilette-100ml","og_site_name":"The Sweet Shop","article_modified_time":"2025-05-24T01:31:55+00:00","og_image":[{"width":710,"height":710,"url":"https:\/\/thesweetshop.ma\/wp-content\/uploads\/2023\/06\/boss-orange-man-boite-et-flacon-du-parfum.jpeg","type":"image\/jpeg"}],"twitter_card":"summary_large_image","twitter_misc":{"Dur\u00e9e de lecture estim\u00e9e":"1 minute"},"schema":{"@context":"https:\/\/schema.org","@graph":[{"@type":"WebPage","@id":"https:\/\/thesweetshop.ma\/?product=hugo-boss-boss-orange-man-eau-de-toilette-100ml","url":"https:\/\/thesweetshop.ma\/?product=hugo-boss-boss-orange-man-eau-de-toilette-100ml","name":"Hugo Boss BOSS ORANGE MAN Eau de Toilette 100ML -MAROC - The Sweet Shop","isPartOf":{"@id":"https:\/\/thesweetshop.ma\/#website"},"primaryImageOfPage":{"@id":"https:\/\/thesweetshop.ma\/?product=hugo-boss-boss-orange-man-eau-de-toilette-100ml#primaryimage"},"image":{"@id":"https:\/\/thesweetshop.ma\/?product=hugo-boss-boss-orange-man-eau-de-toilette-100ml#primaryimage"},"thumbnailUrl":"https:\/\/thesweetshop.ma\/wp-content\/uploads\/2023\/06\/boss-orange-man-boite-et-flacon-du-parfum.jpeg","datePublished":"2023-06-22T14:30:13+00:00","dateModified":"2025-05-24T01:31:55+00:00","breadcrumb":{"@id":"https:\/\/thesweetshop.ma\/?product=hugo-boss-boss-orange-man-eau-de-toilette-100ml#breadcrumb"},"inLanguage":"fr-FR","potentialAction":[{"@type":"ReadAction","target":["https:\/\/thesweetshop.ma\/?product=hugo-boss-boss-orange-man-eau-de-toilette-100ml"]}]},{"@type":"ImageObject","inLanguage":"fr-FR","@id":"https:\/\/thesweetshop.ma\/?product=hugo-boss-boss-orange-man-eau-de-toilette-100ml#primaryimage","url":"https:\/\/thesweetshop.ma\/wp-content\/uploads\/2023\/06\/boss-orange-man-boite-et-flacon-du-parfum.jpeg","contentUrl":"https:\/\/thesweetshop.ma\/wp-content\/uploads\/2023\/06\/boss-orange-man-boite-et-flacon-du-parfum.jpeg","width":710,"height":710},{"@type":"BreadcrumbList","@id":"https:\/\/thesweetshop.ma\/?product=hugo-boss-boss-orange-man-eau-de-toilette-100ml#breadcrumb","itemListElement":[{"@type":"ListItem","position":1,"name":"Home","item":"https:\/\/thesweetshop.ma\/"},{"@type":"ListItem","position":2,"name":"Shop","item":"https:\/\/thesweetshop.ma\/?page_id=5"},{"@type":"ListItem","position":3,"name":"Hugo Boss BOSS ORANGE MAN Eau de Toilette 100ML"}]},{"@type":"WebSite","@id":"https:\/\/thesweetshop.ma\/#website","url":"https:\/\/thesweetshop.ma\/","name":"The Sweet Shop","description":"1# Le premier site de maquillage au Maroc","potentialAction":[{"@type":"SearchAction","target":{"@type":"EntryPoint","urlTemplate":"https:\/\/thesweetshop.ma\/?s={search_term_string}"},"query-input":{"@type":"PropertyValueSpecification","valueRequired":true,"valueName":"search_term_string"}}],"inLanguage":"fr-FR"}]}},"jetpack_sharing_enabled":true,"_links":{"self":[{"href":"https:\/\/thesweetshop.ma\/index.php?rest_route=\/wp\/v2\/product\/2225","targetHints":{"allow":["GET"]}}],"collection":[{"href":"https:\/\/thesweetshop.ma\/index.php?rest_route=\/wp\/v2\/product"}],"about":[{"href":"https:\/\/thesweetshop.ma\/index.php?rest_route=\/wp\/v2\/types\/product"}],"replies":[{"embeddable":true,"href":"https:\/\/thesweetshop.ma\/index.php?rest_route=%2Fwp%2Fv2%2Fcomments&post=2225"}],"version-history":[{"count":1,"href":"https:\/\/thesweetshop.ma\/index.php?rest_route=\/wp\/v2\/product\/2225\/revisions"}],"predecessor-version":[{"id":2275,"href":"https:\/\/thesweetshop.ma\/index.php?rest_route=\/wp\/v2\/product\/2225\/revisions\/2275"}],"wp:featuredmedia":[{"embeddable":true,"href":"https:\/\/thesweetshop.ma\/index.php?rest_route=\/wp\/v2\/media\/2274"}],"wp:attachment":[{"href":"https:\/\/thesweetshop.ma\/index.php?rest_route=%2Fwp%2Fv2%2Fmedia&parent=2225"}],"wp:term":[{"taxonomy":"brand","embeddable":true,"href":"https:\/\/thesweetshop.ma\/index.php?rest_route=%2Fwp%2Fv2%2Fetheme_brands&post=2225"},{"taxonomy":"product_brand","embeddable":true,"href":"https:\/\/thesweetshop.ma\/index.php?rest_route=%2Fwp%2Fv2%2Fproduct_brand&post=2225"},{"taxonomy":"product_cat","embeddable":true,"href":"https:\/\/thesweetshop.ma\/index.php?rest_route=%2Fwp%2Fv2%2Fproduct_cat&post=2225"},{"taxonomy":"product_tag","embeddable":true,"href":"https:\/\/thesweetshop.ma\/index.php?rest_route=%2Fwp%2Fv2%2Fproduct_tag&post=2225"}],"curies":[{"name":"wp","href":"https:\/\/api.w.org\/{rel}","templated":true}]}}