{"id":2302,"date":"2023-06-22T14:30:38","date_gmt":"2023-06-22T14:30:38","guid":{"rendered":"https:\/\/thesweetshop.ma\/?post_type=product&#038;p=2302"},"modified":"2025-01-09T01:40:00","modified_gmt":"2025-01-09T01:40:00","slug":"sudocrem-creme-reparatrice-cicatrisante-antiseptique-60g","status":"publish","type":"product","link":"https:\/\/thesweetshop.ma\/?product=sudocrem-creme-reparatrice-cicatrisante-antiseptique-60g","title":{"rendered":"SUDOCREM \u2013 Cr\u00e8me R\u00e9paratrice Cicatrisante Antiseptique 60g."},"content":{"rendered":"<p>Sudocrem est l\u2019alli\u00e9 efficace de toutes les mamans depuis plus de 80 ans. Aucune autre cr\u00e8me ne contribue \u00e0 apaiser les inflammations cutan\u00e9es et traiter l\u2019\u00e9ryth\u00e8me fessier comme le fait Sudocrem.<\/p>\n<p>&nbsp;<\/p>\n<h5>\u00c9ryth\u00e8me fessier :<\/h5>\n<p>Il a \u00e9t\u00e9 cliniquement d\u00e9montr\u00e9 que Sudocrem aide \u00e0 soulager et soigner la peau fragile du b\u00e9b\u00e9 et qu\u2019il agit de trois mani\u00e8res diff\u00e9rentes. Tout d\u2019abord, la cr\u00e8me Sudocrem contient un \u00e9mollient qui apaise la peau irrit\u00e9e ou enflamm\u00e9e de l\u2019enfant. Elle sert \u00e9galement de l\u00e9ger anesth\u00e9sique local qui aide \u00e0 soulager la douleur et l\u2019irritation. Enfin, sa base hydrofuge forme une barri\u00e8re protectrice qui contribue \u00e0 emp\u00eacher les substances irritantes (l\u2019urine et les selles) d\u2019entrer en contact avec la peau.<\/p>\n<h5>Comment l\u2019utiliser?<\/h5>\n<p>Sudocrem est un produit faisant l\u2019objet d\u2019une licence m\u00e9dicale; veuillez lire attentivement l\u2019\u00e9tiquette.<\/p>\n<p>&nbsp;<\/p>\n<h5>\u00c9ryth\u00e8me fessier<\/h5>\n<p>La cr\u00e8me Sudocrem peut \u00eatre appliqu\u00e9e \u00e0 chaque changement de couche, pour vous aider \u00e0 traiter l\u2019\u00e9ryth\u00e8me fessier et \u00e0 apaiser la peau de votre b\u00e9b\u00e9.<br \/>\n<strong>\u00c9tape\u00a01\u00a0:\u00a0<\/strong>Veillez \u00e0 ce que les fesses de votre b\u00e9b\u00e9 soient propres et s\u00e8ches.<br \/>\n<strong>\u00c9tape\u00a02\u00a0:\u00a0<\/strong>Avec des mains propres et s\u00e8ches, d\u00e9posez une petite quantit\u00e9 de Sudocrem sur la pointe de vos doigts. N\u2019oubliez pas\u00a0: une petite quantit\u00e9 suffit.<br \/>\n<strong>\u00c9tape\u00a03\u00a0:\u00a0<\/strong>Massez d\u00e9licatement Sudocrem en effectuant de l\u00e9gers mouvements circulaires pour le faire p\u00e9n\u00e9trer dans la peau de votre b\u00e9b\u00e9. (Essayez d\u2019\u00e9viter de frotter la peau, surtout si elle semble irrit\u00e9e.)<br \/>\n<strong>\u00c9tape\u00a04\u00a0:<\/strong>\u00a0Appliquez Sudocrem en couche fine et translucide sur la peau de votre b\u00e9b\u00e9. Si la cr\u00e8me ne p\u00e9n\u00e8tre pas et que la peau reste blanche, cela est probablement d\u00fb au fait que vous avez utilis\u00e9 trop de cr\u00e8me. (M\u00eame si cela se produit, il n\u2019y a aucun danger; veillez simplement \u00e0 en utiliser moins la prochaine fois.)<br \/>\n<strong>\u00c9tape\u00a05\u00a0:\u00a0<\/strong>R\u00e9p\u00e9tez l\u2019application de Sudocrem sur les fesses de votre b\u00e9b\u00e9 aussi souvent que n\u00e9cessaire.<\/p>\n<p>&nbsp;<\/p>\n<h5>Autres utilisations :<\/h5>\n<p><strong>\u00c9tape\u00a01\u00a0:\u00a0<\/strong>Veillez \u00e0 ce que vos mains soient propres et s\u00e8ches, puis d\u00e9posez une petite quantit\u00e9 de Sudocrem sur la pointe de vos doigts.<\/p>\n<p><strong>\u00c9tape\u00a02\u00a0:\u00a0<\/strong>Massez d\u00e9licatement Sudocrem en effectuant de l\u00e9gers mouvements circulaires pour le faire p\u00e9n\u00e9trer dans la peau.<br \/>\n<strong>\u00c9tape\u00a03\u00a0:\u00a0<\/strong>Appliquez Sudocrem en couche fine et translucide sur la peau. Si la cr\u00e8me ne p\u00e9n\u00e8tre pas et que la peau reste blanche, cela est probablement d\u00fb au fait que vous avez utilis\u00e9 trop de cr\u00e8me. (Cela n\u2019est pas grave; veillez simplement \u00e0 en utiliser moins la prochaine fois.)<\/p>\n","protected":false},"excerpt":{"rendered":"<p>Sudocrem est l\u2019alli\u00e9 efficace de toutes les mamans depuis plus de 80 ans. Aucune autre cr\u00e8me ne contribue \u00e0 apaiser les inflammations cutan\u00e9es et traiter&#8230;<\/p>\n","protected":false},"featured_media":2367,"comment_status":"open","ping_status":"closed","template":"","meta":{"_joinchat":[]},"etheme_brands":[],"product_brand":[],"product_cat":[120,114,121,122],"product_tag":[],"class_list":{"0":"post-2302","1":"product","2":"type-product","3":"status-publish","4":"has-post-thumbnail","6":"product_cat-hydratants","7":"product_cat-royaume-uni","8":"product_cat-sudocrem","9":"product_cat-traitements-de-la-peau","11":"first","12":"instock","13":"shipping-taxable","14":"purchasable","15":"product-type-simple"},"yoast_head":"<!-- This site is optimized with the Yoast SEO plugin v27.4 - https:\/\/yoast.com\/product\/yoast-seo-wordpress\/ -->\n<title>SUDOCREM \u2013 Cr\u00e8me R\u00e9paratrice Cicatrisante Antiseptique 60g. - Maroc - The Sweet Shop<\/title>\n<meta name=\"robots\" content=\"index, follow, max-snippet:-1, max-image-preview:large, max-video-preview:-1\" \/>\n<link rel=\"canonical\" href=\"https:\/\/thesweetshop.ma\/?product=sudocrem-creme-reparatrice-cicatrisante-antiseptique-60g\" \/>\n<meta property=\"og:locale\" content=\"fr_FR\" \/>\n<meta property=\"og:type\" content=\"article\" \/>\n<meta property=\"og:title\" content=\"SUDOCREM \u2013 Cr\u00e8me R\u00e9paratrice Cicatrisante Antiseptique 60g. - Maroc - The Sweet Shop\" \/>\n<meta property=\"og:description\" content=\"Sudocrem est l\u2019alli\u00e9 efficace de toutes les mamans depuis plus de 80 ans. Aucune autre cr\u00e8me ne contribue \u00e0 apaiser les inflammations cutan\u00e9es et traiter...\" \/>\n<meta property=\"og:url\" content=\"https:\/\/thesweetshop.ma\/?product=sudocrem-creme-reparatrice-cicatrisante-antiseptique-60g\" \/>\n<meta property=\"og:site_name\" content=\"The Sweet Shop\" \/>\n<meta property=\"article:modified_time\" content=\"2025-01-09T01:40:00+00:00\" \/>\n<meta property=\"og:image\" content=\"https:\/\/thesweetshop.ma\/wp-content\/uploads\/2023\/06\/UTB8XyoijiDEXKJk43Oqq6Az3XXaI.jpeg\" \/>\n\t<meta property=\"og:image:width\" content=\"771\" \/>\n\t<meta property=\"og:image:height\" content=\"744\" \/>\n\t<meta property=\"og:image:type\" content=\"image\/jpeg\" \/>\n<meta name=\"twitter:card\" content=\"summary_large_image\" \/>\n<meta name=\"twitter:label1\" content=\"Dur\u00e9e de lecture estim\u00e9e\" \/>\n\t<meta name=\"twitter:data1\" content=\"2 minutes\" \/>\n<script type=\"application\/ld+json\" class=\"yoast-schema-graph\">{\"@context\":\"https:\\\/\\\/schema.org\",\"@graph\":[{\"@type\":\"WebPage\",\"@id\":\"https:\\\/\\\/thesweetshop.ma\\\/?product=sudocrem-creme-reparatrice-cicatrisante-antiseptique-60g\",\"url\":\"https:\\\/\\\/thesweetshop.ma\\\/?product=sudocrem-creme-reparatrice-cicatrisante-antiseptique-60g\",\"name\":\"SUDOCREM \u2013 Cr\u00e8me R\u00e9paratrice Cicatrisante Antiseptique 60g. - Maroc - The Sweet Shop\",\"isPartOf\":{\"@id\":\"https:\\\/\\\/thesweetshop.ma\\\/#website\"},\"primaryImageOfPage\":{\"@id\":\"https:\\\/\\\/thesweetshop.ma\\\/?product=sudocrem-creme-reparatrice-cicatrisante-antiseptique-60g#primaryimage\"},\"image\":{\"@id\":\"https:\\\/\\\/thesweetshop.ma\\\/?product=sudocrem-creme-reparatrice-cicatrisante-antiseptique-60g#primaryimage\"},\"thumbnailUrl\":\"https:\\\/\\\/thesweetshop.ma\\\/wp-content\\\/uploads\\\/2023\\\/06\\\/UTB8XyoijiDEXKJk43Oqq6Az3XXaI.jpeg\",\"datePublished\":\"2023-06-22T14:30:38+00:00\",\"dateModified\":\"2025-01-09T01:40:00+00:00\",\"breadcrumb\":{\"@id\":\"https:\\\/\\\/thesweetshop.ma\\\/?product=sudocrem-creme-reparatrice-cicatrisante-antiseptique-60g#breadcrumb\"},\"inLanguage\":\"fr-FR\",\"potentialAction\":[{\"@type\":\"ReadAction\",\"target\":[\"https:\\\/\\\/thesweetshop.ma\\\/?product=sudocrem-creme-reparatrice-cicatrisante-antiseptique-60g\"]}]},{\"@type\":\"ImageObject\",\"inLanguage\":\"fr-FR\",\"@id\":\"https:\\\/\\\/thesweetshop.ma\\\/?product=sudocrem-creme-reparatrice-cicatrisante-antiseptique-60g#primaryimage\",\"url\":\"https:\\\/\\\/thesweetshop.ma\\\/wp-content\\\/uploads\\\/2023\\\/06\\\/UTB8XyoijiDEXKJk43Oqq6Az3XXaI.jpeg\",\"contentUrl\":\"https:\\\/\\\/thesweetshop.ma\\\/wp-content\\\/uploads\\\/2023\\\/06\\\/UTB8XyoijiDEXKJk43Oqq6Az3XXaI.jpeg\",\"width\":771,\"height\":744},{\"@type\":\"BreadcrumbList\",\"@id\":\"https:\\\/\\\/thesweetshop.ma\\\/?product=sudocrem-creme-reparatrice-cicatrisante-antiseptique-60g#breadcrumb\",\"itemListElement\":[{\"@type\":\"ListItem\",\"position\":1,\"name\":\"Home\",\"item\":\"https:\\\/\\\/thesweetshop.ma\\\/\"},{\"@type\":\"ListItem\",\"position\":2,\"name\":\"Shop\",\"item\":\"https:\\\/\\\/thesweetshop.ma\\\/?page_id=5\"},{\"@type\":\"ListItem\",\"position\":3,\"name\":\"SUDOCREM \u2013 Cr\u00e8me R\u00e9paratrice Cicatrisante Antiseptique 60g.\"}]},{\"@type\":\"WebSite\",\"@id\":\"https:\\\/\\\/thesweetshop.ma\\\/#website\",\"url\":\"https:\\\/\\\/thesweetshop.ma\\\/\",\"name\":\"The Sweet Shop\",\"description\":\"1# Le premier site de maquillage au Maroc\",\"potentialAction\":[{\"@type\":\"SearchAction\",\"target\":{\"@type\":\"EntryPoint\",\"urlTemplate\":\"https:\\\/\\\/thesweetshop.ma\\\/?s={search_term_string}\"},\"query-input\":{\"@type\":\"PropertyValueSpecification\",\"valueRequired\":true,\"valueName\":\"search_term_string\"}}],\"inLanguage\":\"fr-FR\"}]}<\/script>\n<!-- \/ Yoast SEO plugin. -->","yoast_head_json":{"title":"SUDOCREM \u2013 Cr\u00e8me R\u00e9paratrice Cicatrisante Antiseptique 60g. - Maroc - The Sweet Shop","robots":{"index":"index","follow":"follow","max-snippet":"max-snippet:-1","max-image-preview":"max-image-preview:large","max-video-preview":"max-video-preview:-1"},"canonical":"https:\/\/thesweetshop.ma\/?product=sudocrem-creme-reparatrice-cicatrisante-antiseptique-60g","og_locale":"fr_FR","og_type":"article","og_title":"SUDOCREM \u2013 Cr\u00e8me R\u00e9paratrice Cicatrisante Antiseptique 60g. - Maroc - The Sweet Shop","og_description":"Sudocrem est l\u2019alli\u00e9 efficace de toutes les mamans depuis plus de 80 ans. Aucune autre cr\u00e8me ne contribue \u00e0 apaiser les inflammations cutan\u00e9es et traiter...","og_url":"https:\/\/thesweetshop.ma\/?product=sudocrem-creme-reparatrice-cicatrisante-antiseptique-60g","og_site_name":"The Sweet Shop","article_modified_time":"2025-01-09T01:40:00+00:00","og_image":[{"width":771,"height":744,"url":"https:\/\/thesweetshop.ma\/wp-content\/uploads\/2023\/06\/UTB8XyoijiDEXKJk43Oqq6Az3XXaI.jpeg","type":"image\/jpeg"}],"twitter_card":"summary_large_image","twitter_misc":{"Dur\u00e9e de lecture estim\u00e9e":"2 minutes"},"schema":{"@context":"https:\/\/schema.org","@graph":[{"@type":"WebPage","@id":"https:\/\/thesweetshop.ma\/?product=sudocrem-creme-reparatrice-cicatrisante-antiseptique-60g","url":"https:\/\/thesweetshop.ma\/?product=sudocrem-creme-reparatrice-cicatrisante-antiseptique-60g","name":"SUDOCREM \u2013 Cr\u00e8me R\u00e9paratrice Cicatrisante Antiseptique 60g. - Maroc - The Sweet Shop","isPartOf":{"@id":"https:\/\/thesweetshop.ma\/#website"},"primaryImageOfPage":{"@id":"https:\/\/thesweetshop.ma\/?product=sudocrem-creme-reparatrice-cicatrisante-antiseptique-60g#primaryimage"},"image":{"@id":"https:\/\/thesweetshop.ma\/?product=sudocrem-creme-reparatrice-cicatrisante-antiseptique-60g#primaryimage"},"thumbnailUrl":"https:\/\/thesweetshop.ma\/wp-content\/uploads\/2023\/06\/UTB8XyoijiDEXKJk43Oqq6Az3XXaI.jpeg","datePublished":"2023-06-22T14:30:38+00:00","dateModified":"2025-01-09T01:40:00+00:00","breadcrumb":{"@id":"https:\/\/thesweetshop.ma\/?product=sudocrem-creme-reparatrice-cicatrisante-antiseptique-60g#breadcrumb"},"inLanguage":"fr-FR","potentialAction":[{"@type":"ReadAction","target":["https:\/\/thesweetshop.ma\/?product=sudocrem-creme-reparatrice-cicatrisante-antiseptique-60g"]}]},{"@type":"ImageObject","inLanguage":"fr-FR","@id":"https:\/\/thesweetshop.ma\/?product=sudocrem-creme-reparatrice-cicatrisante-antiseptique-60g#primaryimage","url":"https:\/\/thesweetshop.ma\/wp-content\/uploads\/2023\/06\/UTB8XyoijiDEXKJk43Oqq6Az3XXaI.jpeg","contentUrl":"https:\/\/thesweetshop.ma\/wp-content\/uploads\/2023\/06\/UTB8XyoijiDEXKJk43Oqq6Az3XXaI.jpeg","width":771,"height":744},{"@type":"BreadcrumbList","@id":"https:\/\/thesweetshop.ma\/?product=sudocrem-creme-reparatrice-cicatrisante-antiseptique-60g#breadcrumb","itemListElement":[{"@type":"ListItem","position":1,"name":"Home","item":"https:\/\/thesweetshop.ma\/"},{"@type":"ListItem","position":2,"name":"Shop","item":"https:\/\/thesweetshop.ma\/?page_id=5"},{"@type":"ListItem","position":3,"name":"SUDOCREM \u2013 Cr\u00e8me R\u00e9paratrice Cicatrisante Antiseptique 60g."}]},{"@type":"WebSite","@id":"https:\/\/thesweetshop.ma\/#website","url":"https:\/\/thesweetshop.ma\/","name":"The Sweet Shop","description":"1# Le premier site de maquillage au Maroc","potentialAction":[{"@type":"SearchAction","target":{"@type":"EntryPoint","urlTemplate":"https:\/\/thesweetshop.ma\/?s={search_term_string}"},"query-input":{"@type":"PropertyValueSpecification","valueRequired":true,"valueName":"search_term_string"}}],"inLanguage":"fr-FR"}]}},"jetpack_sharing_enabled":true,"_links":{"self":[{"href":"https:\/\/thesweetshop.ma\/index.php?rest_route=\/wp\/v2\/product\/2302","targetHints":{"allow":["GET"]}}],"collection":[{"href":"https:\/\/thesweetshop.ma\/index.php?rest_route=\/wp\/v2\/product"}],"about":[{"href":"https:\/\/thesweetshop.ma\/index.php?rest_route=\/wp\/v2\/types\/product"}],"replies":[{"embeddable":true,"href":"https:\/\/thesweetshop.ma\/index.php?rest_route=%2Fwp%2Fv2%2Fcomments&post=2302"}],"version-history":[{"count":1,"href":"https:\/\/thesweetshop.ma\/index.php?rest_route=\/wp\/v2\/product\/2302\/revisions"}],"predecessor-version":[{"id":2368,"href":"https:\/\/thesweetshop.ma\/index.php?rest_route=\/wp\/v2\/product\/2302\/revisions\/2368"}],"wp:featuredmedia":[{"embeddable":true,"href":"https:\/\/thesweetshop.ma\/index.php?rest_route=\/wp\/v2\/media\/2367"}],"wp:attachment":[{"href":"https:\/\/thesweetshop.ma\/index.php?rest_route=%2Fwp%2Fv2%2Fmedia&parent=2302"}],"wp:term":[{"taxonomy":"brand","embeddable":true,"href":"https:\/\/thesweetshop.ma\/index.php?rest_route=%2Fwp%2Fv2%2Fetheme_brands&post=2302"},{"taxonomy":"product_brand","embeddable":true,"href":"https:\/\/thesweetshop.ma\/index.php?rest_route=%2Fwp%2Fv2%2Fproduct_brand&post=2302"},{"taxonomy":"product_cat","embeddable":true,"href":"https:\/\/thesweetshop.ma\/index.php?rest_route=%2Fwp%2Fv2%2Fproduct_cat&post=2302"},{"taxonomy":"product_tag","embeddable":true,"href":"https:\/\/thesweetshop.ma\/index.php?rest_route=%2Fwp%2Fv2%2Fproduct_tag&post=2302"}],"curies":[{"name":"wp","href":"https:\/\/api.w.org\/{rel}","templated":true}]}}