{"id":2305,"date":"2023-06-22T14:30:38","date_gmt":"2023-06-22T14:30:38","guid":{"rendered":"https:\/\/thesweetshop.ma\/?post_type=product&#038;p=2305"},"modified":"2024-06-13T03:57:06","modified_gmt":"2024-06-13T03:57:06","slug":"olaplex-bond-maintenance-shampoo-n4-250-ml","status":"publish","type":"product","link":"https:\/\/thesweetshop.ma\/?product=olaplex-bond-maintenance-shampoo-n4-250-ml","title":{"rendered":"OLAPLEX BOND MAINTENANCE SHAMPOO N\u00b04 \u2013 250 ML"},"content":{"rendered":"<p><span class=\"ng-scope\">Olaplex &#8211; Shampooing &#8211; Bond Maintenance N\u00b04<\/span><\/p>\n<div class=\"ng-scope\">\n<div><\/div>\n<div>\n<div>\n<div>Un shampooing hautement nourrissant et r\u00e9parateur qui laisse les cheveux plus faciles \u00e0 g\u00e9rer, plus brillants et plus sains \u00e0 chaque utilisation.<br \/>\nIl r\u00e9pare et prot\u00e8ge les cheveux contre le stress quotidien &#8211; y compris les cheveux ab\u00eem\u00e9s, les pointes fourchues et les frisottis &#8211; en reliant les liens bris\u00e9s.<br \/>\nLe N \u00b0 4 est sans danger pour les couleurs et il est prouv\u00e9 qu&rsquo;il r\u00e9duit la casse et renforce tous les types de cheveux.<br \/>\nPH : 6-6,5<\/div>\n<\/div>\n<\/div>\n<\/div>\n<div class=\"ng-scope\"><\/div>\n<h3 class=\"ng-scope\"><span class=\"PBSTitle\">B\u00c9N\u00c9FICES :<\/span><\/h3>\n<p>&nbsp;<\/p>\n<div class=\"ng-scope\">\n<div>\n<div>\n<div>\n<div>&#8211; R\u00e9pare les ponts disulfures et nettoie les cheveux<\/div>\n<div>&#8211; Prot\u00e8ge la couleur<\/div>\n<div>&#8211; Redonne force et souplesse et apporte hydratation et brillance<\/div>\n<div>&#8211; Garde les cheveux forts entre les techniques de coloration ou d\u00e9coloration<\/div>\n<\/div>\n<\/div>\n<\/div>\n<\/div>\n<div class=\"ng-scope\"><\/div>\n<h3 class=\"ng-scope\"><span class=\"PBSTitle\">TECHNOLOGIE :<\/span><\/h3>\n<p>&nbsp;<\/p>\n<div class=\"ng-scope\">-Shampooing de liaison N\u00b04<\/div>\n<div class=\"ng-scope\">-Sans Paraben<\/div>\n<div class=\"ng-scope\">-Sans Sulfate<\/div>\n<div class=\"ng-scope\">-Sans Phtalate<\/div>\n<p>&nbsp;<\/p>\n<h3 class=\"ng-scope\"><span class=\"PBSTitle\">APPLICATION :<\/span><\/h3>\n<div class=\"ng-scope\">\n<div>Type de cheveux : Raides, ondul\u00e9s, boucl\u00e9s et torsad\u00e9s.<\/div>\n<div>Texture des cheveux : Fins, moyens et \u00e9pais.<\/div>\n<\/div>\n<div class=\"ng-scope\"><\/div>\n<div>OLAPLEX &#8211; Shampooing Bond Maintenance\u00a0N\u00b04\u00a0&#8211; 250ml<\/div>\n","protected":false},"excerpt":{"rendered":"<p>Olaplex &#8211; Shampooing &#8211; Bond Maintenance N\u00b04 Un shampooing hautement nourrissant et r\u00e9parateur qui laisse les cheveux plus faciles \u00e0 g\u00e9rer, plus brillants et plus&#8230;<\/p>\n","protected":false},"featured_media":2373,"comment_status":"open","ping_status":"closed","template":"","meta":{"_joinchat":[]},"etheme_brands":[],"product_brand":[],"product_cat":[123,124,105],"product_tag":[],"class_list":{"0":"post-2305","1":"product","2":"type-product","3":"status-publish","4":"has-post-thumbnail","6":"product_cat-etats-unis","7":"product_cat-olaplex","8":"product_cat-shampooing-et-revitalisant","10":"first","11":"instock","12":"sale","13":"shipping-taxable","14":"purchasable","15":"product-type-simple"},"yoast_head":"<!-- This site is optimized with the Yoast SEO plugin v27.4 - https:\/\/yoast.com\/product\/yoast-seo-wordpress\/ -->\n<title>OLAPLEX BOND MAINTENANCE SHAMPOO N\u00b04 \u2013 250 ML - Maroc - The Sweet Shop<\/title>\n<meta name=\"robots\" content=\"index, follow, max-snippet:-1, max-image-preview:large, max-video-preview:-1\" \/>\n<link rel=\"canonical\" href=\"https:\/\/thesweetshop.ma\/?product=olaplex-bond-maintenance-shampoo-n4-250-ml\" \/>\n<meta property=\"og:locale\" content=\"fr_FR\" \/>\n<meta property=\"og:type\" content=\"article\" \/>\n<meta property=\"og:title\" content=\"OLAPLEX BOND MAINTENANCE SHAMPOO N\u00b04 \u2013 250 ML - Maroc - The Sweet Shop\" \/>\n<meta property=\"og:description\" content=\"Olaplex &#8211; Shampooing &#8211; Bond Maintenance N\u00b04 Un shampooing hautement nourrissant et r\u00e9parateur qui laisse les cheveux plus faciles \u00e0 g\u00e9rer, plus brillants et plus...\" \/>\n<meta property=\"og:url\" content=\"https:\/\/thesweetshop.ma\/?product=olaplex-bond-maintenance-shampoo-n4-250-ml\" \/>\n<meta property=\"og:site_name\" content=\"The Sweet Shop\" \/>\n<meta property=\"article:modified_time\" content=\"2024-06-13T03:57:06+00:00\" \/>\n<meta property=\"og:image\" content=\"https:\/\/thesweetshop.ma\/wp-content\/uploads\/2023\/06\/Large_JPG-No.4BondMaintenanceShampoo-2_1440x_8bf1a50d-1582-4220-ac76-819f6281236e.jpg\" \/>\n\t<meta property=\"og:image:width\" content=\"1080\" \/>\n\t<meta property=\"og:image:height\" content=\"1080\" \/>\n\t<meta property=\"og:image:type\" content=\"image\/jpeg\" \/>\n<meta name=\"twitter:card\" content=\"summary_large_image\" \/>\n<meta name=\"twitter:label1\" content=\"Dur\u00e9e de lecture estim\u00e9e\" \/>\n\t<meta name=\"twitter:data1\" content=\"1 minute\" \/>\n<script type=\"application\/ld+json\" class=\"yoast-schema-graph\">{\"@context\":\"https:\\\/\\\/schema.org\",\"@graph\":[{\"@type\":\"WebPage\",\"@id\":\"https:\\\/\\\/thesweetshop.ma\\\/?product=olaplex-bond-maintenance-shampoo-n4-250-ml\",\"url\":\"https:\\\/\\\/thesweetshop.ma\\\/?product=olaplex-bond-maintenance-shampoo-n4-250-ml\",\"name\":\"OLAPLEX BOND MAINTENANCE SHAMPOO N\u00b04 \u2013 250 ML - Maroc - The Sweet Shop\",\"isPartOf\":{\"@id\":\"https:\\\/\\\/thesweetshop.ma\\\/#website\"},\"primaryImageOfPage\":{\"@id\":\"https:\\\/\\\/thesweetshop.ma\\\/?product=olaplex-bond-maintenance-shampoo-n4-250-ml#primaryimage\"},\"image\":{\"@id\":\"https:\\\/\\\/thesweetshop.ma\\\/?product=olaplex-bond-maintenance-shampoo-n4-250-ml#primaryimage\"},\"thumbnailUrl\":\"https:\\\/\\\/thesweetshop.ma\\\/wp-content\\\/uploads\\\/2023\\\/06\\\/Large_JPG-No.4BondMaintenanceShampoo-2_1440x_8bf1a50d-1582-4220-ac76-819f6281236e.jpg\",\"datePublished\":\"2023-06-22T14:30:38+00:00\",\"dateModified\":\"2024-06-13T03:57:06+00:00\",\"breadcrumb\":{\"@id\":\"https:\\\/\\\/thesweetshop.ma\\\/?product=olaplex-bond-maintenance-shampoo-n4-250-ml#breadcrumb\"},\"inLanguage\":\"fr-FR\",\"potentialAction\":[{\"@type\":\"ReadAction\",\"target\":[\"https:\\\/\\\/thesweetshop.ma\\\/?product=olaplex-bond-maintenance-shampoo-n4-250-ml\"]}]},{\"@type\":\"ImageObject\",\"inLanguage\":\"fr-FR\",\"@id\":\"https:\\\/\\\/thesweetshop.ma\\\/?product=olaplex-bond-maintenance-shampoo-n4-250-ml#primaryimage\",\"url\":\"https:\\\/\\\/thesweetshop.ma\\\/wp-content\\\/uploads\\\/2023\\\/06\\\/Large_JPG-No.4BondMaintenanceShampoo-2_1440x_8bf1a50d-1582-4220-ac76-819f6281236e.jpg\",\"contentUrl\":\"https:\\\/\\\/thesweetshop.ma\\\/wp-content\\\/uploads\\\/2023\\\/06\\\/Large_JPG-No.4BondMaintenanceShampoo-2_1440x_8bf1a50d-1582-4220-ac76-819f6281236e.jpg\",\"width\":1080,\"height\":1080},{\"@type\":\"BreadcrumbList\",\"@id\":\"https:\\\/\\\/thesweetshop.ma\\\/?product=olaplex-bond-maintenance-shampoo-n4-250-ml#breadcrumb\",\"itemListElement\":[{\"@type\":\"ListItem\",\"position\":1,\"name\":\"Home\",\"item\":\"https:\\\/\\\/thesweetshop.ma\\\/\"},{\"@type\":\"ListItem\",\"position\":2,\"name\":\"Shop\",\"item\":\"https:\\\/\\\/thesweetshop.ma\\\/?page_id=5\"},{\"@type\":\"ListItem\",\"position\":3,\"name\":\"OLAPLEX BOND MAINTENANCE SHAMPOO N\u00b04 \u2013 250 ML\"}]},{\"@type\":\"WebSite\",\"@id\":\"https:\\\/\\\/thesweetshop.ma\\\/#website\",\"url\":\"https:\\\/\\\/thesweetshop.ma\\\/\",\"name\":\"The Sweet Shop\",\"description\":\"1# Le premier site de maquillage au Maroc\",\"potentialAction\":[{\"@type\":\"SearchAction\",\"target\":{\"@type\":\"EntryPoint\",\"urlTemplate\":\"https:\\\/\\\/thesweetshop.ma\\\/?s={search_term_string}\"},\"query-input\":{\"@type\":\"PropertyValueSpecification\",\"valueRequired\":true,\"valueName\":\"search_term_string\"}}],\"inLanguage\":\"fr-FR\"}]}<\/script>\n<!-- \/ Yoast SEO plugin. -->","yoast_head_json":{"title":"OLAPLEX BOND MAINTENANCE SHAMPOO N\u00b04 \u2013 250 ML - Maroc - The Sweet Shop","robots":{"index":"index","follow":"follow","max-snippet":"max-snippet:-1","max-image-preview":"max-image-preview:large","max-video-preview":"max-video-preview:-1"},"canonical":"https:\/\/thesweetshop.ma\/?product=olaplex-bond-maintenance-shampoo-n4-250-ml","og_locale":"fr_FR","og_type":"article","og_title":"OLAPLEX BOND MAINTENANCE SHAMPOO N\u00b04 \u2013 250 ML - Maroc - The Sweet Shop","og_description":"Olaplex &#8211; Shampooing &#8211; Bond Maintenance N\u00b04 Un shampooing hautement nourrissant et r\u00e9parateur qui laisse les cheveux plus faciles \u00e0 g\u00e9rer, plus brillants et plus...","og_url":"https:\/\/thesweetshop.ma\/?product=olaplex-bond-maintenance-shampoo-n4-250-ml","og_site_name":"The Sweet Shop","article_modified_time":"2024-06-13T03:57:06+00:00","og_image":[{"width":1080,"height":1080,"url":"https:\/\/thesweetshop.ma\/wp-content\/uploads\/2023\/06\/Large_JPG-No.4BondMaintenanceShampoo-2_1440x_8bf1a50d-1582-4220-ac76-819f6281236e.jpg","type":"image\/jpeg"}],"twitter_card":"summary_large_image","twitter_misc":{"Dur\u00e9e de lecture estim\u00e9e":"1 minute"},"schema":{"@context":"https:\/\/schema.org","@graph":[{"@type":"WebPage","@id":"https:\/\/thesweetshop.ma\/?product=olaplex-bond-maintenance-shampoo-n4-250-ml","url":"https:\/\/thesweetshop.ma\/?product=olaplex-bond-maintenance-shampoo-n4-250-ml","name":"OLAPLEX BOND MAINTENANCE SHAMPOO N\u00b04 \u2013 250 ML - Maroc - The Sweet Shop","isPartOf":{"@id":"https:\/\/thesweetshop.ma\/#website"},"primaryImageOfPage":{"@id":"https:\/\/thesweetshop.ma\/?product=olaplex-bond-maintenance-shampoo-n4-250-ml#primaryimage"},"image":{"@id":"https:\/\/thesweetshop.ma\/?product=olaplex-bond-maintenance-shampoo-n4-250-ml#primaryimage"},"thumbnailUrl":"https:\/\/thesweetshop.ma\/wp-content\/uploads\/2023\/06\/Large_JPG-No.4BondMaintenanceShampoo-2_1440x_8bf1a50d-1582-4220-ac76-819f6281236e.jpg","datePublished":"2023-06-22T14:30:38+00:00","dateModified":"2024-06-13T03:57:06+00:00","breadcrumb":{"@id":"https:\/\/thesweetshop.ma\/?product=olaplex-bond-maintenance-shampoo-n4-250-ml#breadcrumb"},"inLanguage":"fr-FR","potentialAction":[{"@type":"ReadAction","target":["https:\/\/thesweetshop.ma\/?product=olaplex-bond-maintenance-shampoo-n4-250-ml"]}]},{"@type":"ImageObject","inLanguage":"fr-FR","@id":"https:\/\/thesweetshop.ma\/?product=olaplex-bond-maintenance-shampoo-n4-250-ml#primaryimage","url":"https:\/\/thesweetshop.ma\/wp-content\/uploads\/2023\/06\/Large_JPG-No.4BondMaintenanceShampoo-2_1440x_8bf1a50d-1582-4220-ac76-819f6281236e.jpg","contentUrl":"https:\/\/thesweetshop.ma\/wp-content\/uploads\/2023\/06\/Large_JPG-No.4BondMaintenanceShampoo-2_1440x_8bf1a50d-1582-4220-ac76-819f6281236e.jpg","width":1080,"height":1080},{"@type":"BreadcrumbList","@id":"https:\/\/thesweetshop.ma\/?product=olaplex-bond-maintenance-shampoo-n4-250-ml#breadcrumb","itemListElement":[{"@type":"ListItem","position":1,"name":"Home","item":"https:\/\/thesweetshop.ma\/"},{"@type":"ListItem","position":2,"name":"Shop","item":"https:\/\/thesweetshop.ma\/?page_id=5"},{"@type":"ListItem","position":3,"name":"OLAPLEX BOND MAINTENANCE SHAMPOO N\u00b04 \u2013 250 ML"}]},{"@type":"WebSite","@id":"https:\/\/thesweetshop.ma\/#website","url":"https:\/\/thesweetshop.ma\/","name":"The Sweet Shop","description":"1# Le premier site de maquillage au Maroc","potentialAction":[{"@type":"SearchAction","target":{"@type":"EntryPoint","urlTemplate":"https:\/\/thesweetshop.ma\/?s={search_term_string}"},"query-input":{"@type":"PropertyValueSpecification","valueRequired":true,"valueName":"search_term_string"}}],"inLanguage":"fr-FR"}]}},"jetpack_sharing_enabled":true,"_links":{"self":[{"href":"https:\/\/thesweetshop.ma\/index.php?rest_route=\/wp\/v2\/product\/2305","targetHints":{"allow":["GET"]}}],"collection":[{"href":"https:\/\/thesweetshop.ma\/index.php?rest_route=\/wp\/v2\/product"}],"about":[{"href":"https:\/\/thesweetshop.ma\/index.php?rest_route=\/wp\/v2\/types\/product"}],"replies":[{"embeddable":true,"href":"https:\/\/thesweetshop.ma\/index.php?rest_route=%2Fwp%2Fv2%2Fcomments&post=2305"}],"version-history":[{"count":1,"href":"https:\/\/thesweetshop.ma\/index.php?rest_route=\/wp\/v2\/product\/2305\/revisions"}],"predecessor-version":[{"id":2374,"href":"https:\/\/thesweetshop.ma\/index.php?rest_route=\/wp\/v2\/product\/2305\/revisions\/2374"}],"wp:featuredmedia":[{"embeddable":true,"href":"https:\/\/thesweetshop.ma\/index.php?rest_route=\/wp\/v2\/media\/2373"}],"wp:attachment":[{"href":"https:\/\/thesweetshop.ma\/index.php?rest_route=%2Fwp%2Fv2%2Fmedia&parent=2305"}],"wp:term":[{"taxonomy":"brand","embeddable":true,"href":"https:\/\/thesweetshop.ma\/index.php?rest_route=%2Fwp%2Fv2%2Fetheme_brands&post=2305"},{"taxonomy":"product_brand","embeddable":true,"href":"https:\/\/thesweetshop.ma\/index.php?rest_route=%2Fwp%2Fv2%2Fproduct_brand&post=2305"},{"taxonomy":"product_cat","embeddable":true,"href":"https:\/\/thesweetshop.ma\/index.php?rest_route=%2Fwp%2Fv2%2Fproduct_cat&post=2305"},{"taxonomy":"product_tag","embeddable":true,"href":"https:\/\/thesweetshop.ma\/index.php?rest_route=%2Fwp%2Fv2%2Fproduct_tag&post=2305"}],"curies":[{"name":"wp","href":"https:\/\/api.w.org\/{rel}","templated":true}]}}