{"id":2306,"date":"2023-06-22T14:30:38","date_gmt":"2023-06-22T14:30:38","guid":{"rendered":"https:\/\/thesweetshop.ma\/?post_type=product&#038;p=2306"},"modified":"2024-06-13T03:57:24","modified_gmt":"2024-06-13T03:57:24","slug":"olaplex-bond-maintenance-conditioner-n5-250-ml","status":"publish","type":"product","link":"https:\/\/thesweetshop.ma\/?product=olaplex-bond-maintenance-conditioner-n5-250-ml","title":{"rendered":"OLAPLEX BOND MAINTENANCE CONDITIONER N\u00b05 \u2013 250 ML"},"content":{"rendered":"<p><span class=\"ng-scope\">Olaplex &#8211; Conditioner &#8211; Apr\u00e8s Shampoing &#8211; Bond Maintenance N\u00b05<\/span><\/p>\n<div class=\"ng-scope\">\n<div><\/div>\n<div>\n<div>\n<div>Un conditionneur hautement hydratant et r\u00e9parateur pour tous les types de cheveux qui laisse les cheveux plus faciles \u00e0 g\u00e9rer, plus brillants et plus sains \u00e0 chaque utilisation.<br \/>\nProt\u00e8ge et r\u00e9pare les cheveux ab\u00eem\u00e9s, les pointes fourchues et les frisottis en reliant les liens bris\u00e9s.<br \/>\nIl est sans danger pour les couleurs et renforcera et rendra vos cheveux plus forts que jamais.<br \/>\nPH : 4.0-5.0<\/div>\n<\/div>\n<\/div>\n<\/div>\n<div class=\"ng-scope\"><\/div>\n<h3 class=\"ng-scope\"><span class=\"PBSTitle\">B\u00c9N\u00c9FICES :<\/span><\/h3>\n<p>&nbsp;<\/p>\n<div class=\"ng-scope\">\n<div>\n<div>-Restaure les ponts disulfures sans alourdir la chevelure<\/div>\n<div>-Restaure r\u00e9pare et hydrate les cheveux<\/div>\n<div>-\u00c9limine les frisottis et soigne les cheveux endommag\u00e9s<\/div>\n<div>-Garde les cheveux forts entre les techniques de coloration ou d\u00e9coloration<\/div>\n<\/div>\n<\/div>\n<div class=\"ng-scope\"><\/div>\n<h3 class=\"ng-scope\"><span class=\"PBSTitle\">TECHNOLOGIE :<\/span><\/h3>\n<p>&nbsp;<\/p>\n<div class=\"ng-scope\">-Apr\u00e8s shampooing de liaison N\u00b05<\/div>\n<div class=\"ng-scope\">-Sans Paraben<\/div>\n<div class=\"ng-scope\">-Sans Sulfate<\/div>\n<div class=\"ng-scope\">-Sans Phtalate<\/div>\n<p>&nbsp;<\/p>\n<h3 class=\"ng-scope\"><span class=\"PBSTitle\">APPLICATION :<\/span><\/h3>\n<div class=\"ng-scope\">\n<div>Type de cheveux : Raides, ondul\u00e9s, boucl\u00e9s et torsad\u00e9s.<\/div>\n<div>Texture des cheveux : Fins, moyens et \u00e9pais.<\/div>\n<\/div>\n<div class=\"ng-scope\"><\/div>\n<div>OLAPLEX &#8211;\u00a0Conditioner Bond Maintenance N\u00b05\u00a0&#8211; 250ml<\/div>\n","protected":false},"excerpt":{"rendered":"<p>Olaplex &#8211; Conditioner &#8211; Apr\u00e8s Shampoing &#8211; Bond Maintenance N\u00b05 Un conditionneur hautement hydratant et r\u00e9parateur pour tous les types de cheveux qui laisse les&#8230;<\/p>\n","protected":false},"featured_media":2375,"comment_status":"open","ping_status":"closed","template":"","meta":{"_joinchat":[]},"etheme_brands":[],"product_brand":[],"product_cat":[123,124,105],"product_tag":[],"class_list":{"0":"post-2306","1":"product","2":"type-product","3":"status-publish","4":"has-post-thumbnail","6":"product_cat-etats-unis","7":"product_cat-olaplex","8":"product_cat-shampooing-et-revitalisant","10":"first","11":"instock","12":"sale","13":"shipping-taxable","14":"purchasable","15":"product-type-simple"},"yoast_head":"<!-- This site is optimized with the Yoast SEO plugin v27.4 - https:\/\/yoast.com\/product\/yoast-seo-wordpress\/ -->\n<title>OLAPLEX BOND MAINTENANCE CONDITIONER N\u00b05 \u2013 250 ML - Maroc - The Sweet Shop<\/title>\n<meta name=\"robots\" content=\"index, follow, max-snippet:-1, max-image-preview:large, max-video-preview:-1\" \/>\n<link rel=\"canonical\" href=\"https:\/\/thesweetshop.ma\/?product=olaplex-bond-maintenance-conditioner-n5-250-ml\" \/>\n<meta property=\"og:locale\" content=\"fr_FR\" \/>\n<meta property=\"og:type\" content=\"article\" \/>\n<meta property=\"og:title\" content=\"OLAPLEX BOND MAINTENANCE CONDITIONER N\u00b05 \u2013 250 ML - Maroc - The Sweet Shop\" \/>\n<meta property=\"og:description\" content=\"Olaplex &#8211; Conditioner &#8211; Apr\u00e8s Shampoing &#8211; Bond Maintenance N\u00b05 Un conditionneur hautement hydratant et r\u00e9parateur pour tous les types de cheveux qui laisse les...\" \/>\n<meta property=\"og:url\" content=\"https:\/\/thesweetshop.ma\/?product=olaplex-bond-maintenance-conditioner-n5-250-ml\" \/>\n<meta property=\"og:site_name\" content=\"The Sweet Shop\" \/>\n<meta property=\"article:modified_time\" content=\"2024-06-13T03:57:24+00:00\" \/>\n<meta property=\"og:image\" content=\"https:\/\/thesweetshop.ma\/wp-content\/uploads\/2023\/06\/Chikshop-olapalex-N5.jpeg\" \/>\n\t<meta property=\"og:image:width\" content=\"800\" \/>\n\t<meta property=\"og:image:height\" content=\"800\" \/>\n\t<meta property=\"og:image:type\" content=\"image\/jpeg\" \/>\n<meta name=\"twitter:card\" content=\"summary_large_image\" \/>\n<meta name=\"twitter:label1\" content=\"Dur\u00e9e de lecture estim\u00e9e\" \/>\n\t<meta name=\"twitter:data1\" content=\"1 minute\" \/>\n<script type=\"application\/ld+json\" class=\"yoast-schema-graph\">{\"@context\":\"https:\\\/\\\/schema.org\",\"@graph\":[{\"@type\":\"WebPage\",\"@id\":\"https:\\\/\\\/thesweetshop.ma\\\/?product=olaplex-bond-maintenance-conditioner-n5-250-ml\",\"url\":\"https:\\\/\\\/thesweetshop.ma\\\/?product=olaplex-bond-maintenance-conditioner-n5-250-ml\",\"name\":\"OLAPLEX BOND MAINTENANCE CONDITIONER N\u00b05 \u2013 250 ML - Maroc - The Sweet Shop\",\"isPartOf\":{\"@id\":\"https:\\\/\\\/thesweetshop.ma\\\/#website\"},\"primaryImageOfPage\":{\"@id\":\"https:\\\/\\\/thesweetshop.ma\\\/?product=olaplex-bond-maintenance-conditioner-n5-250-ml#primaryimage\"},\"image\":{\"@id\":\"https:\\\/\\\/thesweetshop.ma\\\/?product=olaplex-bond-maintenance-conditioner-n5-250-ml#primaryimage\"},\"thumbnailUrl\":\"https:\\\/\\\/thesweetshop.ma\\\/wp-content\\\/uploads\\\/2023\\\/06\\\/Chikshop-olapalex-N5.jpeg\",\"datePublished\":\"2023-06-22T14:30:38+00:00\",\"dateModified\":\"2024-06-13T03:57:24+00:00\",\"breadcrumb\":{\"@id\":\"https:\\\/\\\/thesweetshop.ma\\\/?product=olaplex-bond-maintenance-conditioner-n5-250-ml#breadcrumb\"},\"inLanguage\":\"fr-FR\",\"potentialAction\":[{\"@type\":\"ReadAction\",\"target\":[\"https:\\\/\\\/thesweetshop.ma\\\/?product=olaplex-bond-maintenance-conditioner-n5-250-ml\"]}]},{\"@type\":\"ImageObject\",\"inLanguage\":\"fr-FR\",\"@id\":\"https:\\\/\\\/thesweetshop.ma\\\/?product=olaplex-bond-maintenance-conditioner-n5-250-ml#primaryimage\",\"url\":\"https:\\\/\\\/thesweetshop.ma\\\/wp-content\\\/uploads\\\/2023\\\/06\\\/Chikshop-olapalex-N5.jpeg\",\"contentUrl\":\"https:\\\/\\\/thesweetshop.ma\\\/wp-content\\\/uploads\\\/2023\\\/06\\\/Chikshop-olapalex-N5.jpeg\",\"width\":800,\"height\":800},{\"@type\":\"BreadcrumbList\",\"@id\":\"https:\\\/\\\/thesweetshop.ma\\\/?product=olaplex-bond-maintenance-conditioner-n5-250-ml#breadcrumb\",\"itemListElement\":[{\"@type\":\"ListItem\",\"position\":1,\"name\":\"Home\",\"item\":\"https:\\\/\\\/thesweetshop.ma\\\/\"},{\"@type\":\"ListItem\",\"position\":2,\"name\":\"Shop\",\"item\":\"https:\\\/\\\/thesweetshop.ma\\\/?page_id=5\"},{\"@type\":\"ListItem\",\"position\":3,\"name\":\"OLAPLEX BOND MAINTENANCE CONDITIONER N\u00b05 \u2013 250 ML\"}]},{\"@type\":\"WebSite\",\"@id\":\"https:\\\/\\\/thesweetshop.ma\\\/#website\",\"url\":\"https:\\\/\\\/thesweetshop.ma\\\/\",\"name\":\"The Sweet Shop\",\"description\":\"1# Le premier site de maquillage au Maroc\",\"potentialAction\":[{\"@type\":\"SearchAction\",\"target\":{\"@type\":\"EntryPoint\",\"urlTemplate\":\"https:\\\/\\\/thesweetshop.ma\\\/?s={search_term_string}\"},\"query-input\":{\"@type\":\"PropertyValueSpecification\",\"valueRequired\":true,\"valueName\":\"search_term_string\"}}],\"inLanguage\":\"fr-FR\"}]}<\/script>\n<!-- \/ Yoast SEO plugin. -->","yoast_head_json":{"title":"OLAPLEX BOND MAINTENANCE CONDITIONER N\u00b05 \u2013 250 ML - Maroc - The Sweet Shop","robots":{"index":"index","follow":"follow","max-snippet":"max-snippet:-1","max-image-preview":"max-image-preview:large","max-video-preview":"max-video-preview:-1"},"canonical":"https:\/\/thesweetshop.ma\/?product=olaplex-bond-maintenance-conditioner-n5-250-ml","og_locale":"fr_FR","og_type":"article","og_title":"OLAPLEX BOND MAINTENANCE CONDITIONER N\u00b05 \u2013 250 ML - Maroc - The Sweet Shop","og_description":"Olaplex &#8211; Conditioner &#8211; Apr\u00e8s Shampoing &#8211; Bond Maintenance N\u00b05 Un conditionneur hautement hydratant et r\u00e9parateur pour tous les types de cheveux qui laisse les...","og_url":"https:\/\/thesweetshop.ma\/?product=olaplex-bond-maintenance-conditioner-n5-250-ml","og_site_name":"The Sweet Shop","article_modified_time":"2024-06-13T03:57:24+00:00","og_image":[{"width":800,"height":800,"url":"https:\/\/thesweetshop.ma\/wp-content\/uploads\/2023\/06\/Chikshop-olapalex-N5.jpeg","type":"image\/jpeg"}],"twitter_card":"summary_large_image","twitter_misc":{"Dur\u00e9e de lecture estim\u00e9e":"1 minute"},"schema":{"@context":"https:\/\/schema.org","@graph":[{"@type":"WebPage","@id":"https:\/\/thesweetshop.ma\/?product=olaplex-bond-maintenance-conditioner-n5-250-ml","url":"https:\/\/thesweetshop.ma\/?product=olaplex-bond-maintenance-conditioner-n5-250-ml","name":"OLAPLEX BOND MAINTENANCE CONDITIONER N\u00b05 \u2013 250 ML - Maroc - The Sweet Shop","isPartOf":{"@id":"https:\/\/thesweetshop.ma\/#website"},"primaryImageOfPage":{"@id":"https:\/\/thesweetshop.ma\/?product=olaplex-bond-maintenance-conditioner-n5-250-ml#primaryimage"},"image":{"@id":"https:\/\/thesweetshop.ma\/?product=olaplex-bond-maintenance-conditioner-n5-250-ml#primaryimage"},"thumbnailUrl":"https:\/\/thesweetshop.ma\/wp-content\/uploads\/2023\/06\/Chikshop-olapalex-N5.jpeg","datePublished":"2023-06-22T14:30:38+00:00","dateModified":"2024-06-13T03:57:24+00:00","breadcrumb":{"@id":"https:\/\/thesweetshop.ma\/?product=olaplex-bond-maintenance-conditioner-n5-250-ml#breadcrumb"},"inLanguage":"fr-FR","potentialAction":[{"@type":"ReadAction","target":["https:\/\/thesweetshop.ma\/?product=olaplex-bond-maintenance-conditioner-n5-250-ml"]}]},{"@type":"ImageObject","inLanguage":"fr-FR","@id":"https:\/\/thesweetshop.ma\/?product=olaplex-bond-maintenance-conditioner-n5-250-ml#primaryimage","url":"https:\/\/thesweetshop.ma\/wp-content\/uploads\/2023\/06\/Chikshop-olapalex-N5.jpeg","contentUrl":"https:\/\/thesweetshop.ma\/wp-content\/uploads\/2023\/06\/Chikshop-olapalex-N5.jpeg","width":800,"height":800},{"@type":"BreadcrumbList","@id":"https:\/\/thesweetshop.ma\/?product=olaplex-bond-maintenance-conditioner-n5-250-ml#breadcrumb","itemListElement":[{"@type":"ListItem","position":1,"name":"Home","item":"https:\/\/thesweetshop.ma\/"},{"@type":"ListItem","position":2,"name":"Shop","item":"https:\/\/thesweetshop.ma\/?page_id=5"},{"@type":"ListItem","position":3,"name":"OLAPLEX BOND MAINTENANCE CONDITIONER N\u00b05 \u2013 250 ML"}]},{"@type":"WebSite","@id":"https:\/\/thesweetshop.ma\/#website","url":"https:\/\/thesweetshop.ma\/","name":"The Sweet Shop","description":"1# Le premier site de maquillage au Maroc","potentialAction":[{"@type":"SearchAction","target":{"@type":"EntryPoint","urlTemplate":"https:\/\/thesweetshop.ma\/?s={search_term_string}"},"query-input":{"@type":"PropertyValueSpecification","valueRequired":true,"valueName":"search_term_string"}}],"inLanguage":"fr-FR"}]}},"jetpack_sharing_enabled":true,"_links":{"self":[{"href":"https:\/\/thesweetshop.ma\/index.php?rest_route=\/wp\/v2\/product\/2306","targetHints":{"allow":["GET"]}}],"collection":[{"href":"https:\/\/thesweetshop.ma\/index.php?rest_route=\/wp\/v2\/product"}],"about":[{"href":"https:\/\/thesweetshop.ma\/index.php?rest_route=\/wp\/v2\/types\/product"}],"replies":[{"embeddable":true,"href":"https:\/\/thesweetshop.ma\/index.php?rest_route=%2Fwp%2Fv2%2Fcomments&post=2306"}],"version-history":[{"count":1,"href":"https:\/\/thesweetshop.ma\/index.php?rest_route=\/wp\/v2\/product\/2306\/revisions"}],"predecessor-version":[{"id":2376,"href":"https:\/\/thesweetshop.ma\/index.php?rest_route=\/wp\/v2\/product\/2306\/revisions\/2376"}],"wp:featuredmedia":[{"embeddable":true,"href":"https:\/\/thesweetshop.ma\/index.php?rest_route=\/wp\/v2\/media\/2375"}],"wp:attachment":[{"href":"https:\/\/thesweetshop.ma\/index.php?rest_route=%2Fwp%2Fv2%2Fmedia&parent=2306"}],"wp:term":[{"taxonomy":"brand","embeddable":true,"href":"https:\/\/thesweetshop.ma\/index.php?rest_route=%2Fwp%2Fv2%2Fetheme_brands&post=2306"},{"taxonomy":"product_brand","embeddable":true,"href":"https:\/\/thesweetshop.ma\/index.php?rest_route=%2Fwp%2Fv2%2Fproduct_brand&post=2306"},{"taxonomy":"product_cat","embeddable":true,"href":"https:\/\/thesweetshop.ma\/index.php?rest_route=%2Fwp%2Fv2%2Fproduct_cat&post=2306"},{"taxonomy":"product_tag","embeddable":true,"href":"https:\/\/thesweetshop.ma\/index.php?rest_route=%2Fwp%2Fv2%2Fproduct_tag&post=2306"}],"curies":[{"name":"wp","href":"https:\/\/api.w.org\/{rel}","templated":true}]}}