{"id":2349,"date":"2023-06-22T14:31:01","date_gmt":"2023-06-22T14:31:01","guid":{"rendered":"https:\/\/thesweetshop.ma\/?post_type=product&#038;p=2349"},"modified":"2024-06-13T04:00:18","modified_gmt":"2024-06-13T04:00:18","slug":"mavala-double-lash","status":"publish","type":"product","link":"https:\/\/thesweetshop.ma\/?product=mavala-double-lash","title":{"rendered":"Mavala Double-Lash"},"content":{"rendered":"<h3 class=\"product-detail-selection\">Mavala Double-Cils Soin Nutritif pour les Cils 10ml<\/h3>\n<div class=\"product-detail-selection\"><\/div>\n<p>Double-Cils contient un extrait naturel riche en vitamines et prot\u00e9ines qui renforce, fortifie, gaine, et prot\u00e8ge les cils qui deviendront alors plus longs et plus r\u00e9sistants. Ce soin aide \u00e0 allonger et \u00e0 densifier l&rsquo;arc des cils, qui sera plus fourni et soyeux<\/p>\n<p style=\"font-weight: 400;\">Soin nutritif pour des cils plus longs, plus fournis.<\/p>\n<p style=\"font-weight: 400;\">Les cils sont un \u00e9l\u00e9ment essentiel de la beaut\u00e9 du visage.<\/p>\n<p style=\"font-weight: 400;\">Double-Cils contient un extrait naturel riche en vitamines et prot\u00e9ines qui renforce, fortifie, gaine, et prot\u00e8ge les cils qui deviendront alors plus longs et plus r\u00e9sistants. Ce soin aide \u00e0 allonger et \u00e0 densifier l&rsquo;arc des cils, qui sera plus fourni et soyeux.<\/p>\n<p style=\"font-weight: 400;\">Test\u00e9 sous contr\u00f4le ophtalmologique.<\/p>\n<p style=\"font-weight: 400;\">Ne contient ni parfum, ni colorant.<\/p>\n<p style=\"font-weight: 400;\">\n<ul style=\"font-weight: 400;\">\n<li><b><strong>Conseils d&rsquo;utilisation<\/strong><\/b><\/li>\n<\/ul>\n<p style=\"font-weight: 400;\">Appliquer Double-Cils chaque soir sur les cils parfaitement d\u00e9maquill\u00e9s (et sourcils si souhait\u00e9), avec la brosse applicateur, de la racine \u00e0 la pointe. Laisser agir pendant la nuit. Ne n\u00e9cessite pas d&rsquo;\u00eatre enlev\u00e9 au r\u00e9veil, m\u00eame avant votre maquillage. Utilisation quotidienne de 2 mois minimum pour des cils plus fournis, plus longs, plus r\u00e9sistants.<\/p>\n<p style=\"font-weight: 400;\">\n<p style=\"font-weight: 400;\">Pr\u00e9caution : Eviter que le produit p\u00e9n\u00e8tre dans l&rsquo;\u0153il. Si par m\u00e9garde cela se produisait, il suffit de rincer l&rsquo;\u0153il avec de l&rsquo;eau.<\/p>\n","protected":false},"excerpt":{"rendered":"<p>Mavala Double-Cils Soin Nutritif pour les Cils 10ml Double-Cils contient un extrait naturel riche en vitamines et prot\u00e9ines qui renforce, fortifie, gaine, et prot\u00e8ge les&#8230;<\/p>\n","protected":false},"featured_media":2418,"comment_status":"open","ping_status":"closed","template":"","meta":{"_joinchat":[]},"etheme_brands":[],"product_brand":[],"product_cat":[123,129],"product_tag":[],"class_list":{"0":"post-2349","1":"product","2":"type-product","3":"status-publish","4":"has-post-thumbnail","6":"product_cat-etats-unis","7":"product_cat-mavala","9":"first","10":"instock","11":"sale","12":"shipping-taxable","13":"purchasable","14":"product-type-simple"},"yoast_head":"<!-- This site is optimized with the Yoast SEO plugin v27.4 - https:\/\/yoast.com\/product\/yoast-seo-wordpress\/ -->\n<title>Mavala Double-Lash - Maroc - The Sweet Shop<\/title>\n<meta name=\"robots\" content=\"index, follow, max-snippet:-1, max-image-preview:large, max-video-preview:-1\" \/>\n<link rel=\"canonical\" href=\"https:\/\/thesweetshop.ma\/?product=mavala-double-lash\" \/>\n<meta property=\"og:locale\" content=\"fr_FR\" \/>\n<meta property=\"og:type\" content=\"article\" \/>\n<meta property=\"og:title\" content=\"Mavala Double-Lash - Maroc - The Sweet Shop\" \/>\n<meta property=\"og:description\" content=\"Mavala Double-Cils Soin Nutritif pour les Cils 10ml Double-Cils contient un extrait naturel riche en vitamines et prot\u00e9ines qui renforce, fortifie, gaine, et prot\u00e8ge les...\" \/>\n<meta property=\"og:url\" content=\"https:\/\/thesweetshop.ma\/?product=mavala-double-lash\" \/>\n<meta property=\"og:site_name\" content=\"The Sweet Shop\" \/>\n<meta property=\"article:modified_time\" content=\"2024-06-13T04:00:18+00:00\" \/>\n<meta property=\"og:image\" content=\"https:\/\/thesweetshop.ma\/wp-content\/uploads\/2023\/06\/double-cils.jpeg\" \/>\n\t<meta property=\"og:image:width\" content=\"800\" \/>\n\t<meta property=\"og:image:height\" content=\"800\" \/>\n\t<meta property=\"og:image:type\" content=\"image\/jpeg\" \/>\n<meta name=\"twitter:card\" content=\"summary_large_image\" \/>\n<meta name=\"twitter:label1\" content=\"Dur\u00e9e de lecture estim\u00e9e\" \/>\n\t<meta name=\"twitter:data1\" content=\"1 minute\" \/>\n<script type=\"application\/ld+json\" class=\"yoast-schema-graph\">{\"@context\":\"https:\\\/\\\/schema.org\",\"@graph\":[{\"@type\":\"WebPage\",\"@id\":\"https:\\\/\\\/thesweetshop.ma\\\/?product=mavala-double-lash\",\"url\":\"https:\\\/\\\/thesweetshop.ma\\\/?product=mavala-double-lash\",\"name\":\"Mavala Double-Lash - Maroc - The Sweet Shop\",\"isPartOf\":{\"@id\":\"https:\\\/\\\/thesweetshop.ma\\\/#website\"},\"primaryImageOfPage\":{\"@id\":\"https:\\\/\\\/thesweetshop.ma\\\/?product=mavala-double-lash#primaryimage\"},\"image\":{\"@id\":\"https:\\\/\\\/thesweetshop.ma\\\/?product=mavala-double-lash#primaryimage\"},\"thumbnailUrl\":\"https:\\\/\\\/thesweetshop.ma\\\/wp-content\\\/uploads\\\/2023\\\/06\\\/double-cils.jpeg\",\"datePublished\":\"2023-06-22T14:31:01+00:00\",\"dateModified\":\"2024-06-13T04:00:18+00:00\",\"breadcrumb\":{\"@id\":\"https:\\\/\\\/thesweetshop.ma\\\/?product=mavala-double-lash#breadcrumb\"},\"inLanguage\":\"fr-FR\",\"potentialAction\":[{\"@type\":\"ReadAction\",\"target\":[\"https:\\\/\\\/thesweetshop.ma\\\/?product=mavala-double-lash\"]}]},{\"@type\":\"ImageObject\",\"inLanguage\":\"fr-FR\",\"@id\":\"https:\\\/\\\/thesweetshop.ma\\\/?product=mavala-double-lash#primaryimage\",\"url\":\"https:\\\/\\\/thesweetshop.ma\\\/wp-content\\\/uploads\\\/2023\\\/06\\\/double-cils.jpeg\",\"contentUrl\":\"https:\\\/\\\/thesweetshop.ma\\\/wp-content\\\/uploads\\\/2023\\\/06\\\/double-cils.jpeg\",\"width\":800,\"height\":800},{\"@type\":\"BreadcrumbList\",\"@id\":\"https:\\\/\\\/thesweetshop.ma\\\/?product=mavala-double-lash#breadcrumb\",\"itemListElement\":[{\"@type\":\"ListItem\",\"position\":1,\"name\":\"Home\",\"item\":\"https:\\\/\\\/thesweetshop.ma\\\/\"},{\"@type\":\"ListItem\",\"position\":2,\"name\":\"Shop\",\"item\":\"https:\\\/\\\/thesweetshop.ma\\\/?page_id=5\"},{\"@type\":\"ListItem\",\"position\":3,\"name\":\"Mavala Double-Lash\"}]},{\"@type\":\"WebSite\",\"@id\":\"https:\\\/\\\/thesweetshop.ma\\\/#website\",\"url\":\"https:\\\/\\\/thesweetshop.ma\\\/\",\"name\":\"The Sweet Shop\",\"description\":\"1# Le premier site de maquillage au Maroc\",\"potentialAction\":[{\"@type\":\"SearchAction\",\"target\":{\"@type\":\"EntryPoint\",\"urlTemplate\":\"https:\\\/\\\/thesweetshop.ma\\\/?s={search_term_string}\"},\"query-input\":{\"@type\":\"PropertyValueSpecification\",\"valueRequired\":true,\"valueName\":\"search_term_string\"}}],\"inLanguage\":\"fr-FR\"}]}<\/script>\n<!-- \/ Yoast SEO plugin. -->","yoast_head_json":{"title":"Mavala Double-Lash - Maroc - The Sweet Shop","robots":{"index":"index","follow":"follow","max-snippet":"max-snippet:-1","max-image-preview":"max-image-preview:large","max-video-preview":"max-video-preview:-1"},"canonical":"https:\/\/thesweetshop.ma\/?product=mavala-double-lash","og_locale":"fr_FR","og_type":"article","og_title":"Mavala Double-Lash - Maroc - The Sweet Shop","og_description":"Mavala Double-Cils Soin Nutritif pour les Cils 10ml Double-Cils contient un extrait naturel riche en vitamines et prot\u00e9ines qui renforce, fortifie, gaine, et prot\u00e8ge les...","og_url":"https:\/\/thesweetshop.ma\/?product=mavala-double-lash","og_site_name":"The Sweet Shop","article_modified_time":"2024-06-13T04:00:18+00:00","og_image":[{"width":800,"height":800,"url":"https:\/\/thesweetshop.ma\/wp-content\/uploads\/2023\/06\/double-cils.jpeg","type":"image\/jpeg"}],"twitter_card":"summary_large_image","twitter_misc":{"Dur\u00e9e de lecture estim\u00e9e":"1 minute"},"schema":{"@context":"https:\/\/schema.org","@graph":[{"@type":"WebPage","@id":"https:\/\/thesweetshop.ma\/?product=mavala-double-lash","url":"https:\/\/thesweetshop.ma\/?product=mavala-double-lash","name":"Mavala Double-Lash - Maroc - The Sweet Shop","isPartOf":{"@id":"https:\/\/thesweetshop.ma\/#website"},"primaryImageOfPage":{"@id":"https:\/\/thesweetshop.ma\/?product=mavala-double-lash#primaryimage"},"image":{"@id":"https:\/\/thesweetshop.ma\/?product=mavala-double-lash#primaryimage"},"thumbnailUrl":"https:\/\/thesweetshop.ma\/wp-content\/uploads\/2023\/06\/double-cils.jpeg","datePublished":"2023-06-22T14:31:01+00:00","dateModified":"2024-06-13T04:00:18+00:00","breadcrumb":{"@id":"https:\/\/thesweetshop.ma\/?product=mavala-double-lash#breadcrumb"},"inLanguage":"fr-FR","potentialAction":[{"@type":"ReadAction","target":["https:\/\/thesweetshop.ma\/?product=mavala-double-lash"]}]},{"@type":"ImageObject","inLanguage":"fr-FR","@id":"https:\/\/thesweetshop.ma\/?product=mavala-double-lash#primaryimage","url":"https:\/\/thesweetshop.ma\/wp-content\/uploads\/2023\/06\/double-cils.jpeg","contentUrl":"https:\/\/thesweetshop.ma\/wp-content\/uploads\/2023\/06\/double-cils.jpeg","width":800,"height":800},{"@type":"BreadcrumbList","@id":"https:\/\/thesweetshop.ma\/?product=mavala-double-lash#breadcrumb","itemListElement":[{"@type":"ListItem","position":1,"name":"Home","item":"https:\/\/thesweetshop.ma\/"},{"@type":"ListItem","position":2,"name":"Shop","item":"https:\/\/thesweetshop.ma\/?page_id=5"},{"@type":"ListItem","position":3,"name":"Mavala Double-Lash"}]},{"@type":"WebSite","@id":"https:\/\/thesweetshop.ma\/#website","url":"https:\/\/thesweetshop.ma\/","name":"The Sweet Shop","description":"1# Le premier site de maquillage au Maroc","potentialAction":[{"@type":"SearchAction","target":{"@type":"EntryPoint","urlTemplate":"https:\/\/thesweetshop.ma\/?s={search_term_string}"},"query-input":{"@type":"PropertyValueSpecification","valueRequired":true,"valueName":"search_term_string"}}],"inLanguage":"fr-FR"}]}},"jetpack_sharing_enabled":true,"_links":{"self":[{"href":"https:\/\/thesweetshop.ma\/index.php?rest_route=\/wp\/v2\/product\/2349","targetHints":{"allow":["GET"]}}],"collection":[{"href":"https:\/\/thesweetshop.ma\/index.php?rest_route=\/wp\/v2\/product"}],"about":[{"href":"https:\/\/thesweetshop.ma\/index.php?rest_route=\/wp\/v2\/types\/product"}],"replies":[{"embeddable":true,"href":"https:\/\/thesweetshop.ma\/index.php?rest_route=%2Fwp%2Fv2%2Fcomments&post=2349"}],"version-history":[{"count":1,"href":"https:\/\/thesweetshop.ma\/index.php?rest_route=\/wp\/v2\/product\/2349\/revisions"}],"predecessor-version":[{"id":2419,"href":"https:\/\/thesweetshop.ma\/index.php?rest_route=\/wp\/v2\/product\/2349\/revisions\/2419"}],"wp:featuredmedia":[{"embeddable":true,"href":"https:\/\/thesweetshop.ma\/index.php?rest_route=\/wp\/v2\/media\/2418"}],"wp:attachment":[{"href":"https:\/\/thesweetshop.ma\/index.php?rest_route=%2Fwp%2Fv2%2Fmedia&parent=2349"}],"wp:term":[{"taxonomy":"brand","embeddable":true,"href":"https:\/\/thesweetshop.ma\/index.php?rest_route=%2Fwp%2Fv2%2Fetheme_brands&post=2349"},{"taxonomy":"product_brand","embeddable":true,"href":"https:\/\/thesweetshop.ma\/index.php?rest_route=%2Fwp%2Fv2%2Fproduct_brand&post=2349"},{"taxonomy":"product_cat","embeddable":true,"href":"https:\/\/thesweetshop.ma\/index.php?rest_route=%2Fwp%2Fv2%2Fproduct_cat&post=2349"},{"taxonomy":"product_tag","embeddable":true,"href":"https:\/\/thesweetshop.ma\/index.php?rest_route=%2Fwp%2Fv2%2Fproduct_tag&post=2349"}],"curies":[{"name":"wp","href":"https:\/\/api.w.org\/{rel}","templated":true}]}}