{"id":2350,"date":"2023-06-22T14:31:01","date_gmt":"2023-06-22T14:31:01","guid":{"rendered":"https:\/\/thesweetshop.ma\/?post_type=product&#038;p=2350"},"modified":"2025-01-09T01:39:33","modified_gmt":"2025-01-09T01:39:33","slug":"pfb-vanish-chromabright","status":"publish","type":"product","link":"https:\/\/thesweetshop.ma\/?product=pfb-vanish-chromabright","title":{"rendered":"PFB Vanish + Chromabright"},"content":{"rendered":"<p style=\"font-weight: 400;\"><b><strong>PFB Vanish + Chromabright \u00a9<\/strong><\/b>\u00a0est le seul produit 2 en 1 sur le march\u00e9 qui non seulement les poils incarn\u00e9s, le feu du rasoir et des bosses rouges \u00e0 faire, mais en m\u00eame temps rend \u00e9galement plus l\u00e9ger sans blanchir la peau. Des taches sombres d&rsquo;une mani\u00e8re s\u00fbre<\/p>\n<p style=\"font-weight: 400;\">\n<p style=\"font-weight: 400;\">Beaucoup de femmes et d&rsquo;hommes apr\u00e8s \u00e9pilation souffrent d&rsquo;une br\u00fblure de la peau, des bosses rouges de rasoir, les infections, les boutons de rasage et les poils incarn\u00e9s. Le terme m\u00e9dical pour cette condition est folliculite Pseudo barbe, en abr\u00e9g\u00e9 PFB. En outre, apr\u00e8s l&rsquo;\u00e9pilation, et en raison de la radiation UV, les taches brunes apparaissent sur la peau.<\/p>\n<p style=\"font-weight: 400;\">PFB Vanish + Chromabright \u00a9 est assez puissant pour traiter efficacement, les poils incarn\u00e9s, des bosses de rasoir et les irritations mais doux pour la peau. Il contient un \u00abgommage\u00bb puissante pour traiter la peau d&rsquo;huile efficace de ch\u00e8vrefeuille pour un effet apaisant, glyc\u00e9rine pour maintenir l&rsquo;humidit\u00e9 de la peau et de fournir Chromabright \u00a9 de faire. Taches brunes et d\u00e9coloration de la peau \u00e9claircissant<\/p>\n","protected":false},"excerpt":{"rendered":"<p>PFB Vanish + Chromabright \u00a9\u00a0est le seul produit 2 en 1 sur le march\u00e9 qui non seulement les poils incarn\u00e9s, le feu du rasoir et&#8230;<\/p>\n","protected":false},"featured_media":2420,"comment_status":"open","ping_status":"closed","template":"","meta":{"_joinchat":[]},"etheme_brands":[],"product_brand":[],"product_cat":[130,123,122,131],"product_tag":[],"class_list":{"0":"post-2350","1":"product","2":"type-product","3":"status-publish","4":"has-post-thumbnail","6":"product_cat-best-seller","7":"product_cat-etats-unis","8":"product_cat-traitements-de-la-peau","9":"product_cat-vanish-pfb","11":"first","12":"outofstock","13":"sale","14":"shipping-taxable","15":"purchasable","16":"product-type-simple"},"yoast_head":"<!-- This site is optimized with the Yoast SEO plugin v27.4 - https:\/\/yoast.com\/product\/yoast-seo-wordpress\/ -->\n<title>PFB Vanish + Chromabright - Maroc - The Sweet Shop<\/title>\n<meta name=\"robots\" content=\"index, follow, max-snippet:-1, max-image-preview:large, max-video-preview:-1\" \/>\n<link rel=\"canonical\" href=\"https:\/\/thesweetshop.ma\/?product=pfb-vanish-chromabright\" \/>\n<meta property=\"og:locale\" content=\"fr_FR\" \/>\n<meta property=\"og:type\" content=\"article\" \/>\n<meta property=\"og:title\" content=\"PFB Vanish + Chromabright - Maroc - The Sweet Shop\" \/>\n<meta property=\"og:description\" content=\"PFB Vanish + Chromabright \u00a9\u00a0est le seul produit 2 en 1 sur le march\u00e9 qui non seulement les poils incarn\u00e9s, le feu du rasoir et...\" \/>\n<meta property=\"og:url\" content=\"https:\/\/thesweetshop.ma\/?product=pfb-vanish-chromabright\" \/>\n<meta property=\"og:site_name\" content=\"The Sweet Shop\" \/>\n<meta property=\"article:modified_time\" content=\"2025-01-09T01:39:33+00:00\" \/>\n<meta property=\"og:image\" content=\"https:\/\/thesweetshop.ma\/wp-content\/uploads\/2023\/06\/pfb-vanish-chromabright.jpeg\" \/>\n\t<meta property=\"og:image:width\" content=\"800\" \/>\n\t<meta property=\"og:image:height\" content=\"800\" \/>\n\t<meta property=\"og:image:type\" content=\"image\/jpeg\" \/>\n<meta name=\"twitter:card\" content=\"summary_large_image\" \/>\n<meta name=\"twitter:label1\" content=\"Dur\u00e9e de lecture estim\u00e9e\" \/>\n\t<meta name=\"twitter:data1\" content=\"1 minute\" \/>\n<script type=\"application\/ld+json\" class=\"yoast-schema-graph\">{\"@context\":\"https:\\\/\\\/schema.org\",\"@graph\":[{\"@type\":\"WebPage\",\"@id\":\"https:\\\/\\\/thesweetshop.ma\\\/?product=pfb-vanish-chromabright\",\"url\":\"https:\\\/\\\/thesweetshop.ma\\\/?product=pfb-vanish-chromabright\",\"name\":\"PFB Vanish + Chromabright - Maroc - The Sweet Shop\",\"isPartOf\":{\"@id\":\"https:\\\/\\\/thesweetshop.ma\\\/#website\"},\"primaryImageOfPage\":{\"@id\":\"https:\\\/\\\/thesweetshop.ma\\\/?product=pfb-vanish-chromabright#primaryimage\"},\"image\":{\"@id\":\"https:\\\/\\\/thesweetshop.ma\\\/?product=pfb-vanish-chromabright#primaryimage\"},\"thumbnailUrl\":\"https:\\\/\\\/thesweetshop.ma\\\/wp-content\\\/uploads\\\/2023\\\/06\\\/pfb-vanish-chromabright.jpeg\",\"datePublished\":\"2023-06-22T14:31:01+00:00\",\"dateModified\":\"2025-01-09T01:39:33+00:00\",\"breadcrumb\":{\"@id\":\"https:\\\/\\\/thesweetshop.ma\\\/?product=pfb-vanish-chromabright#breadcrumb\"},\"inLanguage\":\"fr-FR\",\"potentialAction\":[{\"@type\":\"ReadAction\",\"target\":[\"https:\\\/\\\/thesweetshop.ma\\\/?product=pfb-vanish-chromabright\"]}]},{\"@type\":\"ImageObject\",\"inLanguage\":\"fr-FR\",\"@id\":\"https:\\\/\\\/thesweetshop.ma\\\/?product=pfb-vanish-chromabright#primaryimage\",\"url\":\"https:\\\/\\\/thesweetshop.ma\\\/wp-content\\\/uploads\\\/2023\\\/06\\\/pfb-vanish-chromabright.jpeg\",\"contentUrl\":\"https:\\\/\\\/thesweetshop.ma\\\/wp-content\\\/uploads\\\/2023\\\/06\\\/pfb-vanish-chromabright.jpeg\",\"width\":800,\"height\":800},{\"@type\":\"BreadcrumbList\",\"@id\":\"https:\\\/\\\/thesweetshop.ma\\\/?product=pfb-vanish-chromabright#breadcrumb\",\"itemListElement\":[{\"@type\":\"ListItem\",\"position\":1,\"name\":\"Home\",\"item\":\"https:\\\/\\\/thesweetshop.ma\\\/\"},{\"@type\":\"ListItem\",\"position\":2,\"name\":\"Shop\",\"item\":\"https:\\\/\\\/thesweetshop.ma\\\/?page_id=5\"},{\"@type\":\"ListItem\",\"position\":3,\"name\":\"PFB Vanish + Chromabright\"}]},{\"@type\":\"WebSite\",\"@id\":\"https:\\\/\\\/thesweetshop.ma\\\/#website\",\"url\":\"https:\\\/\\\/thesweetshop.ma\\\/\",\"name\":\"The Sweet Shop\",\"description\":\"1# Le premier site de maquillage au Maroc\",\"potentialAction\":[{\"@type\":\"SearchAction\",\"target\":{\"@type\":\"EntryPoint\",\"urlTemplate\":\"https:\\\/\\\/thesweetshop.ma\\\/?s={search_term_string}\"},\"query-input\":{\"@type\":\"PropertyValueSpecification\",\"valueRequired\":true,\"valueName\":\"search_term_string\"}}],\"inLanguage\":\"fr-FR\"}]}<\/script>\n<!-- \/ Yoast SEO plugin. -->","yoast_head_json":{"title":"PFB Vanish + Chromabright - Maroc - The Sweet Shop","robots":{"index":"index","follow":"follow","max-snippet":"max-snippet:-1","max-image-preview":"max-image-preview:large","max-video-preview":"max-video-preview:-1"},"canonical":"https:\/\/thesweetshop.ma\/?product=pfb-vanish-chromabright","og_locale":"fr_FR","og_type":"article","og_title":"PFB Vanish + Chromabright - Maroc - The Sweet Shop","og_description":"PFB Vanish + Chromabright \u00a9\u00a0est le seul produit 2 en 1 sur le march\u00e9 qui non seulement les poils incarn\u00e9s, le feu du rasoir et...","og_url":"https:\/\/thesweetshop.ma\/?product=pfb-vanish-chromabright","og_site_name":"The Sweet Shop","article_modified_time":"2025-01-09T01:39:33+00:00","og_image":[{"width":800,"height":800,"url":"https:\/\/thesweetshop.ma\/wp-content\/uploads\/2023\/06\/pfb-vanish-chromabright.jpeg","type":"image\/jpeg"}],"twitter_card":"summary_large_image","twitter_misc":{"Dur\u00e9e de lecture estim\u00e9e":"1 minute"},"schema":{"@context":"https:\/\/schema.org","@graph":[{"@type":"WebPage","@id":"https:\/\/thesweetshop.ma\/?product=pfb-vanish-chromabright","url":"https:\/\/thesweetshop.ma\/?product=pfb-vanish-chromabright","name":"PFB Vanish + Chromabright - Maroc - The Sweet Shop","isPartOf":{"@id":"https:\/\/thesweetshop.ma\/#website"},"primaryImageOfPage":{"@id":"https:\/\/thesweetshop.ma\/?product=pfb-vanish-chromabright#primaryimage"},"image":{"@id":"https:\/\/thesweetshop.ma\/?product=pfb-vanish-chromabright#primaryimage"},"thumbnailUrl":"https:\/\/thesweetshop.ma\/wp-content\/uploads\/2023\/06\/pfb-vanish-chromabright.jpeg","datePublished":"2023-06-22T14:31:01+00:00","dateModified":"2025-01-09T01:39:33+00:00","breadcrumb":{"@id":"https:\/\/thesweetshop.ma\/?product=pfb-vanish-chromabright#breadcrumb"},"inLanguage":"fr-FR","potentialAction":[{"@type":"ReadAction","target":["https:\/\/thesweetshop.ma\/?product=pfb-vanish-chromabright"]}]},{"@type":"ImageObject","inLanguage":"fr-FR","@id":"https:\/\/thesweetshop.ma\/?product=pfb-vanish-chromabright#primaryimage","url":"https:\/\/thesweetshop.ma\/wp-content\/uploads\/2023\/06\/pfb-vanish-chromabright.jpeg","contentUrl":"https:\/\/thesweetshop.ma\/wp-content\/uploads\/2023\/06\/pfb-vanish-chromabright.jpeg","width":800,"height":800},{"@type":"BreadcrumbList","@id":"https:\/\/thesweetshop.ma\/?product=pfb-vanish-chromabright#breadcrumb","itemListElement":[{"@type":"ListItem","position":1,"name":"Home","item":"https:\/\/thesweetshop.ma\/"},{"@type":"ListItem","position":2,"name":"Shop","item":"https:\/\/thesweetshop.ma\/?page_id=5"},{"@type":"ListItem","position":3,"name":"PFB Vanish + Chromabright"}]},{"@type":"WebSite","@id":"https:\/\/thesweetshop.ma\/#website","url":"https:\/\/thesweetshop.ma\/","name":"The Sweet Shop","description":"1# Le premier site de maquillage au Maroc","potentialAction":[{"@type":"SearchAction","target":{"@type":"EntryPoint","urlTemplate":"https:\/\/thesweetshop.ma\/?s={search_term_string}"},"query-input":{"@type":"PropertyValueSpecification","valueRequired":true,"valueName":"search_term_string"}}],"inLanguage":"fr-FR"}]}},"jetpack_sharing_enabled":true,"_links":{"self":[{"href":"https:\/\/thesweetshop.ma\/index.php?rest_route=\/wp\/v2\/product\/2350","targetHints":{"allow":["GET"]}}],"collection":[{"href":"https:\/\/thesweetshop.ma\/index.php?rest_route=\/wp\/v2\/product"}],"about":[{"href":"https:\/\/thesweetshop.ma\/index.php?rest_route=\/wp\/v2\/types\/product"}],"replies":[{"embeddable":true,"href":"https:\/\/thesweetshop.ma\/index.php?rest_route=%2Fwp%2Fv2%2Fcomments&post=2350"}],"version-history":[{"count":1,"href":"https:\/\/thesweetshop.ma\/index.php?rest_route=\/wp\/v2\/product\/2350\/revisions"}],"predecessor-version":[{"id":2421,"href":"https:\/\/thesweetshop.ma\/index.php?rest_route=\/wp\/v2\/product\/2350\/revisions\/2421"}],"wp:featuredmedia":[{"embeddable":true,"href":"https:\/\/thesweetshop.ma\/index.php?rest_route=\/wp\/v2\/media\/2420"}],"wp:attachment":[{"href":"https:\/\/thesweetshop.ma\/index.php?rest_route=%2Fwp%2Fv2%2Fmedia&parent=2350"}],"wp:term":[{"taxonomy":"brand","embeddable":true,"href":"https:\/\/thesweetshop.ma\/index.php?rest_route=%2Fwp%2Fv2%2Fetheme_brands&post=2350"},{"taxonomy":"product_brand","embeddable":true,"href":"https:\/\/thesweetshop.ma\/index.php?rest_route=%2Fwp%2Fv2%2Fproduct_brand&post=2350"},{"taxonomy":"product_cat","embeddable":true,"href":"https:\/\/thesweetshop.ma\/index.php?rest_route=%2Fwp%2Fv2%2Fproduct_cat&post=2350"},{"taxonomy":"product_tag","embeddable":true,"href":"https:\/\/thesweetshop.ma\/index.php?rest_route=%2Fwp%2Fv2%2Fproduct_tag&post=2350"}],"curies":[{"name":"wp","href":"https:\/\/api.w.org\/{rel}","templated":true}]}}