{"id":2404,"date":"2023-06-22T14:31:23","date_gmt":"2023-06-22T14:31:23","guid":{"rendered":"https:\/\/thesweetshop.ma\/?post_type=product&#038;p=2404"},"modified":"2023-06-22T14:31:58","modified_gmt":"2023-06-22T14:31:58","slug":"balea-hautrein-3in1-reinigung-peeling-maske-150-ml","status":"publish","type":"product","link":"https:\/\/thesweetshop.ma\/?product=balea-hautrein-3in1-reinigung-peeling-maske-150-ml","title":{"rendered":"balea Hautrein 3in1 Reinigung Peeling Maske, 150 ml"},"content":{"rendered":"<ul>\n<li>Gel lavant, gommage et masque 3in1<\/li>\n<li>Pour les peaux impures<\/li>\n<li>Nettoie, nourrit et rafra\u00eechit la peau.<\/li>\n<li>Avec de l&rsquo;argile rose, de l&rsquo;acide salicylique et du zinc<\/li>\n<li>Sans microplastiques<\/li>\n<\/ul>\n<p>Balea Hautrein 3in1 \u00e9limine en douceur les impuret\u00e9s de la peau d\u00e8s la premi\u00e8re \u00e9tape. Enrichi en argile rose, le peeling a un effet profond sur les pores et les boutons sont sp\u00e9cifiquement r\u00e9duits. La formule \u00e0 action profonde \u00e0 base d&rsquo;acide salicylique et de zinc peut ensuite \u00eatre utilis\u00e9e comme masque. La peau retrouve ainsi son \u00e9lasticit\u00e9 et sa douceur. De plus, la formule sans microplastiques garantit une peau mate \u00e0 long terme et un teint uniforme. Offrez-vous le cadeau d&rsquo;une peau fra\u00eeche et saine !<\/p>\n","protected":false},"excerpt":{"rendered":"<p>Gel lavant, gommage et masque 3in1 Pour les peaux impures Nettoie, nourrit et rafra\u00eechit la peau. Avec de l&rsquo;argile rose, de l&rsquo;acide salicylique et du&#8230;<\/p>\n","protected":false},"featured_media":2477,"comment_status":"open","ping_status":"closed","template":"","meta":{"_joinchat":[]},"etheme_brands":[],"product_brand":[],"product_cat":[107,108,135,136,110],"product_tag":[],"class_list":{"0":"post-2404","1":"product","2":"type-product","3":"status-publish","4":"has-post-thumbnail","6":"product_cat-allemagne","7":"product_cat-balea","8":"product_cat-exfoliants","9":"product_cat-masques-faciaux","10":"product_cat-nettoyants","12":"first","13":"instock","14":"shipping-taxable","15":"purchasable","16":"product-type-simple"},"yoast_head":"<!-- This site is optimized with the Yoast SEO plugin v27.4 - https:\/\/yoast.com\/product\/yoast-seo-wordpress\/ -->\n<title>balea Hautrein 3in1 Reinigung Peeling Maske, 150 ml - Maroc- The Sweet Shop<\/title>\n<meta name=\"robots\" content=\"index, follow, max-snippet:-1, max-image-preview:large, max-video-preview:-1\" \/>\n<link rel=\"canonical\" href=\"https:\/\/thesweetshop.ma\/?product=balea-hautrein-3in1-reinigung-peeling-maske-150-ml\" \/>\n<meta property=\"og:locale\" content=\"fr_FR\" \/>\n<meta property=\"og:type\" content=\"article\" \/>\n<meta property=\"og:title\" content=\"balea Hautrein 3in1 Reinigung Peeling Maske, 150 ml - Maroc- The Sweet Shop\" \/>\n<meta property=\"og:description\" content=\"Gel lavant, gommage et masque 3in1 Pour les peaux impures Nettoie, nourrit et rafra\u00eechit la peau. Avec de l&rsquo;argile rose, de l&rsquo;acide salicylique et du...\" \/>\n<meta property=\"og:url\" content=\"https:\/\/thesweetshop.ma\/?product=balea-hautrein-3in1-reinigung-peeling-maske-150-ml\" \/>\n<meta property=\"og:site_name\" content=\"The Sweet Shop\" \/>\n<meta property=\"article:modified_time\" content=\"2023-06-22T14:31:58+00:00\" \/>\n<meta property=\"og:image\" content=\"https:\/\/thesweetshop.ma\/wp-content\/uploads\/2023\/06\/New-Project-30.jpg\" \/>\n\t<meta property=\"og:image:width\" content=\"800\" \/>\n\t<meta property=\"og:image:height\" content=\"800\" \/>\n\t<meta property=\"og:image:type\" content=\"image\/jpeg\" \/>\n<meta name=\"twitter:card\" content=\"summary_large_image\" \/>\n<meta name=\"twitter:label1\" content=\"Dur\u00e9e de lecture estim\u00e9e\" \/>\n\t<meta name=\"twitter:data1\" content=\"1 minute\" \/>\n<script type=\"application\/ld+json\" class=\"yoast-schema-graph\">{\"@context\":\"https:\\\/\\\/schema.org\",\"@graph\":[{\"@type\":\"WebPage\",\"@id\":\"https:\\\/\\\/thesweetshop.ma\\\/?product=balea-hautrein-3in1-reinigung-peeling-maske-150-ml\",\"url\":\"https:\\\/\\\/thesweetshop.ma\\\/?product=balea-hautrein-3in1-reinigung-peeling-maske-150-ml\",\"name\":\"balea Hautrein 3in1 Reinigung Peeling Maske, 150 ml - Maroc- The Sweet Shop\",\"isPartOf\":{\"@id\":\"https:\\\/\\\/thesweetshop.ma\\\/#website\"},\"primaryImageOfPage\":{\"@id\":\"https:\\\/\\\/thesweetshop.ma\\\/?product=balea-hautrein-3in1-reinigung-peeling-maske-150-ml#primaryimage\"},\"image\":{\"@id\":\"https:\\\/\\\/thesweetshop.ma\\\/?product=balea-hautrein-3in1-reinigung-peeling-maske-150-ml#primaryimage\"},\"thumbnailUrl\":\"https:\\\/\\\/thesweetshop.ma\\\/wp-content\\\/uploads\\\/2023\\\/06\\\/New-Project-30.jpg\",\"datePublished\":\"2023-06-22T14:31:23+00:00\",\"dateModified\":\"2023-06-22T14:31:58+00:00\",\"breadcrumb\":{\"@id\":\"https:\\\/\\\/thesweetshop.ma\\\/?product=balea-hautrein-3in1-reinigung-peeling-maske-150-ml#breadcrumb\"},\"inLanguage\":\"fr-FR\",\"potentialAction\":[{\"@type\":\"ReadAction\",\"target\":[\"https:\\\/\\\/thesweetshop.ma\\\/?product=balea-hautrein-3in1-reinigung-peeling-maske-150-ml\"]}]},{\"@type\":\"ImageObject\",\"inLanguage\":\"fr-FR\",\"@id\":\"https:\\\/\\\/thesweetshop.ma\\\/?product=balea-hautrein-3in1-reinigung-peeling-maske-150-ml#primaryimage\",\"url\":\"https:\\\/\\\/thesweetshop.ma\\\/wp-content\\\/uploads\\\/2023\\\/06\\\/New-Project-30.jpg\",\"contentUrl\":\"https:\\\/\\\/thesweetshop.ma\\\/wp-content\\\/uploads\\\/2023\\\/06\\\/New-Project-30.jpg\",\"width\":800,\"height\":800},{\"@type\":\"BreadcrumbList\",\"@id\":\"https:\\\/\\\/thesweetshop.ma\\\/?product=balea-hautrein-3in1-reinigung-peeling-maske-150-ml#breadcrumb\",\"itemListElement\":[{\"@type\":\"ListItem\",\"position\":1,\"name\":\"Home\",\"item\":\"https:\\\/\\\/thesweetshop.ma\\\/\"},{\"@type\":\"ListItem\",\"position\":2,\"name\":\"Shop\",\"item\":\"https:\\\/\\\/thesweetshop.ma\\\/?page_id=5\"},{\"@type\":\"ListItem\",\"position\":3,\"name\":\"balea Hautrein 3in1 Reinigung Peeling Maske, 150 ml\"}]},{\"@type\":\"WebSite\",\"@id\":\"https:\\\/\\\/thesweetshop.ma\\\/#website\",\"url\":\"https:\\\/\\\/thesweetshop.ma\\\/\",\"name\":\"The Sweet Shop\",\"description\":\"1# Le premier site de maquillage au Maroc\",\"potentialAction\":[{\"@type\":\"SearchAction\",\"target\":{\"@type\":\"EntryPoint\",\"urlTemplate\":\"https:\\\/\\\/thesweetshop.ma\\\/?s={search_term_string}\"},\"query-input\":{\"@type\":\"PropertyValueSpecification\",\"valueRequired\":true,\"valueName\":\"search_term_string\"}}],\"inLanguage\":\"fr-FR\"}]}<\/script>\n<!-- \/ Yoast SEO plugin. -->","yoast_head_json":{"title":"balea Hautrein 3in1 Reinigung Peeling Maske, 150 ml - Maroc- The Sweet Shop","robots":{"index":"index","follow":"follow","max-snippet":"max-snippet:-1","max-image-preview":"max-image-preview:large","max-video-preview":"max-video-preview:-1"},"canonical":"https:\/\/thesweetshop.ma\/?product=balea-hautrein-3in1-reinigung-peeling-maske-150-ml","og_locale":"fr_FR","og_type":"article","og_title":"balea Hautrein 3in1 Reinigung Peeling Maske, 150 ml - Maroc- The Sweet Shop","og_description":"Gel lavant, gommage et masque 3in1 Pour les peaux impures Nettoie, nourrit et rafra\u00eechit la peau. Avec de l&rsquo;argile rose, de l&rsquo;acide salicylique et du...","og_url":"https:\/\/thesweetshop.ma\/?product=balea-hautrein-3in1-reinigung-peeling-maske-150-ml","og_site_name":"The Sweet Shop","article_modified_time":"2023-06-22T14:31:58+00:00","og_image":[{"width":800,"height":800,"url":"https:\/\/thesweetshop.ma\/wp-content\/uploads\/2023\/06\/New-Project-30.jpg","type":"image\/jpeg"}],"twitter_card":"summary_large_image","twitter_misc":{"Dur\u00e9e de lecture estim\u00e9e":"1 minute"},"schema":{"@context":"https:\/\/schema.org","@graph":[{"@type":"WebPage","@id":"https:\/\/thesweetshop.ma\/?product=balea-hautrein-3in1-reinigung-peeling-maske-150-ml","url":"https:\/\/thesweetshop.ma\/?product=balea-hautrein-3in1-reinigung-peeling-maske-150-ml","name":"balea Hautrein 3in1 Reinigung Peeling Maske, 150 ml - Maroc- The Sweet Shop","isPartOf":{"@id":"https:\/\/thesweetshop.ma\/#website"},"primaryImageOfPage":{"@id":"https:\/\/thesweetshop.ma\/?product=balea-hautrein-3in1-reinigung-peeling-maske-150-ml#primaryimage"},"image":{"@id":"https:\/\/thesweetshop.ma\/?product=balea-hautrein-3in1-reinigung-peeling-maske-150-ml#primaryimage"},"thumbnailUrl":"https:\/\/thesweetshop.ma\/wp-content\/uploads\/2023\/06\/New-Project-30.jpg","datePublished":"2023-06-22T14:31:23+00:00","dateModified":"2023-06-22T14:31:58+00:00","breadcrumb":{"@id":"https:\/\/thesweetshop.ma\/?product=balea-hautrein-3in1-reinigung-peeling-maske-150-ml#breadcrumb"},"inLanguage":"fr-FR","potentialAction":[{"@type":"ReadAction","target":["https:\/\/thesweetshop.ma\/?product=balea-hautrein-3in1-reinigung-peeling-maske-150-ml"]}]},{"@type":"ImageObject","inLanguage":"fr-FR","@id":"https:\/\/thesweetshop.ma\/?product=balea-hautrein-3in1-reinigung-peeling-maske-150-ml#primaryimage","url":"https:\/\/thesweetshop.ma\/wp-content\/uploads\/2023\/06\/New-Project-30.jpg","contentUrl":"https:\/\/thesweetshop.ma\/wp-content\/uploads\/2023\/06\/New-Project-30.jpg","width":800,"height":800},{"@type":"BreadcrumbList","@id":"https:\/\/thesweetshop.ma\/?product=balea-hautrein-3in1-reinigung-peeling-maske-150-ml#breadcrumb","itemListElement":[{"@type":"ListItem","position":1,"name":"Home","item":"https:\/\/thesweetshop.ma\/"},{"@type":"ListItem","position":2,"name":"Shop","item":"https:\/\/thesweetshop.ma\/?page_id=5"},{"@type":"ListItem","position":3,"name":"balea Hautrein 3in1 Reinigung Peeling Maske, 150 ml"}]},{"@type":"WebSite","@id":"https:\/\/thesweetshop.ma\/#website","url":"https:\/\/thesweetshop.ma\/","name":"The Sweet Shop","description":"1# Le premier site de maquillage au Maroc","potentialAction":[{"@type":"SearchAction","target":{"@type":"EntryPoint","urlTemplate":"https:\/\/thesweetshop.ma\/?s={search_term_string}"},"query-input":{"@type":"PropertyValueSpecification","valueRequired":true,"valueName":"search_term_string"}}],"inLanguage":"fr-FR"}]}},"jetpack_sharing_enabled":true,"_links":{"self":[{"href":"https:\/\/thesweetshop.ma\/index.php?rest_route=\/wp\/v2\/product\/2404","targetHints":{"allow":["GET"]}}],"collection":[{"href":"https:\/\/thesweetshop.ma\/index.php?rest_route=\/wp\/v2\/product"}],"about":[{"href":"https:\/\/thesweetshop.ma\/index.php?rest_route=\/wp\/v2\/types\/product"}],"replies":[{"embeddable":true,"href":"https:\/\/thesweetshop.ma\/index.php?rest_route=%2Fwp%2Fv2%2Fcomments&post=2404"}],"version-history":[{"count":1,"href":"https:\/\/thesweetshop.ma\/index.php?rest_route=\/wp\/v2\/product\/2404\/revisions"}],"predecessor-version":[{"id":2478,"href":"https:\/\/thesweetshop.ma\/index.php?rest_route=\/wp\/v2\/product\/2404\/revisions\/2478"}],"wp:featuredmedia":[{"embeddable":true,"href":"https:\/\/thesweetshop.ma\/index.php?rest_route=\/wp\/v2\/media\/2477"}],"wp:attachment":[{"href":"https:\/\/thesweetshop.ma\/index.php?rest_route=%2Fwp%2Fv2%2Fmedia&parent=2404"}],"wp:term":[{"taxonomy":"brand","embeddable":true,"href":"https:\/\/thesweetshop.ma\/index.php?rest_route=%2Fwp%2Fv2%2Fetheme_brands&post=2404"},{"taxonomy":"product_brand","embeddable":true,"href":"https:\/\/thesweetshop.ma\/index.php?rest_route=%2Fwp%2Fv2%2Fproduct_brand&post=2404"},{"taxonomy":"product_cat","embeddable":true,"href":"https:\/\/thesweetshop.ma\/index.php?rest_route=%2Fwp%2Fv2%2Fproduct_cat&post=2404"},{"taxonomy":"product_tag","embeddable":true,"href":"https:\/\/thesweetshop.ma\/index.php?rest_route=%2Fwp%2Fv2%2Fproduct_tag&post=2404"}],"curies":[{"name":"wp","href":"https:\/\/api.w.org\/{rel}","templated":true}]}}