{"id":2443,"date":"2023-06-22T14:31:47","date_gmt":"2023-06-22T14:31:47","guid":{"rendered":"https:\/\/thesweetshop.ma\/?post_type=product&#038;p=2443"},"modified":"2026-02-17T01:58:39","modified_gmt":"2026-02-17T01:58:39","slug":"balea-bodylotion-parfum-golden-moon-200-ml","status":"publish","type":"product","link":"https:\/\/thesweetshop.ma\/?product=balea-bodylotion-parfum-golden-moon-200-ml","title":{"rendered":"BALEA Bodylotion Parfum Golden Moon, 200 ml"},"content":{"rendered":"<p>Edition limit\u00e9e !<\/p>\n<p>Une fois sur la lune et au retour ! Le lait parfum\u00e9 pour le corps Golden Moon de Balea enchante par son parfum unique. En m\u00eame temps, la formule douce \u00e0 l&rsquo;huile d&rsquo;amande donne aux peaux s\u00e8ches une hydratation intensive. La texture cr\u00e9meuse de la lotion pour le corps est \u00e9galement facile \u00e0 \u00e9taler et est rapidement absorb\u00e9e. Faites l&rsquo;exp\u00e9rience d&rsquo;une peau douce et caressante gr\u00e2ce \u00e0 une composition parfum\u00e9e indescriptible. Les fleurs et les fruits orientaux sont les notes cl\u00e9s de la fragrance. Elles envo\u00fbtent les sens et vous permettent de vivre encore plus intens\u00e9ment le moment du soin. \u00cates-vous pr\u00eat \u00e0 laisser le quotidien derri\u00e8re vous et \u00e0 vivre un moment de d\u00e9tente sans pr\u00e9c\u00e9dent ?<\/p>\n<p>&#8211; \u00e9dition limit\u00e9e<br \/>\n&#8211; lait pour le corps au parfum de fleurs et de fruits orientaux<br \/>\n&#8211; formule v\u00e9g\u00e9talienne \u00e0 base d&rsquo;huile d&rsquo;amande<br \/>\n&#8211; hydratation intensive<br \/>\n&#8211; sans microplastiques<\/p>\n<p>Application : Massez doucement chaque jour avec des mouvements circulaires.<\/p>\n<p>Ingr\u00e9dients : Aqua, Ethylhexyl Stearate, Glycerin, Polyglyceryl-3 Dicitrate\/Stearate, Cetearyl Alcohol, Coco-Caprylate, Tocopherol, Benzoic Acid, Dehydroacetic Acid, Phenoxyethanol, Parfum, Benzyl Alcohol, Geraniol, Alpha-Isomethyl Ionone, Prunus Amygdalus Dulcis Oil, Xanthan Gum, Sodium Hydroxide<\/p>\n<p>200 ml<\/p>\n","protected":false},"excerpt":{"rendered":"<p>Edition limit\u00e9e ! Une fois sur la lune et au retour ! Le lait parfum\u00e9 pour le corps Golden Moon de Balea enchante par son&#8230;<\/p>\n","protected":false},"featured_media":2501,"comment_status":"open","ping_status":"closed","template":"","meta":{"_joinchat":[]},"etheme_brands":[],"product_brand":[],"product_cat":[107,108,120],"product_tag":[],"class_list":{"0":"post-2443","1":"product","2":"type-product","3":"status-publish","4":"has-post-thumbnail","6":"product_cat-allemagne","7":"product_cat-balea","8":"product_cat-hydratants","10":"first","11":"outofstock","12":"shipping-taxable","13":"purchasable","14":"product-type-simple"},"yoast_head":"<!-- This site is optimized with the Yoast SEO plugin v27.4 - https:\/\/yoast.com\/product\/yoast-seo-wordpress\/ -->\n<title>BALEA Bodylotion Parfum Golden Moon, 200 ml -Maroc - The Sweet Shop<\/title>\n<meta name=\"robots\" content=\"index, follow, max-snippet:-1, max-image-preview:large, max-video-preview:-1\" \/>\n<link rel=\"canonical\" href=\"https:\/\/thesweetshop.ma\/?product=balea-bodylotion-parfum-golden-moon-200-ml\" \/>\n<meta property=\"og:locale\" content=\"fr_FR\" \/>\n<meta property=\"og:type\" content=\"article\" \/>\n<meta property=\"og:title\" content=\"BALEA Bodylotion Parfum Golden Moon, 200 ml -Maroc - The Sweet Shop\" \/>\n<meta property=\"og:description\" content=\"Edition limit\u00e9e ! Une fois sur la lune et au retour ! Le lait parfum\u00e9 pour le corps Golden Moon de Balea enchante par son...\" \/>\n<meta property=\"og:url\" content=\"https:\/\/thesweetshop.ma\/?product=balea-bodylotion-parfum-golden-moon-200-ml\" \/>\n<meta property=\"og:site_name\" content=\"The Sweet Shop\" \/>\n<meta property=\"article:modified_time\" content=\"2026-02-17T01:58:39+00:00\" \/>\n<meta property=\"og:image\" content=\"https:\/\/thesweetshop.ma\/wp-content\/uploads\/2023\/06\/New-Project-32.jpg\" \/>\n\t<meta property=\"og:image:width\" content=\"800\" \/>\n\t<meta property=\"og:image:height\" content=\"800\" \/>\n\t<meta property=\"og:image:type\" content=\"image\/jpeg\" \/>\n<meta name=\"twitter:card\" content=\"summary_large_image\" \/>\n<meta name=\"twitter:label1\" content=\"Dur\u00e9e de lecture estim\u00e9e\" \/>\n\t<meta name=\"twitter:data1\" content=\"1 minute\" \/>\n<script type=\"application\/ld+json\" class=\"yoast-schema-graph\">{\"@context\":\"https:\\\/\\\/schema.org\",\"@graph\":[{\"@type\":\"WebPage\",\"@id\":\"https:\\\/\\\/thesweetshop.ma\\\/?product=balea-bodylotion-parfum-golden-moon-200-ml\",\"url\":\"https:\\\/\\\/thesweetshop.ma\\\/?product=balea-bodylotion-parfum-golden-moon-200-ml\",\"name\":\"BALEA Bodylotion Parfum Golden Moon, 200 ml -Maroc - The Sweet Shop\",\"isPartOf\":{\"@id\":\"https:\\\/\\\/thesweetshop.ma\\\/#website\"},\"primaryImageOfPage\":{\"@id\":\"https:\\\/\\\/thesweetshop.ma\\\/?product=balea-bodylotion-parfum-golden-moon-200-ml#primaryimage\"},\"image\":{\"@id\":\"https:\\\/\\\/thesweetshop.ma\\\/?product=balea-bodylotion-parfum-golden-moon-200-ml#primaryimage\"},\"thumbnailUrl\":\"https:\\\/\\\/thesweetshop.ma\\\/wp-content\\\/uploads\\\/2023\\\/06\\\/New-Project-32.jpg\",\"datePublished\":\"2023-06-22T14:31:47+00:00\",\"dateModified\":\"2026-02-17T01:58:39+00:00\",\"breadcrumb\":{\"@id\":\"https:\\\/\\\/thesweetshop.ma\\\/?product=balea-bodylotion-parfum-golden-moon-200-ml#breadcrumb\"},\"inLanguage\":\"fr-FR\",\"potentialAction\":[{\"@type\":\"ReadAction\",\"target\":[\"https:\\\/\\\/thesweetshop.ma\\\/?product=balea-bodylotion-parfum-golden-moon-200-ml\"]}]},{\"@type\":\"ImageObject\",\"inLanguage\":\"fr-FR\",\"@id\":\"https:\\\/\\\/thesweetshop.ma\\\/?product=balea-bodylotion-parfum-golden-moon-200-ml#primaryimage\",\"url\":\"https:\\\/\\\/thesweetshop.ma\\\/wp-content\\\/uploads\\\/2023\\\/06\\\/New-Project-32.jpg\",\"contentUrl\":\"https:\\\/\\\/thesweetshop.ma\\\/wp-content\\\/uploads\\\/2023\\\/06\\\/New-Project-32.jpg\",\"width\":800,\"height\":800},{\"@type\":\"BreadcrumbList\",\"@id\":\"https:\\\/\\\/thesweetshop.ma\\\/?product=balea-bodylotion-parfum-golden-moon-200-ml#breadcrumb\",\"itemListElement\":[{\"@type\":\"ListItem\",\"position\":1,\"name\":\"Home\",\"item\":\"https:\\\/\\\/thesweetshop.ma\\\/\"},{\"@type\":\"ListItem\",\"position\":2,\"name\":\"Shop\",\"item\":\"https:\\\/\\\/thesweetshop.ma\\\/?page_id=5\"},{\"@type\":\"ListItem\",\"position\":3,\"name\":\"BALEA Bodylotion Parfum Golden Moon, 200 ml\"}]},{\"@type\":\"WebSite\",\"@id\":\"https:\\\/\\\/thesweetshop.ma\\\/#website\",\"url\":\"https:\\\/\\\/thesweetshop.ma\\\/\",\"name\":\"The Sweet Shop\",\"description\":\"1# Le premier site de maquillage au Maroc\",\"potentialAction\":[{\"@type\":\"SearchAction\",\"target\":{\"@type\":\"EntryPoint\",\"urlTemplate\":\"https:\\\/\\\/thesweetshop.ma\\\/?s={search_term_string}\"},\"query-input\":{\"@type\":\"PropertyValueSpecification\",\"valueRequired\":true,\"valueName\":\"search_term_string\"}}],\"inLanguage\":\"fr-FR\"}]}<\/script>\n<!-- \/ Yoast SEO plugin. -->","yoast_head_json":{"title":"BALEA Bodylotion Parfum Golden Moon, 200 ml -Maroc - The Sweet Shop","robots":{"index":"index","follow":"follow","max-snippet":"max-snippet:-1","max-image-preview":"max-image-preview:large","max-video-preview":"max-video-preview:-1"},"canonical":"https:\/\/thesweetshop.ma\/?product=balea-bodylotion-parfum-golden-moon-200-ml","og_locale":"fr_FR","og_type":"article","og_title":"BALEA Bodylotion Parfum Golden Moon, 200 ml -Maroc - The Sweet Shop","og_description":"Edition limit\u00e9e ! Une fois sur la lune et au retour ! Le lait parfum\u00e9 pour le corps Golden Moon de Balea enchante par son...","og_url":"https:\/\/thesweetshop.ma\/?product=balea-bodylotion-parfum-golden-moon-200-ml","og_site_name":"The Sweet Shop","article_modified_time":"2026-02-17T01:58:39+00:00","og_image":[{"width":800,"height":800,"url":"https:\/\/thesweetshop.ma\/wp-content\/uploads\/2023\/06\/New-Project-32.jpg","type":"image\/jpeg"}],"twitter_card":"summary_large_image","twitter_misc":{"Dur\u00e9e de lecture estim\u00e9e":"1 minute"},"schema":{"@context":"https:\/\/schema.org","@graph":[{"@type":"WebPage","@id":"https:\/\/thesweetshop.ma\/?product=balea-bodylotion-parfum-golden-moon-200-ml","url":"https:\/\/thesweetshop.ma\/?product=balea-bodylotion-parfum-golden-moon-200-ml","name":"BALEA Bodylotion Parfum Golden Moon, 200 ml -Maroc - The Sweet Shop","isPartOf":{"@id":"https:\/\/thesweetshop.ma\/#website"},"primaryImageOfPage":{"@id":"https:\/\/thesweetshop.ma\/?product=balea-bodylotion-parfum-golden-moon-200-ml#primaryimage"},"image":{"@id":"https:\/\/thesweetshop.ma\/?product=balea-bodylotion-parfum-golden-moon-200-ml#primaryimage"},"thumbnailUrl":"https:\/\/thesweetshop.ma\/wp-content\/uploads\/2023\/06\/New-Project-32.jpg","datePublished":"2023-06-22T14:31:47+00:00","dateModified":"2026-02-17T01:58:39+00:00","breadcrumb":{"@id":"https:\/\/thesweetshop.ma\/?product=balea-bodylotion-parfum-golden-moon-200-ml#breadcrumb"},"inLanguage":"fr-FR","potentialAction":[{"@type":"ReadAction","target":["https:\/\/thesweetshop.ma\/?product=balea-bodylotion-parfum-golden-moon-200-ml"]}]},{"@type":"ImageObject","inLanguage":"fr-FR","@id":"https:\/\/thesweetshop.ma\/?product=balea-bodylotion-parfum-golden-moon-200-ml#primaryimage","url":"https:\/\/thesweetshop.ma\/wp-content\/uploads\/2023\/06\/New-Project-32.jpg","contentUrl":"https:\/\/thesweetshop.ma\/wp-content\/uploads\/2023\/06\/New-Project-32.jpg","width":800,"height":800},{"@type":"BreadcrumbList","@id":"https:\/\/thesweetshop.ma\/?product=balea-bodylotion-parfum-golden-moon-200-ml#breadcrumb","itemListElement":[{"@type":"ListItem","position":1,"name":"Home","item":"https:\/\/thesweetshop.ma\/"},{"@type":"ListItem","position":2,"name":"Shop","item":"https:\/\/thesweetshop.ma\/?page_id=5"},{"@type":"ListItem","position":3,"name":"BALEA Bodylotion Parfum Golden Moon, 200 ml"}]},{"@type":"WebSite","@id":"https:\/\/thesweetshop.ma\/#website","url":"https:\/\/thesweetshop.ma\/","name":"The Sweet Shop","description":"1# Le premier site de maquillage au Maroc","potentialAction":[{"@type":"SearchAction","target":{"@type":"EntryPoint","urlTemplate":"https:\/\/thesweetshop.ma\/?s={search_term_string}"},"query-input":{"@type":"PropertyValueSpecification","valueRequired":true,"valueName":"search_term_string"}}],"inLanguage":"fr-FR"}]}},"jetpack_sharing_enabled":true,"_links":{"self":[{"href":"https:\/\/thesweetshop.ma\/index.php?rest_route=\/wp\/v2\/product\/2443","targetHints":{"allow":["GET"]}}],"collection":[{"href":"https:\/\/thesweetshop.ma\/index.php?rest_route=\/wp\/v2\/product"}],"about":[{"href":"https:\/\/thesweetshop.ma\/index.php?rest_route=\/wp\/v2\/types\/product"}],"replies":[{"embeddable":true,"href":"https:\/\/thesweetshop.ma\/index.php?rest_route=%2Fwp%2Fv2%2Fcomments&post=2443"}],"version-history":[{"count":1,"href":"https:\/\/thesweetshop.ma\/index.php?rest_route=\/wp\/v2\/product\/2443\/revisions"}],"predecessor-version":[{"id":2502,"href":"https:\/\/thesweetshop.ma\/index.php?rest_route=\/wp\/v2\/product\/2443\/revisions\/2502"}],"wp:featuredmedia":[{"embeddable":true,"href":"https:\/\/thesweetshop.ma\/index.php?rest_route=\/wp\/v2\/media\/2501"}],"wp:attachment":[{"href":"https:\/\/thesweetshop.ma\/index.php?rest_route=%2Fwp%2Fv2%2Fmedia&parent=2443"}],"wp:term":[{"taxonomy":"brand","embeddable":true,"href":"https:\/\/thesweetshop.ma\/index.php?rest_route=%2Fwp%2Fv2%2Fetheme_brands&post=2443"},{"taxonomy":"product_brand","embeddable":true,"href":"https:\/\/thesweetshop.ma\/index.php?rest_route=%2Fwp%2Fv2%2Fproduct_brand&post=2443"},{"taxonomy":"product_cat","embeddable":true,"href":"https:\/\/thesweetshop.ma\/index.php?rest_route=%2Fwp%2Fv2%2Fproduct_cat&post=2443"},{"taxonomy":"product_tag","embeddable":true,"href":"https:\/\/thesweetshop.ma\/index.php?rest_route=%2Fwp%2Fv2%2Fproduct_tag&post=2443"}],"curies":[{"name":"wp","href":"https:\/\/api.w.org\/{rel}","templated":true}]}}