{"id":2488,"date":"2023-06-22T14:32:09","date_gmt":"2023-06-22T14:32:09","guid":{"rendered":"https:\/\/thesweetshop.ma\/?post_type=product&#038;p=2488"},"modified":"2023-06-22T14:32:30","modified_gmt":"2023-06-22T14:32:30","slug":"balea-oil-repair-intensiv-haarol-100-ml","status":"publish","type":"product","link":"https:\/\/thesweetshop.ma\/?product=balea-oil-repair-intensiv-haarol-100-ml","title":{"rendered":"BALEA Oil Repair Intensiv Haar\u00f6l &#8211; 100 ml"},"content":{"rendered":"<p>Formule ultral\u00e9g\u00e8re et non grasse<br \/>\nFournit aux cheveux un soin riche &#8211; pour un usage quotidien<br \/>\nPour les cheveux extr\u00eamement ab\u00eem\u00e9s et secs<br \/>\nFormule de soin \u00e0 l&rsquo;huile d&rsquo;argan<br \/>\nProtection thermique jusqu&rsquo;\u00e0 230\u00b0C<br \/>\nL&rsquo;huile capillaire intensive Balea Professional Oil Repair a une formule puissante pour un r\u00e9sultat visible et visible et est une aide imm\u00e9diate pour dompter les cheveux indisciplin\u00e9s et gravement endommag\u00e9s. L&rsquo;huile capillaire assure des cheveux sains, forts et brillants jusqu&rsquo;aux pointes. Il rend \u00e9galement vos cheveux doux et souples sans les alourdir. La tol\u00e9rance cutan\u00e9e est confirm\u00e9e dermatologiquement.<\/p>\n","protected":false},"excerpt":{"rendered":"<p>Formule ultral\u00e9g\u00e8re et non grasse Fournit aux cheveux un soin riche &#8211; pour un usage quotidien Pour les cheveux extr\u00eamement ab\u00eem\u00e9s et secs Formule de&#8230;<\/p>\n","protected":false},"featured_media":2533,"comment_status":"open","ping_status":"closed","template":"","meta":{"_joinchat":[]},"etheme_brands":[],"product_brand":[],"product_cat":[107,108,98],"product_tag":[],"class_list":{"0":"post-2488","1":"product","2":"type-product","3":"status-publish","4":"has-post-thumbnail","6":"product_cat-allemagne","7":"product_cat-balea","8":"product_cat-gel-huile","10":"first","11":"instock","12":"shipping-taxable","13":"purchasable","14":"product-type-simple"},"yoast_head":"<!-- This site is optimized with the Yoast SEO plugin v27.4 - https:\/\/yoast.com\/product\/yoast-seo-wordpress\/ -->\n<title>BALEA Oil Repair Intensiv Haar\u00f6l - 100 ml -Maroc - The Sweet Shop<\/title>\n<meta name=\"robots\" content=\"index, follow, max-snippet:-1, max-image-preview:large, max-video-preview:-1\" \/>\n<link rel=\"canonical\" href=\"https:\/\/thesweetshop.ma\/?product=balea-oil-repair-intensiv-haarol-100-ml\" \/>\n<meta property=\"og:locale\" content=\"fr_FR\" \/>\n<meta property=\"og:type\" content=\"article\" \/>\n<meta property=\"og:title\" content=\"BALEA Oil Repair Intensiv Haar\u00f6l - 100 ml -Maroc - The Sweet Shop\" \/>\n<meta property=\"og:description\" content=\"Formule ultral\u00e9g\u00e8re et non grasse Fournit aux cheveux un soin riche &#8211; pour un usage quotidien Pour les cheveux extr\u00eamement ab\u00eem\u00e9s et secs Formule de...\" \/>\n<meta property=\"og:url\" content=\"https:\/\/thesweetshop.ma\/?product=balea-oil-repair-intensiv-haarol-100-ml\" \/>\n<meta property=\"og:site_name\" content=\"The Sweet Shop\" \/>\n<meta property=\"article:modified_time\" content=\"2023-06-22T14:32:30+00:00\" \/>\n<meta property=\"og:image\" content=\"https:\/\/thesweetshop.ma\/wp-content\/uploads\/2023\/06\/New-Project-49.jpg\" \/>\n\t<meta property=\"og:image:width\" content=\"800\" \/>\n\t<meta property=\"og:image:height\" content=\"800\" \/>\n\t<meta property=\"og:image:type\" content=\"image\/jpeg\" \/>\n<meta name=\"twitter:card\" content=\"summary_large_image\" \/>\n<meta name=\"twitter:label1\" content=\"Dur\u00e9e de lecture estim\u00e9e\" \/>\n\t<meta name=\"twitter:data1\" content=\"1 minute\" \/>\n<script type=\"application\/ld+json\" class=\"yoast-schema-graph\">{\"@context\":\"https:\\\/\\\/schema.org\",\"@graph\":[{\"@type\":\"WebPage\",\"@id\":\"https:\\\/\\\/thesweetshop.ma\\\/?product=balea-oil-repair-intensiv-haarol-100-ml\",\"url\":\"https:\\\/\\\/thesweetshop.ma\\\/?product=balea-oil-repair-intensiv-haarol-100-ml\",\"name\":\"BALEA Oil Repair Intensiv Haar\u00f6l - 100 ml -Maroc - The Sweet Shop\",\"isPartOf\":{\"@id\":\"https:\\\/\\\/thesweetshop.ma\\\/#website\"},\"primaryImageOfPage\":{\"@id\":\"https:\\\/\\\/thesweetshop.ma\\\/?product=balea-oil-repair-intensiv-haarol-100-ml#primaryimage\"},\"image\":{\"@id\":\"https:\\\/\\\/thesweetshop.ma\\\/?product=balea-oil-repair-intensiv-haarol-100-ml#primaryimage\"},\"thumbnailUrl\":\"https:\\\/\\\/thesweetshop.ma\\\/wp-content\\\/uploads\\\/2023\\\/06\\\/New-Project-49.jpg\",\"datePublished\":\"2023-06-22T14:32:09+00:00\",\"dateModified\":\"2023-06-22T14:32:30+00:00\",\"breadcrumb\":{\"@id\":\"https:\\\/\\\/thesweetshop.ma\\\/?product=balea-oil-repair-intensiv-haarol-100-ml#breadcrumb\"},\"inLanguage\":\"fr-FR\",\"potentialAction\":[{\"@type\":\"ReadAction\",\"target\":[\"https:\\\/\\\/thesweetshop.ma\\\/?product=balea-oil-repair-intensiv-haarol-100-ml\"]}]},{\"@type\":\"ImageObject\",\"inLanguage\":\"fr-FR\",\"@id\":\"https:\\\/\\\/thesweetshop.ma\\\/?product=balea-oil-repair-intensiv-haarol-100-ml#primaryimage\",\"url\":\"https:\\\/\\\/thesweetshop.ma\\\/wp-content\\\/uploads\\\/2023\\\/06\\\/New-Project-49.jpg\",\"contentUrl\":\"https:\\\/\\\/thesweetshop.ma\\\/wp-content\\\/uploads\\\/2023\\\/06\\\/New-Project-49.jpg\",\"width\":800,\"height\":800},{\"@type\":\"BreadcrumbList\",\"@id\":\"https:\\\/\\\/thesweetshop.ma\\\/?product=balea-oil-repair-intensiv-haarol-100-ml#breadcrumb\",\"itemListElement\":[{\"@type\":\"ListItem\",\"position\":1,\"name\":\"Home\",\"item\":\"https:\\\/\\\/thesweetshop.ma\\\/\"},{\"@type\":\"ListItem\",\"position\":2,\"name\":\"Shop\",\"item\":\"https:\\\/\\\/thesweetshop.ma\\\/?page_id=5\"},{\"@type\":\"ListItem\",\"position\":3,\"name\":\"BALEA Oil Repair Intensiv Haar\u00f6l &#8211; 100 ml\"}]},{\"@type\":\"WebSite\",\"@id\":\"https:\\\/\\\/thesweetshop.ma\\\/#website\",\"url\":\"https:\\\/\\\/thesweetshop.ma\\\/\",\"name\":\"The Sweet Shop\",\"description\":\"1# Le premier site de maquillage au Maroc\",\"potentialAction\":[{\"@type\":\"SearchAction\",\"target\":{\"@type\":\"EntryPoint\",\"urlTemplate\":\"https:\\\/\\\/thesweetshop.ma\\\/?s={search_term_string}\"},\"query-input\":{\"@type\":\"PropertyValueSpecification\",\"valueRequired\":true,\"valueName\":\"search_term_string\"}}],\"inLanguage\":\"fr-FR\"}]}<\/script>\n<!-- \/ Yoast SEO plugin. -->","yoast_head_json":{"title":"BALEA Oil Repair Intensiv Haar\u00f6l - 100 ml -Maroc - The Sweet Shop","robots":{"index":"index","follow":"follow","max-snippet":"max-snippet:-1","max-image-preview":"max-image-preview:large","max-video-preview":"max-video-preview:-1"},"canonical":"https:\/\/thesweetshop.ma\/?product=balea-oil-repair-intensiv-haarol-100-ml","og_locale":"fr_FR","og_type":"article","og_title":"BALEA Oil Repair Intensiv Haar\u00f6l - 100 ml -Maroc - The Sweet Shop","og_description":"Formule ultral\u00e9g\u00e8re et non grasse Fournit aux cheveux un soin riche &#8211; pour un usage quotidien Pour les cheveux extr\u00eamement ab\u00eem\u00e9s et secs Formule de...","og_url":"https:\/\/thesweetshop.ma\/?product=balea-oil-repair-intensiv-haarol-100-ml","og_site_name":"The Sweet Shop","article_modified_time":"2023-06-22T14:32:30+00:00","og_image":[{"width":800,"height":800,"url":"https:\/\/thesweetshop.ma\/wp-content\/uploads\/2023\/06\/New-Project-49.jpg","type":"image\/jpeg"}],"twitter_card":"summary_large_image","twitter_misc":{"Dur\u00e9e de lecture estim\u00e9e":"1 minute"},"schema":{"@context":"https:\/\/schema.org","@graph":[{"@type":"WebPage","@id":"https:\/\/thesweetshop.ma\/?product=balea-oil-repair-intensiv-haarol-100-ml","url":"https:\/\/thesweetshop.ma\/?product=balea-oil-repair-intensiv-haarol-100-ml","name":"BALEA Oil Repair Intensiv Haar\u00f6l - 100 ml -Maroc - The Sweet Shop","isPartOf":{"@id":"https:\/\/thesweetshop.ma\/#website"},"primaryImageOfPage":{"@id":"https:\/\/thesweetshop.ma\/?product=balea-oil-repair-intensiv-haarol-100-ml#primaryimage"},"image":{"@id":"https:\/\/thesweetshop.ma\/?product=balea-oil-repair-intensiv-haarol-100-ml#primaryimage"},"thumbnailUrl":"https:\/\/thesweetshop.ma\/wp-content\/uploads\/2023\/06\/New-Project-49.jpg","datePublished":"2023-06-22T14:32:09+00:00","dateModified":"2023-06-22T14:32:30+00:00","breadcrumb":{"@id":"https:\/\/thesweetshop.ma\/?product=balea-oil-repair-intensiv-haarol-100-ml#breadcrumb"},"inLanguage":"fr-FR","potentialAction":[{"@type":"ReadAction","target":["https:\/\/thesweetshop.ma\/?product=balea-oil-repair-intensiv-haarol-100-ml"]}]},{"@type":"ImageObject","inLanguage":"fr-FR","@id":"https:\/\/thesweetshop.ma\/?product=balea-oil-repair-intensiv-haarol-100-ml#primaryimage","url":"https:\/\/thesweetshop.ma\/wp-content\/uploads\/2023\/06\/New-Project-49.jpg","contentUrl":"https:\/\/thesweetshop.ma\/wp-content\/uploads\/2023\/06\/New-Project-49.jpg","width":800,"height":800},{"@type":"BreadcrumbList","@id":"https:\/\/thesweetshop.ma\/?product=balea-oil-repair-intensiv-haarol-100-ml#breadcrumb","itemListElement":[{"@type":"ListItem","position":1,"name":"Home","item":"https:\/\/thesweetshop.ma\/"},{"@type":"ListItem","position":2,"name":"Shop","item":"https:\/\/thesweetshop.ma\/?page_id=5"},{"@type":"ListItem","position":3,"name":"BALEA Oil Repair Intensiv Haar\u00f6l &#8211; 100 ml"}]},{"@type":"WebSite","@id":"https:\/\/thesweetshop.ma\/#website","url":"https:\/\/thesweetshop.ma\/","name":"The Sweet Shop","description":"1# Le premier site de maquillage au Maroc","potentialAction":[{"@type":"SearchAction","target":{"@type":"EntryPoint","urlTemplate":"https:\/\/thesweetshop.ma\/?s={search_term_string}"},"query-input":{"@type":"PropertyValueSpecification","valueRequired":true,"valueName":"search_term_string"}}],"inLanguage":"fr-FR"}]}},"jetpack_sharing_enabled":true,"_links":{"self":[{"href":"https:\/\/thesweetshop.ma\/index.php?rest_route=\/wp\/v2\/product\/2488","targetHints":{"allow":["GET"]}}],"collection":[{"href":"https:\/\/thesweetshop.ma\/index.php?rest_route=\/wp\/v2\/product"}],"about":[{"href":"https:\/\/thesweetshop.ma\/index.php?rest_route=\/wp\/v2\/types\/product"}],"replies":[{"embeddable":true,"href":"https:\/\/thesweetshop.ma\/index.php?rest_route=%2Fwp%2Fv2%2Fcomments&post=2488"}],"version-history":[{"count":1,"href":"https:\/\/thesweetshop.ma\/index.php?rest_route=\/wp\/v2\/product\/2488\/revisions"}],"predecessor-version":[{"id":2534,"href":"https:\/\/thesweetshop.ma\/index.php?rest_route=\/wp\/v2\/product\/2488\/revisions\/2534"}],"wp:featuredmedia":[{"embeddable":true,"href":"https:\/\/thesweetshop.ma\/index.php?rest_route=\/wp\/v2\/media\/2533"}],"wp:attachment":[{"href":"https:\/\/thesweetshop.ma\/index.php?rest_route=%2Fwp%2Fv2%2Fmedia&parent=2488"}],"wp:term":[{"taxonomy":"brand","embeddable":true,"href":"https:\/\/thesweetshop.ma\/index.php?rest_route=%2Fwp%2Fv2%2Fetheme_brands&post=2488"},{"taxonomy":"product_brand","embeddable":true,"href":"https:\/\/thesweetshop.ma\/index.php?rest_route=%2Fwp%2Fv2%2Fproduct_brand&post=2488"},{"taxonomy":"product_cat","embeddable":true,"href":"https:\/\/thesweetshop.ma\/index.php?rest_route=%2Fwp%2Fv2%2Fproduct_cat&post=2488"},{"taxonomy":"product_tag","embeddable":true,"href":"https:\/\/thesweetshop.ma\/index.php?rest_route=%2Fwp%2Fv2%2Fproduct_tag&post=2488"}],"curies":[{"name":"wp","href":"https:\/\/api.w.org\/{rel}","templated":true}]}}