{"id":2497,"date":"2023-06-22T14:32:10","date_gmt":"2023-06-22T14:32:10","guid":{"rendered":"https:\/\/thesweetshop.ma\/?post_type=product&#038;p=2497"},"modified":"2024-06-13T04:09:27","modified_gmt":"2024-06-13T04:09:27","slug":"balea-sea-salt-spray-200ml","status":"publish","type":"product","link":"https:\/\/thesweetshop.ma\/?product=balea-sea-salt-spray-200ml","title":{"rendered":"Balea Sea Salt Spray, 200ml"},"content":{"rendered":"<p>Pour une coiffure mate et ras\u00e9e comme apr\u00e8s une journ\u00e9e \u00e0 la plage<br \/>\nAvec de la glyc\u00e9rine et du panth\u00e9nol<br \/>\nLes cheveux n&rsquo;ont pas l&rsquo;air gras<br \/>\nIl a \u00e9t\u00e9 prouv\u00e9 dermatologiquement qu&rsquo;il est bien tol\u00e9r\u00e9 par la peau.<br \/>\nUne coiffure de vacances comme on passe une journ\u00e9e au bord de la mer. Le spray donne un aspect mat et ras\u00e9 aux cheveux qui n&rsquo;ont pas l&rsquo;air gras. Hydrate et nourrit gr\u00e2ce \u00e0 la glyc\u00e9rine et au panth\u00e9nol.<\/p>\n","protected":false},"excerpt":{"rendered":"<p>Pour une coiffure mate et ras\u00e9e comme apr\u00e8s une journ\u00e9e \u00e0 la plage Avec de la glyc\u00e9rine et du panth\u00e9nol Les cheveux n&rsquo;ont pas l&rsquo;air&#8230;<\/p>\n","protected":false},"featured_media":2570,"comment_status":"open","ping_status":"closed","template":"","meta":{"_joinchat":[]},"etheme_brands":[],"product_brand":[],"product_cat":[107,108,130,98],"product_tag":[],"class_list":{"0":"post-2497","1":"product","2":"type-product","3":"status-publish","4":"has-post-thumbnail","6":"product_cat-allemagne","7":"product_cat-balea","8":"product_cat-best-seller","9":"product_cat-gel-huile","11":"first","12":"instock","13":"shipping-taxable","14":"purchasable","15":"product-type-simple"},"yoast_head":"<!-- This site is optimized with the Yoast SEO plugin v27.5 - https:\/\/yoast.com\/product\/yoast-seo-wordpress\/ -->\n<title>Balea Sea Salt Spray, 200ml - Maroc - The Sweet Shop<\/title>\n<meta name=\"robots\" content=\"index, follow, max-snippet:-1, max-image-preview:large, max-video-preview:-1\" \/>\n<link rel=\"canonical\" href=\"https:\/\/thesweetshop.ma\/?product=balea-sea-salt-spray-200ml\" \/>\n<meta property=\"og:locale\" content=\"fr_FR\" \/>\n<meta property=\"og:type\" content=\"article\" \/>\n<meta property=\"og:title\" content=\"Balea Sea Salt Spray, 200ml - Maroc - The Sweet Shop\" \/>\n<meta property=\"og:description\" content=\"Pour une coiffure mate et ras\u00e9e comme apr\u00e8s une journ\u00e9e \u00e0 la plage Avec de la glyc\u00e9rine et du panth\u00e9nol Les cheveux n&rsquo;ont pas l&rsquo;air...\" \/>\n<meta property=\"og:url\" content=\"https:\/\/thesweetshop.ma\/?product=balea-sea-salt-spray-200ml\" \/>\n<meta property=\"og:site_name\" content=\"The Sweet Shop\" \/>\n<meta property=\"article:modified_time\" content=\"2024-06-13T04:09:27+00:00\" \/>\n<meta property=\"og:image\" content=\"https:\/\/thesweetshop.ma\/wp-content\/uploads\/2023\/06\/New-Project-57.jpg\" \/>\n\t<meta property=\"og:image:width\" content=\"800\" \/>\n\t<meta property=\"og:image:height\" content=\"800\" \/>\n\t<meta property=\"og:image:type\" content=\"image\/jpeg\" \/>\n<meta name=\"twitter:card\" content=\"summary_large_image\" \/>\n<meta name=\"twitter:label1\" content=\"Dur\u00e9e de lecture estim\u00e9e\" \/>\n\t<meta name=\"twitter:data1\" content=\"1 minute\" \/>\n<script type=\"application\/ld+json\" class=\"yoast-schema-graph\">{\"@context\":\"https:\\\/\\\/schema.org\",\"@graph\":[{\"@type\":\"WebPage\",\"@id\":\"https:\\\/\\\/thesweetshop.ma\\\/?product=balea-sea-salt-spray-200ml\",\"url\":\"https:\\\/\\\/thesweetshop.ma\\\/?product=balea-sea-salt-spray-200ml\",\"name\":\"Balea Sea Salt Spray, 200ml - Maroc - The Sweet Shop\",\"isPartOf\":{\"@id\":\"https:\\\/\\\/thesweetshop.ma\\\/#website\"},\"primaryImageOfPage\":{\"@id\":\"https:\\\/\\\/thesweetshop.ma\\\/?product=balea-sea-salt-spray-200ml#primaryimage\"},\"image\":{\"@id\":\"https:\\\/\\\/thesweetshop.ma\\\/?product=balea-sea-salt-spray-200ml#primaryimage\"},\"thumbnailUrl\":\"https:\\\/\\\/thesweetshop.ma\\\/wp-content\\\/uploads\\\/2023\\\/06\\\/New-Project-57.jpg\",\"datePublished\":\"2023-06-22T14:32:10+00:00\",\"dateModified\":\"2024-06-13T04:09:27+00:00\",\"breadcrumb\":{\"@id\":\"https:\\\/\\\/thesweetshop.ma\\\/?product=balea-sea-salt-spray-200ml#breadcrumb\"},\"inLanguage\":\"fr-FR\",\"potentialAction\":[{\"@type\":\"ReadAction\",\"target\":[\"https:\\\/\\\/thesweetshop.ma\\\/?product=balea-sea-salt-spray-200ml\"]}]},{\"@type\":\"ImageObject\",\"inLanguage\":\"fr-FR\",\"@id\":\"https:\\\/\\\/thesweetshop.ma\\\/?product=balea-sea-salt-spray-200ml#primaryimage\",\"url\":\"https:\\\/\\\/thesweetshop.ma\\\/wp-content\\\/uploads\\\/2023\\\/06\\\/New-Project-57.jpg\",\"contentUrl\":\"https:\\\/\\\/thesweetshop.ma\\\/wp-content\\\/uploads\\\/2023\\\/06\\\/New-Project-57.jpg\",\"width\":800,\"height\":800},{\"@type\":\"BreadcrumbList\",\"@id\":\"https:\\\/\\\/thesweetshop.ma\\\/?product=balea-sea-salt-spray-200ml#breadcrumb\",\"itemListElement\":[{\"@type\":\"ListItem\",\"position\":1,\"name\":\"Home\",\"item\":\"https:\\\/\\\/thesweetshop.ma\\\/\"},{\"@type\":\"ListItem\",\"position\":2,\"name\":\"Shop\",\"item\":\"https:\\\/\\\/thesweetshop.ma\\\/?page_id=5\"},{\"@type\":\"ListItem\",\"position\":3,\"name\":\"Balea Sea Salt Spray, 200ml\"}]},{\"@type\":\"WebSite\",\"@id\":\"https:\\\/\\\/thesweetshop.ma\\\/#website\",\"url\":\"https:\\\/\\\/thesweetshop.ma\\\/\",\"name\":\"The Sweet Shop\",\"description\":\"1# Le premier site de maquillage au Maroc\",\"potentialAction\":[{\"@type\":\"SearchAction\",\"target\":{\"@type\":\"EntryPoint\",\"urlTemplate\":\"https:\\\/\\\/thesweetshop.ma\\\/?s={search_term_string}\"},\"query-input\":{\"@type\":\"PropertyValueSpecification\",\"valueRequired\":true,\"valueName\":\"search_term_string\"}}],\"inLanguage\":\"fr-FR\"}]}<\/script>\n<!-- \/ Yoast SEO plugin. -->","yoast_head_json":{"title":"Balea Sea Salt Spray, 200ml - Maroc - The Sweet Shop","robots":{"index":"index","follow":"follow","max-snippet":"max-snippet:-1","max-image-preview":"max-image-preview:large","max-video-preview":"max-video-preview:-1"},"canonical":"https:\/\/thesweetshop.ma\/?product=balea-sea-salt-spray-200ml","og_locale":"fr_FR","og_type":"article","og_title":"Balea Sea Salt Spray, 200ml - Maroc - The Sweet Shop","og_description":"Pour une coiffure mate et ras\u00e9e comme apr\u00e8s une journ\u00e9e \u00e0 la plage Avec de la glyc\u00e9rine et du panth\u00e9nol Les cheveux n&rsquo;ont pas l&rsquo;air...","og_url":"https:\/\/thesweetshop.ma\/?product=balea-sea-salt-spray-200ml","og_site_name":"The Sweet Shop","article_modified_time":"2024-06-13T04:09:27+00:00","og_image":[{"width":800,"height":800,"url":"https:\/\/thesweetshop.ma\/wp-content\/uploads\/2023\/06\/New-Project-57.jpg","type":"image\/jpeg"}],"twitter_card":"summary_large_image","twitter_misc":{"Dur\u00e9e de lecture estim\u00e9e":"1 minute"},"schema":{"@context":"https:\/\/schema.org","@graph":[{"@type":"WebPage","@id":"https:\/\/thesweetshop.ma\/?product=balea-sea-salt-spray-200ml","url":"https:\/\/thesweetshop.ma\/?product=balea-sea-salt-spray-200ml","name":"Balea Sea Salt Spray, 200ml - Maroc - The Sweet Shop","isPartOf":{"@id":"https:\/\/thesweetshop.ma\/#website"},"primaryImageOfPage":{"@id":"https:\/\/thesweetshop.ma\/?product=balea-sea-salt-spray-200ml#primaryimage"},"image":{"@id":"https:\/\/thesweetshop.ma\/?product=balea-sea-salt-spray-200ml#primaryimage"},"thumbnailUrl":"https:\/\/thesweetshop.ma\/wp-content\/uploads\/2023\/06\/New-Project-57.jpg","datePublished":"2023-06-22T14:32:10+00:00","dateModified":"2024-06-13T04:09:27+00:00","breadcrumb":{"@id":"https:\/\/thesweetshop.ma\/?product=balea-sea-salt-spray-200ml#breadcrumb"},"inLanguage":"fr-FR","potentialAction":[{"@type":"ReadAction","target":["https:\/\/thesweetshop.ma\/?product=balea-sea-salt-spray-200ml"]}]},{"@type":"ImageObject","inLanguage":"fr-FR","@id":"https:\/\/thesweetshop.ma\/?product=balea-sea-salt-spray-200ml#primaryimage","url":"https:\/\/thesweetshop.ma\/wp-content\/uploads\/2023\/06\/New-Project-57.jpg","contentUrl":"https:\/\/thesweetshop.ma\/wp-content\/uploads\/2023\/06\/New-Project-57.jpg","width":800,"height":800},{"@type":"BreadcrumbList","@id":"https:\/\/thesweetshop.ma\/?product=balea-sea-salt-spray-200ml#breadcrumb","itemListElement":[{"@type":"ListItem","position":1,"name":"Home","item":"https:\/\/thesweetshop.ma\/"},{"@type":"ListItem","position":2,"name":"Shop","item":"https:\/\/thesweetshop.ma\/?page_id=5"},{"@type":"ListItem","position":3,"name":"Balea Sea Salt Spray, 200ml"}]},{"@type":"WebSite","@id":"https:\/\/thesweetshop.ma\/#website","url":"https:\/\/thesweetshop.ma\/","name":"The Sweet Shop","description":"1# Le premier site de maquillage au Maroc","potentialAction":[{"@type":"SearchAction","target":{"@type":"EntryPoint","urlTemplate":"https:\/\/thesweetshop.ma\/?s={search_term_string}"},"query-input":{"@type":"PropertyValueSpecification","valueRequired":true,"valueName":"search_term_string"}}],"inLanguage":"fr-FR"}]}},"jetpack_sharing_enabled":true,"_links":{"self":[{"href":"https:\/\/thesweetshop.ma\/index.php?rest_route=\/wp\/v2\/product\/2497","targetHints":{"allow":["GET"]}}],"collection":[{"href":"https:\/\/thesweetshop.ma\/index.php?rest_route=\/wp\/v2\/product"}],"about":[{"href":"https:\/\/thesweetshop.ma\/index.php?rest_route=\/wp\/v2\/types\/product"}],"replies":[{"embeddable":true,"href":"https:\/\/thesweetshop.ma\/index.php?rest_route=%2Fwp%2Fv2%2Fcomments&post=2497"}],"version-history":[{"count":1,"href":"https:\/\/thesweetshop.ma\/index.php?rest_route=\/wp\/v2\/product\/2497\/revisions"}],"predecessor-version":[{"id":2571,"href":"https:\/\/thesweetshop.ma\/index.php?rest_route=\/wp\/v2\/product\/2497\/revisions\/2571"}],"wp:featuredmedia":[{"embeddable":true,"href":"https:\/\/thesweetshop.ma\/index.php?rest_route=\/wp\/v2\/media\/2570"}],"wp:attachment":[{"href":"https:\/\/thesweetshop.ma\/index.php?rest_route=%2Fwp%2Fv2%2Fmedia&parent=2497"}],"wp:term":[{"taxonomy":"brand","embeddable":true,"href":"https:\/\/thesweetshop.ma\/index.php?rest_route=%2Fwp%2Fv2%2Fetheme_brands&post=2497"},{"taxonomy":"product_brand","embeddable":true,"href":"https:\/\/thesweetshop.ma\/index.php?rest_route=%2Fwp%2Fv2%2Fproduct_brand&post=2497"},{"taxonomy":"product_cat","embeddable":true,"href":"https:\/\/thesweetshop.ma\/index.php?rest_route=%2Fwp%2Fv2%2Fproduct_cat&post=2497"},{"taxonomy":"product_tag","embeddable":true,"href":"https:\/\/thesweetshop.ma\/index.php?rest_route=%2Fwp%2Fv2%2Fproduct_tag&post=2497"}],"curies":[{"name":"wp","href":"https:\/\/api.w.org\/{rel}","templated":true}]}}