{"id":2499,"date":"2023-06-22T14:32:10","date_gmt":"2023-06-22T14:32:10","guid":{"rendered":"https:\/\/thesweetshop.ma\/?post_type=product&#038;p=2499"},"modified":"2024-06-13T04:08:52","modified_gmt":"2024-06-13T04:08:52","slug":"balea-hitzeschutzspray-2-phasen-75ml","status":"publish","type":"product","link":"https:\/\/thesweetshop.ma\/?product=balea-hitzeschutzspray-2-phasen-75ml","title":{"rendered":"Balea Hitzeschutzspray 2-Phasen, 75ml."},"content":{"rendered":"<p>Prot\u00e8ge et soigne intensivement les cheveux<br \/>\nProtection contre la chaleur jusqu&rsquo;\u00e0 220\u00b0C<br \/>\nSans silicones<br \/>\nFormule biphas\u00e9e<br \/>\nLe spray anti-chaleur biphas\u00e9 Balea offre une protection compl\u00e8te contre les chaleurs extr\u00eames. Ni les s\u00e8che-cheveux, ni les lisseurs, ni les fers \u00e0 friser ne peuvent nuire \u00e0 vos cheveux. La formule de soin au panth\u00e9nol et aux prot\u00e9ines de riz protectrices caresse les cheveux. Des huiles ultra-l\u00e9g\u00e8res nourrissent intens\u00e9ment les cheveux sans les alourdir. Pour des cheveux souples et brillants.<\/p>\n","protected":false},"excerpt":{"rendered":"<p>Prot\u00e8ge et soigne intensivement les cheveux Protection contre la chaleur jusqu&rsquo;\u00e0 220\u00b0C Sans silicones Formule biphas\u00e9e Le spray anti-chaleur biphas\u00e9 Balea offre une protection compl\u00e8te&#8230;<\/p>\n","protected":false},"featured_media":2574,"comment_status":"open","ping_status":"closed","template":"","meta":{"_joinchat":[]},"etheme_brands":[],"product_brand":[],"product_cat":[107,108,98],"product_tag":[],"class_list":{"0":"post-2499","1":"product","2":"type-product","3":"status-publish","4":"has-post-thumbnail","6":"product_cat-allemagne","7":"product_cat-balea","8":"product_cat-gel-huile","10":"first","11":"instock","12":"shipping-taxable","13":"purchasable","14":"product-type-simple"},"yoast_head":"<!-- This site is optimized with the Yoast SEO plugin v27.4 - https:\/\/yoast.com\/product\/yoast-seo-wordpress\/ -->\n<title>Balea Hitzeschutzspray 2-Phasen, 75ml. - Maroc - The Sweet Shop<\/title>\n<meta name=\"robots\" content=\"index, follow, max-snippet:-1, max-image-preview:large, max-video-preview:-1\" \/>\n<link rel=\"canonical\" href=\"https:\/\/thesweetshop.ma\/?product=balea-hitzeschutzspray-2-phasen-75ml\" \/>\n<meta property=\"og:locale\" content=\"fr_FR\" \/>\n<meta property=\"og:type\" content=\"article\" \/>\n<meta property=\"og:title\" content=\"Balea Hitzeschutzspray 2-Phasen, 75ml. - Maroc - The Sweet Shop\" \/>\n<meta property=\"og:description\" content=\"Prot\u00e8ge et soigne intensivement les cheveux Protection contre la chaleur jusqu&rsquo;\u00e0 220\u00b0C Sans silicones Formule biphas\u00e9e Le spray anti-chaleur biphas\u00e9 Balea offre une protection compl\u00e8te...\" \/>\n<meta property=\"og:url\" content=\"https:\/\/thesweetshop.ma\/?product=balea-hitzeschutzspray-2-phasen-75ml\" \/>\n<meta property=\"og:site_name\" content=\"The Sweet Shop\" \/>\n<meta property=\"article:modified_time\" content=\"2024-06-13T04:08:52+00:00\" \/>\n<meta property=\"og:image\" content=\"https:\/\/thesweetshop.ma\/wp-content\/uploads\/2023\/06\/New-Project-59.jpg\" \/>\n\t<meta property=\"og:image:width\" content=\"800\" \/>\n\t<meta property=\"og:image:height\" content=\"800\" \/>\n\t<meta property=\"og:image:type\" content=\"image\/jpeg\" \/>\n<meta name=\"twitter:card\" content=\"summary_large_image\" \/>\n<meta name=\"twitter:label1\" content=\"Dur\u00e9e de lecture estim\u00e9e\" \/>\n\t<meta name=\"twitter:data1\" content=\"1 minute\" \/>\n<script type=\"application\/ld+json\" class=\"yoast-schema-graph\">{\"@context\":\"https:\\\/\\\/schema.org\",\"@graph\":[{\"@type\":\"WebPage\",\"@id\":\"https:\\\/\\\/thesweetshop.ma\\\/?product=balea-hitzeschutzspray-2-phasen-75ml\",\"url\":\"https:\\\/\\\/thesweetshop.ma\\\/?product=balea-hitzeschutzspray-2-phasen-75ml\",\"name\":\"Balea Hitzeschutzspray 2-Phasen, 75ml. - Maroc - The Sweet Shop\",\"isPartOf\":{\"@id\":\"https:\\\/\\\/thesweetshop.ma\\\/#website\"},\"primaryImageOfPage\":{\"@id\":\"https:\\\/\\\/thesweetshop.ma\\\/?product=balea-hitzeschutzspray-2-phasen-75ml#primaryimage\"},\"image\":{\"@id\":\"https:\\\/\\\/thesweetshop.ma\\\/?product=balea-hitzeschutzspray-2-phasen-75ml#primaryimage\"},\"thumbnailUrl\":\"https:\\\/\\\/thesweetshop.ma\\\/wp-content\\\/uploads\\\/2023\\\/06\\\/New-Project-59.jpg\",\"datePublished\":\"2023-06-22T14:32:10+00:00\",\"dateModified\":\"2024-06-13T04:08:52+00:00\",\"breadcrumb\":{\"@id\":\"https:\\\/\\\/thesweetshop.ma\\\/?product=balea-hitzeschutzspray-2-phasen-75ml#breadcrumb\"},\"inLanguage\":\"fr-FR\",\"potentialAction\":[{\"@type\":\"ReadAction\",\"target\":[\"https:\\\/\\\/thesweetshop.ma\\\/?product=balea-hitzeschutzspray-2-phasen-75ml\"]}]},{\"@type\":\"ImageObject\",\"inLanguage\":\"fr-FR\",\"@id\":\"https:\\\/\\\/thesweetshop.ma\\\/?product=balea-hitzeschutzspray-2-phasen-75ml#primaryimage\",\"url\":\"https:\\\/\\\/thesweetshop.ma\\\/wp-content\\\/uploads\\\/2023\\\/06\\\/New-Project-59.jpg\",\"contentUrl\":\"https:\\\/\\\/thesweetshop.ma\\\/wp-content\\\/uploads\\\/2023\\\/06\\\/New-Project-59.jpg\",\"width\":800,\"height\":800},{\"@type\":\"BreadcrumbList\",\"@id\":\"https:\\\/\\\/thesweetshop.ma\\\/?product=balea-hitzeschutzspray-2-phasen-75ml#breadcrumb\",\"itemListElement\":[{\"@type\":\"ListItem\",\"position\":1,\"name\":\"Home\",\"item\":\"https:\\\/\\\/thesweetshop.ma\\\/\"},{\"@type\":\"ListItem\",\"position\":2,\"name\":\"Shop\",\"item\":\"https:\\\/\\\/thesweetshop.ma\\\/?page_id=5\"},{\"@type\":\"ListItem\",\"position\":3,\"name\":\"Balea Hitzeschutzspray 2-Phasen, 75ml.\"}]},{\"@type\":\"WebSite\",\"@id\":\"https:\\\/\\\/thesweetshop.ma\\\/#website\",\"url\":\"https:\\\/\\\/thesweetshop.ma\\\/\",\"name\":\"The Sweet Shop\",\"description\":\"1# Le premier site de maquillage au Maroc\",\"potentialAction\":[{\"@type\":\"SearchAction\",\"target\":{\"@type\":\"EntryPoint\",\"urlTemplate\":\"https:\\\/\\\/thesweetshop.ma\\\/?s={search_term_string}\"},\"query-input\":{\"@type\":\"PropertyValueSpecification\",\"valueRequired\":true,\"valueName\":\"search_term_string\"}}],\"inLanguage\":\"fr-FR\"}]}<\/script>\n<!-- \/ Yoast SEO plugin. -->","yoast_head_json":{"title":"Balea Hitzeschutzspray 2-Phasen, 75ml. - Maroc - The Sweet Shop","robots":{"index":"index","follow":"follow","max-snippet":"max-snippet:-1","max-image-preview":"max-image-preview:large","max-video-preview":"max-video-preview:-1"},"canonical":"https:\/\/thesweetshop.ma\/?product=balea-hitzeschutzspray-2-phasen-75ml","og_locale":"fr_FR","og_type":"article","og_title":"Balea Hitzeschutzspray 2-Phasen, 75ml. - Maroc - The Sweet Shop","og_description":"Prot\u00e8ge et soigne intensivement les cheveux Protection contre la chaleur jusqu&rsquo;\u00e0 220\u00b0C Sans silicones Formule biphas\u00e9e Le spray anti-chaleur biphas\u00e9 Balea offre une protection compl\u00e8te...","og_url":"https:\/\/thesweetshop.ma\/?product=balea-hitzeschutzspray-2-phasen-75ml","og_site_name":"The Sweet Shop","article_modified_time":"2024-06-13T04:08:52+00:00","og_image":[{"width":800,"height":800,"url":"https:\/\/thesweetshop.ma\/wp-content\/uploads\/2023\/06\/New-Project-59.jpg","type":"image\/jpeg"}],"twitter_card":"summary_large_image","twitter_misc":{"Dur\u00e9e de lecture estim\u00e9e":"1 minute"},"schema":{"@context":"https:\/\/schema.org","@graph":[{"@type":"WebPage","@id":"https:\/\/thesweetshop.ma\/?product=balea-hitzeschutzspray-2-phasen-75ml","url":"https:\/\/thesweetshop.ma\/?product=balea-hitzeschutzspray-2-phasen-75ml","name":"Balea Hitzeschutzspray 2-Phasen, 75ml. - Maroc - The Sweet Shop","isPartOf":{"@id":"https:\/\/thesweetshop.ma\/#website"},"primaryImageOfPage":{"@id":"https:\/\/thesweetshop.ma\/?product=balea-hitzeschutzspray-2-phasen-75ml#primaryimage"},"image":{"@id":"https:\/\/thesweetshop.ma\/?product=balea-hitzeschutzspray-2-phasen-75ml#primaryimage"},"thumbnailUrl":"https:\/\/thesweetshop.ma\/wp-content\/uploads\/2023\/06\/New-Project-59.jpg","datePublished":"2023-06-22T14:32:10+00:00","dateModified":"2024-06-13T04:08:52+00:00","breadcrumb":{"@id":"https:\/\/thesweetshop.ma\/?product=balea-hitzeschutzspray-2-phasen-75ml#breadcrumb"},"inLanguage":"fr-FR","potentialAction":[{"@type":"ReadAction","target":["https:\/\/thesweetshop.ma\/?product=balea-hitzeschutzspray-2-phasen-75ml"]}]},{"@type":"ImageObject","inLanguage":"fr-FR","@id":"https:\/\/thesweetshop.ma\/?product=balea-hitzeschutzspray-2-phasen-75ml#primaryimage","url":"https:\/\/thesweetshop.ma\/wp-content\/uploads\/2023\/06\/New-Project-59.jpg","contentUrl":"https:\/\/thesweetshop.ma\/wp-content\/uploads\/2023\/06\/New-Project-59.jpg","width":800,"height":800},{"@type":"BreadcrumbList","@id":"https:\/\/thesweetshop.ma\/?product=balea-hitzeschutzspray-2-phasen-75ml#breadcrumb","itemListElement":[{"@type":"ListItem","position":1,"name":"Home","item":"https:\/\/thesweetshop.ma\/"},{"@type":"ListItem","position":2,"name":"Shop","item":"https:\/\/thesweetshop.ma\/?page_id=5"},{"@type":"ListItem","position":3,"name":"Balea Hitzeschutzspray 2-Phasen, 75ml."}]},{"@type":"WebSite","@id":"https:\/\/thesweetshop.ma\/#website","url":"https:\/\/thesweetshop.ma\/","name":"The Sweet Shop","description":"1# Le premier site de maquillage au Maroc","potentialAction":[{"@type":"SearchAction","target":{"@type":"EntryPoint","urlTemplate":"https:\/\/thesweetshop.ma\/?s={search_term_string}"},"query-input":{"@type":"PropertyValueSpecification","valueRequired":true,"valueName":"search_term_string"}}],"inLanguage":"fr-FR"}]}},"jetpack_sharing_enabled":true,"_links":{"self":[{"href":"https:\/\/thesweetshop.ma\/index.php?rest_route=\/wp\/v2\/product\/2499","targetHints":{"allow":["GET"]}}],"collection":[{"href":"https:\/\/thesweetshop.ma\/index.php?rest_route=\/wp\/v2\/product"}],"about":[{"href":"https:\/\/thesweetshop.ma\/index.php?rest_route=\/wp\/v2\/types\/product"}],"replies":[{"embeddable":true,"href":"https:\/\/thesweetshop.ma\/index.php?rest_route=%2Fwp%2Fv2%2Fcomments&post=2499"}],"version-history":[{"count":1,"href":"https:\/\/thesweetshop.ma\/index.php?rest_route=\/wp\/v2\/product\/2499\/revisions"}],"predecessor-version":[{"id":2575,"href":"https:\/\/thesweetshop.ma\/index.php?rest_route=\/wp\/v2\/product\/2499\/revisions\/2575"}],"wp:featuredmedia":[{"embeddable":true,"href":"https:\/\/thesweetshop.ma\/index.php?rest_route=\/wp\/v2\/media\/2574"}],"wp:attachment":[{"href":"https:\/\/thesweetshop.ma\/index.php?rest_route=%2Fwp%2Fv2%2Fmedia&parent=2499"}],"wp:term":[{"taxonomy":"brand","embeddable":true,"href":"https:\/\/thesweetshop.ma\/index.php?rest_route=%2Fwp%2Fv2%2Fetheme_brands&post=2499"},{"taxonomy":"product_brand","embeddable":true,"href":"https:\/\/thesweetshop.ma\/index.php?rest_route=%2Fwp%2Fv2%2Fproduct_brand&post=2499"},{"taxonomy":"product_cat","embeddable":true,"href":"https:\/\/thesweetshop.ma\/index.php?rest_route=%2Fwp%2Fv2%2Fproduct_cat&post=2499"},{"taxonomy":"product_tag","embeddable":true,"href":"https:\/\/thesweetshop.ma\/index.php?rest_route=%2Fwp%2Fv2%2Fproduct_tag&post=2499"}],"curies":[{"name":"wp","href":"https:\/\/api.w.org\/{rel}","templated":true}]}}