{"id":2604,"date":"2023-06-22T14:32:57","date_gmt":"2023-06-22T14:32:57","guid":{"rendered":"https:\/\/thesweetshop.ma\/?post_type=product&#038;p=2604"},"modified":"2025-05-24T01:30:08","modified_gmt":"2025-05-24T01:30:08","slug":"carolina-herrera-good-girl-eau-de-parfum-80ml","status":"publish","type":"product","link":"https:\/\/thesweetshop.ma\/?product=carolina-herrera-good-girl-eau-de-parfum-80ml","title":{"rendered":"Carolina Herrera Good Girl Eau de Parfum 80ml"},"content":{"rendered":"<div id=\"product-info\" class=\"product-info product-accordion product-info-tabs\">\n<div class=\"tabs-content\" data-tabs-content=\"btlgyx-responsiveaccordiontabs\">\n<div id=\"4yozsb-accordion\" class=\"tabs-panel is-active\" role=\"tabpanel\" data-tab-content=\"\" aria-labelledby=\"4yozsb-accordion-label\">\n<div class=\"product-description-box\">\n<p>Tous les regards se tournent vers la femme Good Girl. Dot\u00e9e d&rsquo;un m\u00e9lange audacieux d&rsquo;\u00e9l\u00e9ments clairs et sombres, symbolisant une femme de contraste, l&rsquo;eau de parfum Good Girl de Carolina Herrera est un parfum audacieux, mais sophistiqu\u00e9, inspir\u00e9 de la vision unique de la femme moderne de sa cr\u00e9atrice.<br \/>\n\u00ab\u00a0Les notes douces et s\u00e9duisantes du jasmin conf\u00e8rent au parfum pour femme Good Girl une f\u00e9minit\u00e9 \u00e9clatante.<br \/>\nLe cacao richement parfum\u00e9 et la tonka enivrante renferment le c\u00f4t\u00e9 myst\u00e9rieux de Good Girl, tandis que l&rsquo;amande et le caf\u00e9 apportent des notes dynamique, mettant en valeur l&rsquo;audace de ce parfum pour femme moderne. \u00bb<\/p>\n<\/div>\n<\/div>\n<\/div>\n<\/div>\n","protected":false},"excerpt":{"rendered":"<p>Tous les regards se tournent vers la femme Good Girl. Dot\u00e9e d&rsquo;un m\u00e9lange audacieux d&rsquo;\u00e9l\u00e9ments clairs et sombres, symbolisant une femme de contraste, l&rsquo;eau de&#8230;<\/p>\n","protected":false},"featured_media":2686,"comment_status":"open","ping_status":"closed","template":"","meta":{"_joinchat":[]},"etheme_brands":[],"product_brand":[],"product_cat":[141,116,142,143],"product_tag":[],"class_list":{"0":"post-2604","1":"product","2":"type-product","3":"status-publish","4":"has-post-thumbnail","6":"product_cat-carolina-herrera","7":"product_cat-espagne","8":"product_cat-le-meilleur-parfum-feminin","9":"product_cat-parfum-pour-femme","11":"first","12":"instock","13":"shipping-taxable","14":"purchasable","15":"product-type-simple"},"yoast_head":"<!-- This site is optimized with the Yoast SEO plugin v27.4 - https:\/\/yoast.com\/product\/yoast-seo-wordpress\/ -->\n<title>Carolina Herrera Good Girl Eau de Parfum 80ml - Maroc - The Sweet Shop<\/title>\n<meta name=\"robots\" content=\"index, follow, max-snippet:-1, max-image-preview:large, max-video-preview:-1\" \/>\n<link rel=\"canonical\" href=\"https:\/\/thesweetshop.ma\/?product=carolina-herrera-good-girl-eau-de-parfum-80ml\" \/>\n<meta property=\"og:locale\" content=\"fr_FR\" \/>\n<meta property=\"og:type\" content=\"article\" \/>\n<meta property=\"og:title\" content=\"Carolina Herrera Good Girl Eau de Parfum 80ml - Maroc - The Sweet Shop\" \/>\n<meta property=\"og:description\" content=\"Tous les regards se tournent vers la femme Good Girl. Dot\u00e9e d&rsquo;un m\u00e9lange audacieux d&rsquo;\u00e9l\u00e9ments clairs et sombres, symbolisant une femme de contraste, l&rsquo;eau de...\" \/>\n<meta property=\"og:url\" content=\"https:\/\/thesweetshop.ma\/?product=carolina-herrera-good-girl-eau-de-parfum-80ml\" \/>\n<meta property=\"og:site_name\" content=\"The Sweet Shop\" \/>\n<meta property=\"article:modified_time\" content=\"2025-05-24T01:30:08+00:00\" \/>\n<meta property=\"og:image\" content=\"https:\/\/thesweetshop.ma\/wp-content\/uploads\/2023\/06\/vhv.jpeg\" \/>\n\t<meta property=\"og:image:width\" content=\"680\" \/>\n\t<meta property=\"og:image:height\" content=\"680\" \/>\n\t<meta property=\"og:image:type\" content=\"image\/jpeg\" \/>\n<meta name=\"twitter:card\" content=\"summary_large_image\" \/>\n<meta name=\"twitter:label1\" content=\"Dur\u00e9e de lecture estim\u00e9e\" \/>\n\t<meta name=\"twitter:data1\" content=\"1 minute\" \/>\n<script type=\"application\/ld+json\" class=\"yoast-schema-graph\">{\"@context\":\"https:\\\/\\\/schema.org\",\"@graph\":[{\"@type\":\"WebPage\",\"@id\":\"https:\\\/\\\/thesweetshop.ma\\\/?product=carolina-herrera-good-girl-eau-de-parfum-80ml\",\"url\":\"https:\\\/\\\/thesweetshop.ma\\\/?product=carolina-herrera-good-girl-eau-de-parfum-80ml\",\"name\":\"Carolina Herrera Good Girl Eau de Parfum 80ml - Maroc - The Sweet Shop\",\"isPartOf\":{\"@id\":\"https:\\\/\\\/thesweetshop.ma\\\/#website\"},\"primaryImageOfPage\":{\"@id\":\"https:\\\/\\\/thesweetshop.ma\\\/?product=carolina-herrera-good-girl-eau-de-parfum-80ml#primaryimage\"},\"image\":{\"@id\":\"https:\\\/\\\/thesweetshop.ma\\\/?product=carolina-herrera-good-girl-eau-de-parfum-80ml#primaryimage\"},\"thumbnailUrl\":\"https:\\\/\\\/thesweetshop.ma\\\/wp-content\\\/uploads\\\/2023\\\/06\\\/vhv.jpeg\",\"datePublished\":\"2023-06-22T14:32:57+00:00\",\"dateModified\":\"2025-05-24T01:30:08+00:00\",\"breadcrumb\":{\"@id\":\"https:\\\/\\\/thesweetshop.ma\\\/?product=carolina-herrera-good-girl-eau-de-parfum-80ml#breadcrumb\"},\"inLanguage\":\"fr-FR\",\"potentialAction\":[{\"@type\":\"ReadAction\",\"target\":[\"https:\\\/\\\/thesweetshop.ma\\\/?product=carolina-herrera-good-girl-eau-de-parfum-80ml\"]}]},{\"@type\":\"ImageObject\",\"inLanguage\":\"fr-FR\",\"@id\":\"https:\\\/\\\/thesweetshop.ma\\\/?product=carolina-herrera-good-girl-eau-de-parfum-80ml#primaryimage\",\"url\":\"https:\\\/\\\/thesweetshop.ma\\\/wp-content\\\/uploads\\\/2023\\\/06\\\/vhv.jpeg\",\"contentUrl\":\"https:\\\/\\\/thesweetshop.ma\\\/wp-content\\\/uploads\\\/2023\\\/06\\\/vhv.jpeg\",\"width\":680,\"height\":680},{\"@type\":\"BreadcrumbList\",\"@id\":\"https:\\\/\\\/thesweetshop.ma\\\/?product=carolina-herrera-good-girl-eau-de-parfum-80ml#breadcrumb\",\"itemListElement\":[{\"@type\":\"ListItem\",\"position\":1,\"name\":\"Home\",\"item\":\"https:\\\/\\\/thesweetshop.ma\\\/\"},{\"@type\":\"ListItem\",\"position\":2,\"name\":\"Shop\",\"item\":\"https:\\\/\\\/thesweetshop.ma\\\/?page_id=5\"},{\"@type\":\"ListItem\",\"position\":3,\"name\":\"Carolina Herrera Good Girl Eau de Parfum 80ml\"}]},{\"@type\":\"WebSite\",\"@id\":\"https:\\\/\\\/thesweetshop.ma\\\/#website\",\"url\":\"https:\\\/\\\/thesweetshop.ma\\\/\",\"name\":\"The Sweet Shop\",\"description\":\"1# Le premier site de maquillage au Maroc\",\"potentialAction\":[{\"@type\":\"SearchAction\",\"target\":{\"@type\":\"EntryPoint\",\"urlTemplate\":\"https:\\\/\\\/thesweetshop.ma\\\/?s={search_term_string}\"},\"query-input\":{\"@type\":\"PropertyValueSpecification\",\"valueRequired\":true,\"valueName\":\"search_term_string\"}}],\"inLanguage\":\"fr-FR\"}]}<\/script>\n<!-- \/ Yoast SEO plugin. -->","yoast_head_json":{"title":"Carolina Herrera Good Girl Eau de Parfum 80ml - Maroc - The Sweet Shop","robots":{"index":"index","follow":"follow","max-snippet":"max-snippet:-1","max-image-preview":"max-image-preview:large","max-video-preview":"max-video-preview:-1"},"canonical":"https:\/\/thesweetshop.ma\/?product=carolina-herrera-good-girl-eau-de-parfum-80ml","og_locale":"fr_FR","og_type":"article","og_title":"Carolina Herrera Good Girl Eau de Parfum 80ml - Maroc - The Sweet Shop","og_description":"Tous les regards se tournent vers la femme Good Girl. Dot\u00e9e d&rsquo;un m\u00e9lange audacieux d&rsquo;\u00e9l\u00e9ments clairs et sombres, symbolisant une femme de contraste, l&rsquo;eau de...","og_url":"https:\/\/thesweetshop.ma\/?product=carolina-herrera-good-girl-eau-de-parfum-80ml","og_site_name":"The Sweet Shop","article_modified_time":"2025-05-24T01:30:08+00:00","og_image":[{"width":680,"height":680,"url":"https:\/\/thesweetshop.ma\/wp-content\/uploads\/2023\/06\/vhv.jpeg","type":"image\/jpeg"}],"twitter_card":"summary_large_image","twitter_misc":{"Dur\u00e9e de lecture estim\u00e9e":"1 minute"},"schema":{"@context":"https:\/\/schema.org","@graph":[{"@type":"WebPage","@id":"https:\/\/thesweetshop.ma\/?product=carolina-herrera-good-girl-eau-de-parfum-80ml","url":"https:\/\/thesweetshop.ma\/?product=carolina-herrera-good-girl-eau-de-parfum-80ml","name":"Carolina Herrera Good Girl Eau de Parfum 80ml - Maroc - The Sweet Shop","isPartOf":{"@id":"https:\/\/thesweetshop.ma\/#website"},"primaryImageOfPage":{"@id":"https:\/\/thesweetshop.ma\/?product=carolina-herrera-good-girl-eau-de-parfum-80ml#primaryimage"},"image":{"@id":"https:\/\/thesweetshop.ma\/?product=carolina-herrera-good-girl-eau-de-parfum-80ml#primaryimage"},"thumbnailUrl":"https:\/\/thesweetshop.ma\/wp-content\/uploads\/2023\/06\/vhv.jpeg","datePublished":"2023-06-22T14:32:57+00:00","dateModified":"2025-05-24T01:30:08+00:00","breadcrumb":{"@id":"https:\/\/thesweetshop.ma\/?product=carolina-herrera-good-girl-eau-de-parfum-80ml#breadcrumb"},"inLanguage":"fr-FR","potentialAction":[{"@type":"ReadAction","target":["https:\/\/thesweetshop.ma\/?product=carolina-herrera-good-girl-eau-de-parfum-80ml"]}]},{"@type":"ImageObject","inLanguage":"fr-FR","@id":"https:\/\/thesweetshop.ma\/?product=carolina-herrera-good-girl-eau-de-parfum-80ml#primaryimage","url":"https:\/\/thesweetshop.ma\/wp-content\/uploads\/2023\/06\/vhv.jpeg","contentUrl":"https:\/\/thesweetshop.ma\/wp-content\/uploads\/2023\/06\/vhv.jpeg","width":680,"height":680},{"@type":"BreadcrumbList","@id":"https:\/\/thesweetshop.ma\/?product=carolina-herrera-good-girl-eau-de-parfum-80ml#breadcrumb","itemListElement":[{"@type":"ListItem","position":1,"name":"Home","item":"https:\/\/thesweetshop.ma\/"},{"@type":"ListItem","position":2,"name":"Shop","item":"https:\/\/thesweetshop.ma\/?page_id=5"},{"@type":"ListItem","position":3,"name":"Carolina Herrera Good Girl Eau de Parfum 80ml"}]},{"@type":"WebSite","@id":"https:\/\/thesweetshop.ma\/#website","url":"https:\/\/thesweetshop.ma\/","name":"The Sweet Shop","description":"1# Le premier site de maquillage au Maroc","potentialAction":[{"@type":"SearchAction","target":{"@type":"EntryPoint","urlTemplate":"https:\/\/thesweetshop.ma\/?s={search_term_string}"},"query-input":{"@type":"PropertyValueSpecification","valueRequired":true,"valueName":"search_term_string"}}],"inLanguage":"fr-FR"}]}},"jetpack_sharing_enabled":true,"_links":{"self":[{"href":"https:\/\/thesweetshop.ma\/index.php?rest_route=\/wp\/v2\/product\/2604","targetHints":{"allow":["GET"]}}],"collection":[{"href":"https:\/\/thesweetshop.ma\/index.php?rest_route=\/wp\/v2\/product"}],"about":[{"href":"https:\/\/thesweetshop.ma\/index.php?rest_route=\/wp\/v2\/types\/product"}],"replies":[{"embeddable":true,"href":"https:\/\/thesweetshop.ma\/index.php?rest_route=%2Fwp%2Fv2%2Fcomments&post=2604"}],"version-history":[{"count":1,"href":"https:\/\/thesweetshop.ma\/index.php?rest_route=\/wp\/v2\/product\/2604\/revisions"}],"predecessor-version":[{"id":2687,"href":"https:\/\/thesweetshop.ma\/index.php?rest_route=\/wp\/v2\/product\/2604\/revisions\/2687"}],"wp:featuredmedia":[{"embeddable":true,"href":"https:\/\/thesweetshop.ma\/index.php?rest_route=\/wp\/v2\/media\/2686"}],"wp:attachment":[{"href":"https:\/\/thesweetshop.ma\/index.php?rest_route=%2Fwp%2Fv2%2Fmedia&parent=2604"}],"wp:term":[{"taxonomy":"brand","embeddable":true,"href":"https:\/\/thesweetshop.ma\/index.php?rest_route=%2Fwp%2Fv2%2Fetheme_brands&post=2604"},{"taxonomy":"product_brand","embeddable":true,"href":"https:\/\/thesweetshop.ma\/index.php?rest_route=%2Fwp%2Fv2%2Fproduct_brand&post=2604"},{"taxonomy":"product_cat","embeddable":true,"href":"https:\/\/thesweetshop.ma\/index.php?rest_route=%2Fwp%2Fv2%2Fproduct_cat&post=2604"},{"taxonomy":"product_tag","embeddable":true,"href":"https:\/\/thesweetshop.ma\/index.php?rest_route=%2Fwp%2Fv2%2Fproduct_tag&post=2604"}],"curies":[{"name":"wp","href":"https:\/\/api.w.org\/{rel}","templated":true}]}}