{"id":2608,"date":"2023-06-22T14:32:57","date_gmt":"2023-06-22T14:32:57","guid":{"rendered":"https:\/\/thesweetshop.ma\/?post_type=product&#038;p=2608"},"modified":"2023-06-22T14:34:02","modified_gmt":"2023-06-22T14:34:02","slug":"paco-rabanne-phantom-eau-de-toilette-100ml","status":"publish","type":"product","link":"https:\/\/thesweetshop.ma\/?product=paco-rabanne-phantom-eau-de-toilette-100ml","title":{"rendered":"PACO RABANNE &#8211; Phantom Eau de Toilette 100ml"},"content":{"rendered":"<p>Phantom, le nouveau parfum pour homme de paco rabanne. L&rsquo;essence de la confiance en soi, aliment\u00e9e par les \u00e9nergies de bien-\u00eatre. Un parfum aromatique futuriste n\u00e9 du choc entre l&rsquo;artisanat de luxe et les nouvelles technologies. Utiliser un processus cr\u00e9atif de pointe pour s\u00e9lectionner des ingr\u00e9dients pour que vous vous sentiez \u00e9nergis\u00e9, puissamment confiant et sexy. Un parfum audacieux avec des notes de lavande cr\u00e9meuse addictive, \u00e9nergisante fusionnant le citron et la vanille bois\u00e9e sexy. Phantom a \u00e9t\u00e9 formul\u00e9 de mani\u00e8re responsable : un parfum d&rsquo;aujourd&rsquo;hui, cr\u00e9\u00e9 pour demain.<\/p>\n","protected":false},"excerpt":{"rendered":"<p>Phantom, le nouveau parfum pour homme de paco rabanne. L&rsquo;essence de la confiance en soi, aliment\u00e9e par les \u00e9nergies de bien-\u00eatre. Un parfum aromatique futuriste&#8230;<\/p>\n","protected":false},"featured_media":2694,"comment_status":"open","ping_status":"closed","template":"","meta":{"_joinchat":[]},"etheme_brands":[],"product_brand":[],"product_cat":[103,146,147,148,113],"product_tag":[],"class_list":{"0":"post-2608","1":"product","2":"type-product","3":"status-publish","4":"has-post-thumbnail","6":"product_cat-france","7":"product_cat-jean-paul","8":"product_cat-le-meilleur-parfum","9":"product_cat-paco-rabanne","10":"product_cat-parfum-pour-homme","12":"first","13":"instock","14":"sale","15":"shipping-taxable","16":"purchasable","17":"product-type-simple"},"yoast_head":"<!-- This site is optimized with the Yoast SEO plugin v27.4 - https:\/\/yoast.com\/product\/yoast-seo-wordpress\/ -->\n<title>PACO RABANNE - Phantom Eau de Toilette 100ml - Maroc - The Sweet Shop<\/title>\n<meta name=\"robots\" content=\"index, follow, max-snippet:-1, max-image-preview:large, max-video-preview:-1\" \/>\n<link rel=\"canonical\" href=\"https:\/\/thesweetshop.ma\/?product=paco-rabanne-phantom-eau-de-toilette-100ml\" \/>\n<meta property=\"og:locale\" content=\"fr_FR\" \/>\n<meta property=\"og:type\" content=\"article\" \/>\n<meta property=\"og:title\" content=\"PACO RABANNE - Phantom Eau de Toilette 100ml - Maroc - The Sweet Shop\" \/>\n<meta property=\"og:description\" content=\"Phantom, le nouveau parfum pour homme de paco rabanne. L&rsquo;essence de la confiance en soi, aliment\u00e9e par les \u00e9nergies de bien-\u00eatre. Un parfum aromatique futuriste...\" \/>\n<meta property=\"og:url\" content=\"https:\/\/thesweetshop.ma\/?product=paco-rabanne-phantom-eau-de-toilette-100ml\" \/>\n<meta property=\"og:site_name\" content=\"The Sweet Shop\" \/>\n<meta property=\"article:modified_time\" content=\"2023-06-22T14:34:02+00:00\" \/>\n<meta property=\"og:image\" content=\"https:\/\/thesweetshop.ma\/wp-content\/uploads\/2023\/06\/3818659_1_en_GB-scaled-1.jpeg\" \/>\n\t<meta property=\"og:image:width\" content=\"2560\" \/>\n\t<meta property=\"og:image:height\" content=\"2560\" \/>\n\t<meta property=\"og:image:type\" content=\"image\/jpeg\" \/>\n<meta name=\"twitter:card\" content=\"summary_large_image\" \/>\n<meta name=\"twitter:label1\" content=\"Dur\u00e9e de lecture estim\u00e9e\" \/>\n\t<meta name=\"twitter:data1\" content=\"1 minute\" \/>\n<script type=\"application\/ld+json\" class=\"yoast-schema-graph\">{\"@context\":\"https:\\\/\\\/schema.org\",\"@graph\":[{\"@type\":\"WebPage\",\"@id\":\"https:\\\/\\\/thesweetshop.ma\\\/?product=paco-rabanne-phantom-eau-de-toilette-100ml\",\"url\":\"https:\\\/\\\/thesweetshop.ma\\\/?product=paco-rabanne-phantom-eau-de-toilette-100ml\",\"name\":\"PACO RABANNE - Phantom Eau de Toilette 100ml - Maroc - The Sweet Shop\",\"isPartOf\":{\"@id\":\"https:\\\/\\\/thesweetshop.ma\\\/#website\"},\"primaryImageOfPage\":{\"@id\":\"https:\\\/\\\/thesweetshop.ma\\\/?product=paco-rabanne-phantom-eau-de-toilette-100ml#primaryimage\"},\"image\":{\"@id\":\"https:\\\/\\\/thesweetshop.ma\\\/?product=paco-rabanne-phantom-eau-de-toilette-100ml#primaryimage\"},\"thumbnailUrl\":\"https:\\\/\\\/thesweetshop.ma\\\/wp-content\\\/uploads\\\/2023\\\/06\\\/3818659_1_en_GB-scaled-1.jpeg\",\"datePublished\":\"2023-06-22T14:32:57+00:00\",\"dateModified\":\"2023-06-22T14:34:02+00:00\",\"breadcrumb\":{\"@id\":\"https:\\\/\\\/thesweetshop.ma\\\/?product=paco-rabanne-phantom-eau-de-toilette-100ml#breadcrumb\"},\"inLanguage\":\"fr-FR\",\"potentialAction\":[{\"@type\":\"ReadAction\",\"target\":[\"https:\\\/\\\/thesweetshop.ma\\\/?product=paco-rabanne-phantom-eau-de-toilette-100ml\"]}]},{\"@type\":\"ImageObject\",\"inLanguage\":\"fr-FR\",\"@id\":\"https:\\\/\\\/thesweetshop.ma\\\/?product=paco-rabanne-phantom-eau-de-toilette-100ml#primaryimage\",\"url\":\"https:\\\/\\\/thesweetshop.ma\\\/wp-content\\\/uploads\\\/2023\\\/06\\\/3818659_1_en_GB-scaled-1.jpeg\",\"contentUrl\":\"https:\\\/\\\/thesweetshop.ma\\\/wp-content\\\/uploads\\\/2023\\\/06\\\/3818659_1_en_GB-scaled-1.jpeg\",\"width\":2560,\"height\":2560},{\"@type\":\"BreadcrumbList\",\"@id\":\"https:\\\/\\\/thesweetshop.ma\\\/?product=paco-rabanne-phantom-eau-de-toilette-100ml#breadcrumb\",\"itemListElement\":[{\"@type\":\"ListItem\",\"position\":1,\"name\":\"Home\",\"item\":\"https:\\\/\\\/thesweetshop.ma\\\/\"},{\"@type\":\"ListItem\",\"position\":2,\"name\":\"Shop\",\"item\":\"https:\\\/\\\/thesweetshop.ma\\\/?page_id=5\"},{\"@type\":\"ListItem\",\"position\":3,\"name\":\"PACO RABANNE &#8211; Phantom Eau de Toilette 100ml\"}]},{\"@type\":\"WebSite\",\"@id\":\"https:\\\/\\\/thesweetshop.ma\\\/#website\",\"url\":\"https:\\\/\\\/thesweetshop.ma\\\/\",\"name\":\"The Sweet Shop\",\"description\":\"1# Le premier site de maquillage au Maroc\",\"potentialAction\":[{\"@type\":\"SearchAction\",\"target\":{\"@type\":\"EntryPoint\",\"urlTemplate\":\"https:\\\/\\\/thesweetshop.ma\\\/?s={search_term_string}\"},\"query-input\":{\"@type\":\"PropertyValueSpecification\",\"valueRequired\":true,\"valueName\":\"search_term_string\"}}],\"inLanguage\":\"fr-FR\"}]}<\/script>\n<!-- \/ Yoast SEO plugin. -->","yoast_head_json":{"title":"PACO RABANNE - Phantom Eau de Toilette 100ml - Maroc - The Sweet Shop","robots":{"index":"index","follow":"follow","max-snippet":"max-snippet:-1","max-image-preview":"max-image-preview:large","max-video-preview":"max-video-preview:-1"},"canonical":"https:\/\/thesweetshop.ma\/?product=paco-rabanne-phantom-eau-de-toilette-100ml","og_locale":"fr_FR","og_type":"article","og_title":"PACO RABANNE - Phantom Eau de Toilette 100ml - Maroc - The Sweet Shop","og_description":"Phantom, le nouveau parfum pour homme de paco rabanne. L&rsquo;essence de la confiance en soi, aliment\u00e9e par les \u00e9nergies de bien-\u00eatre. Un parfum aromatique futuriste...","og_url":"https:\/\/thesweetshop.ma\/?product=paco-rabanne-phantom-eau-de-toilette-100ml","og_site_name":"The Sweet Shop","article_modified_time":"2023-06-22T14:34:02+00:00","og_image":[{"width":2560,"height":2560,"url":"https:\/\/thesweetshop.ma\/wp-content\/uploads\/2023\/06\/3818659_1_en_GB-scaled-1.jpeg","type":"image\/jpeg"}],"twitter_card":"summary_large_image","twitter_misc":{"Dur\u00e9e de lecture estim\u00e9e":"1 minute"},"schema":{"@context":"https:\/\/schema.org","@graph":[{"@type":"WebPage","@id":"https:\/\/thesweetshop.ma\/?product=paco-rabanne-phantom-eau-de-toilette-100ml","url":"https:\/\/thesweetshop.ma\/?product=paco-rabanne-phantom-eau-de-toilette-100ml","name":"PACO RABANNE - Phantom Eau de Toilette 100ml - Maroc - The Sweet Shop","isPartOf":{"@id":"https:\/\/thesweetshop.ma\/#website"},"primaryImageOfPage":{"@id":"https:\/\/thesweetshop.ma\/?product=paco-rabanne-phantom-eau-de-toilette-100ml#primaryimage"},"image":{"@id":"https:\/\/thesweetshop.ma\/?product=paco-rabanne-phantom-eau-de-toilette-100ml#primaryimage"},"thumbnailUrl":"https:\/\/thesweetshop.ma\/wp-content\/uploads\/2023\/06\/3818659_1_en_GB-scaled-1.jpeg","datePublished":"2023-06-22T14:32:57+00:00","dateModified":"2023-06-22T14:34:02+00:00","breadcrumb":{"@id":"https:\/\/thesweetshop.ma\/?product=paco-rabanne-phantom-eau-de-toilette-100ml#breadcrumb"},"inLanguage":"fr-FR","potentialAction":[{"@type":"ReadAction","target":["https:\/\/thesweetshop.ma\/?product=paco-rabanne-phantom-eau-de-toilette-100ml"]}]},{"@type":"ImageObject","inLanguage":"fr-FR","@id":"https:\/\/thesweetshop.ma\/?product=paco-rabanne-phantom-eau-de-toilette-100ml#primaryimage","url":"https:\/\/thesweetshop.ma\/wp-content\/uploads\/2023\/06\/3818659_1_en_GB-scaled-1.jpeg","contentUrl":"https:\/\/thesweetshop.ma\/wp-content\/uploads\/2023\/06\/3818659_1_en_GB-scaled-1.jpeg","width":2560,"height":2560},{"@type":"BreadcrumbList","@id":"https:\/\/thesweetshop.ma\/?product=paco-rabanne-phantom-eau-de-toilette-100ml#breadcrumb","itemListElement":[{"@type":"ListItem","position":1,"name":"Home","item":"https:\/\/thesweetshop.ma\/"},{"@type":"ListItem","position":2,"name":"Shop","item":"https:\/\/thesweetshop.ma\/?page_id=5"},{"@type":"ListItem","position":3,"name":"PACO RABANNE &#8211; Phantom Eau de Toilette 100ml"}]},{"@type":"WebSite","@id":"https:\/\/thesweetshop.ma\/#website","url":"https:\/\/thesweetshop.ma\/","name":"The Sweet Shop","description":"1# Le premier site de maquillage au Maroc","potentialAction":[{"@type":"SearchAction","target":{"@type":"EntryPoint","urlTemplate":"https:\/\/thesweetshop.ma\/?s={search_term_string}"},"query-input":{"@type":"PropertyValueSpecification","valueRequired":true,"valueName":"search_term_string"}}],"inLanguage":"fr-FR"}]}},"jetpack_sharing_enabled":true,"_links":{"self":[{"href":"https:\/\/thesweetshop.ma\/index.php?rest_route=\/wp\/v2\/product\/2608","targetHints":{"allow":["GET"]}}],"collection":[{"href":"https:\/\/thesweetshop.ma\/index.php?rest_route=\/wp\/v2\/product"}],"about":[{"href":"https:\/\/thesweetshop.ma\/index.php?rest_route=\/wp\/v2\/types\/product"}],"replies":[{"embeddable":true,"href":"https:\/\/thesweetshop.ma\/index.php?rest_route=%2Fwp%2Fv2%2Fcomments&post=2608"}],"version-history":[{"count":1,"href":"https:\/\/thesweetshop.ma\/index.php?rest_route=\/wp\/v2\/product\/2608\/revisions"}],"predecessor-version":[{"id":2695,"href":"https:\/\/thesweetshop.ma\/index.php?rest_route=\/wp\/v2\/product\/2608\/revisions\/2695"}],"wp:featuredmedia":[{"embeddable":true,"href":"https:\/\/thesweetshop.ma\/index.php?rest_route=\/wp\/v2\/media\/2694"}],"wp:attachment":[{"href":"https:\/\/thesweetshop.ma\/index.php?rest_route=%2Fwp%2Fv2%2Fmedia&parent=2608"}],"wp:term":[{"taxonomy":"brand","embeddable":true,"href":"https:\/\/thesweetshop.ma\/index.php?rest_route=%2Fwp%2Fv2%2Fetheme_brands&post=2608"},{"taxonomy":"product_brand","embeddable":true,"href":"https:\/\/thesweetshop.ma\/index.php?rest_route=%2Fwp%2Fv2%2Fproduct_brand&post=2608"},{"taxonomy":"product_cat","embeddable":true,"href":"https:\/\/thesweetshop.ma\/index.php?rest_route=%2Fwp%2Fv2%2Fproduct_cat&post=2608"},{"taxonomy":"product_tag","embeddable":true,"href":"https:\/\/thesweetshop.ma\/index.php?rest_route=%2Fwp%2Fv2%2Fproduct_tag&post=2608"}],"curies":[{"name":"wp","href":"https:\/\/api.w.org\/{rel}","templated":true}]}}