{"id":2650,"date":"2023-06-22T14:33:20","date_gmt":"2023-06-22T14:33:20","guid":{"rendered":"https:\/\/thesweetshop.ma\/?post_type=product&#038;p=2650"},"modified":"2024-06-13T04:13:53","modified_gmt":"2024-06-13T04:13:53","slug":"versace-pour-homme-eau-de-toilette-100ml","status":"publish","type":"product","link":"https:\/\/thesweetshop.ma\/?product=versace-pour-homme-eau-de-toilette-100ml","title":{"rendered":"VERSACE POUR HOMME EAU DE TOILETTE, 100ml"},"content":{"rendered":"<div id=\"main-product-wrapper\" class=\"product-container\">\n<div class=\"tabs product-tabs\">\n<div id=\"product-infos-tabs-content\" class=\"tab-content\">\n<div id=\"description\" class=\"tab-pane in active\">\n<div class=\"product-description\">\n<div class=\"rte-content\">\n<p>Versace pour homme a \u00e9t\u00e9 cr\u00e9\u00e9 en 2009 par Versace pour l&rsquo;homme moderne, qui aime les ingr\u00e9dients frais et naturels. Pour Versace, le Versace pour homme homme transmet s\u00e9curit\u00e9, passion et \u00e9nergie \u00e0 travers un parfum r\u00e9solument masculin.<\/p>\n<p>M\u00eame si au premier abord, il peut sembler un parfum classique, rien n&rsquo;est plus \u00e9loign\u00e9 de la r\u00e9alit\u00e9. Dans sa combinaison, des ingr\u00e9dients aussi divers que le g\u00e9ranium et la bergamote sont parfaitement int\u00e9gr\u00e9s et fusionn\u00e9s, ce qui lui donne des notes de chaleur et d&rsquo;intensit\u00e9.<\/p>\n<p>Ce parfum est recommand\u00e9 pour tous les usages en raison de son intensit\u00e9 aromatique et de sa durabilit\u00e9 olfactive.<\/p>\n<\/div>\n<\/div>\n<\/div>\n<\/div>\n<\/div>\n<\/div>\n","protected":false},"excerpt":{"rendered":"<p>Versace pour homme a \u00e9t\u00e9 cr\u00e9\u00e9 en 2009 par Versace pour l&rsquo;homme moderne, qui aime les ingr\u00e9dients frais et naturels. Pour Versace, le Versace pour&#8230;<\/p>\n","protected":false},"featured_media":2718,"comment_status":"open","ping_status":"closed","template":"","meta":{"_joinchat":[]},"etheme_brands":[],"product_brand":[],"product_cat":[100,113,151],"product_tag":[],"class_list":{"0":"post-2650","1":"product","2":"type-product","3":"status-publish","4":"has-post-thumbnail","6":"product_cat-italie","7":"product_cat-parfum-pour-homme","8":"product_cat-versace","10":"first","11":"instock","12":"shipping-taxable","13":"purchasable","14":"product-type-simple"},"yoast_head":"<!-- This site is optimized with the Yoast SEO plugin v27.4 - https:\/\/yoast.com\/product\/yoast-seo-wordpress\/ -->\n<title>VERSACE POUR HOMME EAU DE TOILETTE, 100ml - Maroc - The Sweet Shop<\/title>\n<meta name=\"robots\" content=\"index, follow, max-snippet:-1, max-image-preview:large, max-video-preview:-1\" \/>\n<link rel=\"canonical\" href=\"https:\/\/thesweetshop.ma\/?product=versace-pour-homme-eau-de-toilette-100ml\" \/>\n<meta property=\"og:locale\" content=\"fr_FR\" \/>\n<meta property=\"og:type\" content=\"article\" \/>\n<meta property=\"og:title\" content=\"VERSACE POUR HOMME EAU DE TOILETTE, 100ml - Maroc - The Sweet Shop\" \/>\n<meta property=\"og:description\" content=\"Versace pour homme a \u00e9t\u00e9 cr\u00e9\u00e9 en 2009 par Versace pour l&rsquo;homme moderne, qui aime les ingr\u00e9dients frais et naturels. Pour Versace, le Versace pour...\" \/>\n<meta property=\"og:url\" content=\"https:\/\/thesweetshop.ma\/?product=versace-pour-homme-eau-de-toilette-100ml\" \/>\n<meta property=\"og:site_name\" content=\"The Sweet Shop\" \/>\n<meta property=\"article:modified_time\" content=\"2024-06-13T04:13:53+00:00\" \/>\n<meta property=\"og:image\" content=\"https:\/\/thesweetshop.ma\/wp-content\/uploads\/2023\/06\/versace-pour-homme.jpeg\" \/>\n\t<meta property=\"og:image:width\" content=\"600\" \/>\n\t<meta property=\"og:image:height\" content=\"600\" \/>\n\t<meta property=\"og:image:type\" content=\"image\/jpeg\" \/>\n<meta name=\"twitter:card\" content=\"summary_large_image\" \/>\n<meta name=\"twitter:label1\" content=\"Dur\u00e9e de lecture estim\u00e9e\" \/>\n\t<meta name=\"twitter:data1\" content=\"1 minute\" \/>\n<script type=\"application\/ld+json\" class=\"yoast-schema-graph\">{\"@context\":\"https:\\\/\\\/schema.org\",\"@graph\":[{\"@type\":\"WebPage\",\"@id\":\"https:\\\/\\\/thesweetshop.ma\\\/?product=versace-pour-homme-eau-de-toilette-100ml\",\"url\":\"https:\\\/\\\/thesweetshop.ma\\\/?product=versace-pour-homme-eau-de-toilette-100ml\",\"name\":\"VERSACE POUR HOMME EAU DE TOILETTE, 100ml - Maroc - The Sweet Shop\",\"isPartOf\":{\"@id\":\"https:\\\/\\\/thesweetshop.ma\\\/#website\"},\"primaryImageOfPage\":{\"@id\":\"https:\\\/\\\/thesweetshop.ma\\\/?product=versace-pour-homme-eau-de-toilette-100ml#primaryimage\"},\"image\":{\"@id\":\"https:\\\/\\\/thesweetshop.ma\\\/?product=versace-pour-homme-eau-de-toilette-100ml#primaryimage\"},\"thumbnailUrl\":\"https:\\\/\\\/thesweetshop.ma\\\/wp-content\\\/uploads\\\/2023\\\/06\\\/versace-pour-homme.jpeg\",\"datePublished\":\"2023-06-22T14:33:20+00:00\",\"dateModified\":\"2024-06-13T04:13:53+00:00\",\"breadcrumb\":{\"@id\":\"https:\\\/\\\/thesweetshop.ma\\\/?product=versace-pour-homme-eau-de-toilette-100ml#breadcrumb\"},\"inLanguage\":\"fr-FR\",\"potentialAction\":[{\"@type\":\"ReadAction\",\"target\":[\"https:\\\/\\\/thesweetshop.ma\\\/?product=versace-pour-homme-eau-de-toilette-100ml\"]}]},{\"@type\":\"ImageObject\",\"inLanguage\":\"fr-FR\",\"@id\":\"https:\\\/\\\/thesweetshop.ma\\\/?product=versace-pour-homme-eau-de-toilette-100ml#primaryimage\",\"url\":\"https:\\\/\\\/thesweetshop.ma\\\/wp-content\\\/uploads\\\/2023\\\/06\\\/versace-pour-homme.jpeg\",\"contentUrl\":\"https:\\\/\\\/thesweetshop.ma\\\/wp-content\\\/uploads\\\/2023\\\/06\\\/versace-pour-homme.jpeg\",\"width\":600,\"height\":600},{\"@type\":\"BreadcrumbList\",\"@id\":\"https:\\\/\\\/thesweetshop.ma\\\/?product=versace-pour-homme-eau-de-toilette-100ml#breadcrumb\",\"itemListElement\":[{\"@type\":\"ListItem\",\"position\":1,\"name\":\"Home\",\"item\":\"https:\\\/\\\/thesweetshop.ma\\\/\"},{\"@type\":\"ListItem\",\"position\":2,\"name\":\"Shop\",\"item\":\"https:\\\/\\\/thesweetshop.ma\\\/?page_id=5\"},{\"@type\":\"ListItem\",\"position\":3,\"name\":\"VERSACE POUR HOMME EAU DE TOILETTE, 100ml\"}]},{\"@type\":\"WebSite\",\"@id\":\"https:\\\/\\\/thesweetshop.ma\\\/#website\",\"url\":\"https:\\\/\\\/thesweetshop.ma\\\/\",\"name\":\"The Sweet Shop\",\"description\":\"1# Le premier site de maquillage au Maroc\",\"potentialAction\":[{\"@type\":\"SearchAction\",\"target\":{\"@type\":\"EntryPoint\",\"urlTemplate\":\"https:\\\/\\\/thesweetshop.ma\\\/?s={search_term_string}\"},\"query-input\":{\"@type\":\"PropertyValueSpecification\",\"valueRequired\":true,\"valueName\":\"search_term_string\"}}],\"inLanguage\":\"fr-FR\"}]}<\/script>\n<!-- \/ Yoast SEO plugin. -->","yoast_head_json":{"title":"VERSACE POUR HOMME EAU DE TOILETTE, 100ml - Maroc - The Sweet Shop","robots":{"index":"index","follow":"follow","max-snippet":"max-snippet:-1","max-image-preview":"max-image-preview:large","max-video-preview":"max-video-preview:-1"},"canonical":"https:\/\/thesweetshop.ma\/?product=versace-pour-homme-eau-de-toilette-100ml","og_locale":"fr_FR","og_type":"article","og_title":"VERSACE POUR HOMME EAU DE TOILETTE, 100ml - Maroc - The Sweet Shop","og_description":"Versace pour homme a \u00e9t\u00e9 cr\u00e9\u00e9 en 2009 par Versace pour l&rsquo;homme moderne, qui aime les ingr\u00e9dients frais et naturels. Pour Versace, le Versace pour...","og_url":"https:\/\/thesweetshop.ma\/?product=versace-pour-homme-eau-de-toilette-100ml","og_site_name":"The Sweet Shop","article_modified_time":"2024-06-13T04:13:53+00:00","og_image":[{"width":600,"height":600,"url":"https:\/\/thesweetshop.ma\/wp-content\/uploads\/2023\/06\/versace-pour-homme.jpeg","type":"image\/jpeg"}],"twitter_card":"summary_large_image","twitter_misc":{"Dur\u00e9e de lecture estim\u00e9e":"1 minute"},"schema":{"@context":"https:\/\/schema.org","@graph":[{"@type":"WebPage","@id":"https:\/\/thesweetshop.ma\/?product=versace-pour-homme-eau-de-toilette-100ml","url":"https:\/\/thesweetshop.ma\/?product=versace-pour-homme-eau-de-toilette-100ml","name":"VERSACE POUR HOMME EAU DE TOILETTE, 100ml - Maroc - The Sweet Shop","isPartOf":{"@id":"https:\/\/thesweetshop.ma\/#website"},"primaryImageOfPage":{"@id":"https:\/\/thesweetshop.ma\/?product=versace-pour-homme-eau-de-toilette-100ml#primaryimage"},"image":{"@id":"https:\/\/thesweetshop.ma\/?product=versace-pour-homme-eau-de-toilette-100ml#primaryimage"},"thumbnailUrl":"https:\/\/thesweetshop.ma\/wp-content\/uploads\/2023\/06\/versace-pour-homme.jpeg","datePublished":"2023-06-22T14:33:20+00:00","dateModified":"2024-06-13T04:13:53+00:00","breadcrumb":{"@id":"https:\/\/thesweetshop.ma\/?product=versace-pour-homme-eau-de-toilette-100ml#breadcrumb"},"inLanguage":"fr-FR","potentialAction":[{"@type":"ReadAction","target":["https:\/\/thesweetshop.ma\/?product=versace-pour-homme-eau-de-toilette-100ml"]}]},{"@type":"ImageObject","inLanguage":"fr-FR","@id":"https:\/\/thesweetshop.ma\/?product=versace-pour-homme-eau-de-toilette-100ml#primaryimage","url":"https:\/\/thesweetshop.ma\/wp-content\/uploads\/2023\/06\/versace-pour-homme.jpeg","contentUrl":"https:\/\/thesweetshop.ma\/wp-content\/uploads\/2023\/06\/versace-pour-homme.jpeg","width":600,"height":600},{"@type":"BreadcrumbList","@id":"https:\/\/thesweetshop.ma\/?product=versace-pour-homme-eau-de-toilette-100ml#breadcrumb","itemListElement":[{"@type":"ListItem","position":1,"name":"Home","item":"https:\/\/thesweetshop.ma\/"},{"@type":"ListItem","position":2,"name":"Shop","item":"https:\/\/thesweetshop.ma\/?page_id=5"},{"@type":"ListItem","position":3,"name":"VERSACE POUR HOMME EAU DE TOILETTE, 100ml"}]},{"@type":"WebSite","@id":"https:\/\/thesweetshop.ma\/#website","url":"https:\/\/thesweetshop.ma\/","name":"The Sweet Shop","description":"1# Le premier site de maquillage au Maroc","potentialAction":[{"@type":"SearchAction","target":{"@type":"EntryPoint","urlTemplate":"https:\/\/thesweetshop.ma\/?s={search_term_string}"},"query-input":{"@type":"PropertyValueSpecification","valueRequired":true,"valueName":"search_term_string"}}],"inLanguage":"fr-FR"}]}},"jetpack_sharing_enabled":true,"_links":{"self":[{"href":"https:\/\/thesweetshop.ma\/index.php?rest_route=\/wp\/v2\/product\/2650","targetHints":{"allow":["GET"]}}],"collection":[{"href":"https:\/\/thesweetshop.ma\/index.php?rest_route=\/wp\/v2\/product"}],"about":[{"href":"https:\/\/thesweetshop.ma\/index.php?rest_route=\/wp\/v2\/types\/product"}],"replies":[{"embeddable":true,"href":"https:\/\/thesweetshop.ma\/index.php?rest_route=%2Fwp%2Fv2%2Fcomments&post=2650"}],"version-history":[{"count":1,"href":"https:\/\/thesweetshop.ma\/index.php?rest_route=\/wp\/v2\/product\/2650\/revisions"}],"predecessor-version":[{"id":2719,"href":"https:\/\/thesweetshop.ma\/index.php?rest_route=\/wp\/v2\/product\/2650\/revisions\/2719"}],"wp:featuredmedia":[{"embeddable":true,"href":"https:\/\/thesweetshop.ma\/index.php?rest_route=\/wp\/v2\/media\/2718"}],"wp:attachment":[{"href":"https:\/\/thesweetshop.ma\/index.php?rest_route=%2Fwp%2Fv2%2Fmedia&parent=2650"}],"wp:term":[{"taxonomy":"brand","embeddable":true,"href":"https:\/\/thesweetshop.ma\/index.php?rest_route=%2Fwp%2Fv2%2Fetheme_brands&post=2650"},{"taxonomy":"product_brand","embeddable":true,"href":"https:\/\/thesweetshop.ma\/index.php?rest_route=%2Fwp%2Fv2%2Fproduct_brand&post=2650"},{"taxonomy":"product_cat","embeddable":true,"href":"https:\/\/thesweetshop.ma\/index.php?rest_route=%2Fwp%2Fv2%2Fproduct_cat&post=2650"},{"taxonomy":"product_tag","embeddable":true,"href":"https:\/\/thesweetshop.ma\/index.php?rest_route=%2Fwp%2Fv2%2Fproduct_tag&post=2650"}],"curies":[{"name":"wp","href":"https:\/\/api.w.org\/{rel}","templated":true}]}}