{"id":2651,"date":"2023-06-22T14:33:20","date_gmt":"2023-06-22T14:33:20","guid":{"rendered":"https:\/\/thesweetshop.ma\/?post_type=product&#038;p=2651"},"modified":"2025-05-24T01:26:40","modified_gmt":"2025-05-24T01:26:40","slug":"versace-pour-homme-dylan-blue-eau-de-toilette-100ml","status":"publish","type":"product","link":"https:\/\/thesweetshop.ma\/?product=versace-pour-homme-dylan-blue-eau-de-toilette-100ml","title":{"rendered":"Versace pour Homme Dylan Blue Eau de toilette, 100ml"},"content":{"rendered":"<p><b>Versace Pour Homme Dylan Blue<\/b>\u00a0de\u00a0<b>Versace<\/b>\u00a0est un parfum Aromatique Foug\u00e8re pour homme.\u00a0<b>Versace Pour Homme Dylan Blue<\/b>\u00a0a \u00e9t\u00e9 lanc\u00e9 en 2016. Le nez derri\u00e8re ce parfum est Alberto Morillas. Les notes de t\u00eate sont Bergamote de Calabria, Pamplemousse, Notes aquatiques et Feuille de figuier; les notes de coeur sont Ambroxan, Patchouli, Poivre noir, Feuille de violette et Papyrus; les notes de fond sont Encens, Musc, F\u00e8ve de tonka et Safran.<\/p>\n","protected":false},"excerpt":{"rendered":"<p>Versace Pour Homme Dylan Blue\u00a0de\u00a0Versace\u00a0est un parfum Aromatique Foug\u00e8re pour homme.\u00a0Versace Pour Homme Dylan Blue\u00a0a \u00e9t\u00e9 lanc\u00e9 en 2016. Le nez derri\u00e8re ce parfum est&#8230;<\/p>\n","protected":false},"featured_media":2720,"comment_status":"open","ping_status":"closed","template":"","meta":{"_joinchat":[]},"etheme_brands":[],"product_brand":[],"product_cat":[100,113,151],"product_tag":[],"class_list":{"0":"post-2651","1":"product","2":"type-product","3":"status-publish","4":"has-post-thumbnail","6":"product_cat-italie","7":"product_cat-parfum-pour-homme","8":"product_cat-versace","10":"first","11":"instock","12":"shipping-taxable","13":"purchasable","14":"product-type-simple"},"yoast_head":"<!-- This site is optimized with the Yoast SEO plugin v27.4 - https:\/\/yoast.com\/product\/yoast-seo-wordpress\/ -->\n<title>Versace pour Homme Dylan Blue Eau de toilette, 100ml - Maroc - The Sweet Shop<\/title>\n<meta name=\"robots\" content=\"index, follow, max-snippet:-1, max-image-preview:large, max-video-preview:-1\" \/>\n<link rel=\"canonical\" href=\"https:\/\/thesweetshop.ma\/?product=versace-pour-homme-dylan-blue-eau-de-toilette-100ml\" \/>\n<meta property=\"og:locale\" content=\"fr_FR\" \/>\n<meta property=\"og:type\" content=\"article\" \/>\n<meta property=\"og:title\" content=\"Versace pour Homme Dylan Blue Eau de toilette, 100ml - Maroc - The Sweet Shop\" \/>\n<meta property=\"og:description\" content=\"Versace Pour Homme Dylan Blue\u00a0de\u00a0Versace\u00a0est un parfum Aromatique Foug\u00e8re pour homme.\u00a0Versace Pour Homme Dylan Blue\u00a0a \u00e9t\u00e9 lanc\u00e9 en 2016. Le nez derri\u00e8re ce parfum est...\" \/>\n<meta property=\"og:url\" content=\"https:\/\/thesweetshop.ma\/?product=versace-pour-homme-dylan-blue-eau-de-toilette-100ml\" \/>\n<meta property=\"og:site_name\" content=\"The Sweet Shop\" \/>\n<meta property=\"article:modified_time\" content=\"2025-05-24T01:26:40+00:00\" \/>\n<meta property=\"og:image\" content=\"https:\/\/thesweetshop.ma\/wp-content\/uploads\/2023\/06\/dylan-blue-homme-boite-et-flacon.jpeg\" \/>\n\t<meta property=\"og:image:width\" content=\"710\" \/>\n\t<meta property=\"og:image:height\" content=\"710\" \/>\n\t<meta property=\"og:image:type\" content=\"image\/jpeg\" \/>\n<meta name=\"twitter:card\" content=\"summary_large_image\" \/>\n<meta name=\"twitter:label1\" content=\"Dur\u00e9e de lecture estim\u00e9e\" \/>\n\t<meta name=\"twitter:data1\" content=\"1 minute\" \/>\n<script type=\"application\/ld+json\" class=\"yoast-schema-graph\">{\"@context\":\"https:\\\/\\\/schema.org\",\"@graph\":[{\"@type\":\"WebPage\",\"@id\":\"https:\\\/\\\/thesweetshop.ma\\\/?product=versace-pour-homme-dylan-blue-eau-de-toilette-100ml\",\"url\":\"https:\\\/\\\/thesweetshop.ma\\\/?product=versace-pour-homme-dylan-blue-eau-de-toilette-100ml\",\"name\":\"Versace pour Homme Dylan Blue Eau de toilette, 100ml - Maroc - The Sweet Shop\",\"isPartOf\":{\"@id\":\"https:\\\/\\\/thesweetshop.ma\\\/#website\"},\"primaryImageOfPage\":{\"@id\":\"https:\\\/\\\/thesweetshop.ma\\\/?product=versace-pour-homme-dylan-blue-eau-de-toilette-100ml#primaryimage\"},\"image\":{\"@id\":\"https:\\\/\\\/thesweetshop.ma\\\/?product=versace-pour-homme-dylan-blue-eau-de-toilette-100ml#primaryimage\"},\"thumbnailUrl\":\"https:\\\/\\\/thesweetshop.ma\\\/wp-content\\\/uploads\\\/2023\\\/06\\\/dylan-blue-homme-boite-et-flacon.jpeg\",\"datePublished\":\"2023-06-22T14:33:20+00:00\",\"dateModified\":\"2025-05-24T01:26:40+00:00\",\"breadcrumb\":{\"@id\":\"https:\\\/\\\/thesweetshop.ma\\\/?product=versace-pour-homme-dylan-blue-eau-de-toilette-100ml#breadcrumb\"},\"inLanguage\":\"fr-FR\",\"potentialAction\":[{\"@type\":\"ReadAction\",\"target\":[\"https:\\\/\\\/thesweetshop.ma\\\/?product=versace-pour-homme-dylan-blue-eau-de-toilette-100ml\"]}]},{\"@type\":\"ImageObject\",\"inLanguage\":\"fr-FR\",\"@id\":\"https:\\\/\\\/thesweetshop.ma\\\/?product=versace-pour-homme-dylan-blue-eau-de-toilette-100ml#primaryimage\",\"url\":\"https:\\\/\\\/thesweetshop.ma\\\/wp-content\\\/uploads\\\/2023\\\/06\\\/dylan-blue-homme-boite-et-flacon.jpeg\",\"contentUrl\":\"https:\\\/\\\/thesweetshop.ma\\\/wp-content\\\/uploads\\\/2023\\\/06\\\/dylan-blue-homme-boite-et-flacon.jpeg\",\"width\":710,\"height\":710},{\"@type\":\"BreadcrumbList\",\"@id\":\"https:\\\/\\\/thesweetshop.ma\\\/?product=versace-pour-homme-dylan-blue-eau-de-toilette-100ml#breadcrumb\",\"itemListElement\":[{\"@type\":\"ListItem\",\"position\":1,\"name\":\"Home\",\"item\":\"https:\\\/\\\/thesweetshop.ma\\\/\"},{\"@type\":\"ListItem\",\"position\":2,\"name\":\"Shop\",\"item\":\"https:\\\/\\\/thesweetshop.ma\\\/?page_id=5\"},{\"@type\":\"ListItem\",\"position\":3,\"name\":\"Versace pour Homme Dylan Blue Eau de toilette, 100ml\"}]},{\"@type\":\"WebSite\",\"@id\":\"https:\\\/\\\/thesweetshop.ma\\\/#website\",\"url\":\"https:\\\/\\\/thesweetshop.ma\\\/\",\"name\":\"The Sweet Shop\",\"description\":\"1# Le premier site de maquillage au Maroc\",\"potentialAction\":[{\"@type\":\"SearchAction\",\"target\":{\"@type\":\"EntryPoint\",\"urlTemplate\":\"https:\\\/\\\/thesweetshop.ma\\\/?s={search_term_string}\"},\"query-input\":{\"@type\":\"PropertyValueSpecification\",\"valueRequired\":true,\"valueName\":\"search_term_string\"}}],\"inLanguage\":\"fr-FR\"}]}<\/script>\n<!-- \/ Yoast SEO plugin. -->","yoast_head_json":{"title":"Versace pour Homme Dylan Blue Eau de toilette, 100ml - Maroc - The Sweet Shop","robots":{"index":"index","follow":"follow","max-snippet":"max-snippet:-1","max-image-preview":"max-image-preview:large","max-video-preview":"max-video-preview:-1"},"canonical":"https:\/\/thesweetshop.ma\/?product=versace-pour-homme-dylan-blue-eau-de-toilette-100ml","og_locale":"fr_FR","og_type":"article","og_title":"Versace pour Homme Dylan Blue Eau de toilette, 100ml - Maroc - The Sweet Shop","og_description":"Versace Pour Homme Dylan Blue\u00a0de\u00a0Versace\u00a0est un parfum Aromatique Foug\u00e8re pour homme.\u00a0Versace Pour Homme Dylan Blue\u00a0a \u00e9t\u00e9 lanc\u00e9 en 2016. Le nez derri\u00e8re ce parfum est...","og_url":"https:\/\/thesweetshop.ma\/?product=versace-pour-homme-dylan-blue-eau-de-toilette-100ml","og_site_name":"The Sweet Shop","article_modified_time":"2025-05-24T01:26:40+00:00","og_image":[{"width":710,"height":710,"url":"https:\/\/thesweetshop.ma\/wp-content\/uploads\/2023\/06\/dylan-blue-homme-boite-et-flacon.jpeg","type":"image\/jpeg"}],"twitter_card":"summary_large_image","twitter_misc":{"Dur\u00e9e de lecture estim\u00e9e":"1 minute"},"schema":{"@context":"https:\/\/schema.org","@graph":[{"@type":"WebPage","@id":"https:\/\/thesweetshop.ma\/?product=versace-pour-homme-dylan-blue-eau-de-toilette-100ml","url":"https:\/\/thesweetshop.ma\/?product=versace-pour-homme-dylan-blue-eau-de-toilette-100ml","name":"Versace pour Homme Dylan Blue Eau de toilette, 100ml - Maroc - The Sweet Shop","isPartOf":{"@id":"https:\/\/thesweetshop.ma\/#website"},"primaryImageOfPage":{"@id":"https:\/\/thesweetshop.ma\/?product=versace-pour-homme-dylan-blue-eau-de-toilette-100ml#primaryimage"},"image":{"@id":"https:\/\/thesweetshop.ma\/?product=versace-pour-homme-dylan-blue-eau-de-toilette-100ml#primaryimage"},"thumbnailUrl":"https:\/\/thesweetshop.ma\/wp-content\/uploads\/2023\/06\/dylan-blue-homme-boite-et-flacon.jpeg","datePublished":"2023-06-22T14:33:20+00:00","dateModified":"2025-05-24T01:26:40+00:00","breadcrumb":{"@id":"https:\/\/thesweetshop.ma\/?product=versace-pour-homme-dylan-blue-eau-de-toilette-100ml#breadcrumb"},"inLanguage":"fr-FR","potentialAction":[{"@type":"ReadAction","target":["https:\/\/thesweetshop.ma\/?product=versace-pour-homme-dylan-blue-eau-de-toilette-100ml"]}]},{"@type":"ImageObject","inLanguage":"fr-FR","@id":"https:\/\/thesweetshop.ma\/?product=versace-pour-homme-dylan-blue-eau-de-toilette-100ml#primaryimage","url":"https:\/\/thesweetshop.ma\/wp-content\/uploads\/2023\/06\/dylan-blue-homme-boite-et-flacon.jpeg","contentUrl":"https:\/\/thesweetshop.ma\/wp-content\/uploads\/2023\/06\/dylan-blue-homme-boite-et-flacon.jpeg","width":710,"height":710},{"@type":"BreadcrumbList","@id":"https:\/\/thesweetshop.ma\/?product=versace-pour-homme-dylan-blue-eau-de-toilette-100ml#breadcrumb","itemListElement":[{"@type":"ListItem","position":1,"name":"Home","item":"https:\/\/thesweetshop.ma\/"},{"@type":"ListItem","position":2,"name":"Shop","item":"https:\/\/thesweetshop.ma\/?page_id=5"},{"@type":"ListItem","position":3,"name":"Versace pour Homme Dylan Blue Eau de toilette, 100ml"}]},{"@type":"WebSite","@id":"https:\/\/thesweetshop.ma\/#website","url":"https:\/\/thesweetshop.ma\/","name":"The Sweet Shop","description":"1# Le premier site de maquillage au Maroc","potentialAction":[{"@type":"SearchAction","target":{"@type":"EntryPoint","urlTemplate":"https:\/\/thesweetshop.ma\/?s={search_term_string}"},"query-input":{"@type":"PropertyValueSpecification","valueRequired":true,"valueName":"search_term_string"}}],"inLanguage":"fr-FR"}]}},"jetpack_sharing_enabled":true,"_links":{"self":[{"href":"https:\/\/thesweetshop.ma\/index.php?rest_route=\/wp\/v2\/product\/2651","targetHints":{"allow":["GET"]}}],"collection":[{"href":"https:\/\/thesweetshop.ma\/index.php?rest_route=\/wp\/v2\/product"}],"about":[{"href":"https:\/\/thesweetshop.ma\/index.php?rest_route=\/wp\/v2\/types\/product"}],"replies":[{"embeddable":true,"href":"https:\/\/thesweetshop.ma\/index.php?rest_route=%2Fwp%2Fv2%2Fcomments&post=2651"}],"version-history":[{"count":1,"href":"https:\/\/thesweetshop.ma\/index.php?rest_route=\/wp\/v2\/product\/2651\/revisions"}],"predecessor-version":[{"id":2721,"href":"https:\/\/thesweetshop.ma\/index.php?rest_route=\/wp\/v2\/product\/2651\/revisions\/2721"}],"wp:featuredmedia":[{"embeddable":true,"href":"https:\/\/thesweetshop.ma\/index.php?rest_route=\/wp\/v2\/media\/2720"}],"wp:attachment":[{"href":"https:\/\/thesweetshop.ma\/index.php?rest_route=%2Fwp%2Fv2%2Fmedia&parent=2651"}],"wp:term":[{"taxonomy":"brand","embeddable":true,"href":"https:\/\/thesweetshop.ma\/index.php?rest_route=%2Fwp%2Fv2%2Fetheme_brands&post=2651"},{"taxonomy":"product_brand","embeddable":true,"href":"https:\/\/thesweetshop.ma\/index.php?rest_route=%2Fwp%2Fv2%2Fproduct_brand&post=2651"},{"taxonomy":"product_cat","embeddable":true,"href":"https:\/\/thesweetshop.ma\/index.php?rest_route=%2Fwp%2Fv2%2Fproduct_cat&post=2651"},{"taxonomy":"product_tag","embeddable":true,"href":"https:\/\/thesweetshop.ma\/index.php?rest_route=%2Fwp%2Fv2%2Fproduct_tag&post=2651"}],"curies":[{"name":"wp","href":"https:\/\/api.w.org\/{rel}","templated":true}]}}