{"id":2655,"date":"2023-06-22T14:33:20","date_gmt":"2023-06-22T14:33:20","guid":{"rendered":"https:\/\/thesweetshop.ma\/?post_type=product&#038;p=2655"},"modified":"2025-01-09T01:26:10","modified_gmt":"2025-01-09T01:26:10","slug":"yves-saint-laurent-pour-homme-eau-de-toilette-100ml","status":"publish","type":"product","link":"https:\/\/thesweetshop.ma\/?product=yves-saint-laurent-pour-homme-eau-de-toilette-100ml","title":{"rendered":"Yves Saint Laurent pour homme Eau de toilette, 100ml"},"content":{"rendered":"<p><b>Yves Saint Laurent Y<\/b>\u00a0de\u00a0<b>Yves Saint Laurent<\/b>\u00a0est un parfum Bois\u00e9 Aromatique pour homme.\u00a0<b>Yves Saint Laurent Y<\/b> a \u00e9t\u00e9 lanc\u00e9 en 2017. Le nez derri\u00e8re ce parfum est Dominique Ropion. Les notes de t\u00eate sont Ald\u00e9hydes, Bergamote, Gingembre, Menthe et Citron; les notes de coeur sont Pomme, Feuille de violette, Sauge, Ananas et G\u00e9ranium; les notes de fond sont Ambre gris, Musc, C\u00e8dre, Sapin baumier, Encens et V\u00e9tiver.<\/p>\n<h6>accords principaux<\/h6>\n<div class=\"grid-x\">\n<div class=\"cell accord-box\">\n<div class=\"accord-bar\">aromatique<\/div>\n<\/div>\n<div class=\"cell accord-box\">\n<div class=\"accord-bar\">frais<\/div>\n<\/div>\n<div class=\"cell accord-box\">\n<div class=\"accord-bar\">agrume<\/div>\n<\/div>\n<div class=\"cell accord-box\">\n<div class=\"accord-bar\">\u00e9pic\u00e9 frais<\/div>\n<\/div>\n<div class=\"cell accord-box\">\n<div class=\"accord-bar\">ambre<\/div>\n<\/div>\n<div class=\"cell accord-box\">\n<div class=\"accord-bar\">vert<\/div>\n<\/div>\n<div class=\"cell accord-box\">\n<div class=\"accord-bar\">ald\u00e9hyd\u00e9<\/div>\n<\/div>\n<div class=\"cell accord-box\">\n<div class=\"accord-bar\">bois\u00e9<\/div>\n<\/div>\n<div class=\"cell accord-box\">\n<div class=\"accord-bar\">fruit\u00e9<\/div>\n<\/div>\n<div class=\"cell accord-box\">\n<div class=\"accord-bar\">\u00e9pic\u00e9 chaud<\/div>\n<\/div>\n<\/div>\n","protected":false},"excerpt":{"rendered":"<p>Yves Saint Laurent Y\u00a0de\u00a0Yves Saint Laurent\u00a0est un parfum Bois\u00e9 Aromatique pour homme.\u00a0Yves Saint Laurent Y a \u00e9t\u00e9 lanc\u00e9 en 2017. Le nez derri\u00e8re ce parfum&#8230;<\/p>\n","protected":false},"featured_media":2728,"comment_status":"open","ping_status":"closed","template":"","meta":{"_joinchat":[]},"etheme_brands":[],"product_brand":[],"product_cat":[103,147,113,152],"product_tag":[],"class_list":{"0":"post-2655","1":"product","2":"type-product","3":"status-publish","4":"has-post-thumbnail","6":"product_cat-france","7":"product_cat-le-meilleur-parfum","8":"product_cat-parfum-pour-homme","9":"product_cat-yves-saint-laurent","11":"first","12":"instock","13":"shipping-taxable","14":"purchasable","15":"product-type-simple"},"yoast_head":"<!-- This site is optimized with the Yoast SEO plugin v27.4 - https:\/\/yoast.com\/product\/yoast-seo-wordpress\/ -->\n<title>Yves Saint Laurent pour homme Eau de toilette, 100ml - Maroc - The Sweet Shop<\/title>\n<meta name=\"robots\" content=\"index, follow, max-snippet:-1, max-image-preview:large, max-video-preview:-1\" \/>\n<link rel=\"canonical\" href=\"https:\/\/thesweetshop.ma\/?product=yves-saint-laurent-pour-homme-eau-de-toilette-100ml\" \/>\n<meta property=\"og:locale\" content=\"fr_FR\" \/>\n<meta property=\"og:type\" content=\"article\" \/>\n<meta property=\"og:title\" content=\"Yves Saint Laurent pour homme Eau de toilette, 100ml - Maroc - The Sweet Shop\" \/>\n<meta property=\"og:description\" content=\"Yves Saint Laurent Y\u00a0de\u00a0Yves Saint Laurent\u00a0est un parfum Bois\u00e9 Aromatique pour homme.\u00a0Yves Saint Laurent Y a \u00e9t\u00e9 lanc\u00e9 en 2017. Le nez derri\u00e8re ce parfum...\" \/>\n<meta property=\"og:url\" content=\"https:\/\/thesweetshop.ma\/?product=yves-saint-laurent-pour-homme-eau-de-toilette-100ml\" \/>\n<meta property=\"og:site_name\" content=\"The Sweet Shop\" \/>\n<meta property=\"article:modified_time\" content=\"2025-01-09T01:26:10+00:00\" \/>\n<meta property=\"og:image\" content=\"https:\/\/thesweetshop.ma\/wp-content\/uploads\/2023\/06\/New-Project-81.jpg\" \/>\n\t<meta property=\"og:image:width\" content=\"800\" \/>\n\t<meta property=\"og:image:height\" content=\"800\" \/>\n\t<meta property=\"og:image:type\" content=\"image\/jpeg\" \/>\n<meta name=\"twitter:card\" content=\"summary_large_image\" \/>\n<meta name=\"twitter:label1\" content=\"Dur\u00e9e de lecture estim\u00e9e\" \/>\n\t<meta name=\"twitter:data1\" content=\"1 minute\" \/>\n<script type=\"application\/ld+json\" class=\"yoast-schema-graph\">{\"@context\":\"https:\\\/\\\/schema.org\",\"@graph\":[{\"@type\":\"WebPage\",\"@id\":\"https:\\\/\\\/thesweetshop.ma\\\/?product=yves-saint-laurent-pour-homme-eau-de-toilette-100ml\",\"url\":\"https:\\\/\\\/thesweetshop.ma\\\/?product=yves-saint-laurent-pour-homme-eau-de-toilette-100ml\",\"name\":\"Yves Saint Laurent pour homme Eau de toilette, 100ml - Maroc - The Sweet Shop\",\"isPartOf\":{\"@id\":\"https:\\\/\\\/thesweetshop.ma\\\/#website\"},\"primaryImageOfPage\":{\"@id\":\"https:\\\/\\\/thesweetshop.ma\\\/?product=yves-saint-laurent-pour-homme-eau-de-toilette-100ml#primaryimage\"},\"image\":{\"@id\":\"https:\\\/\\\/thesweetshop.ma\\\/?product=yves-saint-laurent-pour-homme-eau-de-toilette-100ml#primaryimage\"},\"thumbnailUrl\":\"https:\\\/\\\/thesweetshop.ma\\\/wp-content\\\/uploads\\\/2023\\\/06\\\/New-Project-81.jpg\",\"datePublished\":\"2023-06-22T14:33:20+00:00\",\"dateModified\":\"2025-01-09T01:26:10+00:00\",\"breadcrumb\":{\"@id\":\"https:\\\/\\\/thesweetshop.ma\\\/?product=yves-saint-laurent-pour-homme-eau-de-toilette-100ml#breadcrumb\"},\"inLanguage\":\"fr-FR\",\"potentialAction\":[{\"@type\":\"ReadAction\",\"target\":[\"https:\\\/\\\/thesweetshop.ma\\\/?product=yves-saint-laurent-pour-homme-eau-de-toilette-100ml\"]}]},{\"@type\":\"ImageObject\",\"inLanguage\":\"fr-FR\",\"@id\":\"https:\\\/\\\/thesweetshop.ma\\\/?product=yves-saint-laurent-pour-homme-eau-de-toilette-100ml#primaryimage\",\"url\":\"https:\\\/\\\/thesweetshop.ma\\\/wp-content\\\/uploads\\\/2023\\\/06\\\/New-Project-81.jpg\",\"contentUrl\":\"https:\\\/\\\/thesweetshop.ma\\\/wp-content\\\/uploads\\\/2023\\\/06\\\/New-Project-81.jpg\",\"width\":800,\"height\":800},{\"@type\":\"BreadcrumbList\",\"@id\":\"https:\\\/\\\/thesweetshop.ma\\\/?product=yves-saint-laurent-pour-homme-eau-de-toilette-100ml#breadcrumb\",\"itemListElement\":[{\"@type\":\"ListItem\",\"position\":1,\"name\":\"Home\",\"item\":\"https:\\\/\\\/thesweetshop.ma\\\/\"},{\"@type\":\"ListItem\",\"position\":2,\"name\":\"Shop\",\"item\":\"https:\\\/\\\/thesweetshop.ma\\\/?page_id=5\"},{\"@type\":\"ListItem\",\"position\":3,\"name\":\"Yves Saint Laurent pour homme Eau de toilette, 100ml\"}]},{\"@type\":\"WebSite\",\"@id\":\"https:\\\/\\\/thesweetshop.ma\\\/#website\",\"url\":\"https:\\\/\\\/thesweetshop.ma\\\/\",\"name\":\"The Sweet Shop\",\"description\":\"1# Le premier site de maquillage au Maroc\",\"potentialAction\":[{\"@type\":\"SearchAction\",\"target\":{\"@type\":\"EntryPoint\",\"urlTemplate\":\"https:\\\/\\\/thesweetshop.ma\\\/?s={search_term_string}\"},\"query-input\":{\"@type\":\"PropertyValueSpecification\",\"valueRequired\":true,\"valueName\":\"search_term_string\"}}],\"inLanguage\":\"fr-FR\"}]}<\/script>\n<!-- \/ Yoast SEO plugin. -->","yoast_head_json":{"title":"Yves Saint Laurent pour homme Eau de toilette, 100ml - Maroc - The Sweet Shop","robots":{"index":"index","follow":"follow","max-snippet":"max-snippet:-1","max-image-preview":"max-image-preview:large","max-video-preview":"max-video-preview:-1"},"canonical":"https:\/\/thesweetshop.ma\/?product=yves-saint-laurent-pour-homme-eau-de-toilette-100ml","og_locale":"fr_FR","og_type":"article","og_title":"Yves Saint Laurent pour homme Eau de toilette, 100ml - Maroc - The Sweet Shop","og_description":"Yves Saint Laurent Y\u00a0de\u00a0Yves Saint Laurent\u00a0est un parfum Bois\u00e9 Aromatique pour homme.\u00a0Yves Saint Laurent Y a \u00e9t\u00e9 lanc\u00e9 en 2017. Le nez derri\u00e8re ce parfum...","og_url":"https:\/\/thesweetshop.ma\/?product=yves-saint-laurent-pour-homme-eau-de-toilette-100ml","og_site_name":"The Sweet Shop","article_modified_time":"2025-01-09T01:26:10+00:00","og_image":[{"width":800,"height":800,"url":"https:\/\/thesweetshop.ma\/wp-content\/uploads\/2023\/06\/New-Project-81.jpg","type":"image\/jpeg"}],"twitter_card":"summary_large_image","twitter_misc":{"Dur\u00e9e de lecture estim\u00e9e":"1 minute"},"schema":{"@context":"https:\/\/schema.org","@graph":[{"@type":"WebPage","@id":"https:\/\/thesweetshop.ma\/?product=yves-saint-laurent-pour-homme-eau-de-toilette-100ml","url":"https:\/\/thesweetshop.ma\/?product=yves-saint-laurent-pour-homme-eau-de-toilette-100ml","name":"Yves Saint Laurent pour homme Eau de toilette, 100ml - Maroc - The Sweet Shop","isPartOf":{"@id":"https:\/\/thesweetshop.ma\/#website"},"primaryImageOfPage":{"@id":"https:\/\/thesweetshop.ma\/?product=yves-saint-laurent-pour-homme-eau-de-toilette-100ml#primaryimage"},"image":{"@id":"https:\/\/thesweetshop.ma\/?product=yves-saint-laurent-pour-homme-eau-de-toilette-100ml#primaryimage"},"thumbnailUrl":"https:\/\/thesweetshop.ma\/wp-content\/uploads\/2023\/06\/New-Project-81.jpg","datePublished":"2023-06-22T14:33:20+00:00","dateModified":"2025-01-09T01:26:10+00:00","breadcrumb":{"@id":"https:\/\/thesweetshop.ma\/?product=yves-saint-laurent-pour-homme-eau-de-toilette-100ml#breadcrumb"},"inLanguage":"fr-FR","potentialAction":[{"@type":"ReadAction","target":["https:\/\/thesweetshop.ma\/?product=yves-saint-laurent-pour-homme-eau-de-toilette-100ml"]}]},{"@type":"ImageObject","inLanguage":"fr-FR","@id":"https:\/\/thesweetshop.ma\/?product=yves-saint-laurent-pour-homme-eau-de-toilette-100ml#primaryimage","url":"https:\/\/thesweetshop.ma\/wp-content\/uploads\/2023\/06\/New-Project-81.jpg","contentUrl":"https:\/\/thesweetshop.ma\/wp-content\/uploads\/2023\/06\/New-Project-81.jpg","width":800,"height":800},{"@type":"BreadcrumbList","@id":"https:\/\/thesweetshop.ma\/?product=yves-saint-laurent-pour-homme-eau-de-toilette-100ml#breadcrumb","itemListElement":[{"@type":"ListItem","position":1,"name":"Home","item":"https:\/\/thesweetshop.ma\/"},{"@type":"ListItem","position":2,"name":"Shop","item":"https:\/\/thesweetshop.ma\/?page_id=5"},{"@type":"ListItem","position":3,"name":"Yves Saint Laurent pour homme Eau de toilette, 100ml"}]},{"@type":"WebSite","@id":"https:\/\/thesweetshop.ma\/#website","url":"https:\/\/thesweetshop.ma\/","name":"The Sweet Shop","description":"1# Le premier site de maquillage au Maroc","potentialAction":[{"@type":"SearchAction","target":{"@type":"EntryPoint","urlTemplate":"https:\/\/thesweetshop.ma\/?s={search_term_string}"},"query-input":{"@type":"PropertyValueSpecification","valueRequired":true,"valueName":"search_term_string"}}],"inLanguage":"fr-FR"}]}},"jetpack_sharing_enabled":true,"_links":{"self":[{"href":"https:\/\/thesweetshop.ma\/index.php?rest_route=\/wp\/v2\/product\/2655","targetHints":{"allow":["GET"]}}],"collection":[{"href":"https:\/\/thesweetshop.ma\/index.php?rest_route=\/wp\/v2\/product"}],"about":[{"href":"https:\/\/thesweetshop.ma\/index.php?rest_route=\/wp\/v2\/types\/product"}],"replies":[{"embeddable":true,"href":"https:\/\/thesweetshop.ma\/index.php?rest_route=%2Fwp%2Fv2%2Fcomments&post=2655"}],"version-history":[{"count":1,"href":"https:\/\/thesweetshop.ma\/index.php?rest_route=\/wp\/v2\/product\/2655\/revisions"}],"predecessor-version":[{"id":2729,"href":"https:\/\/thesweetshop.ma\/index.php?rest_route=\/wp\/v2\/product\/2655\/revisions\/2729"}],"wp:featuredmedia":[{"embeddable":true,"href":"https:\/\/thesweetshop.ma\/index.php?rest_route=\/wp\/v2\/media\/2728"}],"wp:attachment":[{"href":"https:\/\/thesweetshop.ma\/index.php?rest_route=%2Fwp%2Fv2%2Fmedia&parent=2655"}],"wp:term":[{"taxonomy":"brand","embeddable":true,"href":"https:\/\/thesweetshop.ma\/index.php?rest_route=%2Fwp%2Fv2%2Fetheme_brands&post=2655"},{"taxonomy":"product_brand","embeddable":true,"href":"https:\/\/thesweetshop.ma\/index.php?rest_route=%2Fwp%2Fv2%2Fproduct_brand&post=2655"},{"taxonomy":"product_cat","embeddable":true,"href":"https:\/\/thesweetshop.ma\/index.php?rest_route=%2Fwp%2Fv2%2Fproduct_cat&post=2655"},{"taxonomy":"product_tag","embeddable":true,"href":"https:\/\/thesweetshop.ma\/index.php?rest_route=%2Fwp%2Fv2%2Fproduct_tag&post=2655"}],"curies":[{"name":"wp","href":"https:\/\/api.w.org\/{rel}","templated":true}]}}