{"id":2658,"date":"2023-06-22T14:33:20","date_gmt":"2023-06-22T14:33:20","guid":{"rendered":"https:\/\/thesweetshop.ma\/?post_type=product&#038;p=2658"},"modified":"2024-06-13T04:17:45","modified_gmt":"2024-06-13T04:17:45","slug":"olaplex-bond-smoother-n6","status":"publish","type":"product","link":"https:\/\/thesweetshop.ma\/?product=olaplex-bond-smoother-n6","title":{"rendered":"OLAPLEX BOND SMOOTHER N\u00b06"},"content":{"rendered":"<p>Un traitement coiffant r\u00e9parateur sans rin\u00e7age infus\u00e9 d&rsquo;une technologie de renforcement des liaisons pour renforcer et prot\u00e9ger les cheveux des dommages quotidiens et des services chimiques. Il favorise \u00e9galement un brushing plus rapide et offre jusqu&rsquo;\u00e0 72 heures de contr\u00f4le des frisottis.<\/p>\n<p><strong>Type de cheveux :<\/strong> droits, ondul\u00e9s, boucl\u00e9s et cr\u00e9pus<\/p>\n<p><strong>Texture des cheveux\u00a0:<\/strong> fins, moyens et \u00e9pais<\/p>\n<p><strong>Avantages cl\u00e9s:<\/strong><br \/>\n&#8211; Jusqu&rsquo;\u00e0 72 heures de contr\u00f4le des frisottis<br \/>\n&#8211; S\u00e9chage plus rapide<br \/>\n&#8211; S\u00e9chage \u00e0 l&rsquo;air libre sans frisottis<\/p>\n<p><strong>Ingr\u00e9dients mis en avant\u00a0:<\/strong><br \/>\n&#8211; Bis-Aminopropyl Diglycol Dimaleate : Technologie brevet\u00e9e et \u00e9prouv\u00e9e pour r\u00e9parer les liens rompus pour des cheveux plus forts.<\/p>\n<p>L\u00e9gendes des ingr\u00e9dients\u00a0: ce produit est v\u00e9g\u00e9talien, sans gluten et sans cruaut\u00e9.<\/p>\n<p>Ce que vous devez aussi savoir : No. 6 Bond Smoother est dot\u00e9 de la technologie brevet\u00e9e Olaplex Bond Building Technology&#x2122; pour renforcer et prot\u00e9ger les cheveux des dommages quotidiens et des produits chimiques. Il est formul\u00e9 pour tous les types et textures de cheveux, y compris les cheveux color\u00e9s, trait\u00e9s chimiquement et gris. Le produit est emball\u00e9 dans une pompe sans air qui ne laisse rien derri\u00e8re.<\/p>\n<p><strong>Utilisation sugg\u00e9r\u00e9e\u00a0:<\/strong><br \/>\n-Appliquer une tr\u00e8s petite quantit\u00e9 sur les cheveux humides ou secs, des mi-longueurs aux pointes.<br \/>\n-Commencer par une demi-pompe pour les cheveux mi-longs.<br \/>\n-Utiliser plus pour les cheveux plus longs et plus \u00e9pais et moins pour les cheveux fins ou courts.<br \/>\n-Peignez et coiffez comme vous le souhaitez.<\/p>\n<p><strong>Conseil de pro\u00a0:<\/strong><br \/>\n-Pour plus de douceur et de brillance, m\u00e9langer quelques gouttes d&rsquo;Olaplex No. 7 Bonding Oil avec une quantit\u00e9 de la taille d&rsquo;un pois de No. 6 Bond Smoother et appliquer sur les cheveux humides avant le coiffage.<\/p>\n<p><strong>Quand utiliser:<\/strong><br \/>\n-Bien que No. 6 Bond Smoother puisse \u00eatre utilis\u00e9 quotidiennement sur cheveux mouill\u00e9s ou secs, les effets durent jusqu&rsquo;\u00e0 72 heures. L&rsquo;utilisation quotidienne n&rsquo;est pas n\u00e9cessaire \u00e0 moins que vous ne fassiez un shampoing tous les jours.<\/p>\n","protected":false},"excerpt":{"rendered":"<p>Un traitement coiffant r\u00e9parateur sans rin\u00e7age infus\u00e9 d&rsquo;une technologie de renforcement des liaisons pour renforcer et prot\u00e9ger les cheveux des dommages quotidiens et des services&#8230;<\/p>\n","protected":false},"featured_media":2734,"comment_status":"open","ping_status":"closed","template":"","meta":{"_joinchat":[]},"etheme_brands":[],"product_brand":[],"product_cat":[97,123,154,124,105,126],"product_tag":[],"class_list":{"0":"post-2658","1":"product","2":"type-product","3":"status-publish","4":"has-post-thumbnail","6":"product_cat-cheveux","7":"product_cat-etats-unis","8":"product_cat-meilleures-offres","9":"product_cat-olaplex","10":"product_cat-shampooing-et-revitalisant","11":"product_cat-traitements","13":"first","14":"instock","15":"sale","16":"shipping-taxable","17":"purchasable","18":"product-type-simple"},"yoast_head":"<!-- This site is optimized with the Yoast SEO plugin v27.4 - https:\/\/yoast.com\/product\/yoast-seo-wordpress\/ -->\n<title>OLAPLEX BOND SMOOTHER N\u00b06 - Maroc - The Sweet Shop<\/title>\n<meta name=\"robots\" content=\"index, follow, max-snippet:-1, max-image-preview:large, max-video-preview:-1\" \/>\n<link rel=\"canonical\" href=\"https:\/\/thesweetshop.ma\/?product=olaplex-bond-smoother-n6\" \/>\n<meta property=\"og:locale\" content=\"fr_FR\" \/>\n<meta property=\"og:type\" content=\"article\" \/>\n<meta property=\"og:title\" content=\"OLAPLEX BOND SMOOTHER N\u00b06 - Maroc - The Sweet Shop\" \/>\n<meta property=\"og:description\" content=\"Un traitement coiffant r\u00e9parateur sans rin\u00e7age infus\u00e9 d&rsquo;une technologie de renforcement des liaisons pour renforcer et prot\u00e9ger les cheveux des dommages quotidiens et des services...\" \/>\n<meta property=\"og:url\" content=\"https:\/\/thesweetshop.ma\/?product=olaplex-bond-smoother-n6\" \/>\n<meta property=\"og:site_name\" content=\"The Sweet Shop\" \/>\n<meta property=\"article:modified_time\" content=\"2024-06-13T04:17:45+00:00\" \/>\n<meta property=\"og:image\" content=\"https:\/\/thesweetshop.ma\/wp-content\/uploads\/2023\/06\/olaplex6.webp\" \/>\n\t<meta property=\"og:image:width\" content=\"2000\" \/>\n\t<meta property=\"og:image:height\" content=\"2000\" \/>\n\t<meta property=\"og:image:type\" content=\"image\/webp\" \/>\n<meta name=\"twitter:card\" content=\"summary_large_image\" \/>\n<meta name=\"twitter:label1\" content=\"Dur\u00e9e de lecture estim\u00e9e\" \/>\n\t<meta name=\"twitter:data1\" content=\"2 minutes\" \/>\n<script type=\"application\/ld+json\" class=\"yoast-schema-graph\">{\"@context\":\"https:\\\/\\\/schema.org\",\"@graph\":[{\"@type\":\"WebPage\",\"@id\":\"https:\\\/\\\/thesweetshop.ma\\\/?product=olaplex-bond-smoother-n6\",\"url\":\"https:\\\/\\\/thesweetshop.ma\\\/?product=olaplex-bond-smoother-n6\",\"name\":\"OLAPLEX BOND SMOOTHER N\u00b06 - Maroc - The Sweet Shop\",\"isPartOf\":{\"@id\":\"https:\\\/\\\/thesweetshop.ma\\\/#website\"},\"primaryImageOfPage\":{\"@id\":\"https:\\\/\\\/thesweetshop.ma\\\/?product=olaplex-bond-smoother-n6#primaryimage\"},\"image\":{\"@id\":\"https:\\\/\\\/thesweetshop.ma\\\/?product=olaplex-bond-smoother-n6#primaryimage\"},\"thumbnailUrl\":\"https:\\\/\\\/thesweetshop.ma\\\/wp-content\\\/uploads\\\/2023\\\/06\\\/olaplex6.webp\",\"datePublished\":\"2023-06-22T14:33:20+00:00\",\"dateModified\":\"2024-06-13T04:17:45+00:00\",\"breadcrumb\":{\"@id\":\"https:\\\/\\\/thesweetshop.ma\\\/?product=olaplex-bond-smoother-n6#breadcrumb\"},\"inLanguage\":\"fr-FR\",\"potentialAction\":[{\"@type\":\"ReadAction\",\"target\":[\"https:\\\/\\\/thesweetshop.ma\\\/?product=olaplex-bond-smoother-n6\"]}]},{\"@type\":\"ImageObject\",\"inLanguage\":\"fr-FR\",\"@id\":\"https:\\\/\\\/thesweetshop.ma\\\/?product=olaplex-bond-smoother-n6#primaryimage\",\"url\":\"https:\\\/\\\/thesweetshop.ma\\\/wp-content\\\/uploads\\\/2023\\\/06\\\/olaplex6.webp\",\"contentUrl\":\"https:\\\/\\\/thesweetshop.ma\\\/wp-content\\\/uploads\\\/2023\\\/06\\\/olaplex6.webp\",\"width\":2000,\"height\":2000},{\"@type\":\"BreadcrumbList\",\"@id\":\"https:\\\/\\\/thesweetshop.ma\\\/?product=olaplex-bond-smoother-n6#breadcrumb\",\"itemListElement\":[{\"@type\":\"ListItem\",\"position\":1,\"name\":\"Home\",\"item\":\"https:\\\/\\\/thesweetshop.ma\\\/\"},{\"@type\":\"ListItem\",\"position\":2,\"name\":\"Shop\",\"item\":\"https:\\\/\\\/thesweetshop.ma\\\/?page_id=5\"},{\"@type\":\"ListItem\",\"position\":3,\"name\":\"OLAPLEX BOND SMOOTHER N\u00b06\"}]},{\"@type\":\"WebSite\",\"@id\":\"https:\\\/\\\/thesweetshop.ma\\\/#website\",\"url\":\"https:\\\/\\\/thesweetshop.ma\\\/\",\"name\":\"The Sweet Shop\",\"description\":\"1# Le premier site de maquillage au Maroc\",\"potentialAction\":[{\"@type\":\"SearchAction\",\"target\":{\"@type\":\"EntryPoint\",\"urlTemplate\":\"https:\\\/\\\/thesweetshop.ma\\\/?s={search_term_string}\"},\"query-input\":{\"@type\":\"PropertyValueSpecification\",\"valueRequired\":true,\"valueName\":\"search_term_string\"}}],\"inLanguage\":\"fr-FR\"}]}<\/script>\n<!-- \/ Yoast SEO plugin. -->","yoast_head_json":{"title":"OLAPLEX BOND SMOOTHER N\u00b06 - Maroc - The Sweet Shop","robots":{"index":"index","follow":"follow","max-snippet":"max-snippet:-1","max-image-preview":"max-image-preview:large","max-video-preview":"max-video-preview:-1"},"canonical":"https:\/\/thesweetshop.ma\/?product=olaplex-bond-smoother-n6","og_locale":"fr_FR","og_type":"article","og_title":"OLAPLEX BOND SMOOTHER N\u00b06 - Maroc - The Sweet Shop","og_description":"Un traitement coiffant r\u00e9parateur sans rin\u00e7age infus\u00e9 d&rsquo;une technologie de renforcement des liaisons pour renforcer et prot\u00e9ger les cheveux des dommages quotidiens et des services...","og_url":"https:\/\/thesweetshop.ma\/?product=olaplex-bond-smoother-n6","og_site_name":"The Sweet Shop","article_modified_time":"2024-06-13T04:17:45+00:00","og_image":[{"width":2000,"height":2000,"url":"https:\/\/thesweetshop.ma\/wp-content\/uploads\/2023\/06\/olaplex6.webp","type":"image\/webp"}],"twitter_card":"summary_large_image","twitter_misc":{"Dur\u00e9e de lecture estim\u00e9e":"2 minutes"},"schema":{"@context":"https:\/\/schema.org","@graph":[{"@type":"WebPage","@id":"https:\/\/thesweetshop.ma\/?product=olaplex-bond-smoother-n6","url":"https:\/\/thesweetshop.ma\/?product=olaplex-bond-smoother-n6","name":"OLAPLEX BOND SMOOTHER N\u00b06 - Maroc - The Sweet Shop","isPartOf":{"@id":"https:\/\/thesweetshop.ma\/#website"},"primaryImageOfPage":{"@id":"https:\/\/thesweetshop.ma\/?product=olaplex-bond-smoother-n6#primaryimage"},"image":{"@id":"https:\/\/thesweetshop.ma\/?product=olaplex-bond-smoother-n6#primaryimage"},"thumbnailUrl":"https:\/\/thesweetshop.ma\/wp-content\/uploads\/2023\/06\/olaplex6.webp","datePublished":"2023-06-22T14:33:20+00:00","dateModified":"2024-06-13T04:17:45+00:00","breadcrumb":{"@id":"https:\/\/thesweetshop.ma\/?product=olaplex-bond-smoother-n6#breadcrumb"},"inLanguage":"fr-FR","potentialAction":[{"@type":"ReadAction","target":["https:\/\/thesweetshop.ma\/?product=olaplex-bond-smoother-n6"]}]},{"@type":"ImageObject","inLanguage":"fr-FR","@id":"https:\/\/thesweetshop.ma\/?product=olaplex-bond-smoother-n6#primaryimage","url":"https:\/\/thesweetshop.ma\/wp-content\/uploads\/2023\/06\/olaplex6.webp","contentUrl":"https:\/\/thesweetshop.ma\/wp-content\/uploads\/2023\/06\/olaplex6.webp","width":2000,"height":2000},{"@type":"BreadcrumbList","@id":"https:\/\/thesweetshop.ma\/?product=olaplex-bond-smoother-n6#breadcrumb","itemListElement":[{"@type":"ListItem","position":1,"name":"Home","item":"https:\/\/thesweetshop.ma\/"},{"@type":"ListItem","position":2,"name":"Shop","item":"https:\/\/thesweetshop.ma\/?page_id=5"},{"@type":"ListItem","position":3,"name":"OLAPLEX BOND SMOOTHER N\u00b06"}]},{"@type":"WebSite","@id":"https:\/\/thesweetshop.ma\/#website","url":"https:\/\/thesweetshop.ma\/","name":"The Sweet Shop","description":"1# Le premier site de maquillage au Maroc","potentialAction":[{"@type":"SearchAction","target":{"@type":"EntryPoint","urlTemplate":"https:\/\/thesweetshop.ma\/?s={search_term_string}"},"query-input":{"@type":"PropertyValueSpecification","valueRequired":true,"valueName":"search_term_string"}}],"inLanguage":"fr-FR"}]}},"jetpack_sharing_enabled":true,"_links":{"self":[{"href":"https:\/\/thesweetshop.ma\/index.php?rest_route=\/wp\/v2\/product\/2658","targetHints":{"allow":["GET"]}}],"collection":[{"href":"https:\/\/thesweetshop.ma\/index.php?rest_route=\/wp\/v2\/product"}],"about":[{"href":"https:\/\/thesweetshop.ma\/index.php?rest_route=\/wp\/v2\/types\/product"}],"replies":[{"embeddable":true,"href":"https:\/\/thesweetshop.ma\/index.php?rest_route=%2Fwp%2Fv2%2Fcomments&post=2658"}],"version-history":[{"count":2,"href":"https:\/\/thesweetshop.ma\/index.php?rest_route=\/wp\/v2\/product\/2658\/revisions"}],"predecessor-version":[{"id":3285,"href":"https:\/\/thesweetshop.ma\/index.php?rest_route=\/wp\/v2\/product\/2658\/revisions\/3285"}],"wp:featuredmedia":[{"embeddable":true,"href":"https:\/\/thesweetshop.ma\/index.php?rest_route=\/wp\/v2\/media\/2734"}],"wp:attachment":[{"href":"https:\/\/thesweetshop.ma\/index.php?rest_route=%2Fwp%2Fv2%2Fmedia&parent=2658"}],"wp:term":[{"taxonomy":"brand","embeddable":true,"href":"https:\/\/thesweetshop.ma\/index.php?rest_route=%2Fwp%2Fv2%2Fetheme_brands&post=2658"},{"taxonomy":"product_brand","embeddable":true,"href":"https:\/\/thesweetshop.ma\/index.php?rest_route=%2Fwp%2Fv2%2Fproduct_brand&post=2658"},{"taxonomy":"product_cat","embeddable":true,"href":"https:\/\/thesweetshop.ma\/index.php?rest_route=%2Fwp%2Fv2%2Fproduct_cat&post=2658"},{"taxonomy":"product_tag","embeddable":true,"href":"https:\/\/thesweetshop.ma\/index.php?rest_route=%2Fwp%2Fv2%2Fproduct_tag&post=2658"}],"curies":[{"name":"wp","href":"https:\/\/api.w.org\/{rel}","templated":true}]}}