{"id":2677,"date":"2023-06-22T14:33:46","date_gmt":"2023-06-22T14:33:46","guid":{"rendered":"https:\/\/thesweetshop.ma\/?post_type=product&#038;p=2677"},"modified":"2026-02-17T01:51:22","modified_gmt":"2026-02-17T01:51:22","slug":"pure-green-repair-masque-500-ml","status":"publish","type":"product","link":"https:\/\/thesweetshop.ma\/?product=pure-green-repair-masque-500-ml","title":{"rendered":"Pure Green Repair Masque 500 ml"},"content":{"rendered":"<p>Le masque Pure Green Repair prot\u00e8ge et r\u00e9pare les cheveux ab\u00eem\u00e9s.<\/p>\n<p>DESCRIPTION<\/p>\n<p>Avec des ingr\u00e9dients naturels tels que l&rsquo;huile d&rsquo;olive biologique, la k\u00e9ratine, l&rsquo;huile d&rsquo;argan et l&rsquo;extrait de cellules souches v\u00e9g\u00e9tales.<\/p>\n<p>&nbsp;<\/p>\n<p>MODE D&rsquo;EMPLOI<\/p>\n<p>Appliquer sur cheveux humides et r\u00e9partir uniform\u00e9ment, laisser agir 5 \u00e0 10 minutes selon le niveau de dommages aux cheveux. Rincer abondamment.<\/p>\n<p>&nbsp;<\/p>\n<p>INGR\u00c9DIENTS<\/p>\n<p><em>Aqua (Water) (Eau), Cetearyl Alcohol, Glycerin, Cetrimonium Chloride, Olea Europaea (Olive) Fruit Oil, Argania Spinosa Kernel Oil, Hydrolyzed Keratin, Syringa Vulgaris (Lilac) Leaf Cell Culture Ectract, Maltodextrin, Citric Acid, Parfum (Fragrance), Methylchloroisothiazolinone, Methylisothiazolinone.<\/em><\/p>\n","protected":false},"excerpt":{"rendered":"<p>Le masque Pure Green Repair prot\u00e8ge et r\u00e9pare les cheveux ab\u00eem\u00e9s. DESCRIPTION Avec des ingr\u00e9dients naturels tels que l&rsquo;huile d&rsquo;olive biologique, la k\u00e9ratine, l&rsquo;huile d&rsquo;argan&#8230;<\/p>\n","protected":false},"featured_media":2746,"comment_status":"open","ping_status":"closed","template":"","meta":{"_joinchat":[]},"etheme_brands":[],"product_brand":[],"product_cat":[97,100,105],"product_tag":[],"class_list":{"0":"post-2677","1":"product","2":"type-product","3":"status-publish","4":"has-post-thumbnail","6":"product_cat-cheveux","7":"product_cat-italie","8":"product_cat-shampooing-et-revitalisant","10":"first","11":"instock","12":"shipping-taxable","13":"purchasable","14":"product-type-simple"},"yoast_head":"<!-- This site is optimized with the Yoast SEO plugin v27.4 - https:\/\/yoast.com\/product\/yoast-seo-wordpress\/ -->\n<title>Pure Green Repair Masque 500 ml - Maroc - The Sweet Shop<\/title>\n<meta name=\"robots\" content=\"index, follow, max-snippet:-1, max-image-preview:large, max-video-preview:-1\" \/>\n<link rel=\"canonical\" href=\"https:\/\/thesweetshop.ma\/?product=pure-green-repair-masque-500-ml\" \/>\n<meta property=\"og:locale\" content=\"fr_FR\" \/>\n<meta property=\"og:type\" content=\"article\" \/>\n<meta property=\"og:title\" content=\"Pure Green Repair Masque 500 ml - Maroc - The Sweet Shop\" \/>\n<meta property=\"og:description\" content=\"Le masque Pure Green Repair prot\u00e8ge et r\u00e9pare les cheveux ab\u00eem\u00e9s. DESCRIPTION Avec des ingr\u00e9dients naturels tels que l&rsquo;huile d&rsquo;olive biologique, la k\u00e9ratine, l&rsquo;huile d&rsquo;argan...\" \/>\n<meta property=\"og:url\" content=\"https:\/\/thesweetshop.ma\/?product=pure-green-repair-masque-500-ml\" \/>\n<meta property=\"og:site_name\" content=\"The Sweet Shop\" \/>\n<meta property=\"article:modified_time\" content=\"2026-02-17T01:51:22+00:00\" \/>\n<meta property=\"og:image\" content=\"https:\/\/thesweetshop.ma\/wp-content\/uploads\/2023\/06\/pure-green-repair-mascarilla-500-ml.jpeg\" \/>\n\t<meta property=\"og:image:width\" content=\"1000\" \/>\n\t<meta property=\"og:image:height\" content=\"1000\" \/>\n\t<meta property=\"og:image:type\" content=\"image\/jpeg\" \/>\n<meta name=\"twitter:card\" content=\"summary_large_image\" \/>\n<meta name=\"twitter:label1\" content=\"Dur\u00e9e de lecture estim\u00e9e\" \/>\n\t<meta name=\"twitter:data1\" content=\"1 minute\" \/>\n<script type=\"application\/ld+json\" class=\"yoast-schema-graph\">{\"@context\":\"https:\\\/\\\/schema.org\",\"@graph\":[{\"@type\":\"WebPage\",\"@id\":\"https:\\\/\\\/thesweetshop.ma\\\/?product=pure-green-repair-masque-500-ml\",\"url\":\"https:\\\/\\\/thesweetshop.ma\\\/?product=pure-green-repair-masque-500-ml\",\"name\":\"Pure Green Repair Masque 500 ml - Maroc - The Sweet Shop\",\"isPartOf\":{\"@id\":\"https:\\\/\\\/thesweetshop.ma\\\/#website\"},\"primaryImageOfPage\":{\"@id\":\"https:\\\/\\\/thesweetshop.ma\\\/?product=pure-green-repair-masque-500-ml#primaryimage\"},\"image\":{\"@id\":\"https:\\\/\\\/thesweetshop.ma\\\/?product=pure-green-repair-masque-500-ml#primaryimage\"},\"thumbnailUrl\":\"https:\\\/\\\/thesweetshop.ma\\\/wp-content\\\/uploads\\\/2023\\\/06\\\/pure-green-repair-mascarilla-500-ml.jpeg\",\"datePublished\":\"2023-06-22T14:33:46+00:00\",\"dateModified\":\"2026-02-17T01:51:22+00:00\",\"breadcrumb\":{\"@id\":\"https:\\\/\\\/thesweetshop.ma\\\/?product=pure-green-repair-masque-500-ml#breadcrumb\"},\"inLanguage\":\"fr-FR\",\"potentialAction\":[{\"@type\":\"ReadAction\",\"target\":[\"https:\\\/\\\/thesweetshop.ma\\\/?product=pure-green-repair-masque-500-ml\"]}]},{\"@type\":\"ImageObject\",\"inLanguage\":\"fr-FR\",\"@id\":\"https:\\\/\\\/thesweetshop.ma\\\/?product=pure-green-repair-masque-500-ml#primaryimage\",\"url\":\"https:\\\/\\\/thesweetshop.ma\\\/wp-content\\\/uploads\\\/2023\\\/06\\\/pure-green-repair-mascarilla-500-ml.jpeg\",\"contentUrl\":\"https:\\\/\\\/thesweetshop.ma\\\/wp-content\\\/uploads\\\/2023\\\/06\\\/pure-green-repair-mascarilla-500-ml.jpeg\",\"width\":1000,\"height\":1000},{\"@type\":\"BreadcrumbList\",\"@id\":\"https:\\\/\\\/thesweetshop.ma\\\/?product=pure-green-repair-masque-500-ml#breadcrumb\",\"itemListElement\":[{\"@type\":\"ListItem\",\"position\":1,\"name\":\"Home\",\"item\":\"https:\\\/\\\/thesweetshop.ma\\\/\"},{\"@type\":\"ListItem\",\"position\":2,\"name\":\"Shop\",\"item\":\"https:\\\/\\\/thesweetshop.ma\\\/?page_id=5\"},{\"@type\":\"ListItem\",\"position\":3,\"name\":\"Pure Green Repair Masque 500 ml\"}]},{\"@type\":\"WebSite\",\"@id\":\"https:\\\/\\\/thesweetshop.ma\\\/#website\",\"url\":\"https:\\\/\\\/thesweetshop.ma\\\/\",\"name\":\"The Sweet Shop\",\"description\":\"1# Le premier site de maquillage au Maroc\",\"potentialAction\":[{\"@type\":\"SearchAction\",\"target\":{\"@type\":\"EntryPoint\",\"urlTemplate\":\"https:\\\/\\\/thesweetshop.ma\\\/?s={search_term_string}\"},\"query-input\":{\"@type\":\"PropertyValueSpecification\",\"valueRequired\":true,\"valueName\":\"search_term_string\"}}],\"inLanguage\":\"fr-FR\"}]}<\/script>\n<!-- \/ Yoast SEO plugin. -->","yoast_head_json":{"title":"Pure Green Repair Masque 500 ml - Maroc - The Sweet Shop","robots":{"index":"index","follow":"follow","max-snippet":"max-snippet:-1","max-image-preview":"max-image-preview:large","max-video-preview":"max-video-preview:-1"},"canonical":"https:\/\/thesweetshop.ma\/?product=pure-green-repair-masque-500-ml","og_locale":"fr_FR","og_type":"article","og_title":"Pure Green Repair Masque 500 ml - Maroc - The Sweet Shop","og_description":"Le masque Pure Green Repair prot\u00e8ge et r\u00e9pare les cheveux ab\u00eem\u00e9s. DESCRIPTION Avec des ingr\u00e9dients naturels tels que l&rsquo;huile d&rsquo;olive biologique, la k\u00e9ratine, l&rsquo;huile d&rsquo;argan...","og_url":"https:\/\/thesweetshop.ma\/?product=pure-green-repair-masque-500-ml","og_site_name":"The Sweet Shop","article_modified_time":"2026-02-17T01:51:22+00:00","og_image":[{"width":1000,"height":1000,"url":"https:\/\/thesweetshop.ma\/wp-content\/uploads\/2023\/06\/pure-green-repair-mascarilla-500-ml.jpeg","type":"image\/jpeg"}],"twitter_card":"summary_large_image","twitter_misc":{"Dur\u00e9e de lecture estim\u00e9e":"1 minute"},"schema":{"@context":"https:\/\/schema.org","@graph":[{"@type":"WebPage","@id":"https:\/\/thesweetshop.ma\/?product=pure-green-repair-masque-500-ml","url":"https:\/\/thesweetshop.ma\/?product=pure-green-repair-masque-500-ml","name":"Pure Green Repair Masque 500 ml - Maroc - The Sweet Shop","isPartOf":{"@id":"https:\/\/thesweetshop.ma\/#website"},"primaryImageOfPage":{"@id":"https:\/\/thesweetshop.ma\/?product=pure-green-repair-masque-500-ml#primaryimage"},"image":{"@id":"https:\/\/thesweetshop.ma\/?product=pure-green-repair-masque-500-ml#primaryimage"},"thumbnailUrl":"https:\/\/thesweetshop.ma\/wp-content\/uploads\/2023\/06\/pure-green-repair-mascarilla-500-ml.jpeg","datePublished":"2023-06-22T14:33:46+00:00","dateModified":"2026-02-17T01:51:22+00:00","breadcrumb":{"@id":"https:\/\/thesweetshop.ma\/?product=pure-green-repair-masque-500-ml#breadcrumb"},"inLanguage":"fr-FR","potentialAction":[{"@type":"ReadAction","target":["https:\/\/thesweetshop.ma\/?product=pure-green-repair-masque-500-ml"]}]},{"@type":"ImageObject","inLanguage":"fr-FR","@id":"https:\/\/thesweetshop.ma\/?product=pure-green-repair-masque-500-ml#primaryimage","url":"https:\/\/thesweetshop.ma\/wp-content\/uploads\/2023\/06\/pure-green-repair-mascarilla-500-ml.jpeg","contentUrl":"https:\/\/thesweetshop.ma\/wp-content\/uploads\/2023\/06\/pure-green-repair-mascarilla-500-ml.jpeg","width":1000,"height":1000},{"@type":"BreadcrumbList","@id":"https:\/\/thesweetshop.ma\/?product=pure-green-repair-masque-500-ml#breadcrumb","itemListElement":[{"@type":"ListItem","position":1,"name":"Home","item":"https:\/\/thesweetshop.ma\/"},{"@type":"ListItem","position":2,"name":"Shop","item":"https:\/\/thesweetshop.ma\/?page_id=5"},{"@type":"ListItem","position":3,"name":"Pure Green Repair Masque 500 ml"}]},{"@type":"WebSite","@id":"https:\/\/thesweetshop.ma\/#website","url":"https:\/\/thesweetshop.ma\/","name":"The Sweet Shop","description":"1# Le premier site de maquillage au Maroc","potentialAction":[{"@type":"SearchAction","target":{"@type":"EntryPoint","urlTemplate":"https:\/\/thesweetshop.ma\/?s={search_term_string}"},"query-input":{"@type":"PropertyValueSpecification","valueRequired":true,"valueName":"search_term_string"}}],"inLanguage":"fr-FR"}]}},"jetpack_sharing_enabled":true,"_links":{"self":[{"href":"https:\/\/thesweetshop.ma\/index.php?rest_route=\/wp\/v2\/product\/2677","targetHints":{"allow":["GET"]}}],"collection":[{"href":"https:\/\/thesweetshop.ma\/index.php?rest_route=\/wp\/v2\/product"}],"about":[{"href":"https:\/\/thesweetshop.ma\/index.php?rest_route=\/wp\/v2\/types\/product"}],"replies":[{"embeddable":true,"href":"https:\/\/thesweetshop.ma\/index.php?rest_route=%2Fwp%2Fv2%2Fcomments&post=2677"}],"version-history":[{"count":1,"href":"https:\/\/thesweetshop.ma\/index.php?rest_route=\/wp\/v2\/product\/2677\/revisions"}],"predecessor-version":[{"id":2747,"href":"https:\/\/thesweetshop.ma\/index.php?rest_route=\/wp\/v2\/product\/2677\/revisions\/2747"}],"wp:featuredmedia":[{"embeddable":true,"href":"https:\/\/thesweetshop.ma\/index.php?rest_route=\/wp\/v2\/media\/2746"}],"wp:attachment":[{"href":"https:\/\/thesweetshop.ma\/index.php?rest_route=%2Fwp%2Fv2%2Fmedia&parent=2677"}],"wp:term":[{"taxonomy":"brand","embeddable":true,"href":"https:\/\/thesweetshop.ma\/index.php?rest_route=%2Fwp%2Fv2%2Fetheme_brands&post=2677"},{"taxonomy":"product_brand","embeddable":true,"href":"https:\/\/thesweetshop.ma\/index.php?rest_route=%2Fwp%2Fv2%2Fproduct_brand&post=2677"},{"taxonomy":"product_cat","embeddable":true,"href":"https:\/\/thesweetshop.ma\/index.php?rest_route=%2Fwp%2Fv2%2Fproduct_cat&post=2677"},{"taxonomy":"product_tag","embeddable":true,"href":"https:\/\/thesweetshop.ma\/index.php?rest_route=%2Fwp%2Fv2%2Fproduct_tag&post=2677"}],"curies":[{"name":"wp","href":"https:\/\/api.w.org\/{rel}","templated":true}]}}