{"id":2712,"date":"2023-06-22T14:34:09","date_gmt":"2023-06-22T14:34:09","guid":{"rendered":"https:\/\/thesweetshop.ma\/?post_type=product&#038;p=2712"},"modified":"2024-09-20T05:29:24","modified_gmt":"2024-09-20T05:29:24","slug":"pure-green-anti-yellow-shampoo-500-ml","status":"publish","type":"product","link":"https:\/\/thesweetshop.ma\/?product=pure-green-anti-yellow-shampoo-500-ml","title":{"rendered":"Pure Green Anti Yellow Shampoo 500 ml"},"content":{"rendered":"<p>Pure Green Anti Yellow Shampoo neutralise les reflets jaun\u00e2tres sur les cheveux blonds, blancs, gris, d\u00e9color\u00e9s, trait\u00e9s avec des m\u00e8ches ou teints avec des tons super \u00e9claircissants.<\/p>\n<p>DESCRIPTION<\/p>\n<p>Adoucit et nourrit la fibre capillaire, redonnant de la brillance et procurant un effet naturel. Formul\u00e9 avec une double concentration de pigments de couleur, un m\u00e9lange d&rsquo;acides amin\u00e9s, d&rsquo;huile essentielle de citron et d&rsquo;huile de bl\u00e9 allemande issue de l&rsquo;agriculture biologique, qui fait ressortir efficacement les tons froids et gris des cheveux, tout en neutralisant les tons jaunes ind\u00e9sirables. Id\u00e9al comme toner apr\u00e8s un traitement de blanchiment.<\/p>\n<p>&nbsp;<\/p>\n<p>MODE D&rsquo;EMPLOI<\/p>\n<p>Appliquer sur cheveux mouill\u00e9s et masser soigneusement. Pour un effet jaune, laisser poser 1 \u00e0 5 minutes et rincer abondamment. Pour un effet tonifiant, prolongez le temps d&rsquo;action de plus de 5 minutes selon la porosit\u00e9 des cheveux trait\u00e9s et ma\u00eetrisez l&rsquo;\u00e9volution. Au lieu de prolonger le temps d&rsquo;action, les applications peuvent \u00eatre r\u00e9p\u00e9t\u00e9es.<\/p>\n<p>&nbsp;<\/p>\n<p>INGR\u00c9DIENTS<\/p>\n<p><em><span lang=\"EN-US\">Aqua (Water) (Eau), Sodium Myreth Sulfate, Sodium Chloride, Cocamidopropyl Betaine, Citrus Limon (Lemon) Peel Oil, Triticum Vulgare (Wheat) Germ Oil, Sodium Pca, Sodium Lactate, Arginine, Aspartic Acid, Pca, Glycine, Alanine, Serine, Valine, Isoleucine, Proline, Threonine, Phenylalanine, Histidine, Citric Acid, Limonene, Citral, Methylchloroisothiazolinone, Methylisothiazolinone, Acid Violet 43 (Ext.\u00a0<\/span><\/em><em>Violet 2.).<\/em><\/p>\n","protected":false},"excerpt":{"rendered":"<p>Pure Green Anti Yellow Shampoo neutralise les reflets jaun\u00e2tres sur les cheveux blonds, blancs, gris, d\u00e9color\u00e9s, trait\u00e9s avec des m\u00e8ches ou teints avec des tons&#8230;<\/p>\n","protected":false},"featured_media":2781,"comment_status":"open","ping_status":"closed","template":"","meta":{"_joinchat":[]},"etheme_brands":[],"product_brand":[],"product_cat":[97,155,100,105],"product_tag":[],"class_list":{"0":"post-2712","1":"product","2":"type-product","3":"status-publish","4":"has-post-thumbnail","6":"product_cat-cheveux","7":"product_cat-il-vient-darriver","8":"product_cat-italie","9":"product_cat-shampooing-et-revitalisant","11":"first","12":"outofstock","13":"shipping-taxable","14":"purchasable","15":"product-type-simple"},"yoast_head":"<!-- This site is optimized with the Yoast SEO plugin v27.4 - https:\/\/yoast.com\/product\/yoast-seo-wordpress\/ -->\n<title>Pure Green Anti Yellow Shampoo 500 ml - Maroc - The Sweet Shop<\/title>\n<meta name=\"robots\" content=\"index, follow, max-snippet:-1, max-image-preview:large, max-video-preview:-1\" \/>\n<link rel=\"canonical\" href=\"https:\/\/thesweetshop.ma\/?product=pure-green-anti-yellow-shampoo-500-ml\" \/>\n<meta property=\"og:locale\" content=\"fr_FR\" \/>\n<meta property=\"og:type\" content=\"article\" \/>\n<meta property=\"og:title\" content=\"Pure Green Anti Yellow Shampoo 500 ml - Maroc - The Sweet Shop\" \/>\n<meta property=\"og:description\" content=\"Pure Green Anti Yellow Shampoo neutralise les reflets jaun\u00e2tres sur les cheveux blonds, blancs, gris, d\u00e9color\u00e9s, trait\u00e9s avec des m\u00e8ches ou teints avec des tons...\" \/>\n<meta property=\"og:url\" content=\"https:\/\/thesweetshop.ma\/?product=pure-green-anti-yellow-shampoo-500-ml\" \/>\n<meta property=\"og:site_name\" content=\"The Sweet Shop\" \/>\n<meta property=\"article:modified_time\" content=\"2024-09-20T05:29:24+00:00\" \/>\n<meta property=\"og:image\" content=\"https:\/\/thesweetshop.ma\/wp-content\/uploads\/2023\/06\/pure-green-anti-yellow-champu-500-ml-1.jpeg\" \/>\n\t<meta property=\"og:image:width\" content=\"1000\" \/>\n\t<meta property=\"og:image:height\" content=\"1000\" \/>\n\t<meta property=\"og:image:type\" content=\"image\/jpeg\" \/>\n<meta name=\"twitter:card\" content=\"summary_large_image\" \/>\n<meta name=\"twitter:label1\" content=\"Dur\u00e9e de lecture estim\u00e9e\" \/>\n\t<meta name=\"twitter:data1\" content=\"2 minutes\" \/>\n<script type=\"application\/ld+json\" class=\"yoast-schema-graph\">{\"@context\":\"https:\\\/\\\/schema.org\",\"@graph\":[{\"@type\":\"WebPage\",\"@id\":\"https:\\\/\\\/thesweetshop.ma\\\/?product=pure-green-anti-yellow-shampoo-500-ml\",\"url\":\"https:\\\/\\\/thesweetshop.ma\\\/?product=pure-green-anti-yellow-shampoo-500-ml\",\"name\":\"Pure Green Anti Yellow Shampoo 500 ml - Maroc - The Sweet Shop\",\"isPartOf\":{\"@id\":\"https:\\\/\\\/thesweetshop.ma\\\/#website\"},\"primaryImageOfPage\":{\"@id\":\"https:\\\/\\\/thesweetshop.ma\\\/?product=pure-green-anti-yellow-shampoo-500-ml#primaryimage\"},\"image\":{\"@id\":\"https:\\\/\\\/thesweetshop.ma\\\/?product=pure-green-anti-yellow-shampoo-500-ml#primaryimage\"},\"thumbnailUrl\":\"https:\\\/\\\/thesweetshop.ma\\\/wp-content\\\/uploads\\\/2023\\\/06\\\/pure-green-anti-yellow-champu-500-ml-1.jpeg\",\"datePublished\":\"2023-06-22T14:34:09+00:00\",\"dateModified\":\"2024-09-20T05:29:24+00:00\",\"breadcrumb\":{\"@id\":\"https:\\\/\\\/thesweetshop.ma\\\/?product=pure-green-anti-yellow-shampoo-500-ml#breadcrumb\"},\"inLanguage\":\"fr-FR\",\"potentialAction\":[{\"@type\":\"ReadAction\",\"target\":[\"https:\\\/\\\/thesweetshop.ma\\\/?product=pure-green-anti-yellow-shampoo-500-ml\"]}]},{\"@type\":\"ImageObject\",\"inLanguage\":\"fr-FR\",\"@id\":\"https:\\\/\\\/thesweetshop.ma\\\/?product=pure-green-anti-yellow-shampoo-500-ml#primaryimage\",\"url\":\"https:\\\/\\\/thesweetshop.ma\\\/wp-content\\\/uploads\\\/2023\\\/06\\\/pure-green-anti-yellow-champu-500-ml-1.jpeg\",\"contentUrl\":\"https:\\\/\\\/thesweetshop.ma\\\/wp-content\\\/uploads\\\/2023\\\/06\\\/pure-green-anti-yellow-champu-500-ml-1.jpeg\",\"width\":1000,\"height\":1000},{\"@type\":\"BreadcrumbList\",\"@id\":\"https:\\\/\\\/thesweetshop.ma\\\/?product=pure-green-anti-yellow-shampoo-500-ml#breadcrumb\",\"itemListElement\":[{\"@type\":\"ListItem\",\"position\":1,\"name\":\"Home\",\"item\":\"https:\\\/\\\/thesweetshop.ma\\\/\"},{\"@type\":\"ListItem\",\"position\":2,\"name\":\"Shop\",\"item\":\"https:\\\/\\\/thesweetshop.ma\\\/?page_id=5\"},{\"@type\":\"ListItem\",\"position\":3,\"name\":\"Pure Green Anti Yellow Shampoo 500 ml\"}]},{\"@type\":\"WebSite\",\"@id\":\"https:\\\/\\\/thesweetshop.ma\\\/#website\",\"url\":\"https:\\\/\\\/thesweetshop.ma\\\/\",\"name\":\"The Sweet Shop\",\"description\":\"1# Le premier site de maquillage au Maroc\",\"potentialAction\":[{\"@type\":\"SearchAction\",\"target\":{\"@type\":\"EntryPoint\",\"urlTemplate\":\"https:\\\/\\\/thesweetshop.ma\\\/?s={search_term_string}\"},\"query-input\":{\"@type\":\"PropertyValueSpecification\",\"valueRequired\":true,\"valueName\":\"search_term_string\"}}],\"inLanguage\":\"fr-FR\"}]}<\/script>\n<!-- \/ Yoast SEO plugin. -->","yoast_head_json":{"title":"Pure Green Anti Yellow Shampoo 500 ml - Maroc - The Sweet Shop","robots":{"index":"index","follow":"follow","max-snippet":"max-snippet:-1","max-image-preview":"max-image-preview:large","max-video-preview":"max-video-preview:-1"},"canonical":"https:\/\/thesweetshop.ma\/?product=pure-green-anti-yellow-shampoo-500-ml","og_locale":"fr_FR","og_type":"article","og_title":"Pure Green Anti Yellow Shampoo 500 ml - Maroc - The Sweet Shop","og_description":"Pure Green Anti Yellow Shampoo neutralise les reflets jaun\u00e2tres sur les cheveux blonds, blancs, gris, d\u00e9color\u00e9s, trait\u00e9s avec des m\u00e8ches ou teints avec des tons...","og_url":"https:\/\/thesweetshop.ma\/?product=pure-green-anti-yellow-shampoo-500-ml","og_site_name":"The Sweet Shop","article_modified_time":"2024-09-20T05:29:24+00:00","og_image":[{"width":1000,"height":1000,"url":"https:\/\/thesweetshop.ma\/wp-content\/uploads\/2023\/06\/pure-green-anti-yellow-champu-500-ml-1.jpeg","type":"image\/jpeg"}],"twitter_card":"summary_large_image","twitter_misc":{"Dur\u00e9e de lecture estim\u00e9e":"2 minutes"},"schema":{"@context":"https:\/\/schema.org","@graph":[{"@type":"WebPage","@id":"https:\/\/thesweetshop.ma\/?product=pure-green-anti-yellow-shampoo-500-ml","url":"https:\/\/thesweetshop.ma\/?product=pure-green-anti-yellow-shampoo-500-ml","name":"Pure Green Anti Yellow Shampoo 500 ml - Maroc - The Sweet Shop","isPartOf":{"@id":"https:\/\/thesweetshop.ma\/#website"},"primaryImageOfPage":{"@id":"https:\/\/thesweetshop.ma\/?product=pure-green-anti-yellow-shampoo-500-ml#primaryimage"},"image":{"@id":"https:\/\/thesweetshop.ma\/?product=pure-green-anti-yellow-shampoo-500-ml#primaryimage"},"thumbnailUrl":"https:\/\/thesweetshop.ma\/wp-content\/uploads\/2023\/06\/pure-green-anti-yellow-champu-500-ml-1.jpeg","datePublished":"2023-06-22T14:34:09+00:00","dateModified":"2024-09-20T05:29:24+00:00","breadcrumb":{"@id":"https:\/\/thesweetshop.ma\/?product=pure-green-anti-yellow-shampoo-500-ml#breadcrumb"},"inLanguage":"fr-FR","potentialAction":[{"@type":"ReadAction","target":["https:\/\/thesweetshop.ma\/?product=pure-green-anti-yellow-shampoo-500-ml"]}]},{"@type":"ImageObject","inLanguage":"fr-FR","@id":"https:\/\/thesweetshop.ma\/?product=pure-green-anti-yellow-shampoo-500-ml#primaryimage","url":"https:\/\/thesweetshop.ma\/wp-content\/uploads\/2023\/06\/pure-green-anti-yellow-champu-500-ml-1.jpeg","contentUrl":"https:\/\/thesweetshop.ma\/wp-content\/uploads\/2023\/06\/pure-green-anti-yellow-champu-500-ml-1.jpeg","width":1000,"height":1000},{"@type":"BreadcrumbList","@id":"https:\/\/thesweetshop.ma\/?product=pure-green-anti-yellow-shampoo-500-ml#breadcrumb","itemListElement":[{"@type":"ListItem","position":1,"name":"Home","item":"https:\/\/thesweetshop.ma\/"},{"@type":"ListItem","position":2,"name":"Shop","item":"https:\/\/thesweetshop.ma\/?page_id=5"},{"@type":"ListItem","position":3,"name":"Pure Green Anti Yellow Shampoo 500 ml"}]},{"@type":"WebSite","@id":"https:\/\/thesweetshop.ma\/#website","url":"https:\/\/thesweetshop.ma\/","name":"The Sweet Shop","description":"1# Le premier site de maquillage au Maroc","potentialAction":[{"@type":"SearchAction","target":{"@type":"EntryPoint","urlTemplate":"https:\/\/thesweetshop.ma\/?s={search_term_string}"},"query-input":{"@type":"PropertyValueSpecification","valueRequired":true,"valueName":"search_term_string"}}],"inLanguage":"fr-FR"}]}},"jetpack_sharing_enabled":true,"_links":{"self":[{"href":"https:\/\/thesweetshop.ma\/index.php?rest_route=\/wp\/v2\/product\/2712","targetHints":{"allow":["GET"]}}],"collection":[{"href":"https:\/\/thesweetshop.ma\/index.php?rest_route=\/wp\/v2\/product"}],"about":[{"href":"https:\/\/thesweetshop.ma\/index.php?rest_route=\/wp\/v2\/types\/product"}],"replies":[{"embeddable":true,"href":"https:\/\/thesweetshop.ma\/index.php?rest_route=%2Fwp%2Fv2%2Fcomments&post=2712"}],"version-history":[{"count":1,"href":"https:\/\/thesweetshop.ma\/index.php?rest_route=\/wp\/v2\/product\/2712\/revisions"}],"predecessor-version":[{"id":2782,"href":"https:\/\/thesweetshop.ma\/index.php?rest_route=\/wp\/v2\/product\/2712\/revisions\/2782"}],"wp:featuredmedia":[{"embeddable":true,"href":"https:\/\/thesweetshop.ma\/index.php?rest_route=\/wp\/v2\/media\/2781"}],"wp:attachment":[{"href":"https:\/\/thesweetshop.ma\/index.php?rest_route=%2Fwp%2Fv2%2Fmedia&parent=2712"}],"wp:term":[{"taxonomy":"brand","embeddable":true,"href":"https:\/\/thesweetshop.ma\/index.php?rest_route=%2Fwp%2Fv2%2Fetheme_brands&post=2712"},{"taxonomy":"product_brand","embeddable":true,"href":"https:\/\/thesweetshop.ma\/index.php?rest_route=%2Fwp%2Fv2%2Fproduct_brand&post=2712"},{"taxonomy":"product_cat","embeddable":true,"href":"https:\/\/thesweetshop.ma\/index.php?rest_route=%2Fwp%2Fv2%2Fproduct_cat&post=2712"},{"taxonomy":"product_tag","embeddable":true,"href":"https:\/\/thesweetshop.ma\/index.php?rest_route=%2Fwp%2Fv2%2Fproduct_tag&post=2712"}],"curies":[{"name":"wp","href":"https:\/\/api.w.org\/{rel}","templated":true}]}}