{"id":2713,"date":"2023-06-22T14:34:09","date_gmt":"2023-06-22T14:34:09","guid":{"rendered":"https:\/\/thesweetshop.ma\/?post_type=product&#038;p=2713"},"modified":"2025-01-09T01:27:46","modified_gmt":"2025-01-09T01:27:46","slug":"cerave-creme-hydratante-visage-spf50-peaux-normales-a-seches-52ml","status":"publish","type":"product","link":"https:\/\/thesweetshop.ma\/?product=cerave-creme-hydratante-visage-spf50-peaux-normales-a-seches-52ml","title":{"rendered":"CeraVe Cr\u00e8me Hydratante Visage SPF50 Peaux Normales \u00c0 S\u00e8ches | 52ml"},"content":{"rendered":"<p><strong>Caract\u00e9ristiques :<\/strong><br \/>\nD\u00e9velopp\u00e9e avec des dermatologues, cette cr\u00e8me hydratante contient une protection solaire \u00e0 large spectre pour prot\u00e9ger la barri\u00e8re cutan\u00e9e contre les rayons UVA\/UVB. Sa texture l\u00e9g\u00e8re apporte une hydratation continue tout au long de la journ\u00e9e.<br \/>\nLa cr\u00e8me hydratante visage SPF50 contient de la niacinamide et de la vitamine E pour apaiser la peau et les 3 c\u00e9ramides essentiels pour aider \u00e0 restaurer la barri\u00e8re protectrice de la peau.<\/p>\n<p>\u2013 Texture cr\u00e8me hydratante non-grasse.<\/p>\n<p><strong>S\u00e9curit\u00e9 :<\/strong><br \/>\n\u2013 Sans parfum<br \/>\n\u2013 Sans parab\u00e8ne<br \/>\n\u2013 Non com\u00e9dog\u00e8ne.<br \/>\n\u2013 Hypoallerg\u00e9nique.<br \/>\n\u2013 Texture l\u00e9g\u00e8re, non grasse.<br \/>\n\u2013 Test\u00e9 sous controle dermatologique.<\/p>\n<p><strong>Ingr\u00e9dients &amp; Principes Actifs Cl\u00e9s :<\/strong><br \/>\n\u2013 3 C\u00e9ramides Essentiels : tous les produits CeraVe contiennent les 3 c\u00e9ramides essentiels (1, 3 et 6-II) dont une peau saine a besoin pour restaurer et maintenir sa barri\u00e8re protectrice naturelle.<br \/>\n\u2013 Technologie brevet\u00e9e de diffusion MVE : lib\u00e9ration contr\u00f4l\u00e9e et prolong\u00e9e d\u2019actifs pour une hydratation continue pendant 24h.<br \/>\n\u2013 Niacinamide : Aide la peau \u00e0 produire plus de c\u00e9ramides indispensable \u00e0 la r\u00e9paration de la barri\u00e8re cutan\u00e9e.<br \/>\n\u2013 Vitamine E : Puissant antioxydant qui aide \u00e0 hydrater la peau<br \/>\n\u2013 SPF 50 : prot\u00e8ge contre les rayons UVA\/UVB.<\/p>\n<p><strong>Conseils d\u2019Utilisation :<\/strong><br \/>\n\u2013 Appliquer, quotidiennement autant que n\u00e9cessaire sur l\u2019ensemble du visgae et du coup<br \/>\n\u2013 Faites ensuite p\u00e9n\u00e9trer la texture en massant d\u00e9licatement du bout des doigts.<\/p>\n<p>D\u00e8s la premi\u00e8re utilisation, sa texture l\u00e9g\u00e8re et non grasse offre \u00e0 votre peau une hydratation durable et une protection efficace contre les rayons UVA\/UVB<\/p>\n","protected":false},"excerpt":{"rendered":"<p>Caract\u00e9ristiques : D\u00e9velopp\u00e9e avec des dermatologues, cette cr\u00e8me hydratante contient une protection solaire \u00e0 large spectre pour prot\u00e9ger la barri\u00e8re cutan\u00e9e contre les rayons UVA\/UVB&#8230;.<\/p>\n","protected":false},"featured_media":2783,"comment_status":"open","ping_status":"closed","template":"","meta":{"_joinchat":[]},"etheme_brands":[],"product_brand":[],"product_cat":[157,120,156,158],"product_tag":[],"class_list":{"0":"post-2713","1":"product","2":"type-product","3":"status-publish","4":"has-post-thumbnail","6":"product_cat-cerave","7":"product_cat-hydratants","8":"product_cat-paramedical","9":"product_cat-visage","11":"first","12":"instock","13":"shipping-taxable","14":"purchasable","15":"product-type-simple"},"yoast_head":"<!-- This site is optimized with the Yoast SEO plugin v27.4 - https:\/\/yoast.com\/product\/yoast-seo-wordpress\/ -->\n<title>CeraVe Cr\u00e8me Hydratante Visage SPF50 Peaux Normales \u00c0 S\u00e8ches | 52ml - Maroc - The Sweet Shop<\/title>\n<meta name=\"robots\" content=\"index, follow, max-snippet:-1, max-image-preview:large, max-video-preview:-1\" \/>\n<link rel=\"canonical\" href=\"https:\/\/thesweetshop.ma\/?product=cerave-creme-hydratante-visage-spf50-peaux-normales-a-seches-52ml\" \/>\n<meta property=\"og:locale\" content=\"fr_FR\" \/>\n<meta property=\"og:type\" content=\"article\" \/>\n<meta property=\"og:title\" content=\"CeraVe Cr\u00e8me Hydratante Visage SPF50 Peaux Normales \u00c0 S\u00e8ches | 52ml - Maroc - The Sweet Shop\" \/>\n<meta property=\"og:description\" content=\"Caract\u00e9ristiques : D\u00e9velopp\u00e9e avec des dermatologues, cette cr\u00e8me hydratante contient une protection solaire \u00e0 large spectre pour prot\u00e9ger la barri\u00e8re cutan\u00e9e contre les rayons UVA\/UVB....\" \/>\n<meta property=\"og:url\" content=\"https:\/\/thesweetshop.ma\/?product=cerave-creme-hydratante-visage-spf50-peaux-normales-a-seches-52ml\" \/>\n<meta property=\"og:site_name\" content=\"The Sweet Shop\" \/>\n<meta property=\"article:modified_time\" content=\"2025-01-09T01:27:46+00:00\" \/>\n<meta property=\"og:image\" content=\"https:\/\/thesweetshop.ma\/wp-content\/uploads\/2023\/06\/cerave-spf50-2_grande-1.webp\" \/>\n\t<meta property=\"og:image:width\" content=\"600\" \/>\n\t<meta property=\"og:image:height\" content=\"600\" \/>\n\t<meta property=\"og:image:type\" content=\"image\/webp\" \/>\n<meta name=\"twitter:card\" content=\"summary_large_image\" \/>\n<meta name=\"twitter:label1\" content=\"Dur\u00e9e de lecture estim\u00e9e\" \/>\n\t<meta name=\"twitter:data1\" content=\"1 minute\" \/>\n<script type=\"application\/ld+json\" class=\"yoast-schema-graph\">{\"@context\":\"https:\\\/\\\/schema.org\",\"@graph\":[{\"@type\":\"WebPage\",\"@id\":\"https:\\\/\\\/thesweetshop.ma\\\/?product=cerave-creme-hydratante-visage-spf50-peaux-normales-a-seches-52ml\",\"url\":\"https:\\\/\\\/thesweetshop.ma\\\/?product=cerave-creme-hydratante-visage-spf50-peaux-normales-a-seches-52ml\",\"name\":\"CeraVe Cr\u00e8me Hydratante Visage SPF50 Peaux Normales \u00c0 S\u00e8ches | 52ml - Maroc - The Sweet Shop\",\"isPartOf\":{\"@id\":\"https:\\\/\\\/thesweetshop.ma\\\/#website\"},\"primaryImageOfPage\":{\"@id\":\"https:\\\/\\\/thesweetshop.ma\\\/?product=cerave-creme-hydratante-visage-spf50-peaux-normales-a-seches-52ml#primaryimage\"},\"image\":{\"@id\":\"https:\\\/\\\/thesweetshop.ma\\\/?product=cerave-creme-hydratante-visage-spf50-peaux-normales-a-seches-52ml#primaryimage\"},\"thumbnailUrl\":\"https:\\\/\\\/thesweetshop.ma\\\/wp-content\\\/uploads\\\/2023\\\/06\\\/cerave-spf50-2_grande-1.webp\",\"datePublished\":\"2023-06-22T14:34:09+00:00\",\"dateModified\":\"2025-01-09T01:27:46+00:00\",\"breadcrumb\":{\"@id\":\"https:\\\/\\\/thesweetshop.ma\\\/?product=cerave-creme-hydratante-visage-spf50-peaux-normales-a-seches-52ml#breadcrumb\"},\"inLanguage\":\"fr-FR\",\"potentialAction\":[{\"@type\":\"ReadAction\",\"target\":[\"https:\\\/\\\/thesweetshop.ma\\\/?product=cerave-creme-hydratante-visage-spf50-peaux-normales-a-seches-52ml\"]}]},{\"@type\":\"ImageObject\",\"inLanguage\":\"fr-FR\",\"@id\":\"https:\\\/\\\/thesweetshop.ma\\\/?product=cerave-creme-hydratante-visage-spf50-peaux-normales-a-seches-52ml#primaryimage\",\"url\":\"https:\\\/\\\/thesweetshop.ma\\\/wp-content\\\/uploads\\\/2023\\\/06\\\/cerave-spf50-2_grande-1.webp\",\"contentUrl\":\"https:\\\/\\\/thesweetshop.ma\\\/wp-content\\\/uploads\\\/2023\\\/06\\\/cerave-spf50-2_grande-1.webp\",\"width\":600,\"height\":600},{\"@type\":\"BreadcrumbList\",\"@id\":\"https:\\\/\\\/thesweetshop.ma\\\/?product=cerave-creme-hydratante-visage-spf50-peaux-normales-a-seches-52ml#breadcrumb\",\"itemListElement\":[{\"@type\":\"ListItem\",\"position\":1,\"name\":\"Home\",\"item\":\"https:\\\/\\\/thesweetshop.ma\\\/\"},{\"@type\":\"ListItem\",\"position\":2,\"name\":\"Shop\",\"item\":\"https:\\\/\\\/thesweetshop.ma\\\/?page_id=5\"},{\"@type\":\"ListItem\",\"position\":3,\"name\":\"CeraVe Cr\u00e8me Hydratante Visage SPF50 Peaux Normales \u00c0 S\u00e8ches | 52ml\"}]},{\"@type\":\"WebSite\",\"@id\":\"https:\\\/\\\/thesweetshop.ma\\\/#website\",\"url\":\"https:\\\/\\\/thesweetshop.ma\\\/\",\"name\":\"The Sweet Shop\",\"description\":\"1# Le premier site de maquillage au Maroc\",\"potentialAction\":[{\"@type\":\"SearchAction\",\"target\":{\"@type\":\"EntryPoint\",\"urlTemplate\":\"https:\\\/\\\/thesweetshop.ma\\\/?s={search_term_string}\"},\"query-input\":{\"@type\":\"PropertyValueSpecification\",\"valueRequired\":true,\"valueName\":\"search_term_string\"}}],\"inLanguage\":\"fr-FR\"}]}<\/script>\n<!-- \/ Yoast SEO plugin. -->","yoast_head_json":{"title":"CeraVe Cr\u00e8me Hydratante Visage SPF50 Peaux Normales \u00c0 S\u00e8ches | 52ml - Maroc - The Sweet Shop","robots":{"index":"index","follow":"follow","max-snippet":"max-snippet:-1","max-image-preview":"max-image-preview:large","max-video-preview":"max-video-preview:-1"},"canonical":"https:\/\/thesweetshop.ma\/?product=cerave-creme-hydratante-visage-spf50-peaux-normales-a-seches-52ml","og_locale":"fr_FR","og_type":"article","og_title":"CeraVe Cr\u00e8me Hydratante Visage SPF50 Peaux Normales \u00c0 S\u00e8ches | 52ml - Maroc - The Sweet Shop","og_description":"Caract\u00e9ristiques : D\u00e9velopp\u00e9e avec des dermatologues, cette cr\u00e8me hydratante contient une protection solaire \u00e0 large spectre pour prot\u00e9ger la barri\u00e8re cutan\u00e9e contre les rayons UVA\/UVB....","og_url":"https:\/\/thesweetshop.ma\/?product=cerave-creme-hydratante-visage-spf50-peaux-normales-a-seches-52ml","og_site_name":"The Sweet Shop","article_modified_time":"2025-01-09T01:27:46+00:00","og_image":[{"width":600,"height":600,"url":"https:\/\/thesweetshop.ma\/wp-content\/uploads\/2023\/06\/cerave-spf50-2_grande-1.webp","type":"image\/webp"}],"twitter_card":"summary_large_image","twitter_misc":{"Dur\u00e9e de lecture estim\u00e9e":"1 minute"},"schema":{"@context":"https:\/\/schema.org","@graph":[{"@type":"WebPage","@id":"https:\/\/thesweetshop.ma\/?product=cerave-creme-hydratante-visage-spf50-peaux-normales-a-seches-52ml","url":"https:\/\/thesweetshop.ma\/?product=cerave-creme-hydratante-visage-spf50-peaux-normales-a-seches-52ml","name":"CeraVe Cr\u00e8me Hydratante Visage SPF50 Peaux Normales \u00c0 S\u00e8ches | 52ml - Maroc - The Sweet Shop","isPartOf":{"@id":"https:\/\/thesweetshop.ma\/#website"},"primaryImageOfPage":{"@id":"https:\/\/thesweetshop.ma\/?product=cerave-creme-hydratante-visage-spf50-peaux-normales-a-seches-52ml#primaryimage"},"image":{"@id":"https:\/\/thesweetshop.ma\/?product=cerave-creme-hydratante-visage-spf50-peaux-normales-a-seches-52ml#primaryimage"},"thumbnailUrl":"https:\/\/thesweetshop.ma\/wp-content\/uploads\/2023\/06\/cerave-spf50-2_grande-1.webp","datePublished":"2023-06-22T14:34:09+00:00","dateModified":"2025-01-09T01:27:46+00:00","breadcrumb":{"@id":"https:\/\/thesweetshop.ma\/?product=cerave-creme-hydratante-visage-spf50-peaux-normales-a-seches-52ml#breadcrumb"},"inLanguage":"fr-FR","potentialAction":[{"@type":"ReadAction","target":["https:\/\/thesweetshop.ma\/?product=cerave-creme-hydratante-visage-spf50-peaux-normales-a-seches-52ml"]}]},{"@type":"ImageObject","inLanguage":"fr-FR","@id":"https:\/\/thesweetshop.ma\/?product=cerave-creme-hydratante-visage-spf50-peaux-normales-a-seches-52ml#primaryimage","url":"https:\/\/thesweetshop.ma\/wp-content\/uploads\/2023\/06\/cerave-spf50-2_grande-1.webp","contentUrl":"https:\/\/thesweetshop.ma\/wp-content\/uploads\/2023\/06\/cerave-spf50-2_grande-1.webp","width":600,"height":600},{"@type":"BreadcrumbList","@id":"https:\/\/thesweetshop.ma\/?product=cerave-creme-hydratante-visage-spf50-peaux-normales-a-seches-52ml#breadcrumb","itemListElement":[{"@type":"ListItem","position":1,"name":"Home","item":"https:\/\/thesweetshop.ma\/"},{"@type":"ListItem","position":2,"name":"Shop","item":"https:\/\/thesweetshop.ma\/?page_id=5"},{"@type":"ListItem","position":3,"name":"CeraVe Cr\u00e8me Hydratante Visage SPF50 Peaux Normales \u00c0 S\u00e8ches | 52ml"}]},{"@type":"WebSite","@id":"https:\/\/thesweetshop.ma\/#website","url":"https:\/\/thesweetshop.ma\/","name":"The Sweet Shop","description":"1# Le premier site de maquillage au Maroc","potentialAction":[{"@type":"SearchAction","target":{"@type":"EntryPoint","urlTemplate":"https:\/\/thesweetshop.ma\/?s={search_term_string}"},"query-input":{"@type":"PropertyValueSpecification","valueRequired":true,"valueName":"search_term_string"}}],"inLanguage":"fr-FR"}]}},"jetpack_sharing_enabled":true,"_links":{"self":[{"href":"https:\/\/thesweetshop.ma\/index.php?rest_route=\/wp\/v2\/product\/2713","targetHints":{"allow":["GET"]}}],"collection":[{"href":"https:\/\/thesweetshop.ma\/index.php?rest_route=\/wp\/v2\/product"}],"about":[{"href":"https:\/\/thesweetshop.ma\/index.php?rest_route=\/wp\/v2\/types\/product"}],"replies":[{"embeddable":true,"href":"https:\/\/thesweetshop.ma\/index.php?rest_route=%2Fwp%2Fv2%2Fcomments&post=2713"}],"version-history":[{"count":1,"href":"https:\/\/thesweetshop.ma\/index.php?rest_route=\/wp\/v2\/product\/2713\/revisions"}],"predecessor-version":[{"id":2784,"href":"https:\/\/thesweetshop.ma\/index.php?rest_route=\/wp\/v2\/product\/2713\/revisions\/2784"}],"wp:featuredmedia":[{"embeddable":true,"href":"https:\/\/thesweetshop.ma\/index.php?rest_route=\/wp\/v2\/media\/2783"}],"wp:attachment":[{"href":"https:\/\/thesweetshop.ma\/index.php?rest_route=%2Fwp%2Fv2%2Fmedia&parent=2713"}],"wp:term":[{"taxonomy":"brand","embeddable":true,"href":"https:\/\/thesweetshop.ma\/index.php?rest_route=%2Fwp%2Fv2%2Fetheme_brands&post=2713"},{"taxonomy":"product_brand","embeddable":true,"href":"https:\/\/thesweetshop.ma\/index.php?rest_route=%2Fwp%2Fv2%2Fproduct_brand&post=2713"},{"taxonomy":"product_cat","embeddable":true,"href":"https:\/\/thesweetshop.ma\/index.php?rest_route=%2Fwp%2Fv2%2Fproduct_cat&post=2713"},{"taxonomy":"product_tag","embeddable":true,"href":"https:\/\/thesweetshop.ma\/index.php?rest_route=%2Fwp%2Fv2%2Fproduct_tag&post=2713"}],"curies":[{"name":"wp","href":"https:\/\/api.w.org\/{rel}","templated":true}]}}