{"id":2750,"date":"2023-06-22T14:34:30","date_gmt":"2023-06-22T14:34:30","guid":{"rendered":"https:\/\/thesweetshop.ma\/?post_type=product&#038;p=2750"},"modified":"2023-06-22T14:34:49","modified_gmt":"2023-06-22T14:34:49","slug":"cerave-creme-reparatrice-yeux-anti-cernes-et-anti-poches-14ml","status":"publish","type":"product","link":"https:\/\/thesweetshop.ma\/?product=cerave-creme-reparatrice-yeux-anti-cernes-et-anti-poches-14ml","title":{"rendered":"CeraVe Cr\u00e8me R\u00e9paratrice Yeux Anti-Cernes Et Anti-Poches | 14ml"},"content":{"rendered":"<p><strong>Caract\u00e9ristiques :<\/strong><br \/>\nD\u00e9velopp\u00e9 avec des dermatologues, la Cr\u00e8me R\u00e9paratrice Contour des Yeux CeraVe hydrate efficacement et aide \u00e0 restaurer la barri\u00e8re protectrice du contour des yeux. Une texture l\u00e9g\u00e8re et fluide qui p\u00e9n\u00e8tre rapidement la peau. Enrichi aux 3 c\u00e9ramides et \u00e0 l\u2019acide hyaluronique, ce soin contour des yeux aide \u00e0 maintenir la peau hydrat\u00e9e et \u00e0 r\u00e9duire les poches et les cernes pour une peau liss\u00e9, douce et \u00e9clatante.<\/p>\n<p><strong>S\u00e9curit\u00e9 :<\/strong><br \/>\n\u2013 Sans parfum.<br \/>\n\u2013 Non-Com\u00e9dog\u00e8ne.<\/p>\n<p>Ingr\u00e9dients &amp; B\u00e9n\u00e9fices Cl\u00e9s :<br \/>\n\u2013 3 C\u00e9ramides Essentiels : tous les produits CeraVe contiennent les 3 c\u00e9ramides essentiels (1, 3 et 6-II) dont une peau saine a besoin pour restaurer et maintenir sa barri\u00e8re protectrice naturelle.<br \/>\n\u2013 Acide hyaluronique : maintient l\u2019hydratation naturelle de la peau.<br \/>\n\u2013 Extrait de plantes marines : aide \u00e0 lutter contre les cernes et les poches.<br \/>\n\u2013 Technologie brevet\u00e9e de diffusion MVE : diffusion prolong\u00e9e des actifs pour une hydratation continue pendant 24h.<\/p>\n<p><strong>Conseils d\u2019Utilisation :<\/strong><br \/>\nAppliquer matin et soir sur le contour des yeux et masser pour faire p\u00e9n\u00e9trer la cr\u00e8me. En cas de contact avec les yeux, rincer abondamment avec de l\u2019eau.<\/p>\n","protected":false},"excerpt":{"rendered":"<p>Caract\u00e9ristiques : D\u00e9velopp\u00e9 avec des dermatologues, la Cr\u00e8me R\u00e9paratrice Contour des Yeux CeraVe hydrate efficacement et aide \u00e0 restaurer la barri\u00e8re protectrice du contour des&#8230;<\/p>\n","protected":false},"featured_media":2789,"comment_status":"open","ping_status":"closed","template":"","meta":{"_joinchat":[]},"etheme_brands":[],"product_brand":[],"product_cat":[157,120,156],"product_tag":[],"class_list":{"0":"post-2750","1":"product","2":"type-product","3":"status-publish","4":"has-post-thumbnail","6":"product_cat-cerave","7":"product_cat-hydratants","8":"product_cat-paramedical","10":"first","11":"instock","12":"shipping-taxable","13":"purchasable","14":"product-type-simple"},"yoast_head":"<!-- This site is optimized with the Yoast SEO plugin v27.4 - https:\/\/yoast.com\/product\/yoast-seo-wordpress\/ -->\n<title>CeraVe Cr\u00e8me R\u00e9paratrice Yeux Anti-Cernes Et Anti-Poches | 14ml - Maroc - The Sweet Shop<\/title>\n<meta name=\"robots\" content=\"index, follow, max-snippet:-1, max-image-preview:large, max-video-preview:-1\" \/>\n<link rel=\"canonical\" href=\"https:\/\/thesweetshop.ma\/?product=cerave-creme-reparatrice-yeux-anti-cernes-et-anti-poches-14ml\" \/>\n<meta property=\"og:locale\" content=\"fr_FR\" \/>\n<meta property=\"og:type\" content=\"article\" \/>\n<meta property=\"og:title\" content=\"CeraVe Cr\u00e8me R\u00e9paratrice Yeux Anti-Cernes Et Anti-Poches | 14ml - Maroc - The Sweet Shop\" \/>\n<meta property=\"og:description\" content=\"Caract\u00e9ristiques : D\u00e9velopp\u00e9 avec des dermatologues, la Cr\u00e8me R\u00e9paratrice Contour des Yeux CeraVe hydrate efficacement et aide \u00e0 restaurer la barri\u00e8re protectrice du contour des...\" \/>\n<meta property=\"og:url\" content=\"https:\/\/thesweetshop.ma\/?product=cerave-creme-reparatrice-yeux-anti-cernes-et-anti-poches-14ml\" \/>\n<meta property=\"og:site_name\" content=\"The Sweet Shop\" \/>\n<meta property=\"article:modified_time\" content=\"2023-06-22T14:34:49+00:00\" \/>\n<meta property=\"og:image\" content=\"https:\/\/thesweetshop.ma\/wp-content\/uploads\/2023\/06\/14ml-1.webp\" \/>\n\t<meta property=\"og:image:width\" content=\"900\" \/>\n\t<meta property=\"og:image:height\" content=\"900\" \/>\n\t<meta property=\"og:image:type\" content=\"image\/webp\" \/>\n<meta name=\"twitter:card\" content=\"summary_large_image\" \/>\n<meta name=\"twitter:label1\" content=\"Dur\u00e9e de lecture estim\u00e9e\" \/>\n\t<meta name=\"twitter:data1\" content=\"1 minute\" \/>\n<script type=\"application\/ld+json\" class=\"yoast-schema-graph\">{\"@context\":\"https:\\\/\\\/schema.org\",\"@graph\":[{\"@type\":\"WebPage\",\"@id\":\"https:\\\/\\\/thesweetshop.ma\\\/?product=cerave-creme-reparatrice-yeux-anti-cernes-et-anti-poches-14ml\",\"url\":\"https:\\\/\\\/thesweetshop.ma\\\/?product=cerave-creme-reparatrice-yeux-anti-cernes-et-anti-poches-14ml\",\"name\":\"CeraVe Cr\u00e8me R\u00e9paratrice Yeux Anti-Cernes Et Anti-Poches | 14ml - Maroc - The Sweet Shop\",\"isPartOf\":{\"@id\":\"https:\\\/\\\/thesweetshop.ma\\\/#website\"},\"primaryImageOfPage\":{\"@id\":\"https:\\\/\\\/thesweetshop.ma\\\/?product=cerave-creme-reparatrice-yeux-anti-cernes-et-anti-poches-14ml#primaryimage\"},\"image\":{\"@id\":\"https:\\\/\\\/thesweetshop.ma\\\/?product=cerave-creme-reparatrice-yeux-anti-cernes-et-anti-poches-14ml#primaryimage\"},\"thumbnailUrl\":\"https:\\\/\\\/thesweetshop.ma\\\/wp-content\\\/uploads\\\/2023\\\/06\\\/14ml-1.webp\",\"datePublished\":\"2023-06-22T14:34:30+00:00\",\"dateModified\":\"2023-06-22T14:34:49+00:00\",\"breadcrumb\":{\"@id\":\"https:\\\/\\\/thesweetshop.ma\\\/?product=cerave-creme-reparatrice-yeux-anti-cernes-et-anti-poches-14ml#breadcrumb\"},\"inLanguage\":\"fr-FR\",\"potentialAction\":[{\"@type\":\"ReadAction\",\"target\":[\"https:\\\/\\\/thesweetshop.ma\\\/?product=cerave-creme-reparatrice-yeux-anti-cernes-et-anti-poches-14ml\"]}]},{\"@type\":\"ImageObject\",\"inLanguage\":\"fr-FR\",\"@id\":\"https:\\\/\\\/thesweetshop.ma\\\/?product=cerave-creme-reparatrice-yeux-anti-cernes-et-anti-poches-14ml#primaryimage\",\"url\":\"https:\\\/\\\/thesweetshop.ma\\\/wp-content\\\/uploads\\\/2023\\\/06\\\/14ml-1.webp\",\"contentUrl\":\"https:\\\/\\\/thesweetshop.ma\\\/wp-content\\\/uploads\\\/2023\\\/06\\\/14ml-1.webp\",\"width\":900,\"height\":900},{\"@type\":\"BreadcrumbList\",\"@id\":\"https:\\\/\\\/thesweetshop.ma\\\/?product=cerave-creme-reparatrice-yeux-anti-cernes-et-anti-poches-14ml#breadcrumb\",\"itemListElement\":[{\"@type\":\"ListItem\",\"position\":1,\"name\":\"Home\",\"item\":\"https:\\\/\\\/thesweetshop.ma\\\/\"},{\"@type\":\"ListItem\",\"position\":2,\"name\":\"Shop\",\"item\":\"https:\\\/\\\/thesweetshop.ma\\\/?page_id=5\"},{\"@type\":\"ListItem\",\"position\":3,\"name\":\"CeraVe Cr\u00e8me R\u00e9paratrice Yeux Anti-Cernes Et Anti-Poches | 14ml\"}]},{\"@type\":\"WebSite\",\"@id\":\"https:\\\/\\\/thesweetshop.ma\\\/#website\",\"url\":\"https:\\\/\\\/thesweetshop.ma\\\/\",\"name\":\"The Sweet Shop\",\"description\":\"1# Le premier site de maquillage au Maroc\",\"potentialAction\":[{\"@type\":\"SearchAction\",\"target\":{\"@type\":\"EntryPoint\",\"urlTemplate\":\"https:\\\/\\\/thesweetshop.ma\\\/?s={search_term_string}\"},\"query-input\":{\"@type\":\"PropertyValueSpecification\",\"valueRequired\":true,\"valueName\":\"search_term_string\"}}],\"inLanguage\":\"fr-FR\"}]}<\/script>\n<!-- \/ Yoast SEO plugin. -->","yoast_head_json":{"title":"CeraVe Cr\u00e8me R\u00e9paratrice Yeux Anti-Cernes Et Anti-Poches | 14ml - Maroc - The Sweet Shop","robots":{"index":"index","follow":"follow","max-snippet":"max-snippet:-1","max-image-preview":"max-image-preview:large","max-video-preview":"max-video-preview:-1"},"canonical":"https:\/\/thesweetshop.ma\/?product=cerave-creme-reparatrice-yeux-anti-cernes-et-anti-poches-14ml","og_locale":"fr_FR","og_type":"article","og_title":"CeraVe Cr\u00e8me R\u00e9paratrice Yeux Anti-Cernes Et Anti-Poches | 14ml - Maroc - The Sweet Shop","og_description":"Caract\u00e9ristiques : D\u00e9velopp\u00e9 avec des dermatologues, la Cr\u00e8me R\u00e9paratrice Contour des Yeux CeraVe hydrate efficacement et aide \u00e0 restaurer la barri\u00e8re protectrice du contour des...","og_url":"https:\/\/thesweetshop.ma\/?product=cerave-creme-reparatrice-yeux-anti-cernes-et-anti-poches-14ml","og_site_name":"The Sweet Shop","article_modified_time":"2023-06-22T14:34:49+00:00","og_image":[{"width":900,"height":900,"url":"https:\/\/thesweetshop.ma\/wp-content\/uploads\/2023\/06\/14ml-1.webp","type":"image\/webp"}],"twitter_card":"summary_large_image","twitter_misc":{"Dur\u00e9e de lecture estim\u00e9e":"1 minute"},"schema":{"@context":"https:\/\/schema.org","@graph":[{"@type":"WebPage","@id":"https:\/\/thesweetshop.ma\/?product=cerave-creme-reparatrice-yeux-anti-cernes-et-anti-poches-14ml","url":"https:\/\/thesweetshop.ma\/?product=cerave-creme-reparatrice-yeux-anti-cernes-et-anti-poches-14ml","name":"CeraVe Cr\u00e8me R\u00e9paratrice Yeux Anti-Cernes Et Anti-Poches | 14ml - Maroc - The Sweet Shop","isPartOf":{"@id":"https:\/\/thesweetshop.ma\/#website"},"primaryImageOfPage":{"@id":"https:\/\/thesweetshop.ma\/?product=cerave-creme-reparatrice-yeux-anti-cernes-et-anti-poches-14ml#primaryimage"},"image":{"@id":"https:\/\/thesweetshop.ma\/?product=cerave-creme-reparatrice-yeux-anti-cernes-et-anti-poches-14ml#primaryimage"},"thumbnailUrl":"https:\/\/thesweetshop.ma\/wp-content\/uploads\/2023\/06\/14ml-1.webp","datePublished":"2023-06-22T14:34:30+00:00","dateModified":"2023-06-22T14:34:49+00:00","breadcrumb":{"@id":"https:\/\/thesweetshop.ma\/?product=cerave-creme-reparatrice-yeux-anti-cernes-et-anti-poches-14ml#breadcrumb"},"inLanguage":"fr-FR","potentialAction":[{"@type":"ReadAction","target":["https:\/\/thesweetshop.ma\/?product=cerave-creme-reparatrice-yeux-anti-cernes-et-anti-poches-14ml"]}]},{"@type":"ImageObject","inLanguage":"fr-FR","@id":"https:\/\/thesweetshop.ma\/?product=cerave-creme-reparatrice-yeux-anti-cernes-et-anti-poches-14ml#primaryimage","url":"https:\/\/thesweetshop.ma\/wp-content\/uploads\/2023\/06\/14ml-1.webp","contentUrl":"https:\/\/thesweetshop.ma\/wp-content\/uploads\/2023\/06\/14ml-1.webp","width":900,"height":900},{"@type":"BreadcrumbList","@id":"https:\/\/thesweetshop.ma\/?product=cerave-creme-reparatrice-yeux-anti-cernes-et-anti-poches-14ml#breadcrumb","itemListElement":[{"@type":"ListItem","position":1,"name":"Home","item":"https:\/\/thesweetshop.ma\/"},{"@type":"ListItem","position":2,"name":"Shop","item":"https:\/\/thesweetshop.ma\/?page_id=5"},{"@type":"ListItem","position":3,"name":"CeraVe Cr\u00e8me R\u00e9paratrice Yeux Anti-Cernes Et Anti-Poches | 14ml"}]},{"@type":"WebSite","@id":"https:\/\/thesweetshop.ma\/#website","url":"https:\/\/thesweetshop.ma\/","name":"The Sweet Shop","description":"1# Le premier site de maquillage au Maroc","potentialAction":[{"@type":"SearchAction","target":{"@type":"EntryPoint","urlTemplate":"https:\/\/thesweetshop.ma\/?s={search_term_string}"},"query-input":{"@type":"PropertyValueSpecification","valueRequired":true,"valueName":"search_term_string"}}],"inLanguage":"fr-FR"}]}},"jetpack_sharing_enabled":true,"_links":{"self":[{"href":"https:\/\/thesweetshop.ma\/index.php?rest_route=\/wp\/v2\/product\/2750","targetHints":{"allow":["GET"]}}],"collection":[{"href":"https:\/\/thesweetshop.ma\/index.php?rest_route=\/wp\/v2\/product"}],"about":[{"href":"https:\/\/thesweetshop.ma\/index.php?rest_route=\/wp\/v2\/types\/product"}],"replies":[{"embeddable":true,"href":"https:\/\/thesweetshop.ma\/index.php?rest_route=%2Fwp%2Fv2%2Fcomments&post=2750"}],"version-history":[{"count":1,"href":"https:\/\/thesweetshop.ma\/index.php?rest_route=\/wp\/v2\/product\/2750\/revisions"}],"predecessor-version":[{"id":2790,"href":"https:\/\/thesweetshop.ma\/index.php?rest_route=\/wp\/v2\/product\/2750\/revisions\/2790"}],"wp:featuredmedia":[{"embeddable":true,"href":"https:\/\/thesweetshop.ma\/index.php?rest_route=\/wp\/v2\/media\/2789"}],"wp:attachment":[{"href":"https:\/\/thesweetshop.ma\/index.php?rest_route=%2Fwp%2Fv2%2Fmedia&parent=2750"}],"wp:term":[{"taxonomy":"brand","embeddable":true,"href":"https:\/\/thesweetshop.ma\/index.php?rest_route=%2Fwp%2Fv2%2Fetheme_brands&post=2750"},{"taxonomy":"product_brand","embeddable":true,"href":"https:\/\/thesweetshop.ma\/index.php?rest_route=%2Fwp%2Fv2%2Fproduct_brand&post=2750"},{"taxonomy":"product_cat","embeddable":true,"href":"https:\/\/thesweetshop.ma\/index.php?rest_route=%2Fwp%2Fv2%2Fproduct_cat&post=2750"},{"taxonomy":"product_tag","embeddable":true,"href":"https:\/\/thesweetshop.ma\/index.php?rest_route=%2Fwp%2Fv2%2Fproduct_tag&post=2750"}],"curies":[{"name":"wp","href":"https:\/\/api.w.org\/{rel}","templated":true}]}}