{"id":2755,"date":"2023-06-22T14:34:30","date_gmt":"2023-06-22T14:34:30","guid":{"rendered":"https:\/\/thesweetshop.ma\/?post_type=product&#038;p=2755"},"modified":"2023-06-22T14:34:55","modified_gmt":"2023-06-22T14:34:55","slug":"cerave-baume-hydratant-nourrissant-peau-seche-a-tres-seche-50ml","status":"publish","type":"product","link":"https:\/\/thesweetshop.ma\/?product=cerave-baume-hydratant-nourrissant-peau-seche-a-tres-seche-50ml","title":{"rendered":"CeraVe Baume Hydratant Nourrissant Peau S\u00e8che \u00c0 Tr\u00e8s S\u00e8che | 50ml"},"content":{"rendered":"<p><strong>Caract\u00e9ristiques :<\/strong><br \/>\nD\u00e9velopp\u00e9 avec des dermatologues, le Baume Hydratant CeraVe nourrit, hydrate et aide \u00e0 restaurer la barri\u00e8re protectrice de la peau. Ce soin nourrissant, enrichi aux 3 c\u00e9ramides essentiels et acide hyaluronique hydrate la peau en continu, d\u00e8s la premi\u00e8re application.<\/p>\n<p>\u2013 Texture cr\u00e8me riche, non grasse et non collante.<\/p>\n<p><strong>S\u00e9curit\u00e9 :<\/strong><br \/>\n\u2013 Hypoallerg\u00e9nique.<br \/>\n\u2013 Non-Com\u00e9dog\u00e8ne : ne bouche pas les pores.<br \/>\n\u2013 Sans Parfum.<br \/>\n\u2013 Sans Parab\u00e8ne.<br \/>\n\u2013 Convient aux peaux sensibles.<\/p>\n<p><strong>Ingr\u00e9dients &amp; Principes Actifs Cl\u00e9s :<\/strong><br \/>\n\u2013 3 C\u00e9ramides Essentiels : tous les produits CeraVe contiennent les 3 c\u00e9ramides essentiels (1, 3 et 6-II) dont une peau saine a besoin pour restaurer et maintenir sa barri\u00e8re protectrice naturelle.<br \/>\n\u2013 Technologie brevet\u00e9e de diffusion MVE : lib\u00e9ration contr\u00f4l\u00e9e et prolong\u00e9e d\u2019actifs pour une hydratation continue pendant 24h.<br \/>\n\u2013 Acide hyaluronique : maintient l\u2019hydratation naturelle de la peau.<br \/>\n\u2013 Glyc\u00e9rine : adoucit et prot\u00e8ge la peau.<\/p>\n<p><strong>Conseils d\u2019Utilisation :<\/strong><br \/>\n\u2013 Appliquez g\u00e9n\u00e9reusement, le matin et\/ou le soir, ou aussi souvent que n\u00e9cessaire, sur l\u2019ensemble du visage et corps en insistant sur les zones les plus s\u00e8ches (genoux, coudes, pieds, nez et pommettes).<br \/>\n\u2013 Massez par l\u00e9gers mouvements circulaires ; sa texture non grasse permet une absorption rapide et facile. Evitez le contour des yeux.<\/p>\n<p>Durablement hydrat\u00e9es, les peaux s\u00e8ches \u00e0 tr\u00e8s s\u00e8ches sont r\u00e9par\u00e9es. Id\u00e9al apr\u00e8s la douche pour nourrir intens\u00e9ment la peau de toute la famille.<\/p>\n<p><strong>Efficacit\u00e9 :<\/strong><br \/>\nApr\u00e8s 4 semaines d\u2019utilisation, les r\u00e9sultats de ce soin hydratant sont cliniquement prouv\u00e9s avec une diminution de 80%* de s\u00e9cheresse cutan\u00e9e.<br \/>\n*Etude clinique de 4 semaines, monocentrique, 49 femmes de 30 \u00e0 65 ans, peaux s\u00e8ches \u00e0 tr\u00e8s s\u00e8ches. 2 applications par jour du baume hydratant.<\/p>\n","protected":false},"excerpt":{"rendered":"<p>Caract\u00e9ristiques : D\u00e9velopp\u00e9 avec des dermatologues, le Baume Hydratant CeraVe nourrit, hydrate et aide \u00e0 restaurer la barri\u00e8re protectrice de la peau. Ce soin nourrissant,&#8230;<\/p>\n","protected":false},"featured_media":2799,"comment_status":"open","ping_status":"closed","template":"","meta":{"_joinchat":[]},"etheme_brands":[],"product_brand":[],"product_cat":[157,123,120,156],"product_tag":[],"class_list":{"0":"post-2755","1":"product","2":"type-product","3":"status-publish","4":"has-post-thumbnail","6":"product_cat-cerave","7":"product_cat-etats-unis","8":"product_cat-hydratants","9":"product_cat-paramedical","11":"first","12":"instock","13":"shipping-taxable","14":"purchasable","15":"product-type-simple"},"yoast_head":"<!-- This site is optimized with the Yoast SEO plugin v27.4 - https:\/\/yoast.com\/product\/yoast-seo-wordpress\/ -->\n<title>CeraVe Baume Hydratant Nourrissant Peau S\u00e8che \u00c0 Tr\u00e8s S\u00e8che | 50ml - Maroc - The Sweet Shop<\/title>\n<meta name=\"robots\" content=\"index, follow, max-snippet:-1, max-image-preview:large, max-video-preview:-1\" \/>\n<link rel=\"canonical\" href=\"https:\/\/thesweetshop.ma\/?product=cerave-baume-hydratant-nourrissant-peau-seche-a-tres-seche-50ml\" \/>\n<meta property=\"og:locale\" content=\"fr_FR\" \/>\n<meta property=\"og:type\" content=\"article\" \/>\n<meta property=\"og:title\" content=\"CeraVe Baume Hydratant Nourrissant Peau S\u00e8che \u00c0 Tr\u00e8s S\u00e8che | 50ml - Maroc - The Sweet Shop\" \/>\n<meta property=\"og:description\" content=\"Caract\u00e9ristiques : D\u00e9velopp\u00e9 avec des dermatologues, le Baume Hydratant CeraVe nourrit, hydrate et aide \u00e0 restaurer la barri\u00e8re protectrice de la peau. Ce soin nourrissant,...\" \/>\n<meta property=\"og:url\" content=\"https:\/\/thesweetshop.ma\/?product=cerave-baume-hydratant-nourrissant-peau-seche-a-tres-seche-50ml\" \/>\n<meta property=\"og:site_name\" content=\"The Sweet Shop\" \/>\n<meta property=\"article:modified_time\" content=\"2023-06-22T14:34:55+00:00\" \/>\n<meta property=\"og:image\" content=\"https:\/\/thesweetshop.ma\/wp-content\/uploads\/2023\/06\/Cerave-baume-hydratant-Peau-seche-a-tres-seche-177-ml.jpeg\" \/>\n\t<meta property=\"og:image:width\" content=\"600\" \/>\n\t<meta property=\"og:image:height\" content=\"600\" \/>\n\t<meta property=\"og:image:type\" content=\"image\/jpeg\" \/>\n<meta name=\"twitter:card\" content=\"summary_large_image\" \/>\n<meta name=\"twitter:label1\" content=\"Dur\u00e9e de lecture estim\u00e9e\" \/>\n\t<meta name=\"twitter:data1\" content=\"1 minute\" \/>\n<script type=\"application\/ld+json\" class=\"yoast-schema-graph\">{\"@context\":\"https:\\\/\\\/schema.org\",\"@graph\":[{\"@type\":\"WebPage\",\"@id\":\"https:\\\/\\\/thesweetshop.ma\\\/?product=cerave-baume-hydratant-nourrissant-peau-seche-a-tres-seche-50ml\",\"url\":\"https:\\\/\\\/thesweetshop.ma\\\/?product=cerave-baume-hydratant-nourrissant-peau-seche-a-tres-seche-50ml\",\"name\":\"CeraVe Baume Hydratant Nourrissant Peau S\u00e8che \u00c0 Tr\u00e8s S\u00e8che | 50ml - Maroc - The Sweet Shop\",\"isPartOf\":{\"@id\":\"https:\\\/\\\/thesweetshop.ma\\\/#website\"},\"primaryImageOfPage\":{\"@id\":\"https:\\\/\\\/thesweetshop.ma\\\/?product=cerave-baume-hydratant-nourrissant-peau-seche-a-tres-seche-50ml#primaryimage\"},\"image\":{\"@id\":\"https:\\\/\\\/thesweetshop.ma\\\/?product=cerave-baume-hydratant-nourrissant-peau-seche-a-tres-seche-50ml#primaryimage\"},\"thumbnailUrl\":\"https:\\\/\\\/thesweetshop.ma\\\/wp-content\\\/uploads\\\/2023\\\/06\\\/Cerave-baume-hydratant-Peau-seche-a-tres-seche-177-ml.jpeg\",\"datePublished\":\"2023-06-22T14:34:30+00:00\",\"dateModified\":\"2023-06-22T14:34:55+00:00\",\"breadcrumb\":{\"@id\":\"https:\\\/\\\/thesweetshop.ma\\\/?product=cerave-baume-hydratant-nourrissant-peau-seche-a-tres-seche-50ml#breadcrumb\"},\"inLanguage\":\"fr-FR\",\"potentialAction\":[{\"@type\":\"ReadAction\",\"target\":[\"https:\\\/\\\/thesweetshop.ma\\\/?product=cerave-baume-hydratant-nourrissant-peau-seche-a-tres-seche-50ml\"]}]},{\"@type\":\"ImageObject\",\"inLanguage\":\"fr-FR\",\"@id\":\"https:\\\/\\\/thesweetshop.ma\\\/?product=cerave-baume-hydratant-nourrissant-peau-seche-a-tres-seche-50ml#primaryimage\",\"url\":\"https:\\\/\\\/thesweetshop.ma\\\/wp-content\\\/uploads\\\/2023\\\/06\\\/Cerave-baume-hydratant-Peau-seche-a-tres-seche-177-ml.jpeg\",\"contentUrl\":\"https:\\\/\\\/thesweetshop.ma\\\/wp-content\\\/uploads\\\/2023\\\/06\\\/Cerave-baume-hydratant-Peau-seche-a-tres-seche-177-ml.jpeg\",\"width\":600,\"height\":600},{\"@type\":\"BreadcrumbList\",\"@id\":\"https:\\\/\\\/thesweetshop.ma\\\/?product=cerave-baume-hydratant-nourrissant-peau-seche-a-tres-seche-50ml#breadcrumb\",\"itemListElement\":[{\"@type\":\"ListItem\",\"position\":1,\"name\":\"Home\",\"item\":\"https:\\\/\\\/thesweetshop.ma\\\/\"},{\"@type\":\"ListItem\",\"position\":2,\"name\":\"Shop\",\"item\":\"https:\\\/\\\/thesweetshop.ma\\\/?page_id=5\"},{\"@type\":\"ListItem\",\"position\":3,\"name\":\"CeraVe Baume Hydratant Nourrissant Peau S\u00e8che \u00c0 Tr\u00e8s S\u00e8che | 50ml\"}]},{\"@type\":\"WebSite\",\"@id\":\"https:\\\/\\\/thesweetshop.ma\\\/#website\",\"url\":\"https:\\\/\\\/thesweetshop.ma\\\/\",\"name\":\"The Sweet Shop\",\"description\":\"1# Le premier site de maquillage au Maroc\",\"potentialAction\":[{\"@type\":\"SearchAction\",\"target\":{\"@type\":\"EntryPoint\",\"urlTemplate\":\"https:\\\/\\\/thesweetshop.ma\\\/?s={search_term_string}\"},\"query-input\":{\"@type\":\"PropertyValueSpecification\",\"valueRequired\":true,\"valueName\":\"search_term_string\"}}],\"inLanguage\":\"fr-FR\"}]}<\/script>\n<!-- \/ Yoast SEO plugin. -->","yoast_head_json":{"title":"CeraVe Baume Hydratant Nourrissant Peau S\u00e8che \u00c0 Tr\u00e8s S\u00e8che | 50ml - Maroc - The Sweet Shop","robots":{"index":"index","follow":"follow","max-snippet":"max-snippet:-1","max-image-preview":"max-image-preview:large","max-video-preview":"max-video-preview:-1"},"canonical":"https:\/\/thesweetshop.ma\/?product=cerave-baume-hydratant-nourrissant-peau-seche-a-tres-seche-50ml","og_locale":"fr_FR","og_type":"article","og_title":"CeraVe Baume Hydratant Nourrissant Peau S\u00e8che \u00c0 Tr\u00e8s S\u00e8che | 50ml - Maroc - The Sweet Shop","og_description":"Caract\u00e9ristiques : D\u00e9velopp\u00e9 avec des dermatologues, le Baume Hydratant CeraVe nourrit, hydrate et aide \u00e0 restaurer la barri\u00e8re protectrice de la peau. Ce soin nourrissant,...","og_url":"https:\/\/thesweetshop.ma\/?product=cerave-baume-hydratant-nourrissant-peau-seche-a-tres-seche-50ml","og_site_name":"The Sweet Shop","article_modified_time":"2023-06-22T14:34:55+00:00","og_image":[{"width":600,"height":600,"url":"https:\/\/thesweetshop.ma\/wp-content\/uploads\/2023\/06\/Cerave-baume-hydratant-Peau-seche-a-tres-seche-177-ml.jpeg","type":"image\/jpeg"}],"twitter_card":"summary_large_image","twitter_misc":{"Dur\u00e9e de lecture estim\u00e9e":"1 minute"},"schema":{"@context":"https:\/\/schema.org","@graph":[{"@type":"WebPage","@id":"https:\/\/thesweetshop.ma\/?product=cerave-baume-hydratant-nourrissant-peau-seche-a-tres-seche-50ml","url":"https:\/\/thesweetshop.ma\/?product=cerave-baume-hydratant-nourrissant-peau-seche-a-tres-seche-50ml","name":"CeraVe Baume Hydratant Nourrissant Peau S\u00e8che \u00c0 Tr\u00e8s S\u00e8che | 50ml - Maroc - The Sweet Shop","isPartOf":{"@id":"https:\/\/thesweetshop.ma\/#website"},"primaryImageOfPage":{"@id":"https:\/\/thesweetshop.ma\/?product=cerave-baume-hydratant-nourrissant-peau-seche-a-tres-seche-50ml#primaryimage"},"image":{"@id":"https:\/\/thesweetshop.ma\/?product=cerave-baume-hydratant-nourrissant-peau-seche-a-tres-seche-50ml#primaryimage"},"thumbnailUrl":"https:\/\/thesweetshop.ma\/wp-content\/uploads\/2023\/06\/Cerave-baume-hydratant-Peau-seche-a-tres-seche-177-ml.jpeg","datePublished":"2023-06-22T14:34:30+00:00","dateModified":"2023-06-22T14:34:55+00:00","breadcrumb":{"@id":"https:\/\/thesweetshop.ma\/?product=cerave-baume-hydratant-nourrissant-peau-seche-a-tres-seche-50ml#breadcrumb"},"inLanguage":"fr-FR","potentialAction":[{"@type":"ReadAction","target":["https:\/\/thesweetshop.ma\/?product=cerave-baume-hydratant-nourrissant-peau-seche-a-tres-seche-50ml"]}]},{"@type":"ImageObject","inLanguage":"fr-FR","@id":"https:\/\/thesweetshop.ma\/?product=cerave-baume-hydratant-nourrissant-peau-seche-a-tres-seche-50ml#primaryimage","url":"https:\/\/thesweetshop.ma\/wp-content\/uploads\/2023\/06\/Cerave-baume-hydratant-Peau-seche-a-tres-seche-177-ml.jpeg","contentUrl":"https:\/\/thesweetshop.ma\/wp-content\/uploads\/2023\/06\/Cerave-baume-hydratant-Peau-seche-a-tres-seche-177-ml.jpeg","width":600,"height":600},{"@type":"BreadcrumbList","@id":"https:\/\/thesweetshop.ma\/?product=cerave-baume-hydratant-nourrissant-peau-seche-a-tres-seche-50ml#breadcrumb","itemListElement":[{"@type":"ListItem","position":1,"name":"Home","item":"https:\/\/thesweetshop.ma\/"},{"@type":"ListItem","position":2,"name":"Shop","item":"https:\/\/thesweetshop.ma\/?page_id=5"},{"@type":"ListItem","position":3,"name":"CeraVe Baume Hydratant Nourrissant Peau S\u00e8che \u00c0 Tr\u00e8s S\u00e8che | 50ml"}]},{"@type":"WebSite","@id":"https:\/\/thesweetshop.ma\/#website","url":"https:\/\/thesweetshop.ma\/","name":"The Sweet Shop","description":"1# Le premier site de maquillage au Maroc","potentialAction":[{"@type":"SearchAction","target":{"@type":"EntryPoint","urlTemplate":"https:\/\/thesweetshop.ma\/?s={search_term_string}"},"query-input":{"@type":"PropertyValueSpecification","valueRequired":true,"valueName":"search_term_string"}}],"inLanguage":"fr-FR"}]}},"jetpack_sharing_enabled":true,"_links":{"self":[{"href":"https:\/\/thesweetshop.ma\/index.php?rest_route=\/wp\/v2\/product\/2755","targetHints":{"allow":["GET"]}}],"collection":[{"href":"https:\/\/thesweetshop.ma\/index.php?rest_route=\/wp\/v2\/product"}],"about":[{"href":"https:\/\/thesweetshop.ma\/index.php?rest_route=\/wp\/v2\/types\/product"}],"replies":[{"embeddable":true,"href":"https:\/\/thesweetshop.ma\/index.php?rest_route=%2Fwp%2Fv2%2Fcomments&post=2755"}],"version-history":[{"count":1,"href":"https:\/\/thesweetshop.ma\/index.php?rest_route=\/wp\/v2\/product\/2755\/revisions"}],"predecessor-version":[{"id":2800,"href":"https:\/\/thesweetshop.ma\/index.php?rest_route=\/wp\/v2\/product\/2755\/revisions\/2800"}],"wp:featuredmedia":[{"embeddable":true,"href":"https:\/\/thesweetshop.ma\/index.php?rest_route=\/wp\/v2\/media\/2799"}],"wp:attachment":[{"href":"https:\/\/thesweetshop.ma\/index.php?rest_route=%2Fwp%2Fv2%2Fmedia&parent=2755"}],"wp:term":[{"taxonomy":"brand","embeddable":true,"href":"https:\/\/thesweetshop.ma\/index.php?rest_route=%2Fwp%2Fv2%2Fetheme_brands&post=2755"},{"taxonomy":"product_brand","embeddable":true,"href":"https:\/\/thesweetshop.ma\/index.php?rest_route=%2Fwp%2Fv2%2Fproduct_brand&post=2755"},{"taxonomy":"product_cat","embeddable":true,"href":"https:\/\/thesweetshop.ma\/index.php?rest_route=%2Fwp%2Fv2%2Fproduct_cat&post=2755"},{"taxonomy":"product_tag","embeddable":true,"href":"https:\/\/thesweetshop.ma\/index.php?rest_route=%2Fwp%2Fv2%2Fproduct_tag&post=2755"}],"curies":[{"name":"wp","href":"https:\/\/api.w.org\/{rel}","templated":true}]}}