{"id":2757,"date":"2023-06-22T14:34:31","date_gmt":"2023-06-22T14:34:31","guid":{"rendered":"https:\/\/thesweetshop.ma\/?post_type=product&#038;p=2757"},"modified":"2026-02-17T01:40:38","modified_gmt":"2026-02-17T01:40:38","slug":"cerave-gel-moussant-nettoyant-peau-normale-a-grasse-473ml","status":"publish","type":"product","link":"https:\/\/thesweetshop.ma\/?product=cerave-gel-moussant-nettoyant-peau-normale-a-grasse-473ml","title":{"rendered":"CeraVe Gel Moussant Nettoyant Peau Normale \u00c0 Grasse | 473ml"},"content":{"rendered":"<p><strong>Caract\u00e9ristiques :<\/strong><br \/>\nD\u00e9velopp\u00e9 avec des dermatologues, le Gel Moussant CeraVe nettoie en douceur, purifie en profondeur sans alt\u00e9rer la barri\u00e8re naturelle de la peau. Ce gel purifiant, aux 3 c\u00e9ramides essentiels, \u00e0 l\u2019acide hyaluronique et \u00e0 la niacinamide, r\u00e9duit efficacement l\u2019exc\u00e8s de s\u00e9bum, les impuret\u00e9s et le maquillage pour un fini doux.<\/p>\n<p>\u2013 Texture gel fra\u00eeche moussante et purifiante.<\/p>\n<p><strong>S\u00e9curit\u00e9 :<\/strong><br \/>\n\u2013 Sans Parfum.<br \/>\n\u2013 Hypoallerg\u00e9nique.<br \/>\n\u2013 Test\u00e9 sous contr\u00f4le dermatologique.<br \/>\n\u2013 Non-Com\u00e9dog\u00e8ne : ne bouche pas les pores.<\/p>\n<p><strong>Ingr\u00e9dients &amp; Principes Actifs Cl\u00e9s :<\/strong><br \/>\n\u2013 3 C\u00e9ramides Essentiels : tous les produits CeraVe contiennent les 3 c\u00e9ramides essentiels (1, 3 et 6-II) dont une peau saine a besoin pour restaurer et maintenir sa barri\u00e8re protectrice naturelle.<br \/>\n\u2013 Technologie brevet\u00e9e de diffusion MVE : lib\u00e9ration contr\u00f4l\u00e9e et prolong\u00e9e d\u2019actifs pour une hydratation continue pendant 24h.<br \/>\n\u2013 Acide hyaluronique : maintient l\u2019hydratation naturelle de la peau.<br \/>\n\u2013 Niacinamide (Vitamine B3) : aide \u00e0 apaiser la peau.<\/p>\n<p><strong>Conseils d\u2019Utilisation :<\/strong><br \/>\n\u2013 Appliquez quotidiennement le matin comme un produit nettoyant et le soir, apr\u00e8s son d\u00e9maquillage.<br \/>\n\u2013 Humidifiez votre peau puis d\u00e9posez une pression du gel moussant dans le creux de votre main et faites mousser en massant d\u00e9licatement votre visage et votre cou par petits mouvements circulaires. Insister sur le front, le nez et le menton pour \u00e9liminer l\u2019exc\u00e8s de s\u00e9bum. Eviter le contour des yeux.<br \/>\n\u2013 Ensuite, rincer abondamment \u00e0 l\u2019eau claire.<\/p>\n<p>Parfaitement nettoy\u00e9e et purifi\u00e9e en douceur, votre peau est pr\u00eate \u00e0 recevoir vos soins. Pour une routine compl\u00e8te, utiliser la Cr\u00e8me Hydratante Visage CeraVe.<\/p>\n","protected":false},"excerpt":{"rendered":"<p>Caract\u00e9ristiques : D\u00e9velopp\u00e9 avec des dermatologues, le Gel Moussant CeraVe nettoie en douceur, purifie en profondeur sans alt\u00e9rer la barri\u00e8re naturelle de la peau. Ce&#8230;<\/p>\n","protected":false},"featured_media":2803,"comment_status":"open","ping_status":"closed","template":"","meta":{"_joinchat":[]},"etheme_brands":[],"product_brand":[],"product_cat":[157,123,110,156],"product_tag":[],"class_list":{"0":"post-2757","1":"product","2":"type-product","3":"status-publish","4":"has-post-thumbnail","6":"product_cat-cerave","7":"product_cat-etats-unis","8":"product_cat-nettoyants","9":"product_cat-paramedical","11":"first","12":"instock","13":"shipping-taxable","14":"purchasable","15":"product-type-simple"},"yoast_head":"<!-- This site is optimized with the Yoast SEO plugin v27.4 - https:\/\/yoast.com\/product\/yoast-seo-wordpress\/ -->\n<title>CeraVe Gel Moussant Nettoyant Peau Normale \u00c0 Grasse | 473ml - Maroc - The Sweet Shop<\/title>\n<meta name=\"robots\" content=\"index, follow, max-snippet:-1, max-image-preview:large, max-video-preview:-1\" \/>\n<link rel=\"canonical\" href=\"https:\/\/thesweetshop.ma\/?product=cerave-gel-moussant-nettoyant-peau-normale-a-grasse-473ml\" \/>\n<meta property=\"og:locale\" content=\"fr_FR\" \/>\n<meta property=\"og:type\" content=\"article\" \/>\n<meta property=\"og:title\" content=\"CeraVe Gel Moussant Nettoyant Peau Normale \u00c0 Grasse | 473ml - Maroc - The Sweet Shop\" \/>\n<meta property=\"og:description\" content=\"Caract\u00e9ristiques : D\u00e9velopp\u00e9 avec des dermatologues, le Gel Moussant CeraVe nettoie en douceur, purifie en profondeur sans alt\u00e9rer la barri\u00e8re naturelle de la peau. Ce...\" \/>\n<meta property=\"og:url\" content=\"https:\/\/thesweetshop.ma\/?product=cerave-gel-moussant-nettoyant-peau-normale-a-grasse-473ml\" \/>\n<meta property=\"og:site_name\" content=\"The Sweet Shop\" \/>\n<meta property=\"article:modified_time\" content=\"2026-02-17T01:40:38+00:00\" \/>\n<meta property=\"og:image\" content=\"https:\/\/thesweetshop.ma\/wp-content\/uploads\/2023\/06\/cerave-gel-moussant-nettoyant-peaux-normales-a-grasses-473ml.jpeg\" \/>\n\t<meta property=\"og:image:width\" content=\"1000\" \/>\n\t<meta property=\"og:image:height\" content=\"1000\" \/>\n\t<meta property=\"og:image:type\" content=\"image\/jpeg\" \/>\n<meta name=\"twitter:card\" content=\"summary_large_image\" \/>\n<meta name=\"twitter:label1\" content=\"Dur\u00e9e de lecture estim\u00e9e\" \/>\n\t<meta name=\"twitter:data1\" content=\"2 minutes\" \/>\n<script type=\"application\/ld+json\" class=\"yoast-schema-graph\">{\"@context\":\"https:\\\/\\\/schema.org\",\"@graph\":[{\"@type\":\"WebPage\",\"@id\":\"https:\\\/\\\/thesweetshop.ma\\\/?product=cerave-gel-moussant-nettoyant-peau-normale-a-grasse-473ml\",\"url\":\"https:\\\/\\\/thesweetshop.ma\\\/?product=cerave-gel-moussant-nettoyant-peau-normale-a-grasse-473ml\",\"name\":\"CeraVe Gel Moussant Nettoyant Peau Normale \u00c0 Grasse | 473ml - Maroc - The Sweet Shop\",\"isPartOf\":{\"@id\":\"https:\\\/\\\/thesweetshop.ma\\\/#website\"},\"primaryImageOfPage\":{\"@id\":\"https:\\\/\\\/thesweetshop.ma\\\/?product=cerave-gel-moussant-nettoyant-peau-normale-a-grasse-473ml#primaryimage\"},\"image\":{\"@id\":\"https:\\\/\\\/thesweetshop.ma\\\/?product=cerave-gel-moussant-nettoyant-peau-normale-a-grasse-473ml#primaryimage\"},\"thumbnailUrl\":\"https:\\\/\\\/thesweetshop.ma\\\/wp-content\\\/uploads\\\/2023\\\/06\\\/cerave-gel-moussant-nettoyant-peaux-normales-a-grasses-473ml.jpeg\",\"datePublished\":\"2023-06-22T14:34:31+00:00\",\"dateModified\":\"2026-02-17T01:40:38+00:00\",\"breadcrumb\":{\"@id\":\"https:\\\/\\\/thesweetshop.ma\\\/?product=cerave-gel-moussant-nettoyant-peau-normale-a-grasse-473ml#breadcrumb\"},\"inLanguage\":\"fr-FR\",\"potentialAction\":[{\"@type\":\"ReadAction\",\"target\":[\"https:\\\/\\\/thesweetshop.ma\\\/?product=cerave-gel-moussant-nettoyant-peau-normale-a-grasse-473ml\"]}]},{\"@type\":\"ImageObject\",\"inLanguage\":\"fr-FR\",\"@id\":\"https:\\\/\\\/thesweetshop.ma\\\/?product=cerave-gel-moussant-nettoyant-peau-normale-a-grasse-473ml#primaryimage\",\"url\":\"https:\\\/\\\/thesweetshop.ma\\\/wp-content\\\/uploads\\\/2023\\\/06\\\/cerave-gel-moussant-nettoyant-peaux-normales-a-grasses-473ml.jpeg\",\"contentUrl\":\"https:\\\/\\\/thesweetshop.ma\\\/wp-content\\\/uploads\\\/2023\\\/06\\\/cerave-gel-moussant-nettoyant-peaux-normales-a-grasses-473ml.jpeg\",\"width\":1000,\"height\":1000},{\"@type\":\"BreadcrumbList\",\"@id\":\"https:\\\/\\\/thesweetshop.ma\\\/?product=cerave-gel-moussant-nettoyant-peau-normale-a-grasse-473ml#breadcrumb\",\"itemListElement\":[{\"@type\":\"ListItem\",\"position\":1,\"name\":\"Home\",\"item\":\"https:\\\/\\\/thesweetshop.ma\\\/\"},{\"@type\":\"ListItem\",\"position\":2,\"name\":\"Shop\",\"item\":\"https:\\\/\\\/thesweetshop.ma\\\/?page_id=5\"},{\"@type\":\"ListItem\",\"position\":3,\"name\":\"CeraVe Gel Moussant Nettoyant Peau Normale \u00c0 Grasse | 473ml\"}]},{\"@type\":\"WebSite\",\"@id\":\"https:\\\/\\\/thesweetshop.ma\\\/#website\",\"url\":\"https:\\\/\\\/thesweetshop.ma\\\/\",\"name\":\"The Sweet Shop\",\"description\":\"1# Le premier site de maquillage au Maroc\",\"potentialAction\":[{\"@type\":\"SearchAction\",\"target\":{\"@type\":\"EntryPoint\",\"urlTemplate\":\"https:\\\/\\\/thesweetshop.ma\\\/?s={search_term_string}\"},\"query-input\":{\"@type\":\"PropertyValueSpecification\",\"valueRequired\":true,\"valueName\":\"search_term_string\"}}],\"inLanguage\":\"fr-FR\"}]}<\/script>\n<!-- \/ Yoast SEO plugin. -->","yoast_head_json":{"title":"CeraVe Gel Moussant Nettoyant Peau Normale \u00c0 Grasse | 473ml - Maroc - The Sweet Shop","robots":{"index":"index","follow":"follow","max-snippet":"max-snippet:-1","max-image-preview":"max-image-preview:large","max-video-preview":"max-video-preview:-1"},"canonical":"https:\/\/thesweetshop.ma\/?product=cerave-gel-moussant-nettoyant-peau-normale-a-grasse-473ml","og_locale":"fr_FR","og_type":"article","og_title":"CeraVe Gel Moussant Nettoyant Peau Normale \u00c0 Grasse | 473ml - Maroc - The Sweet Shop","og_description":"Caract\u00e9ristiques : D\u00e9velopp\u00e9 avec des dermatologues, le Gel Moussant CeraVe nettoie en douceur, purifie en profondeur sans alt\u00e9rer la barri\u00e8re naturelle de la peau. Ce...","og_url":"https:\/\/thesweetshop.ma\/?product=cerave-gel-moussant-nettoyant-peau-normale-a-grasse-473ml","og_site_name":"The Sweet Shop","article_modified_time":"2026-02-17T01:40:38+00:00","og_image":[{"width":1000,"height":1000,"url":"https:\/\/thesweetshop.ma\/wp-content\/uploads\/2023\/06\/cerave-gel-moussant-nettoyant-peaux-normales-a-grasses-473ml.jpeg","type":"image\/jpeg"}],"twitter_card":"summary_large_image","twitter_misc":{"Dur\u00e9e de lecture estim\u00e9e":"2 minutes"},"schema":{"@context":"https:\/\/schema.org","@graph":[{"@type":"WebPage","@id":"https:\/\/thesweetshop.ma\/?product=cerave-gel-moussant-nettoyant-peau-normale-a-grasse-473ml","url":"https:\/\/thesweetshop.ma\/?product=cerave-gel-moussant-nettoyant-peau-normale-a-grasse-473ml","name":"CeraVe Gel Moussant Nettoyant Peau Normale \u00c0 Grasse | 473ml - Maroc - The Sweet Shop","isPartOf":{"@id":"https:\/\/thesweetshop.ma\/#website"},"primaryImageOfPage":{"@id":"https:\/\/thesweetshop.ma\/?product=cerave-gel-moussant-nettoyant-peau-normale-a-grasse-473ml#primaryimage"},"image":{"@id":"https:\/\/thesweetshop.ma\/?product=cerave-gel-moussant-nettoyant-peau-normale-a-grasse-473ml#primaryimage"},"thumbnailUrl":"https:\/\/thesweetshop.ma\/wp-content\/uploads\/2023\/06\/cerave-gel-moussant-nettoyant-peaux-normales-a-grasses-473ml.jpeg","datePublished":"2023-06-22T14:34:31+00:00","dateModified":"2026-02-17T01:40:38+00:00","breadcrumb":{"@id":"https:\/\/thesweetshop.ma\/?product=cerave-gel-moussant-nettoyant-peau-normale-a-grasse-473ml#breadcrumb"},"inLanguage":"fr-FR","potentialAction":[{"@type":"ReadAction","target":["https:\/\/thesweetshop.ma\/?product=cerave-gel-moussant-nettoyant-peau-normale-a-grasse-473ml"]}]},{"@type":"ImageObject","inLanguage":"fr-FR","@id":"https:\/\/thesweetshop.ma\/?product=cerave-gel-moussant-nettoyant-peau-normale-a-grasse-473ml#primaryimage","url":"https:\/\/thesweetshop.ma\/wp-content\/uploads\/2023\/06\/cerave-gel-moussant-nettoyant-peaux-normales-a-grasses-473ml.jpeg","contentUrl":"https:\/\/thesweetshop.ma\/wp-content\/uploads\/2023\/06\/cerave-gel-moussant-nettoyant-peaux-normales-a-grasses-473ml.jpeg","width":1000,"height":1000},{"@type":"BreadcrumbList","@id":"https:\/\/thesweetshop.ma\/?product=cerave-gel-moussant-nettoyant-peau-normale-a-grasse-473ml#breadcrumb","itemListElement":[{"@type":"ListItem","position":1,"name":"Home","item":"https:\/\/thesweetshop.ma\/"},{"@type":"ListItem","position":2,"name":"Shop","item":"https:\/\/thesweetshop.ma\/?page_id=5"},{"@type":"ListItem","position":3,"name":"CeraVe Gel Moussant Nettoyant Peau Normale \u00c0 Grasse | 473ml"}]},{"@type":"WebSite","@id":"https:\/\/thesweetshop.ma\/#website","url":"https:\/\/thesweetshop.ma\/","name":"The Sweet Shop","description":"1# Le premier site de maquillage au Maroc","potentialAction":[{"@type":"SearchAction","target":{"@type":"EntryPoint","urlTemplate":"https:\/\/thesweetshop.ma\/?s={search_term_string}"},"query-input":{"@type":"PropertyValueSpecification","valueRequired":true,"valueName":"search_term_string"}}],"inLanguage":"fr-FR"}]}},"jetpack_sharing_enabled":true,"_links":{"self":[{"href":"https:\/\/thesweetshop.ma\/index.php?rest_route=\/wp\/v2\/product\/2757","targetHints":{"allow":["GET"]}}],"collection":[{"href":"https:\/\/thesweetshop.ma\/index.php?rest_route=\/wp\/v2\/product"}],"about":[{"href":"https:\/\/thesweetshop.ma\/index.php?rest_route=\/wp\/v2\/types\/product"}],"replies":[{"embeddable":true,"href":"https:\/\/thesweetshop.ma\/index.php?rest_route=%2Fwp%2Fv2%2Fcomments&post=2757"}],"version-history":[{"count":1,"href":"https:\/\/thesweetshop.ma\/index.php?rest_route=\/wp\/v2\/product\/2757\/revisions"}],"predecessor-version":[{"id":2804,"href":"https:\/\/thesweetshop.ma\/index.php?rest_route=\/wp\/v2\/product\/2757\/revisions\/2804"}],"wp:featuredmedia":[{"embeddable":true,"href":"https:\/\/thesweetshop.ma\/index.php?rest_route=\/wp\/v2\/media\/2803"}],"wp:attachment":[{"href":"https:\/\/thesweetshop.ma\/index.php?rest_route=%2Fwp%2Fv2%2Fmedia&parent=2757"}],"wp:term":[{"taxonomy":"brand","embeddable":true,"href":"https:\/\/thesweetshop.ma\/index.php?rest_route=%2Fwp%2Fv2%2Fetheme_brands&post=2757"},{"taxonomy":"product_brand","embeddable":true,"href":"https:\/\/thesweetshop.ma\/index.php?rest_route=%2Fwp%2Fv2%2Fproduct_brand&post=2757"},{"taxonomy":"product_cat","embeddable":true,"href":"https:\/\/thesweetshop.ma\/index.php?rest_route=%2Fwp%2Fv2%2Fproduct_cat&post=2757"},{"taxonomy":"product_tag","embeddable":true,"href":"https:\/\/thesweetshop.ma\/index.php?rest_route=%2Fwp%2Fv2%2Fproduct_tag&post=2757"}],"curies":[{"name":"wp","href":"https:\/\/api.w.org\/{rel}","templated":true}]}}