{"id":2760,"date":"2023-06-22T14:34:31","date_gmt":"2023-06-22T14:34:31","guid":{"rendered":"https:\/\/thesweetshop.ma\/?post_type=product&#038;p=2760"},"modified":"2023-06-22T14:35:01","modified_gmt":"2023-06-22T14:35:01","slug":"cerave-creme-lavante-hydratante-peau-normale-a-seche-473ml","status":"publish","type":"product","link":"https:\/\/thesweetshop.ma\/?product=cerave-creme-lavante-hydratante-peau-normale-a-seche-473ml","title":{"rendered":"CeraVe Cr\u00e8me Lavante Hydratante Peau Normale \u00c0 S\u00e8che | 473ml"},"content":{"rendered":"<p><strong>Caract\u00e9ristiques :<\/strong><br \/>\nD\u00e9velopp\u00e9e avec des dermatologues, la Cr\u00e8me Lavante Hydratante CeraVe nettoie et hydrate efficacement sans alt\u00e9rer la barri\u00e8re protectrice de la peau. Enrichie aux 3 c\u00e9ramides essentiels (1, 3, 6-II) et acide hyaluronique, cette cr\u00e8me onctueuse, non moussante, nettoie et hydrate la peau d\u00e8s la premi\u00e8re utilisation, tout en laissant un fini de peau doux et soyeux.<\/p>\n<p>\u2013 Texture cr\u00e9meuse, hydratante et non moussante.<\/p>\n<p><strong>S\u00e9curit\u00e9 :<\/strong><br \/>\n\u2013 Sans Parfum.<br \/>\n\u2013 Hypoallerg\u00e9nique.<br \/>\n\u2013 Test\u00e9 sous contr\u00f4le dermatologique.<br \/>\n\u2013 Non-Com\u00e9dog\u00e8ne : ne bouche pas les pores.<\/p>\n<p><strong>Ingr\u00e9dients &amp; Principes Actifs Cl\u00e9s :<\/strong><br \/>\n\u2013 3 C\u00e9ramides Essentiels : tous les produits CeraVe contiennent les 3 c\u00e9ramides essentiels (1, 3 et 6-II) dont une peau saine a besoin pour restaurer et maintenir sa barri\u00e8re protectrice naturelle.<br \/>\n\u2013 Technologie brevet\u00e9e de diffusion MVE : lib\u00e9ration contr\u00f4l\u00e9e et prolong\u00e9e d\u2019actifs pour une hydratation continue pendant 24h.<br \/>\n\u2013 Acide hyaluronique : maintient l\u2019hydratation naturelle de la peau.<\/p>\n<p><strong>Conseils d\u2019Utilisation :<\/strong><br \/>\n\u2013 Appliquez quotidiennement sous la douche votre cr\u00e8me lavante.<br \/>\n\u2013 D\u00e9posez une noisette de cr\u00e8me onctueuse au creux de votre main et appliquez sur votre peau humide ; visage et corps. Evitez le contour des yeux.<br \/>\n\u2013 Ensuite, rincez soigneusement \u00e0 l\u2019eau claire puis s\u00e9chez d\u00e9licatement.<\/p>\n<p>Parfaitement nettoy\u00e9e et durablement hydrat\u00e9e, votre peau, qu\u2019elle soit s\u00e8che \u00e0 tr\u00e8s s\u00e8che, est douce et soyeuse. Compl\u00e9tez votre routine en appliquant sur le visage et sur le corps votre soin hydratant.<\/p>\n","protected":false},"excerpt":{"rendered":"<p>Caract\u00e9ristiques : D\u00e9velopp\u00e9e avec des dermatologues, la Cr\u00e8me Lavante Hydratante CeraVe nettoie et hydrate efficacement sans alt\u00e9rer la barri\u00e8re protectrice de la peau. Enrichie aux&#8230;<\/p>\n","protected":false},"featured_media":2809,"comment_status":"open","ping_status":"closed","template":"","meta":{"_joinchat":[]},"etheme_brands":[],"product_brand":[],"product_cat":[157,123,155,110,156],"product_tag":[],"class_list":{"0":"post-2760","1":"product","2":"type-product","3":"status-publish","4":"has-post-thumbnail","6":"product_cat-cerave","7":"product_cat-etats-unis","8":"product_cat-il-vient-darriver","9":"product_cat-nettoyants","10":"product_cat-paramedical","12":"first","13":"instock","14":"shipping-taxable","15":"purchasable","16":"product-type-simple"},"yoast_head":"<!-- This site is optimized with the Yoast SEO plugin v27.4 - https:\/\/yoast.com\/product\/yoast-seo-wordpress\/ -->\n<title>CeraVe Cr\u00e8me Lavante Hydratante Peau Normale \u00c0 S\u00e8che | 473ml - Maroc - The Sweet Shop<\/title>\n<meta name=\"robots\" content=\"index, follow, max-snippet:-1, max-image-preview:large, max-video-preview:-1\" \/>\n<link rel=\"canonical\" href=\"https:\/\/thesweetshop.ma\/?product=cerave-creme-lavante-hydratante-peau-normale-a-seche-473ml\" \/>\n<meta property=\"og:locale\" content=\"fr_FR\" \/>\n<meta property=\"og:type\" content=\"article\" \/>\n<meta property=\"og:title\" content=\"CeraVe Cr\u00e8me Lavante Hydratante Peau Normale \u00c0 S\u00e8che | 473ml - Maroc - The Sweet Shop\" \/>\n<meta property=\"og:description\" content=\"Caract\u00e9ristiques : D\u00e9velopp\u00e9e avec des dermatologues, la Cr\u00e8me Lavante Hydratante CeraVe nettoie et hydrate efficacement sans alt\u00e9rer la barri\u00e8re protectrice de la peau. Enrichie aux...\" \/>\n<meta property=\"og:url\" content=\"https:\/\/thesweetshop.ma\/?product=cerave-creme-lavante-hydratante-peau-normale-a-seche-473ml\" \/>\n<meta property=\"og:site_name\" content=\"The Sweet Shop\" \/>\n<meta property=\"article:modified_time\" content=\"2023-06-22T14:35:01+00:00\" \/>\n<meta property=\"og:image\" content=\"https:\/\/thesweetshop.ma\/wp-content\/uploads\/2023\/06\/cerave-creme-lavante-hydratante-473ml.png\" \/>\n\t<meta property=\"og:image:width\" content=\"625\" \/>\n\t<meta property=\"og:image:height\" content=\"625\" \/>\n\t<meta property=\"og:image:type\" content=\"image\/png\" \/>\n<meta name=\"twitter:card\" content=\"summary_large_image\" \/>\n<meta name=\"twitter:label1\" content=\"Dur\u00e9e de lecture estim\u00e9e\" \/>\n\t<meta name=\"twitter:data1\" content=\"1 minute\" \/>\n<script type=\"application\/ld+json\" class=\"yoast-schema-graph\">{\"@context\":\"https:\\\/\\\/schema.org\",\"@graph\":[{\"@type\":\"WebPage\",\"@id\":\"https:\\\/\\\/thesweetshop.ma\\\/?product=cerave-creme-lavante-hydratante-peau-normale-a-seche-473ml\",\"url\":\"https:\\\/\\\/thesweetshop.ma\\\/?product=cerave-creme-lavante-hydratante-peau-normale-a-seche-473ml\",\"name\":\"CeraVe Cr\u00e8me Lavante Hydratante Peau Normale \u00c0 S\u00e8che | 473ml - Maroc - The Sweet Shop\",\"isPartOf\":{\"@id\":\"https:\\\/\\\/thesweetshop.ma\\\/#website\"},\"primaryImageOfPage\":{\"@id\":\"https:\\\/\\\/thesweetshop.ma\\\/?product=cerave-creme-lavante-hydratante-peau-normale-a-seche-473ml#primaryimage\"},\"image\":{\"@id\":\"https:\\\/\\\/thesweetshop.ma\\\/?product=cerave-creme-lavante-hydratante-peau-normale-a-seche-473ml#primaryimage\"},\"thumbnailUrl\":\"https:\\\/\\\/thesweetshop.ma\\\/wp-content\\\/uploads\\\/2023\\\/06\\\/cerave-creme-lavante-hydratante-473ml.png\",\"datePublished\":\"2023-06-22T14:34:31+00:00\",\"dateModified\":\"2023-06-22T14:35:01+00:00\",\"breadcrumb\":{\"@id\":\"https:\\\/\\\/thesweetshop.ma\\\/?product=cerave-creme-lavante-hydratante-peau-normale-a-seche-473ml#breadcrumb\"},\"inLanguage\":\"fr-FR\",\"potentialAction\":[{\"@type\":\"ReadAction\",\"target\":[\"https:\\\/\\\/thesweetshop.ma\\\/?product=cerave-creme-lavante-hydratante-peau-normale-a-seche-473ml\"]}]},{\"@type\":\"ImageObject\",\"inLanguage\":\"fr-FR\",\"@id\":\"https:\\\/\\\/thesweetshop.ma\\\/?product=cerave-creme-lavante-hydratante-peau-normale-a-seche-473ml#primaryimage\",\"url\":\"https:\\\/\\\/thesweetshop.ma\\\/wp-content\\\/uploads\\\/2023\\\/06\\\/cerave-creme-lavante-hydratante-473ml.png\",\"contentUrl\":\"https:\\\/\\\/thesweetshop.ma\\\/wp-content\\\/uploads\\\/2023\\\/06\\\/cerave-creme-lavante-hydratante-473ml.png\",\"width\":625,\"height\":625},{\"@type\":\"BreadcrumbList\",\"@id\":\"https:\\\/\\\/thesweetshop.ma\\\/?product=cerave-creme-lavante-hydratante-peau-normale-a-seche-473ml#breadcrumb\",\"itemListElement\":[{\"@type\":\"ListItem\",\"position\":1,\"name\":\"Home\",\"item\":\"https:\\\/\\\/thesweetshop.ma\\\/\"},{\"@type\":\"ListItem\",\"position\":2,\"name\":\"Shop\",\"item\":\"https:\\\/\\\/thesweetshop.ma\\\/?page_id=5\"},{\"@type\":\"ListItem\",\"position\":3,\"name\":\"CeraVe Cr\u00e8me Lavante Hydratante Peau Normale \u00c0 S\u00e8che | 473ml\"}]},{\"@type\":\"WebSite\",\"@id\":\"https:\\\/\\\/thesweetshop.ma\\\/#website\",\"url\":\"https:\\\/\\\/thesweetshop.ma\\\/\",\"name\":\"The Sweet Shop\",\"description\":\"1# Le premier site de maquillage au Maroc\",\"potentialAction\":[{\"@type\":\"SearchAction\",\"target\":{\"@type\":\"EntryPoint\",\"urlTemplate\":\"https:\\\/\\\/thesweetshop.ma\\\/?s={search_term_string}\"},\"query-input\":{\"@type\":\"PropertyValueSpecification\",\"valueRequired\":true,\"valueName\":\"search_term_string\"}}],\"inLanguage\":\"fr-FR\"}]}<\/script>\n<!-- \/ Yoast SEO plugin. -->","yoast_head_json":{"title":"CeraVe Cr\u00e8me Lavante Hydratante Peau Normale \u00c0 S\u00e8che | 473ml - Maroc - The Sweet Shop","robots":{"index":"index","follow":"follow","max-snippet":"max-snippet:-1","max-image-preview":"max-image-preview:large","max-video-preview":"max-video-preview:-1"},"canonical":"https:\/\/thesweetshop.ma\/?product=cerave-creme-lavante-hydratante-peau-normale-a-seche-473ml","og_locale":"fr_FR","og_type":"article","og_title":"CeraVe Cr\u00e8me Lavante Hydratante Peau Normale \u00c0 S\u00e8che | 473ml - Maroc - The Sweet Shop","og_description":"Caract\u00e9ristiques : D\u00e9velopp\u00e9e avec des dermatologues, la Cr\u00e8me Lavante Hydratante CeraVe nettoie et hydrate efficacement sans alt\u00e9rer la barri\u00e8re protectrice de la peau. Enrichie aux...","og_url":"https:\/\/thesweetshop.ma\/?product=cerave-creme-lavante-hydratante-peau-normale-a-seche-473ml","og_site_name":"The Sweet Shop","article_modified_time":"2023-06-22T14:35:01+00:00","og_image":[{"width":625,"height":625,"url":"https:\/\/thesweetshop.ma\/wp-content\/uploads\/2023\/06\/cerave-creme-lavante-hydratante-473ml.png","type":"image\/png"}],"twitter_card":"summary_large_image","twitter_misc":{"Dur\u00e9e de lecture estim\u00e9e":"1 minute"},"schema":{"@context":"https:\/\/schema.org","@graph":[{"@type":"WebPage","@id":"https:\/\/thesweetshop.ma\/?product=cerave-creme-lavante-hydratante-peau-normale-a-seche-473ml","url":"https:\/\/thesweetshop.ma\/?product=cerave-creme-lavante-hydratante-peau-normale-a-seche-473ml","name":"CeraVe Cr\u00e8me Lavante Hydratante Peau Normale \u00c0 S\u00e8che | 473ml - Maroc - The Sweet Shop","isPartOf":{"@id":"https:\/\/thesweetshop.ma\/#website"},"primaryImageOfPage":{"@id":"https:\/\/thesweetshop.ma\/?product=cerave-creme-lavante-hydratante-peau-normale-a-seche-473ml#primaryimage"},"image":{"@id":"https:\/\/thesweetshop.ma\/?product=cerave-creme-lavante-hydratante-peau-normale-a-seche-473ml#primaryimage"},"thumbnailUrl":"https:\/\/thesweetshop.ma\/wp-content\/uploads\/2023\/06\/cerave-creme-lavante-hydratante-473ml.png","datePublished":"2023-06-22T14:34:31+00:00","dateModified":"2023-06-22T14:35:01+00:00","breadcrumb":{"@id":"https:\/\/thesweetshop.ma\/?product=cerave-creme-lavante-hydratante-peau-normale-a-seche-473ml#breadcrumb"},"inLanguage":"fr-FR","potentialAction":[{"@type":"ReadAction","target":["https:\/\/thesweetshop.ma\/?product=cerave-creme-lavante-hydratante-peau-normale-a-seche-473ml"]}]},{"@type":"ImageObject","inLanguage":"fr-FR","@id":"https:\/\/thesweetshop.ma\/?product=cerave-creme-lavante-hydratante-peau-normale-a-seche-473ml#primaryimage","url":"https:\/\/thesweetshop.ma\/wp-content\/uploads\/2023\/06\/cerave-creme-lavante-hydratante-473ml.png","contentUrl":"https:\/\/thesweetshop.ma\/wp-content\/uploads\/2023\/06\/cerave-creme-lavante-hydratante-473ml.png","width":625,"height":625},{"@type":"BreadcrumbList","@id":"https:\/\/thesweetshop.ma\/?product=cerave-creme-lavante-hydratante-peau-normale-a-seche-473ml#breadcrumb","itemListElement":[{"@type":"ListItem","position":1,"name":"Home","item":"https:\/\/thesweetshop.ma\/"},{"@type":"ListItem","position":2,"name":"Shop","item":"https:\/\/thesweetshop.ma\/?page_id=5"},{"@type":"ListItem","position":3,"name":"CeraVe Cr\u00e8me Lavante Hydratante Peau Normale \u00c0 S\u00e8che | 473ml"}]},{"@type":"WebSite","@id":"https:\/\/thesweetshop.ma\/#website","url":"https:\/\/thesweetshop.ma\/","name":"The Sweet Shop","description":"1# Le premier site de maquillage au Maroc","potentialAction":[{"@type":"SearchAction","target":{"@type":"EntryPoint","urlTemplate":"https:\/\/thesweetshop.ma\/?s={search_term_string}"},"query-input":{"@type":"PropertyValueSpecification","valueRequired":true,"valueName":"search_term_string"}}],"inLanguage":"fr-FR"}]}},"jetpack_sharing_enabled":true,"_links":{"self":[{"href":"https:\/\/thesweetshop.ma\/index.php?rest_route=\/wp\/v2\/product\/2760","targetHints":{"allow":["GET"]}}],"collection":[{"href":"https:\/\/thesweetshop.ma\/index.php?rest_route=\/wp\/v2\/product"}],"about":[{"href":"https:\/\/thesweetshop.ma\/index.php?rest_route=\/wp\/v2\/types\/product"}],"replies":[{"embeddable":true,"href":"https:\/\/thesweetshop.ma\/index.php?rest_route=%2Fwp%2Fv2%2Fcomments&post=2760"}],"version-history":[{"count":1,"href":"https:\/\/thesweetshop.ma\/index.php?rest_route=\/wp\/v2\/product\/2760\/revisions"}],"predecessor-version":[{"id":2810,"href":"https:\/\/thesweetshop.ma\/index.php?rest_route=\/wp\/v2\/product\/2760\/revisions\/2810"}],"wp:featuredmedia":[{"embeddable":true,"href":"https:\/\/thesweetshop.ma\/index.php?rest_route=\/wp\/v2\/media\/2809"}],"wp:attachment":[{"href":"https:\/\/thesweetshop.ma\/index.php?rest_route=%2Fwp%2Fv2%2Fmedia&parent=2760"}],"wp:term":[{"taxonomy":"brand","embeddable":true,"href":"https:\/\/thesweetshop.ma\/index.php?rest_route=%2Fwp%2Fv2%2Fetheme_brands&post=2760"},{"taxonomy":"product_brand","embeddable":true,"href":"https:\/\/thesweetshop.ma\/index.php?rest_route=%2Fwp%2Fv2%2Fproduct_brand&post=2760"},{"taxonomy":"product_cat","embeddable":true,"href":"https:\/\/thesweetshop.ma\/index.php?rest_route=%2Fwp%2Fv2%2Fproduct_cat&post=2760"},{"taxonomy":"product_tag","embeddable":true,"href":"https:\/\/thesweetshop.ma\/index.php?rest_route=%2Fwp%2Fv2%2Fproduct_tag&post=2760"}],"curies":[{"name":"wp","href":"https:\/\/api.w.org\/{rel}","templated":true}]}}