{"id":2761,"date":"2023-06-22T14:34:31","date_gmt":"2023-06-22T14:34:31","guid":{"rendered":"https:\/\/thesweetshop.ma\/?post_type=product&#038;p=2761"},"modified":"2023-06-22T14:35:03","modified_gmt":"2023-06-22T14:35:03","slug":"chi-infra-treatment-355ml-paraben-free","status":"publish","type":"product","link":"https:\/\/thesweetshop.ma\/?product=chi-infra-treatment-355ml-paraben-free","title":{"rendered":"CHI INFRA TREATMENT 355ML PARABEN FREE"},"content":{"rendered":"<p>Description<br \/>\nCHI Infra Treatment est un produit de soin capillaire r\u00e9volutionnaire qui utilise la chaleur infrarouge pour p\u00e9n\u00e9trer la tige du cheveu, laissant vos m\u00e8ches saines et soyeuses. Il est sans sulfate, sans parab\u00e8ne et sans gluten, ce qui vous laisse des cheveux doux et brillants sans aucun dommage ni s\u00e9cheresse. Le traitement am\u00e9liore la douceur, la brillance et plus encore ! Si vous cherchez un moyen de rendre vos cheveux encore plus sains, c&rsquo;est la solution parfaite pour vous. Ce traitement innovant a \u00e9t\u00e9 utilis\u00e9 dans des salons \u00e0 travers l&rsquo;Am\u00e9rique et peut \u00eatre fait \u00e0 la maison sans avoir \u00e0 acheter plusieurs produits de soins capillaires.<\/p>\n<p>CHI Infra Treatment est une formule unique en son genre qui s&rsquo;est av\u00e9r\u00e9e \u00eatre l&rsquo;une des meilleures fa\u00e7ons de traiter vos cheveux. Avec sa capacit\u00e9 \u00e0 travailler sur tous les types de cheveux, c&rsquo;est une solution id\u00e9ale pour ceux qui ont d\u00e9j\u00e0 eu du mal avec d&rsquo;autres traitements. Le traitement CHI Infra laisse vos cheveux soyeux, sains et hydrat\u00e9s sans aucun produit chimique nocif. Les produits CHI cr\u00e9ent des cheveux plus sains et plus faciles \u00e0 coiffer. Les produits reconstruisent la structure interne des cheveux, am\u00e9liorant leur force et leur \u00e9lasticit\u00e9.<\/p>\n<p>Convient \u00e0 tous les types de cheveux<br \/>\nAide \u00e0 prot\u00e9ger la couleur<br \/>\nAjoute une brillance et une douceur sup\u00e9rieures<br \/>\nContient la technologie d&rsquo;interconnexion d&rsquo;hydratation ionique et catatonique<br \/>\nSans paraben.<\/p>\n<p>Comment utiliser<br \/>\nApr\u00e8s avoir lav\u00e9 vos cheveux, appliquez une quantit\u00e9 g\u00e9n\u00e9reuse de CHI Infra Treatment et travaillez uniform\u00e9ment dans les cheveux. Laisser agir 2 \u00e0 5 minutes sur les cheveux et rincer abondamment.<\/p>\n","protected":false},"excerpt":{"rendered":"<p>Description CHI Infra Treatment est un produit de soin capillaire r\u00e9volutionnaire qui utilise la chaleur infrarouge pour p\u00e9n\u00e9trer la tige du cheveu, laissant vos m\u00e8ches&#8230;<\/p>\n","protected":false},"featured_media":2811,"comment_status":"open","ping_status":"closed","template":"","meta":{"_joinchat":[]},"etheme_brands":[],"product_brand":[],"product_cat":[97,123,127,154,126],"product_tag":[],"class_list":{"0":"post-2761","1":"product","2":"type-product","3":"status-publish","4":"has-post-thumbnail","6":"product_cat-cheveux","7":"product_cat-etats-unis","8":"product_cat-les-meilleurs-produits-de-soins","9":"product_cat-meilleures-offres","10":"product_cat-traitements","12":"first","13":"instock","14":"sale","15":"shipping-taxable","16":"purchasable","17":"product-type-simple"},"yoast_head":"<!-- This site is optimized with the Yoast SEO plugin v27.4 - https:\/\/yoast.com\/product\/yoast-seo-wordpress\/ -->\n<title>CHI INFRA TREATMENT 355ML PARABEN FREE - MAROC - The Sweet Shop<\/title>\n<meta name=\"robots\" content=\"index, follow, max-snippet:-1, max-image-preview:large, max-video-preview:-1\" \/>\n<link rel=\"canonical\" href=\"https:\/\/thesweetshop.ma\/?product=chi-infra-treatment-355ml-paraben-free\" \/>\n<meta property=\"og:locale\" content=\"fr_FR\" \/>\n<meta property=\"og:type\" content=\"article\" \/>\n<meta property=\"og:title\" content=\"CHI INFRA TREATMENT 355ML PARABEN FREE - MAROC - The Sweet Shop\" \/>\n<meta property=\"og:description\" content=\"Description CHI Infra Treatment est un produit de soin capillaire r\u00e9volutionnaire qui utilise la chaleur infrarouge pour p\u00e9n\u00e9trer la tige du cheveu, laissant vos m\u00e8ches...\" \/>\n<meta property=\"og:url\" content=\"https:\/\/thesweetshop.ma\/?product=chi-infra-treatment-355ml-paraben-free\" \/>\n<meta property=\"og:site_name\" content=\"The Sweet Shop\" \/>\n<meta property=\"article:modified_time\" content=\"2023-06-22T14:35:03+00:00\" \/>\n<meta property=\"og:image\" content=\"https:\/\/thesweetshop.ma\/wp-content\/uploads\/2023\/06\/CHI-Infra-Treatment-355ML.jpeg\" \/>\n\t<meta property=\"og:image:width\" content=\"1200\" \/>\n\t<meta property=\"og:image:height\" content=\"1200\" \/>\n\t<meta property=\"og:image:type\" content=\"image\/jpeg\" \/>\n<meta name=\"twitter:card\" content=\"summary_large_image\" \/>\n<meta name=\"twitter:label1\" content=\"Dur\u00e9e de lecture estim\u00e9e\" \/>\n\t<meta name=\"twitter:data1\" content=\"1 minute\" \/>\n<script type=\"application\/ld+json\" class=\"yoast-schema-graph\">{\"@context\":\"https:\\\/\\\/schema.org\",\"@graph\":[{\"@type\":\"WebPage\",\"@id\":\"https:\\\/\\\/thesweetshop.ma\\\/?product=chi-infra-treatment-355ml-paraben-free\",\"url\":\"https:\\\/\\\/thesweetshop.ma\\\/?product=chi-infra-treatment-355ml-paraben-free\",\"name\":\"CHI INFRA TREATMENT 355ML PARABEN FREE - MAROC - The Sweet Shop\",\"isPartOf\":{\"@id\":\"https:\\\/\\\/thesweetshop.ma\\\/#website\"},\"primaryImageOfPage\":{\"@id\":\"https:\\\/\\\/thesweetshop.ma\\\/?product=chi-infra-treatment-355ml-paraben-free#primaryimage\"},\"image\":{\"@id\":\"https:\\\/\\\/thesweetshop.ma\\\/?product=chi-infra-treatment-355ml-paraben-free#primaryimage\"},\"thumbnailUrl\":\"https:\\\/\\\/thesweetshop.ma\\\/wp-content\\\/uploads\\\/2023\\\/06\\\/CHI-Infra-Treatment-355ML.jpeg\",\"datePublished\":\"2023-06-22T14:34:31+00:00\",\"dateModified\":\"2023-06-22T14:35:03+00:00\",\"breadcrumb\":{\"@id\":\"https:\\\/\\\/thesweetshop.ma\\\/?product=chi-infra-treatment-355ml-paraben-free#breadcrumb\"},\"inLanguage\":\"fr-FR\",\"potentialAction\":[{\"@type\":\"ReadAction\",\"target\":[\"https:\\\/\\\/thesweetshop.ma\\\/?product=chi-infra-treatment-355ml-paraben-free\"]}]},{\"@type\":\"ImageObject\",\"inLanguage\":\"fr-FR\",\"@id\":\"https:\\\/\\\/thesweetshop.ma\\\/?product=chi-infra-treatment-355ml-paraben-free#primaryimage\",\"url\":\"https:\\\/\\\/thesweetshop.ma\\\/wp-content\\\/uploads\\\/2023\\\/06\\\/CHI-Infra-Treatment-355ML.jpeg\",\"contentUrl\":\"https:\\\/\\\/thesweetshop.ma\\\/wp-content\\\/uploads\\\/2023\\\/06\\\/CHI-Infra-Treatment-355ML.jpeg\",\"width\":1200,\"height\":1200},{\"@type\":\"BreadcrumbList\",\"@id\":\"https:\\\/\\\/thesweetshop.ma\\\/?product=chi-infra-treatment-355ml-paraben-free#breadcrumb\",\"itemListElement\":[{\"@type\":\"ListItem\",\"position\":1,\"name\":\"Home\",\"item\":\"https:\\\/\\\/thesweetshop.ma\\\/\"},{\"@type\":\"ListItem\",\"position\":2,\"name\":\"Shop\",\"item\":\"https:\\\/\\\/thesweetshop.ma\\\/?page_id=5\"},{\"@type\":\"ListItem\",\"position\":3,\"name\":\"CHI INFRA TREATMENT 355ML PARABEN FREE\"}]},{\"@type\":\"WebSite\",\"@id\":\"https:\\\/\\\/thesweetshop.ma\\\/#website\",\"url\":\"https:\\\/\\\/thesweetshop.ma\\\/\",\"name\":\"The Sweet Shop\",\"description\":\"1# Le premier site de maquillage au Maroc\",\"potentialAction\":[{\"@type\":\"SearchAction\",\"target\":{\"@type\":\"EntryPoint\",\"urlTemplate\":\"https:\\\/\\\/thesweetshop.ma\\\/?s={search_term_string}\"},\"query-input\":{\"@type\":\"PropertyValueSpecification\",\"valueRequired\":true,\"valueName\":\"search_term_string\"}}],\"inLanguage\":\"fr-FR\"}]}<\/script>\n<!-- \/ Yoast SEO plugin. -->","yoast_head_json":{"title":"CHI INFRA TREATMENT 355ML PARABEN FREE - MAROC - The Sweet Shop","robots":{"index":"index","follow":"follow","max-snippet":"max-snippet:-1","max-image-preview":"max-image-preview:large","max-video-preview":"max-video-preview:-1"},"canonical":"https:\/\/thesweetshop.ma\/?product=chi-infra-treatment-355ml-paraben-free","og_locale":"fr_FR","og_type":"article","og_title":"CHI INFRA TREATMENT 355ML PARABEN FREE - MAROC - The Sweet Shop","og_description":"Description CHI Infra Treatment est un produit de soin capillaire r\u00e9volutionnaire qui utilise la chaleur infrarouge pour p\u00e9n\u00e9trer la tige du cheveu, laissant vos m\u00e8ches...","og_url":"https:\/\/thesweetshop.ma\/?product=chi-infra-treatment-355ml-paraben-free","og_site_name":"The Sweet Shop","article_modified_time":"2023-06-22T14:35:03+00:00","og_image":[{"width":1200,"height":1200,"url":"https:\/\/thesweetshop.ma\/wp-content\/uploads\/2023\/06\/CHI-Infra-Treatment-355ML.jpeg","type":"image\/jpeg"}],"twitter_card":"summary_large_image","twitter_misc":{"Dur\u00e9e de lecture estim\u00e9e":"1 minute"},"schema":{"@context":"https:\/\/schema.org","@graph":[{"@type":"WebPage","@id":"https:\/\/thesweetshop.ma\/?product=chi-infra-treatment-355ml-paraben-free","url":"https:\/\/thesweetshop.ma\/?product=chi-infra-treatment-355ml-paraben-free","name":"CHI INFRA TREATMENT 355ML PARABEN FREE - MAROC - The Sweet Shop","isPartOf":{"@id":"https:\/\/thesweetshop.ma\/#website"},"primaryImageOfPage":{"@id":"https:\/\/thesweetshop.ma\/?product=chi-infra-treatment-355ml-paraben-free#primaryimage"},"image":{"@id":"https:\/\/thesweetshop.ma\/?product=chi-infra-treatment-355ml-paraben-free#primaryimage"},"thumbnailUrl":"https:\/\/thesweetshop.ma\/wp-content\/uploads\/2023\/06\/CHI-Infra-Treatment-355ML.jpeg","datePublished":"2023-06-22T14:34:31+00:00","dateModified":"2023-06-22T14:35:03+00:00","breadcrumb":{"@id":"https:\/\/thesweetshop.ma\/?product=chi-infra-treatment-355ml-paraben-free#breadcrumb"},"inLanguage":"fr-FR","potentialAction":[{"@type":"ReadAction","target":["https:\/\/thesweetshop.ma\/?product=chi-infra-treatment-355ml-paraben-free"]}]},{"@type":"ImageObject","inLanguage":"fr-FR","@id":"https:\/\/thesweetshop.ma\/?product=chi-infra-treatment-355ml-paraben-free#primaryimage","url":"https:\/\/thesweetshop.ma\/wp-content\/uploads\/2023\/06\/CHI-Infra-Treatment-355ML.jpeg","contentUrl":"https:\/\/thesweetshop.ma\/wp-content\/uploads\/2023\/06\/CHI-Infra-Treatment-355ML.jpeg","width":1200,"height":1200},{"@type":"BreadcrumbList","@id":"https:\/\/thesweetshop.ma\/?product=chi-infra-treatment-355ml-paraben-free#breadcrumb","itemListElement":[{"@type":"ListItem","position":1,"name":"Home","item":"https:\/\/thesweetshop.ma\/"},{"@type":"ListItem","position":2,"name":"Shop","item":"https:\/\/thesweetshop.ma\/?page_id=5"},{"@type":"ListItem","position":3,"name":"CHI INFRA TREATMENT 355ML PARABEN FREE"}]},{"@type":"WebSite","@id":"https:\/\/thesweetshop.ma\/#website","url":"https:\/\/thesweetshop.ma\/","name":"The Sweet Shop","description":"1# Le premier site de maquillage au Maroc","potentialAction":[{"@type":"SearchAction","target":{"@type":"EntryPoint","urlTemplate":"https:\/\/thesweetshop.ma\/?s={search_term_string}"},"query-input":{"@type":"PropertyValueSpecification","valueRequired":true,"valueName":"search_term_string"}}],"inLanguage":"fr-FR"}]}},"jetpack_sharing_enabled":true,"_links":{"self":[{"href":"https:\/\/thesweetshop.ma\/index.php?rest_route=\/wp\/v2\/product\/2761","targetHints":{"allow":["GET"]}}],"collection":[{"href":"https:\/\/thesweetshop.ma\/index.php?rest_route=\/wp\/v2\/product"}],"about":[{"href":"https:\/\/thesweetshop.ma\/index.php?rest_route=\/wp\/v2\/types\/product"}],"replies":[{"embeddable":true,"href":"https:\/\/thesweetshop.ma\/index.php?rest_route=%2Fwp%2Fv2%2Fcomments&post=2761"}],"version-history":[{"count":1,"href":"https:\/\/thesweetshop.ma\/index.php?rest_route=\/wp\/v2\/product\/2761\/revisions"}],"predecessor-version":[{"id":2812,"href":"https:\/\/thesweetshop.ma\/index.php?rest_route=\/wp\/v2\/product\/2761\/revisions\/2812"}],"wp:featuredmedia":[{"embeddable":true,"href":"https:\/\/thesweetshop.ma\/index.php?rest_route=\/wp\/v2\/media\/2811"}],"wp:attachment":[{"href":"https:\/\/thesweetshop.ma\/index.php?rest_route=%2Fwp%2Fv2%2Fmedia&parent=2761"}],"wp:term":[{"taxonomy":"brand","embeddable":true,"href":"https:\/\/thesweetshop.ma\/index.php?rest_route=%2Fwp%2Fv2%2Fetheme_brands&post=2761"},{"taxonomy":"product_brand","embeddable":true,"href":"https:\/\/thesweetshop.ma\/index.php?rest_route=%2Fwp%2Fv2%2Fproduct_brand&post=2761"},{"taxonomy":"product_cat","embeddable":true,"href":"https:\/\/thesweetshop.ma\/index.php?rest_route=%2Fwp%2Fv2%2Fproduct_cat&post=2761"},{"taxonomy":"product_tag","embeddable":true,"href":"https:\/\/thesweetshop.ma\/index.php?rest_route=%2Fwp%2Fv2%2Fproduct_tag&post=2761"}],"curies":[{"name":"wp","href":"https:\/\/api.w.org\/{rel}","templated":true}]}}