{"id":3280,"date":"2024-11-22T04:30:12","date_gmt":"2024-11-22T04:30:12","guid":{"rendered":"https:\/\/thesweetshop.ma\/?post_type=product&#038;p=3280"},"modified":"2024-11-22T04:30:13","modified_gmt":"2024-11-22T04:30:13","slug":"embryolisse-lait-creme-concentre-75-ml","status":"publish","type":"product","link":"https:\/\/thesweetshop.ma\/?product=embryolisse-lait-creme-concentre-75-ml","title":{"rendered":"EMBRYOLISSE Lait-Cr\u00e8me Concentr\u00e9 75 ML"},"content":{"rendered":"<p class=\"p1\"><span class=\"s1\">Soin hydratant nutritif\u00a0<\/span><span class=\"s2\">multi-fonctions\u00a0<\/span><span class=\"s1\">qui laisse un voile de douceur et de souplesse sur toutes les peaux, m\u00eame les plus fragiles.<\/span><\/p>\n<p><span class=\"s1\">Utilis\u00e9 et conseill\u00e9 par les maquilleurs professionnels, les actrices et les top mod\u00e8les ne jurent que par le Lait-Cr\u00e8me Concentr\u00e9 pour prendre soin de leur peau fragilis\u00e9e.<\/span><\/p>\n<p class=\"p1\"><span class=\"s1\">Ses secrets\u00a0?<\/span><\/p>\n<ul>\n<li>Sa composition qui va \u00e0 l\u2019essentiel\u00a0: beurre de karit\u00e9 pour nourrir et adoucir l\u2019\u00e9piderme, aloe vera pour hydrater, prot\u00e9ines de soja et cire d\u2019abeille pour conserver cette hydratation.<\/li>\n<li>Sa grande souplesse d\u2019utilisation\u00a0: en d\u00e9maquillant pour faire peau nette en douceur, en masque express pour r\u00e9parer la peau\u2026 et en cr\u00e8me hydratante de jour comme de nuit.<\/li>\n<\/ul>\n<p class=\"p1\"><span class=\"s1\">Bien hydrat\u00e9e, nourrie la peau retrouve son confort et son \u00e9quilibre, c\u2019est ce qui en fait une base de maquillage id\u00e9ale. Avec sa formule simple, il est LE soin hydratant multi-fonctions que les femmes du monde entier nous envient.<\/span><\/p>\n","protected":false},"excerpt":{"rendered":"<p>Soin hydratant nutritif\u00a0multi-fonctions\u00a0qui laisse un voile de douceur et de souplesse sur toutes les peaux, m\u00eame les plus fragiles. Utilis\u00e9 et conseill\u00e9 par les maquilleurs&#8230;<\/p>\n","protected":false},"featured_media":3282,"comment_status":"open","ping_status":"closed","template":"","meta":{"_joinchat":[]},"etheme_brands":[],"product_brand":[],"product_cat":[139,103,120,138,136],"product_tag":[],"class_list":{"0":"post-3280","1":"product","2":"type-product","3":"status-publish","4":"has-post-thumbnail","6":"product_cat-demaquillants","7":"product_cat-france","8":"product_cat-hydratants","9":"product_cat-maquillage","10":"product_cat-masques-faciaux","12":"first","13":"instock","14":"sale","15":"shipping-taxable","16":"purchasable","17":"product-type-simple"},"yoast_head":"<!-- This site is optimized with the Yoast SEO plugin v27.4 - https:\/\/yoast.com\/product\/yoast-seo-wordpress\/ -->\n<title>EMBRYOLISSE Lait-Cr\u00e8me Concentr\u00e9 75 ML -Maroc - The Sweet Shop<\/title>\n<meta name=\"robots\" content=\"index, follow, max-snippet:-1, max-image-preview:large, max-video-preview:-1\" \/>\n<link rel=\"canonical\" href=\"https:\/\/thesweetshop.ma\/?product=embryolisse-lait-creme-concentre-75-ml\" \/>\n<meta property=\"og:locale\" content=\"fr_FR\" \/>\n<meta property=\"og:type\" content=\"article\" \/>\n<meta property=\"og:title\" content=\"EMBRYOLISSE Lait-Cr\u00e8me Concentr\u00e9 75 ML -Maroc - The Sweet Shop\" \/>\n<meta property=\"og:description\" content=\"Soin hydratant nutritif\u00a0multi-fonctions\u00a0qui laisse un voile de douceur et de souplesse sur toutes les peaux, m\u00eame les plus fragiles. Utilis\u00e9 et conseill\u00e9 par les maquilleurs...\" \/>\n<meta property=\"og:url\" content=\"https:\/\/thesweetshop.ma\/?product=embryolisse-lait-creme-concentre-75-ml\" \/>\n<meta property=\"og:site_name\" content=\"The Sweet Shop\" \/>\n<meta property=\"article:modified_time\" content=\"2024-11-22T04:30:13+00:00\" \/>\n<meta property=\"og:image\" content=\"https:\/\/thesweetshop.ma\/wp-content\/uploads\/2024\/11\/embryolisse-lait-creme-concentre-75-ml-1.jpeg\" \/>\n\t<meta property=\"og:image:width\" content=\"1000\" \/>\n\t<meta property=\"og:image:height\" content=\"1000\" \/>\n\t<meta property=\"og:image:type\" content=\"image\/jpeg\" \/>\n<meta name=\"twitter:card\" content=\"summary_large_image\" \/>\n<meta name=\"twitter:label1\" content=\"Dur\u00e9e de lecture estim\u00e9e\" \/>\n\t<meta name=\"twitter:data1\" content=\"1 minute\" \/>\n<script type=\"application\/ld+json\" class=\"yoast-schema-graph\">{\"@context\":\"https:\\\/\\\/schema.org\",\"@graph\":[{\"@type\":\"WebPage\",\"@id\":\"https:\\\/\\\/thesweetshop.ma\\\/?product=embryolisse-lait-creme-concentre-75-ml\",\"url\":\"https:\\\/\\\/thesweetshop.ma\\\/?product=embryolisse-lait-creme-concentre-75-ml\",\"name\":\"EMBRYOLISSE Lait-Cr\u00e8me Concentr\u00e9 75 ML -Maroc - The Sweet Shop\",\"isPartOf\":{\"@id\":\"https:\\\/\\\/thesweetshop.ma\\\/#website\"},\"primaryImageOfPage\":{\"@id\":\"https:\\\/\\\/thesweetshop.ma\\\/?product=embryolisse-lait-creme-concentre-75-ml#primaryimage\"},\"image\":{\"@id\":\"https:\\\/\\\/thesweetshop.ma\\\/?product=embryolisse-lait-creme-concentre-75-ml#primaryimage\"},\"thumbnailUrl\":\"https:\\\/\\\/thesweetshop.ma\\\/wp-content\\\/uploads\\\/2024\\\/11\\\/embryolisse-lait-creme-concentre-75-ml-1.jpeg\",\"datePublished\":\"2024-11-22T04:30:12+00:00\",\"dateModified\":\"2024-11-22T04:30:13+00:00\",\"breadcrumb\":{\"@id\":\"https:\\\/\\\/thesweetshop.ma\\\/?product=embryolisse-lait-creme-concentre-75-ml#breadcrumb\"},\"inLanguage\":\"fr-FR\",\"potentialAction\":[{\"@type\":\"ReadAction\",\"target\":[\"https:\\\/\\\/thesweetshop.ma\\\/?product=embryolisse-lait-creme-concentre-75-ml\"]}]},{\"@type\":\"ImageObject\",\"inLanguage\":\"fr-FR\",\"@id\":\"https:\\\/\\\/thesweetshop.ma\\\/?product=embryolisse-lait-creme-concentre-75-ml#primaryimage\",\"url\":\"https:\\\/\\\/thesweetshop.ma\\\/wp-content\\\/uploads\\\/2024\\\/11\\\/embryolisse-lait-creme-concentre-75-ml-1.jpeg\",\"contentUrl\":\"https:\\\/\\\/thesweetshop.ma\\\/wp-content\\\/uploads\\\/2024\\\/11\\\/embryolisse-lait-creme-concentre-75-ml-1.jpeg\",\"width\":1000,\"height\":1000},{\"@type\":\"BreadcrumbList\",\"@id\":\"https:\\\/\\\/thesweetshop.ma\\\/?product=embryolisse-lait-creme-concentre-75-ml#breadcrumb\",\"itemListElement\":[{\"@type\":\"ListItem\",\"position\":1,\"name\":\"Home\",\"item\":\"https:\\\/\\\/thesweetshop.ma\\\/\"},{\"@type\":\"ListItem\",\"position\":2,\"name\":\"Shop\",\"item\":\"https:\\\/\\\/thesweetshop.ma\\\/?page_id=5\"},{\"@type\":\"ListItem\",\"position\":3,\"name\":\"EMBRYOLISSE Lait-Cr\u00e8me Concentr\u00e9 75 ML\"}]},{\"@type\":\"WebSite\",\"@id\":\"https:\\\/\\\/thesweetshop.ma\\\/#website\",\"url\":\"https:\\\/\\\/thesweetshop.ma\\\/\",\"name\":\"The Sweet Shop\",\"description\":\"1# Le premier site de maquillage au Maroc\",\"potentialAction\":[{\"@type\":\"SearchAction\",\"target\":{\"@type\":\"EntryPoint\",\"urlTemplate\":\"https:\\\/\\\/thesweetshop.ma\\\/?s={search_term_string}\"},\"query-input\":{\"@type\":\"PropertyValueSpecification\",\"valueRequired\":true,\"valueName\":\"search_term_string\"}}],\"inLanguage\":\"fr-FR\"}]}<\/script>\n<!-- \/ Yoast SEO plugin. -->","yoast_head_json":{"title":"EMBRYOLISSE Lait-Cr\u00e8me Concentr\u00e9 75 ML -Maroc - The Sweet Shop","robots":{"index":"index","follow":"follow","max-snippet":"max-snippet:-1","max-image-preview":"max-image-preview:large","max-video-preview":"max-video-preview:-1"},"canonical":"https:\/\/thesweetshop.ma\/?product=embryolisse-lait-creme-concentre-75-ml","og_locale":"fr_FR","og_type":"article","og_title":"EMBRYOLISSE Lait-Cr\u00e8me Concentr\u00e9 75 ML -Maroc - The Sweet Shop","og_description":"Soin hydratant nutritif\u00a0multi-fonctions\u00a0qui laisse un voile de douceur et de souplesse sur toutes les peaux, m\u00eame les plus fragiles. Utilis\u00e9 et conseill\u00e9 par les maquilleurs...","og_url":"https:\/\/thesweetshop.ma\/?product=embryolisse-lait-creme-concentre-75-ml","og_site_name":"The Sweet Shop","article_modified_time":"2024-11-22T04:30:13+00:00","og_image":[{"width":1000,"height":1000,"url":"https:\/\/thesweetshop.ma\/wp-content\/uploads\/2024\/11\/embryolisse-lait-creme-concentre-75-ml-1.jpeg","type":"image\/jpeg"}],"twitter_card":"summary_large_image","twitter_misc":{"Dur\u00e9e de lecture estim\u00e9e":"1 minute"},"schema":{"@context":"https:\/\/schema.org","@graph":[{"@type":"WebPage","@id":"https:\/\/thesweetshop.ma\/?product=embryolisse-lait-creme-concentre-75-ml","url":"https:\/\/thesweetshop.ma\/?product=embryolisse-lait-creme-concentre-75-ml","name":"EMBRYOLISSE Lait-Cr\u00e8me Concentr\u00e9 75 ML -Maroc - The Sweet Shop","isPartOf":{"@id":"https:\/\/thesweetshop.ma\/#website"},"primaryImageOfPage":{"@id":"https:\/\/thesweetshop.ma\/?product=embryolisse-lait-creme-concentre-75-ml#primaryimage"},"image":{"@id":"https:\/\/thesweetshop.ma\/?product=embryolisse-lait-creme-concentre-75-ml#primaryimage"},"thumbnailUrl":"https:\/\/thesweetshop.ma\/wp-content\/uploads\/2024\/11\/embryolisse-lait-creme-concentre-75-ml-1.jpeg","datePublished":"2024-11-22T04:30:12+00:00","dateModified":"2024-11-22T04:30:13+00:00","breadcrumb":{"@id":"https:\/\/thesweetshop.ma\/?product=embryolisse-lait-creme-concentre-75-ml#breadcrumb"},"inLanguage":"fr-FR","potentialAction":[{"@type":"ReadAction","target":["https:\/\/thesweetshop.ma\/?product=embryolisse-lait-creme-concentre-75-ml"]}]},{"@type":"ImageObject","inLanguage":"fr-FR","@id":"https:\/\/thesweetshop.ma\/?product=embryolisse-lait-creme-concentre-75-ml#primaryimage","url":"https:\/\/thesweetshop.ma\/wp-content\/uploads\/2024\/11\/embryolisse-lait-creme-concentre-75-ml-1.jpeg","contentUrl":"https:\/\/thesweetshop.ma\/wp-content\/uploads\/2024\/11\/embryolisse-lait-creme-concentre-75-ml-1.jpeg","width":1000,"height":1000},{"@type":"BreadcrumbList","@id":"https:\/\/thesweetshop.ma\/?product=embryolisse-lait-creme-concentre-75-ml#breadcrumb","itemListElement":[{"@type":"ListItem","position":1,"name":"Home","item":"https:\/\/thesweetshop.ma\/"},{"@type":"ListItem","position":2,"name":"Shop","item":"https:\/\/thesweetshop.ma\/?page_id=5"},{"@type":"ListItem","position":3,"name":"EMBRYOLISSE Lait-Cr\u00e8me Concentr\u00e9 75 ML"}]},{"@type":"WebSite","@id":"https:\/\/thesweetshop.ma\/#website","url":"https:\/\/thesweetshop.ma\/","name":"The Sweet Shop","description":"1# Le premier site de maquillage au Maroc","potentialAction":[{"@type":"SearchAction","target":{"@type":"EntryPoint","urlTemplate":"https:\/\/thesweetshop.ma\/?s={search_term_string}"},"query-input":{"@type":"PropertyValueSpecification","valueRequired":true,"valueName":"search_term_string"}}],"inLanguage":"fr-FR"}]}},"jetpack_sharing_enabled":true,"_links":{"self":[{"href":"https:\/\/thesweetshop.ma\/index.php?rest_route=\/wp\/v2\/product\/3280","targetHints":{"allow":["GET"]}}],"collection":[{"href":"https:\/\/thesweetshop.ma\/index.php?rest_route=\/wp\/v2\/product"}],"about":[{"href":"https:\/\/thesweetshop.ma\/index.php?rest_route=\/wp\/v2\/types\/product"}],"replies":[{"embeddable":true,"href":"https:\/\/thesweetshop.ma\/index.php?rest_route=%2Fwp%2Fv2%2Fcomments&post=3280"}],"version-history":[{"count":1,"href":"https:\/\/thesweetshop.ma\/index.php?rest_route=\/wp\/v2\/product\/3280\/revisions"}],"predecessor-version":[{"id":3283,"href":"https:\/\/thesweetshop.ma\/index.php?rest_route=\/wp\/v2\/product\/3280\/revisions\/3283"}],"wp:featuredmedia":[{"embeddable":true,"href":"https:\/\/thesweetshop.ma\/index.php?rest_route=\/wp\/v2\/media\/3282"}],"wp:attachment":[{"href":"https:\/\/thesweetshop.ma\/index.php?rest_route=%2Fwp%2Fv2%2Fmedia&parent=3280"}],"wp:term":[{"taxonomy":"brand","embeddable":true,"href":"https:\/\/thesweetshop.ma\/index.php?rest_route=%2Fwp%2Fv2%2Fetheme_brands&post=3280"},{"taxonomy":"product_brand","embeddable":true,"href":"https:\/\/thesweetshop.ma\/index.php?rest_route=%2Fwp%2Fv2%2Fproduct_brand&post=3280"},{"taxonomy":"product_cat","embeddable":true,"href":"https:\/\/thesweetshop.ma\/index.php?rest_route=%2Fwp%2Fv2%2Fproduct_cat&post=3280"},{"taxonomy":"product_tag","embeddable":true,"href":"https:\/\/thesweetshop.ma\/index.php?rest_route=%2Fwp%2Fv2%2Fproduct_tag&post=3280"}],"curies":[{"name":"wp","href":"https:\/\/api.w.org\/{rel}","templated":true}]}}