{"id":3284,"date":"2024-11-22T04:48:01","date_gmt":"2024-11-22T04:48:01","guid":{"rendered":"https:\/\/thesweetshop.ma\/?post_type=product&#038;p=3284"},"modified":"2024-11-22T04:48:01","modified_gmt":"2024-11-22T04:48:01","slug":"mielle-rosemary-mint-scalp-hair-strengthing-oil-59ml","status":"publish","type":"product","link":"https:\/\/thesweetshop.ma\/?product=mielle-rosemary-mint-scalp-hair-strengthing-oil-59ml","title":{"rendered":"MIELLE &#8211; Rosemary Mint Scalp &#038; Hair Strengthing Oil &#8211; 59ml"},"content":{"rendered":"<p class=\"description-desktop\">S\u00e9rum Huile pour le cuir chevelu et les cheveux au romarin et \u00e0 la menthe est une formule intensive riche en nutriments destin\u00e9e \u00e0 vous aider \u00e0 r\u00e9pondre \u00e0 vos probl\u00e8mes capillaires. Nourrissant les follicules pileux, lissant les pointes fourchues et aidant le cuir chevelu sec, cette huile capillaire utilise des ingr\u00e9dients naturels et biologiques et des huiles essentielles pour fournir le soin que vos cheveux m\u00e9ritent. Utilisez-le sur les coiffures protectrices, notamment les tresses et les tissages, et profitez de son parfum frais et revigorant lors de votre prochain traitement \u00e0 l&rsquo;huile chaude.<\/p>\n<div class=\"description-desktop\">\n<div class=\"description-content\">\n<p>Infus\u00e9 de biotine : Utiliser pour les soins capillaires quotidiens ou les traitements sp\u00e9cialis\u00e9s du cuir chevelu<br \/>\nContient plus de 30\u00a0huiles essentielles et extraits<br \/>\nAide \u00e0 am\u00e9liorer la r\u00e9tention de la longueur<br \/>\nConditionne le cuir chevelu sec<br \/>\nLisse les pointes fourchues<br \/>\nFormul\u00e9 sans : Sans parab\u00e8nes, sans sulfates, sans paraffines, sans huile min\u00e9rale, sans DEA, sans tests sur les animaux<\/p>\n<p>59ml | Formul\u00e9 pour tous les types et textures de cheveux | Sans danger pour les cheveux trait\u00e9s chimiquement<\/p>\n<p>COMMENT UTILISER<\/p>\n<p>Traitement du cuir chevelu<br \/>\nS\u00e9parez les cheveux en 4 parties exposant le cuir chevelu. Appliquez une petite quantit\u00e9 d&rsquo;huile sur le cuir chevelu, massez l&rsquo;huile avec les doigts et peignez jusqu&rsquo;aux pointes des cheveux. Laissez agir et coiffez comme vous le souhaitez.<\/p>\n<p>Utilisation quotidienne<br \/>\nAppliquez une petite quantit\u00e9 sur le cuir chevelu et peignez jusqu&rsquo;aux pointes.<\/p>\n<p>Soins des extr\u00e9mit\u00e9s divis\u00e9es<br \/>\nAppliquez l&rsquo;huile sur les pointes des cheveux, placez un bonnet de traitement sur la t\u00eate et laissez agir 10 minutes. Rincer et proc\u00e9der au shampooing.<\/p>\n<\/div>\n<\/div>\n","protected":false},"excerpt":{"rendered":"<p>S\u00e9rum Huile pour le cuir chevelu et les cheveux au romarin et \u00e0 la menthe est une formule intensive riche en nutriments destin\u00e9e \u00e0 vous&#8230;<\/p>\n","protected":false},"featured_media":3286,"comment_status":"open","ping_status":"closed","template":"","meta":{"_joinchat":[]},"etheme_brands":[],"product_brand":[],"product_cat":[97,123,98,126],"product_tag":[],"class_list":{"0":"post-3284","1":"product","2":"type-product","3":"status-publish","4":"has-post-thumbnail","6":"product_cat-cheveux","7":"product_cat-etats-unis","8":"product_cat-gel-huile","9":"product_cat-traitements","11":"first","12":"instock","13":"sale","14":"shipping-taxable","15":"purchasable","16":"product-type-simple"},"yoast_head":"<!-- This site is optimized with the Yoast SEO plugin v27.4 - https:\/\/yoast.com\/product\/yoast-seo-wordpress\/ -->\n<title>MIELLE - Rosemary Mint Scalp &amp; Hair Strengthing Oil - 59ml -Maroc - The Sweet Shop<\/title>\n<meta name=\"robots\" content=\"index, follow, max-snippet:-1, max-image-preview:large, max-video-preview:-1\" \/>\n<link rel=\"canonical\" href=\"https:\/\/thesweetshop.ma\/?product=mielle-rosemary-mint-scalp-hair-strengthing-oil-59ml\" \/>\n<meta property=\"og:locale\" content=\"fr_FR\" \/>\n<meta property=\"og:type\" content=\"article\" \/>\n<meta property=\"og:title\" content=\"MIELLE - Rosemary Mint Scalp &amp; Hair Strengthing Oil - 59ml -Maroc - The Sweet Shop\" \/>\n<meta property=\"og:description\" content=\"S\u00e9rum Huile pour le cuir chevelu et les cheveux au romarin et \u00e0 la menthe est une formule intensive riche en nutriments destin\u00e9e \u00e0 vous...\" \/>\n<meta property=\"og:url\" content=\"https:\/\/thesweetshop.ma\/?product=mielle-rosemary-mint-scalp-hair-strengthing-oil-59ml\" \/>\n<meta property=\"og:site_name\" content=\"The Sweet Shop\" \/>\n<meta property=\"og:image\" content=\"https:\/\/thesweetshop.ma\/wp-content\/uploads\/2024\/11\/rosemarymintoil-ingredients_5000x_b7933d31-95ee-490d-9498-61e4aa606dd5.webp\" \/>\n\t<meta property=\"og:image:width\" content=\"1000\" \/>\n\t<meta property=\"og:image:height\" content=\"1000\" \/>\n\t<meta property=\"og:image:type\" content=\"image\/webp\" \/>\n<meta name=\"twitter:card\" content=\"summary_large_image\" \/>\n<meta name=\"twitter:label1\" content=\"Dur\u00e9e de lecture estim\u00e9e\" \/>\n\t<meta name=\"twitter:data1\" content=\"2 minutes\" \/>\n<script type=\"application\/ld+json\" class=\"yoast-schema-graph\">{\"@context\":\"https:\\\/\\\/schema.org\",\"@graph\":[{\"@type\":\"WebPage\",\"@id\":\"https:\\\/\\\/thesweetshop.ma\\\/?product=mielle-rosemary-mint-scalp-hair-strengthing-oil-59ml\",\"url\":\"https:\\\/\\\/thesweetshop.ma\\\/?product=mielle-rosemary-mint-scalp-hair-strengthing-oil-59ml\",\"name\":\"MIELLE - Rosemary Mint Scalp & Hair Strengthing Oil - 59ml -Maroc - The Sweet Shop\",\"isPartOf\":{\"@id\":\"https:\\\/\\\/thesweetshop.ma\\\/#website\"},\"primaryImageOfPage\":{\"@id\":\"https:\\\/\\\/thesweetshop.ma\\\/?product=mielle-rosemary-mint-scalp-hair-strengthing-oil-59ml#primaryimage\"},\"image\":{\"@id\":\"https:\\\/\\\/thesweetshop.ma\\\/?product=mielle-rosemary-mint-scalp-hair-strengthing-oil-59ml#primaryimage\"},\"thumbnailUrl\":\"https:\\\/\\\/thesweetshop.ma\\\/wp-content\\\/uploads\\\/2024\\\/11\\\/rosemarymintoil-ingredients_5000x_b7933d31-95ee-490d-9498-61e4aa606dd5.webp\",\"datePublished\":\"2024-11-22T04:48:01+00:00\",\"breadcrumb\":{\"@id\":\"https:\\\/\\\/thesweetshop.ma\\\/?product=mielle-rosemary-mint-scalp-hair-strengthing-oil-59ml#breadcrumb\"},\"inLanguage\":\"fr-FR\",\"potentialAction\":[{\"@type\":\"ReadAction\",\"target\":[\"https:\\\/\\\/thesweetshop.ma\\\/?product=mielle-rosemary-mint-scalp-hair-strengthing-oil-59ml\"]}]},{\"@type\":\"ImageObject\",\"inLanguage\":\"fr-FR\",\"@id\":\"https:\\\/\\\/thesweetshop.ma\\\/?product=mielle-rosemary-mint-scalp-hair-strengthing-oil-59ml#primaryimage\",\"url\":\"https:\\\/\\\/thesweetshop.ma\\\/wp-content\\\/uploads\\\/2024\\\/11\\\/rosemarymintoil-ingredients_5000x_b7933d31-95ee-490d-9498-61e4aa606dd5.webp\",\"contentUrl\":\"https:\\\/\\\/thesweetshop.ma\\\/wp-content\\\/uploads\\\/2024\\\/11\\\/rosemarymintoil-ingredients_5000x_b7933d31-95ee-490d-9498-61e4aa606dd5.webp\",\"width\":1000,\"height\":1000},{\"@type\":\"BreadcrumbList\",\"@id\":\"https:\\\/\\\/thesweetshop.ma\\\/?product=mielle-rosemary-mint-scalp-hair-strengthing-oil-59ml#breadcrumb\",\"itemListElement\":[{\"@type\":\"ListItem\",\"position\":1,\"name\":\"Home\",\"item\":\"https:\\\/\\\/thesweetshop.ma\\\/\"},{\"@type\":\"ListItem\",\"position\":2,\"name\":\"Shop\",\"item\":\"https:\\\/\\\/thesweetshop.ma\\\/?page_id=5\"},{\"@type\":\"ListItem\",\"position\":3,\"name\":\"MIELLE &#8211; Rosemary Mint Scalp &#038; Hair Strengthing Oil &#8211; 59ml\"}]},{\"@type\":\"WebSite\",\"@id\":\"https:\\\/\\\/thesweetshop.ma\\\/#website\",\"url\":\"https:\\\/\\\/thesweetshop.ma\\\/\",\"name\":\"The Sweet Shop\",\"description\":\"1# Le premier site de maquillage au Maroc\",\"potentialAction\":[{\"@type\":\"SearchAction\",\"target\":{\"@type\":\"EntryPoint\",\"urlTemplate\":\"https:\\\/\\\/thesweetshop.ma\\\/?s={search_term_string}\"},\"query-input\":{\"@type\":\"PropertyValueSpecification\",\"valueRequired\":true,\"valueName\":\"search_term_string\"}}],\"inLanguage\":\"fr-FR\"}]}<\/script>\n<!-- \/ Yoast SEO plugin. -->","yoast_head_json":{"title":"MIELLE - Rosemary Mint Scalp & Hair Strengthing Oil - 59ml -Maroc - The Sweet Shop","robots":{"index":"index","follow":"follow","max-snippet":"max-snippet:-1","max-image-preview":"max-image-preview:large","max-video-preview":"max-video-preview:-1"},"canonical":"https:\/\/thesweetshop.ma\/?product=mielle-rosemary-mint-scalp-hair-strengthing-oil-59ml","og_locale":"fr_FR","og_type":"article","og_title":"MIELLE - Rosemary Mint Scalp & Hair Strengthing Oil - 59ml -Maroc - The Sweet Shop","og_description":"S\u00e9rum Huile pour le cuir chevelu et les cheveux au romarin et \u00e0 la menthe est une formule intensive riche en nutriments destin\u00e9e \u00e0 vous...","og_url":"https:\/\/thesweetshop.ma\/?product=mielle-rosemary-mint-scalp-hair-strengthing-oil-59ml","og_site_name":"The Sweet Shop","og_image":[{"width":1000,"height":1000,"url":"https:\/\/thesweetshop.ma\/wp-content\/uploads\/2024\/11\/rosemarymintoil-ingredients_5000x_b7933d31-95ee-490d-9498-61e4aa606dd5.webp","type":"image\/webp"}],"twitter_card":"summary_large_image","twitter_misc":{"Dur\u00e9e de lecture estim\u00e9e":"2 minutes"},"schema":{"@context":"https:\/\/schema.org","@graph":[{"@type":"WebPage","@id":"https:\/\/thesweetshop.ma\/?product=mielle-rosemary-mint-scalp-hair-strengthing-oil-59ml","url":"https:\/\/thesweetshop.ma\/?product=mielle-rosemary-mint-scalp-hair-strengthing-oil-59ml","name":"MIELLE - Rosemary Mint Scalp & Hair Strengthing Oil - 59ml -Maroc - The Sweet Shop","isPartOf":{"@id":"https:\/\/thesweetshop.ma\/#website"},"primaryImageOfPage":{"@id":"https:\/\/thesweetshop.ma\/?product=mielle-rosemary-mint-scalp-hair-strengthing-oil-59ml#primaryimage"},"image":{"@id":"https:\/\/thesweetshop.ma\/?product=mielle-rosemary-mint-scalp-hair-strengthing-oil-59ml#primaryimage"},"thumbnailUrl":"https:\/\/thesweetshop.ma\/wp-content\/uploads\/2024\/11\/rosemarymintoil-ingredients_5000x_b7933d31-95ee-490d-9498-61e4aa606dd5.webp","datePublished":"2024-11-22T04:48:01+00:00","breadcrumb":{"@id":"https:\/\/thesweetshop.ma\/?product=mielle-rosemary-mint-scalp-hair-strengthing-oil-59ml#breadcrumb"},"inLanguage":"fr-FR","potentialAction":[{"@type":"ReadAction","target":["https:\/\/thesweetshop.ma\/?product=mielle-rosemary-mint-scalp-hair-strengthing-oil-59ml"]}]},{"@type":"ImageObject","inLanguage":"fr-FR","@id":"https:\/\/thesweetshop.ma\/?product=mielle-rosemary-mint-scalp-hair-strengthing-oil-59ml#primaryimage","url":"https:\/\/thesweetshop.ma\/wp-content\/uploads\/2024\/11\/rosemarymintoil-ingredients_5000x_b7933d31-95ee-490d-9498-61e4aa606dd5.webp","contentUrl":"https:\/\/thesweetshop.ma\/wp-content\/uploads\/2024\/11\/rosemarymintoil-ingredients_5000x_b7933d31-95ee-490d-9498-61e4aa606dd5.webp","width":1000,"height":1000},{"@type":"BreadcrumbList","@id":"https:\/\/thesweetshop.ma\/?product=mielle-rosemary-mint-scalp-hair-strengthing-oil-59ml#breadcrumb","itemListElement":[{"@type":"ListItem","position":1,"name":"Home","item":"https:\/\/thesweetshop.ma\/"},{"@type":"ListItem","position":2,"name":"Shop","item":"https:\/\/thesweetshop.ma\/?page_id=5"},{"@type":"ListItem","position":3,"name":"MIELLE &#8211; Rosemary Mint Scalp &#038; Hair Strengthing Oil &#8211; 59ml"}]},{"@type":"WebSite","@id":"https:\/\/thesweetshop.ma\/#website","url":"https:\/\/thesweetshop.ma\/","name":"The Sweet Shop","description":"1# Le premier site de maquillage au Maroc","potentialAction":[{"@type":"SearchAction","target":{"@type":"EntryPoint","urlTemplate":"https:\/\/thesweetshop.ma\/?s={search_term_string}"},"query-input":{"@type":"PropertyValueSpecification","valueRequired":true,"valueName":"search_term_string"}}],"inLanguage":"fr-FR"}]}},"jetpack_sharing_enabled":true,"_links":{"self":[{"href":"https:\/\/thesweetshop.ma\/index.php?rest_route=\/wp\/v2\/product\/3284","targetHints":{"allow":["GET"]}}],"collection":[{"href":"https:\/\/thesweetshop.ma\/index.php?rest_route=\/wp\/v2\/product"}],"about":[{"href":"https:\/\/thesweetshop.ma\/index.php?rest_route=\/wp\/v2\/types\/product"}],"replies":[{"embeddable":true,"href":"https:\/\/thesweetshop.ma\/index.php?rest_route=%2Fwp%2Fv2%2Fcomments&post=3284"}],"version-history":[{"count":1,"href":"https:\/\/thesweetshop.ma\/index.php?rest_route=\/wp\/v2\/product\/3284\/revisions"}],"predecessor-version":[{"id":3287,"href":"https:\/\/thesweetshop.ma\/index.php?rest_route=\/wp\/v2\/product\/3284\/revisions\/3287"}],"wp:featuredmedia":[{"embeddable":true,"href":"https:\/\/thesweetshop.ma\/index.php?rest_route=\/wp\/v2\/media\/3286"}],"wp:attachment":[{"href":"https:\/\/thesweetshop.ma\/index.php?rest_route=%2Fwp%2Fv2%2Fmedia&parent=3284"}],"wp:term":[{"taxonomy":"brand","embeddable":true,"href":"https:\/\/thesweetshop.ma\/index.php?rest_route=%2Fwp%2Fv2%2Fetheme_brands&post=3284"},{"taxonomy":"product_brand","embeddable":true,"href":"https:\/\/thesweetshop.ma\/index.php?rest_route=%2Fwp%2Fv2%2Fproduct_brand&post=3284"},{"taxonomy":"product_cat","embeddable":true,"href":"https:\/\/thesweetshop.ma\/index.php?rest_route=%2Fwp%2Fv2%2Fproduct_cat&post=3284"},{"taxonomy":"product_tag","embeddable":true,"href":"https:\/\/thesweetshop.ma\/index.php?rest_route=%2Fwp%2Fv2%2Fproduct_tag&post=3284"}],"curies":[{"name":"wp","href":"https:\/\/api.w.org\/{rel}","templated":true}]}}