{"id":3289,"date":"2024-11-22T05:00:01","date_gmt":"2024-11-22T05:00:01","guid":{"rendered":"https:\/\/thesweetshop.ma\/?post_type=product&#038;p=3289"},"modified":"2024-11-22T05:00:01","modified_gmt":"2024-11-22T05:00:01","slug":"rosemary-mint-strengthening-shampoo","status":"publish","type":"product","link":"https:\/\/thesweetshop.ma\/?product=rosemary-mint-strengthening-shampoo","title":{"rendered":"Rosemary Mint Strengthening Shampoo"},"content":{"rendered":"<div class=\"n4sEPd\">\n<div class=\"FFpbKc\"><\/div>\n<\/div>\n<div class=\"QcsUad BDJ8fb BLojaf sMVRZe hCXDsb wneUed\">\n<h3 class=\"oBOnKe\"><span class=\"jCAhz ChMk0b\" style=\"font-size: 16px;\"><span class=\"ryNqvb\">Le shampooing fortifiant au romarin et \u00e0 la menthe de Mielle a \u00e9t\u00e9 d\u00e9velopp\u00e9 pour nettoyer en douceur vos cheveux tout en leur apportant des nutriments essentiels.<\/span><\/span> <span class=\"jCAhz ChMk0b\" style=\"font-size: 16px;\"><span class=\"ryNqvb\">Gr\u00e2ce \u00e0 la biotine renfor\u00e7ant les cheveux et \u00e0 des ingr\u00e9dients tels que l&rsquo;huile de noix de coco et de graines de babassu, vous pouvez ramener les cheveux faibles ou cassants au bord du gouffre.<\/span><\/span> <span class=\"jCAhz ChMk0b\" style=\"font-size: 16px;\"><span class=\"ryNqvb\">Non seulement ce shampooing fortifiant est agr\u00e9able au toucher et sent bon, mais il procure \u00e9galement une hydratation intense \u00e0 tous les types de cheveux ainsi qu&rsquo;une glisse in\u00e9gal\u00e9e.<\/span><\/span> <span class=\"jCAhz ChMk0b\" style=\"font-size: 16px;\"><span class=\"ryNqvb\">Une petite quantit\u00e9 suffit pour ce shampooing fortifiant pour les cheveux, qui fonctionne tr\u00e8s bien en concert avec notre masque capillaire fortifiant au romarin et \u00e0 la menthe\u00a0!<\/span><\/span><\/h3>\n<h3 class=\"oBOnKe\"><span class=\"jCAhz ChMk0b\" style=\"font-size: 16px;\"><span class=\"ryNqvb\">AVANTAGES\u00a0:<\/span><\/span><\/h3>\n<h3 class=\"oBOnKe\"><span class=\"jCAhz ChMk0b\" style=\"font-size: 16px;\"><span class=\"ryNqvb\"> Infus\u00e9 de biotine Nettoie et prot\u00e8ge les cheveux en douceur Sent bon\u00a0!<\/span><\/span><\/h3>\n<h3><\/h3>\n<h3 class=\"oBOnKe\"><span class=\"jCAhz ChMk0b\" style=\"font-size: 16px;\"><span class=\"ryNqvb\">MODE D&rsquo;EMPLOI\u00a0:<\/span><\/span><\/h3>\n<h3 class=\"oBOnKe\"><span class=\"jCAhz ChMk0b\" style=\"font-size: 16px;\"><span class=\"ryNqvb\"> Appliquez une quantit\u00e9 de la taille d&rsquo;une pi\u00e8ce de dix cents dans les mains et massez sur les cheveux mouill\u00e9s pour obtenir une mousse riche.<\/span><\/span> <span class=\"jCAhz\" style=\"font-size: 16px;\"><span class=\"ryNqvb\">Rincez abondamment.<\/span><\/span> <span class=\"jCAhz ChMk0b\" style=\"font-size: 16px;\"><span class=\"ryNqvb\">R\u00e9p\u00e9tez et poursuivez avec le masque capillaire fortifiant au romarin et \u00e0 la menthe.<\/span><\/span><\/h3>\n<\/div>\n","protected":false},"excerpt":{"rendered":"<p>Le shampooing fortifiant au romarin et \u00e0 la menthe de Mielle a \u00e9t\u00e9 d\u00e9velopp\u00e9 pour nettoyer en douceur vos cheveux tout en leur apportant des&#8230;<\/p>\n","protected":false},"featured_media":3290,"comment_status":"open","ping_status":"closed","template":"","meta":{"_joinchat":[]},"etheme_brands":[],"product_brand":[],"product_cat":[97,105],"product_tag":[],"class_list":{"0":"post-3289","1":"product","2":"type-product","3":"status-publish","4":"has-post-thumbnail","6":"product_cat-cheveux","7":"product_cat-shampooing-et-revitalisant","9":"first","10":"instock","11":"sale","12":"shipping-taxable","13":"purchasable","14":"product-type-simple"},"yoast_head":"<!-- This site is optimized with the Yoast SEO plugin v27.4 - https:\/\/yoast.com\/product\/yoast-seo-wordpress\/ -->\n<title>Rosemary Mint Strengthening Shampoo -Maroc - The Sweet Shop<\/title>\n<meta name=\"robots\" content=\"index, follow, max-snippet:-1, max-image-preview:large, max-video-preview:-1\" \/>\n<link rel=\"canonical\" href=\"https:\/\/thesweetshop.ma\/?product=rosemary-mint-strengthening-shampoo\" \/>\n<meta property=\"og:locale\" content=\"fr_FR\" \/>\n<meta property=\"og:type\" content=\"article\" \/>\n<meta property=\"og:title\" content=\"Rosemary Mint Strengthening Shampoo -Maroc - The Sweet Shop\" \/>\n<meta property=\"og:description\" content=\"Le shampooing fortifiant au romarin et \u00e0 la menthe de Mielle a \u00e9t\u00e9 d\u00e9velopp\u00e9 pour nettoyer en douceur vos cheveux tout en leur apportant des...\" \/>\n<meta property=\"og:url\" content=\"https:\/\/thesweetshop.ma\/?product=rosemary-mint-strengthening-shampoo\" \/>\n<meta property=\"og:site_name\" content=\"The Sweet Shop\" \/>\n<meta property=\"og:image\" content=\"https:\/\/thesweetshop.ma\/wp-content\/uploads\/2024\/11\/20230613-Mielle_RM-Render_Conditioner-C_1_600x.webp\" \/>\n\t<meta property=\"og:image:width\" content=\"600\" \/>\n\t<meta property=\"og:image:height\" content=\"600\" \/>\n\t<meta property=\"og:image:type\" content=\"image\/webp\" \/>\n<meta name=\"twitter:card\" content=\"summary_large_image\" \/>\n<meta name=\"twitter:label1\" content=\"Dur\u00e9e de lecture estim\u00e9e\" \/>\n\t<meta name=\"twitter:data1\" content=\"2 minutes\" \/>\n<script type=\"application\/ld+json\" class=\"yoast-schema-graph\">{\"@context\":\"https:\\\/\\\/schema.org\",\"@graph\":[{\"@type\":\"WebPage\",\"@id\":\"https:\\\/\\\/thesweetshop.ma\\\/?product=rosemary-mint-strengthening-shampoo\",\"url\":\"https:\\\/\\\/thesweetshop.ma\\\/?product=rosemary-mint-strengthening-shampoo\",\"name\":\"Rosemary Mint Strengthening Shampoo -Maroc - The Sweet Shop\",\"isPartOf\":{\"@id\":\"https:\\\/\\\/thesweetshop.ma\\\/#website\"},\"primaryImageOfPage\":{\"@id\":\"https:\\\/\\\/thesweetshop.ma\\\/?product=rosemary-mint-strengthening-shampoo#primaryimage\"},\"image\":{\"@id\":\"https:\\\/\\\/thesweetshop.ma\\\/?product=rosemary-mint-strengthening-shampoo#primaryimage\"},\"thumbnailUrl\":\"https:\\\/\\\/thesweetshop.ma\\\/wp-content\\\/uploads\\\/2024\\\/11\\\/20230613-Mielle_RM-Render_Conditioner-C_1_600x.webp\",\"datePublished\":\"2024-11-22T05:00:01+00:00\",\"breadcrumb\":{\"@id\":\"https:\\\/\\\/thesweetshop.ma\\\/?product=rosemary-mint-strengthening-shampoo#breadcrumb\"},\"inLanguage\":\"fr-FR\",\"potentialAction\":[{\"@type\":\"ReadAction\",\"target\":[\"https:\\\/\\\/thesweetshop.ma\\\/?product=rosemary-mint-strengthening-shampoo\"]}]},{\"@type\":\"ImageObject\",\"inLanguage\":\"fr-FR\",\"@id\":\"https:\\\/\\\/thesweetshop.ma\\\/?product=rosemary-mint-strengthening-shampoo#primaryimage\",\"url\":\"https:\\\/\\\/thesweetshop.ma\\\/wp-content\\\/uploads\\\/2024\\\/11\\\/20230613-Mielle_RM-Render_Conditioner-C_1_600x.webp\",\"contentUrl\":\"https:\\\/\\\/thesweetshop.ma\\\/wp-content\\\/uploads\\\/2024\\\/11\\\/20230613-Mielle_RM-Render_Conditioner-C_1_600x.webp\",\"width\":600,\"height\":600},{\"@type\":\"BreadcrumbList\",\"@id\":\"https:\\\/\\\/thesweetshop.ma\\\/?product=rosemary-mint-strengthening-shampoo#breadcrumb\",\"itemListElement\":[{\"@type\":\"ListItem\",\"position\":1,\"name\":\"Home\",\"item\":\"https:\\\/\\\/thesweetshop.ma\\\/\"},{\"@type\":\"ListItem\",\"position\":2,\"name\":\"Shop\",\"item\":\"https:\\\/\\\/thesweetshop.ma\\\/?page_id=5\"},{\"@type\":\"ListItem\",\"position\":3,\"name\":\"Rosemary Mint Strengthening Shampoo\"}]},{\"@type\":\"WebSite\",\"@id\":\"https:\\\/\\\/thesweetshop.ma\\\/#website\",\"url\":\"https:\\\/\\\/thesweetshop.ma\\\/\",\"name\":\"The Sweet Shop\",\"description\":\"1# Le premier site de maquillage au Maroc\",\"potentialAction\":[{\"@type\":\"SearchAction\",\"target\":{\"@type\":\"EntryPoint\",\"urlTemplate\":\"https:\\\/\\\/thesweetshop.ma\\\/?s={search_term_string}\"},\"query-input\":{\"@type\":\"PropertyValueSpecification\",\"valueRequired\":true,\"valueName\":\"search_term_string\"}}],\"inLanguage\":\"fr-FR\"}]}<\/script>\n<!-- \/ Yoast SEO plugin. -->","yoast_head_json":{"title":"Rosemary Mint Strengthening Shampoo -Maroc - The Sweet Shop","robots":{"index":"index","follow":"follow","max-snippet":"max-snippet:-1","max-image-preview":"max-image-preview:large","max-video-preview":"max-video-preview:-1"},"canonical":"https:\/\/thesweetshop.ma\/?product=rosemary-mint-strengthening-shampoo","og_locale":"fr_FR","og_type":"article","og_title":"Rosemary Mint Strengthening Shampoo -Maroc - The Sweet Shop","og_description":"Le shampooing fortifiant au romarin et \u00e0 la menthe de Mielle a \u00e9t\u00e9 d\u00e9velopp\u00e9 pour nettoyer en douceur vos cheveux tout en leur apportant des...","og_url":"https:\/\/thesweetshop.ma\/?product=rosemary-mint-strengthening-shampoo","og_site_name":"The Sweet Shop","og_image":[{"width":600,"height":600,"url":"https:\/\/thesweetshop.ma\/wp-content\/uploads\/2024\/11\/20230613-Mielle_RM-Render_Conditioner-C_1_600x.webp","type":"image\/webp"}],"twitter_card":"summary_large_image","twitter_misc":{"Dur\u00e9e de lecture estim\u00e9e":"2 minutes"},"schema":{"@context":"https:\/\/schema.org","@graph":[{"@type":"WebPage","@id":"https:\/\/thesweetshop.ma\/?product=rosemary-mint-strengthening-shampoo","url":"https:\/\/thesweetshop.ma\/?product=rosemary-mint-strengthening-shampoo","name":"Rosemary Mint Strengthening Shampoo -Maroc - The Sweet Shop","isPartOf":{"@id":"https:\/\/thesweetshop.ma\/#website"},"primaryImageOfPage":{"@id":"https:\/\/thesweetshop.ma\/?product=rosemary-mint-strengthening-shampoo#primaryimage"},"image":{"@id":"https:\/\/thesweetshop.ma\/?product=rosemary-mint-strengthening-shampoo#primaryimage"},"thumbnailUrl":"https:\/\/thesweetshop.ma\/wp-content\/uploads\/2024\/11\/20230613-Mielle_RM-Render_Conditioner-C_1_600x.webp","datePublished":"2024-11-22T05:00:01+00:00","breadcrumb":{"@id":"https:\/\/thesweetshop.ma\/?product=rosemary-mint-strengthening-shampoo#breadcrumb"},"inLanguage":"fr-FR","potentialAction":[{"@type":"ReadAction","target":["https:\/\/thesweetshop.ma\/?product=rosemary-mint-strengthening-shampoo"]}]},{"@type":"ImageObject","inLanguage":"fr-FR","@id":"https:\/\/thesweetshop.ma\/?product=rosemary-mint-strengthening-shampoo#primaryimage","url":"https:\/\/thesweetshop.ma\/wp-content\/uploads\/2024\/11\/20230613-Mielle_RM-Render_Conditioner-C_1_600x.webp","contentUrl":"https:\/\/thesweetshop.ma\/wp-content\/uploads\/2024\/11\/20230613-Mielle_RM-Render_Conditioner-C_1_600x.webp","width":600,"height":600},{"@type":"BreadcrumbList","@id":"https:\/\/thesweetshop.ma\/?product=rosemary-mint-strengthening-shampoo#breadcrumb","itemListElement":[{"@type":"ListItem","position":1,"name":"Home","item":"https:\/\/thesweetshop.ma\/"},{"@type":"ListItem","position":2,"name":"Shop","item":"https:\/\/thesweetshop.ma\/?page_id=5"},{"@type":"ListItem","position":3,"name":"Rosemary Mint Strengthening Shampoo"}]},{"@type":"WebSite","@id":"https:\/\/thesweetshop.ma\/#website","url":"https:\/\/thesweetshop.ma\/","name":"The Sweet Shop","description":"1# Le premier site de maquillage au Maroc","potentialAction":[{"@type":"SearchAction","target":{"@type":"EntryPoint","urlTemplate":"https:\/\/thesweetshop.ma\/?s={search_term_string}"},"query-input":{"@type":"PropertyValueSpecification","valueRequired":true,"valueName":"search_term_string"}}],"inLanguage":"fr-FR"}]}},"jetpack_sharing_enabled":true,"_links":{"self":[{"href":"https:\/\/thesweetshop.ma\/index.php?rest_route=\/wp\/v2\/product\/3289","targetHints":{"allow":["GET"]}}],"collection":[{"href":"https:\/\/thesweetshop.ma\/index.php?rest_route=\/wp\/v2\/product"}],"about":[{"href":"https:\/\/thesweetshop.ma\/index.php?rest_route=\/wp\/v2\/types\/product"}],"replies":[{"embeddable":true,"href":"https:\/\/thesweetshop.ma\/index.php?rest_route=%2Fwp%2Fv2%2Fcomments&post=3289"}],"version-history":[{"count":1,"href":"https:\/\/thesweetshop.ma\/index.php?rest_route=\/wp\/v2\/product\/3289\/revisions"}],"predecessor-version":[{"id":3293,"href":"https:\/\/thesweetshop.ma\/index.php?rest_route=\/wp\/v2\/product\/3289\/revisions\/3293"}],"wp:featuredmedia":[{"embeddable":true,"href":"https:\/\/thesweetshop.ma\/index.php?rest_route=\/wp\/v2\/media\/3290"}],"wp:attachment":[{"href":"https:\/\/thesweetshop.ma\/index.php?rest_route=%2Fwp%2Fv2%2Fmedia&parent=3289"}],"wp:term":[{"taxonomy":"brand","embeddable":true,"href":"https:\/\/thesweetshop.ma\/index.php?rest_route=%2Fwp%2Fv2%2Fetheme_brands&post=3289"},{"taxonomy":"product_brand","embeddable":true,"href":"https:\/\/thesweetshop.ma\/index.php?rest_route=%2Fwp%2Fv2%2Fproduct_brand&post=3289"},{"taxonomy":"product_cat","embeddable":true,"href":"https:\/\/thesweetshop.ma\/index.php?rest_route=%2Fwp%2Fv2%2Fproduct_cat&post=3289"},{"taxonomy":"product_tag","embeddable":true,"href":"https:\/\/thesweetshop.ma\/index.php?rest_route=%2Fwp%2Fv2%2Fproduct_tag&post=3289"}],"curies":[{"name":"wp","href":"https:\/\/api.w.org\/{rel}","templated":true}]}}