{"id":3294,"date":"2024-11-22T05:03:54","date_gmt":"2024-11-22T05:03:54","guid":{"rendered":"https:\/\/thesweetshop.ma\/?post_type=product&#038;p=3294"},"modified":"2024-11-22T05:09:44","modified_gmt":"2024-11-22T05:09:44","slug":"rosemary-mint-strengthening-leave-in-conditioner","status":"publish","type":"product","link":"https:\/\/thesweetshop.ma\/?product=rosemary-mint-strengthening-leave-in-conditioner","title":{"rendered":"Rosemary Mint Strengthening Leave-In Conditioner Mielle"},"content":{"rendered":"<p>L&rsquo;apr\u00e8s-shampoing fortifiant sans rin\u00e7age au romarin et \u00e0 la menthe a \u00e9t\u00e9 d\u00e9velopp\u00e9 pour r\u00e9pondre aux besoins de vos cheveux. Enrichi en biotine et en romarin, ce produit sans rin\u00e7age hydrate tout en prot\u00e9geant et en hydratant.<\/p>\n<p>AVANTAGES :<br \/>\nEnrichi en biotine<br \/>\nBrillance incroyable<br \/>\nEmprisonne l&rsquo;hydratation<\/p>\n<p>MODE D&rsquo;EMPLOI :<br \/>\nAppliquez une quantit\u00e9 g\u00e9n\u00e9reuse sur les cheveux s\u00e9par\u00e9s. Travaillez le produit avec l&rsquo;outil de d\u00e9m\u00ealage de votre choix. Ne rincez pas le produit, laissez agir.<\/p>\n","protected":false},"excerpt":{"rendered":"<p>L&rsquo;apr\u00e8s-shampoing fortifiant sans rin\u00e7age au romarin et \u00e0 la menthe a \u00e9t\u00e9 d\u00e9velopp\u00e9 pour r\u00e9pondre aux besoins de vos cheveux. Enrichi en biotine et en&#8230;<\/p>\n","protected":false},"featured_media":3291,"comment_status":"open","ping_status":"closed","template":"","meta":{"_joinchat":[]},"etheme_brands":[],"product_brand":[],"product_cat":[97,105,126],"product_tag":[],"class_list":{"0":"post-3294","1":"product","2":"type-product","3":"status-publish","4":"has-post-thumbnail","6":"product_cat-cheveux","7":"product_cat-shampooing-et-revitalisant","8":"product_cat-traitements","10":"first","11":"instock","12":"sale","13":"shipping-taxable","14":"purchasable","15":"product-type-simple"},"yoast_head":"<!-- This site is optimized with the Yoast SEO plugin v27.4 - https:\/\/yoast.com\/product\/yoast-seo-wordpress\/ -->\n<title>Rosemary Mint Strengthening Leave-In Conditioner Mielle -Maroc - The Sweet Shop<\/title>\n<meta name=\"robots\" content=\"index, follow, max-snippet:-1, max-image-preview:large, max-video-preview:-1\" \/>\n<link rel=\"canonical\" href=\"https:\/\/thesweetshop.ma\/?product=rosemary-mint-strengthening-leave-in-conditioner\" \/>\n<meta property=\"og:locale\" content=\"fr_FR\" \/>\n<meta property=\"og:type\" content=\"article\" \/>\n<meta property=\"og:title\" content=\"Rosemary Mint Strengthening Leave-In Conditioner Mielle -Maroc - The Sweet Shop\" \/>\n<meta property=\"og:description\" content=\"L&rsquo;apr\u00e8s-shampoing fortifiant sans rin\u00e7age au romarin et \u00e0 la menthe a \u00e9t\u00e9 d\u00e9velopp\u00e9 pour r\u00e9pondre aux besoins de vos cheveux. Enrichi en biotine et en...\" \/>\n<meta property=\"og:url\" content=\"https:\/\/thesweetshop.ma\/?product=rosemary-mint-strengthening-leave-in-conditioner\" \/>\n<meta property=\"og:site_name\" content=\"The Sweet Shop\" \/>\n<meta property=\"article:modified_time\" content=\"2024-11-22T05:09:44+00:00\" \/>\n<meta property=\"og:image\" content=\"https:\/\/thesweetshop.ma\/wp-content\/uploads\/2024\/11\/20230613-Mielle_RM-Render_LeaveIn-B_600x.webp\" \/>\n\t<meta property=\"og:image:width\" content=\"600\" \/>\n\t<meta property=\"og:image:height\" content=\"600\" \/>\n\t<meta property=\"og:image:type\" content=\"image\/webp\" \/>\n<meta name=\"twitter:card\" content=\"summary_large_image\" \/>\n<meta name=\"twitter:label1\" content=\"Dur\u00e9e de lecture estim\u00e9e\" \/>\n\t<meta name=\"twitter:data1\" content=\"1 minute\" \/>\n<script type=\"application\/ld+json\" class=\"yoast-schema-graph\">{\"@context\":\"https:\\\/\\\/schema.org\",\"@graph\":[{\"@type\":\"WebPage\",\"@id\":\"https:\\\/\\\/thesweetshop.ma\\\/?product=rosemary-mint-strengthening-leave-in-conditioner\",\"url\":\"https:\\\/\\\/thesweetshop.ma\\\/?product=rosemary-mint-strengthening-leave-in-conditioner\",\"name\":\"Rosemary Mint Strengthening Leave-In Conditioner Mielle -Maroc - The Sweet Shop\",\"isPartOf\":{\"@id\":\"https:\\\/\\\/thesweetshop.ma\\\/#website\"},\"primaryImageOfPage\":{\"@id\":\"https:\\\/\\\/thesweetshop.ma\\\/?product=rosemary-mint-strengthening-leave-in-conditioner#primaryimage\"},\"image\":{\"@id\":\"https:\\\/\\\/thesweetshop.ma\\\/?product=rosemary-mint-strengthening-leave-in-conditioner#primaryimage\"},\"thumbnailUrl\":\"https:\\\/\\\/thesweetshop.ma\\\/wp-content\\\/uploads\\\/2024\\\/11\\\/20230613-Mielle_RM-Render_LeaveIn-B_600x.webp\",\"datePublished\":\"2024-11-22T05:03:54+00:00\",\"dateModified\":\"2024-11-22T05:09:44+00:00\",\"breadcrumb\":{\"@id\":\"https:\\\/\\\/thesweetshop.ma\\\/?product=rosemary-mint-strengthening-leave-in-conditioner#breadcrumb\"},\"inLanguage\":\"fr-FR\",\"potentialAction\":[{\"@type\":\"ReadAction\",\"target\":[\"https:\\\/\\\/thesweetshop.ma\\\/?product=rosemary-mint-strengthening-leave-in-conditioner\"]}]},{\"@type\":\"ImageObject\",\"inLanguage\":\"fr-FR\",\"@id\":\"https:\\\/\\\/thesweetshop.ma\\\/?product=rosemary-mint-strengthening-leave-in-conditioner#primaryimage\",\"url\":\"https:\\\/\\\/thesweetshop.ma\\\/wp-content\\\/uploads\\\/2024\\\/11\\\/20230613-Mielle_RM-Render_LeaveIn-B_600x.webp\",\"contentUrl\":\"https:\\\/\\\/thesweetshop.ma\\\/wp-content\\\/uploads\\\/2024\\\/11\\\/20230613-Mielle_RM-Render_LeaveIn-B_600x.webp\",\"width\":600,\"height\":600},{\"@type\":\"BreadcrumbList\",\"@id\":\"https:\\\/\\\/thesweetshop.ma\\\/?product=rosemary-mint-strengthening-leave-in-conditioner#breadcrumb\",\"itemListElement\":[{\"@type\":\"ListItem\",\"position\":1,\"name\":\"Home\",\"item\":\"https:\\\/\\\/thesweetshop.ma\\\/\"},{\"@type\":\"ListItem\",\"position\":2,\"name\":\"Shop\",\"item\":\"https:\\\/\\\/thesweetshop.ma\\\/?page_id=5\"},{\"@type\":\"ListItem\",\"position\":3,\"name\":\"Rosemary Mint Strengthening Leave-In Conditioner Mielle\"}]},{\"@type\":\"WebSite\",\"@id\":\"https:\\\/\\\/thesweetshop.ma\\\/#website\",\"url\":\"https:\\\/\\\/thesweetshop.ma\\\/\",\"name\":\"The Sweet Shop\",\"description\":\"1# Le premier site de maquillage au Maroc\",\"potentialAction\":[{\"@type\":\"SearchAction\",\"target\":{\"@type\":\"EntryPoint\",\"urlTemplate\":\"https:\\\/\\\/thesweetshop.ma\\\/?s={search_term_string}\"},\"query-input\":{\"@type\":\"PropertyValueSpecification\",\"valueRequired\":true,\"valueName\":\"search_term_string\"}}],\"inLanguage\":\"fr-FR\"}]}<\/script>\n<!-- \/ Yoast SEO plugin. -->","yoast_head_json":{"title":"Rosemary Mint Strengthening Leave-In Conditioner Mielle -Maroc - The Sweet Shop","robots":{"index":"index","follow":"follow","max-snippet":"max-snippet:-1","max-image-preview":"max-image-preview:large","max-video-preview":"max-video-preview:-1"},"canonical":"https:\/\/thesweetshop.ma\/?product=rosemary-mint-strengthening-leave-in-conditioner","og_locale":"fr_FR","og_type":"article","og_title":"Rosemary Mint Strengthening Leave-In Conditioner Mielle -Maroc - The Sweet Shop","og_description":"L&rsquo;apr\u00e8s-shampoing fortifiant sans rin\u00e7age au romarin et \u00e0 la menthe a \u00e9t\u00e9 d\u00e9velopp\u00e9 pour r\u00e9pondre aux besoins de vos cheveux. Enrichi en biotine et en...","og_url":"https:\/\/thesweetshop.ma\/?product=rosemary-mint-strengthening-leave-in-conditioner","og_site_name":"The Sweet Shop","article_modified_time":"2024-11-22T05:09:44+00:00","og_image":[{"width":600,"height":600,"url":"https:\/\/thesweetshop.ma\/wp-content\/uploads\/2024\/11\/20230613-Mielle_RM-Render_LeaveIn-B_600x.webp","type":"image\/webp"}],"twitter_card":"summary_large_image","twitter_misc":{"Dur\u00e9e de lecture estim\u00e9e":"1 minute"},"schema":{"@context":"https:\/\/schema.org","@graph":[{"@type":"WebPage","@id":"https:\/\/thesweetshop.ma\/?product=rosemary-mint-strengthening-leave-in-conditioner","url":"https:\/\/thesweetshop.ma\/?product=rosemary-mint-strengthening-leave-in-conditioner","name":"Rosemary Mint Strengthening Leave-In Conditioner Mielle -Maroc - The Sweet Shop","isPartOf":{"@id":"https:\/\/thesweetshop.ma\/#website"},"primaryImageOfPage":{"@id":"https:\/\/thesweetshop.ma\/?product=rosemary-mint-strengthening-leave-in-conditioner#primaryimage"},"image":{"@id":"https:\/\/thesweetshop.ma\/?product=rosemary-mint-strengthening-leave-in-conditioner#primaryimage"},"thumbnailUrl":"https:\/\/thesweetshop.ma\/wp-content\/uploads\/2024\/11\/20230613-Mielle_RM-Render_LeaveIn-B_600x.webp","datePublished":"2024-11-22T05:03:54+00:00","dateModified":"2024-11-22T05:09:44+00:00","breadcrumb":{"@id":"https:\/\/thesweetshop.ma\/?product=rosemary-mint-strengthening-leave-in-conditioner#breadcrumb"},"inLanguage":"fr-FR","potentialAction":[{"@type":"ReadAction","target":["https:\/\/thesweetshop.ma\/?product=rosemary-mint-strengthening-leave-in-conditioner"]}]},{"@type":"ImageObject","inLanguage":"fr-FR","@id":"https:\/\/thesweetshop.ma\/?product=rosemary-mint-strengthening-leave-in-conditioner#primaryimage","url":"https:\/\/thesweetshop.ma\/wp-content\/uploads\/2024\/11\/20230613-Mielle_RM-Render_LeaveIn-B_600x.webp","contentUrl":"https:\/\/thesweetshop.ma\/wp-content\/uploads\/2024\/11\/20230613-Mielle_RM-Render_LeaveIn-B_600x.webp","width":600,"height":600},{"@type":"BreadcrumbList","@id":"https:\/\/thesweetshop.ma\/?product=rosemary-mint-strengthening-leave-in-conditioner#breadcrumb","itemListElement":[{"@type":"ListItem","position":1,"name":"Home","item":"https:\/\/thesweetshop.ma\/"},{"@type":"ListItem","position":2,"name":"Shop","item":"https:\/\/thesweetshop.ma\/?page_id=5"},{"@type":"ListItem","position":3,"name":"Rosemary Mint Strengthening Leave-In Conditioner Mielle"}]},{"@type":"WebSite","@id":"https:\/\/thesweetshop.ma\/#website","url":"https:\/\/thesweetshop.ma\/","name":"The Sweet Shop","description":"1# Le premier site de maquillage au Maroc","potentialAction":[{"@type":"SearchAction","target":{"@type":"EntryPoint","urlTemplate":"https:\/\/thesweetshop.ma\/?s={search_term_string}"},"query-input":{"@type":"PropertyValueSpecification","valueRequired":true,"valueName":"search_term_string"}}],"inLanguage":"fr-FR"}]}},"jetpack_sharing_enabled":true,"_links":{"self":[{"href":"https:\/\/thesweetshop.ma\/index.php?rest_route=\/wp\/v2\/product\/3294","targetHints":{"allow":["GET"]}}],"collection":[{"href":"https:\/\/thesweetshop.ma\/index.php?rest_route=\/wp\/v2\/product"}],"about":[{"href":"https:\/\/thesweetshop.ma\/index.php?rest_route=\/wp\/v2\/types\/product"}],"replies":[{"embeddable":true,"href":"https:\/\/thesweetshop.ma\/index.php?rest_route=%2Fwp%2Fv2%2Fcomments&post=3294"}],"version-history":[{"count":2,"href":"https:\/\/thesweetshop.ma\/index.php?rest_route=\/wp\/v2\/product\/3294\/revisions"}],"predecessor-version":[{"id":3298,"href":"https:\/\/thesweetshop.ma\/index.php?rest_route=\/wp\/v2\/product\/3294\/revisions\/3298"}],"wp:featuredmedia":[{"embeddable":true,"href":"https:\/\/thesweetshop.ma\/index.php?rest_route=\/wp\/v2\/media\/3291"}],"wp:attachment":[{"href":"https:\/\/thesweetshop.ma\/index.php?rest_route=%2Fwp%2Fv2%2Fmedia&parent=3294"}],"wp:term":[{"taxonomy":"brand","embeddable":true,"href":"https:\/\/thesweetshop.ma\/index.php?rest_route=%2Fwp%2Fv2%2Fetheme_brands&post=3294"},{"taxonomy":"product_brand","embeddable":true,"href":"https:\/\/thesweetshop.ma\/index.php?rest_route=%2Fwp%2Fv2%2Fproduct_brand&post=3294"},{"taxonomy":"product_cat","embeddable":true,"href":"https:\/\/thesweetshop.ma\/index.php?rest_route=%2Fwp%2Fv2%2Fproduct_cat&post=3294"},{"taxonomy":"product_tag","embeddable":true,"href":"https:\/\/thesweetshop.ma\/index.php?rest_route=%2Fwp%2Fv2%2Fproduct_tag&post=3294"}],"curies":[{"name":"wp","href":"https:\/\/api.w.org\/{rel}","templated":true}]}}