{"id":3296,"date":"2024-11-22T05:06:56","date_gmt":"2024-11-22T05:06:56","guid":{"rendered":"https:\/\/thesweetshop.ma\/?post_type=product&#038;p=3296"},"modified":"2024-11-22T05:06:56","modified_gmt":"2024-11-22T05:06:56","slug":"rosemary-mint-strengthening-hair-masque","status":"publish","type":"product","link":"https:\/\/thesweetshop.ma\/?product=rosemary-mint-strengthening-hair-masque","title":{"rendered":"Rosemary Mint Strengthening Hair Masque"},"content":{"rendered":"<p>Vos cheveux m\u00e9ritent-ils un peu plus d&rsquo;amour ? Ajoutez le masque capillaire fortifiant au romarin et \u00e0 la menthe de Mielle \u00e0 votre routine ! Cette formule riche en nutriments est con\u00e7ue pour offrir une hydratation en profondeur et une force saine. Avec des ingr\u00e9dients tels que le romarin, l&rsquo;huile de graines de s\u00e9same, le miel et l&rsquo;huile de coco, ce masque capillaire offre l&rsquo;hydratation et la nutrition dont vos cheveux ont besoin.<\/p>\n<p>AVANTAGES :<br \/>\nD\u00e9velopp\u00e9 pour r\u00e9pondre aux plus grands besoins de vos cheveux<br \/>\nFabriqu\u00e9 avec des ingr\u00e9dients certifi\u00e9s biologiques<br \/>\nInfus\u00e9 de biotine<\/p>\n<p>MODE D&rsquo;EMPLOI :<br \/>\nApr\u00e8s le shampooing avec le shampooing fortifiant au romarin et \u00e0 la menthe, appliquez uniform\u00e9ment sur les cheveux humides des racines aux pointes. Laissez agir 15 \u00e0 20 minutes. Rincez abondamment.<\/p>\n","protected":false},"excerpt":{"rendered":"<p>Vos cheveux m\u00e9ritent-ils un peu plus d&rsquo;amour ? Ajoutez le masque capillaire fortifiant au romarin et \u00e0 la menthe de Mielle \u00e0 votre routine !&#8230;<\/p>\n","protected":false},"featured_media":3292,"comment_status":"open","ping_status":"closed","template":"","meta":{"_joinchat":[]},"etheme_brands":[],"product_brand":[],"product_cat":[97,123,105,126],"product_tag":[],"class_list":{"0":"post-3296","1":"product","2":"type-product","3":"status-publish","4":"has-post-thumbnail","6":"product_cat-cheveux","7":"product_cat-etats-unis","8":"product_cat-shampooing-et-revitalisant","9":"product_cat-traitements","11":"first","12":"instock","13":"sale","14":"shipping-taxable","15":"purchasable","16":"product-type-simple"},"yoast_head":"<!-- This site is optimized with the Yoast SEO plugin v27.4 - https:\/\/yoast.com\/product\/yoast-seo-wordpress\/ -->\n<title>Rosemary Mint Strengthening Hair Masque -Maroc - The Sweet Shop<\/title>\n<meta name=\"robots\" content=\"index, follow, max-snippet:-1, max-image-preview:large, max-video-preview:-1\" \/>\n<link rel=\"canonical\" href=\"https:\/\/thesweetshop.ma\/?product=rosemary-mint-strengthening-hair-masque\" \/>\n<meta property=\"og:locale\" content=\"fr_FR\" \/>\n<meta property=\"og:type\" content=\"article\" \/>\n<meta property=\"og:title\" content=\"Rosemary Mint Strengthening Hair Masque -Maroc - The Sweet Shop\" \/>\n<meta property=\"og:description\" content=\"Vos cheveux m\u00e9ritent-ils un peu plus d&rsquo;amour ? Ajoutez le masque capillaire fortifiant au romarin et \u00e0 la menthe de Mielle \u00e0 votre routine !...\" \/>\n<meta property=\"og:url\" content=\"https:\/\/thesweetshop.ma\/?product=rosemary-mint-strengthening-hair-masque\" \/>\n<meta property=\"og:site_name\" content=\"The Sweet Shop\" \/>\n<meta property=\"og:image\" content=\"https:\/\/thesweetshop.ma\/wp-content\/uploads\/2024\/11\/RMHairMasque-Front_600x.webp\" \/>\n\t<meta property=\"og:image:width\" content=\"600\" \/>\n\t<meta property=\"og:image:height\" content=\"600\" \/>\n\t<meta property=\"og:image:type\" content=\"image\/webp\" \/>\n<meta name=\"twitter:card\" content=\"summary_large_image\" \/>\n<meta name=\"twitter:label1\" content=\"Dur\u00e9e de lecture estim\u00e9e\" \/>\n\t<meta name=\"twitter:data1\" content=\"1 minute\" \/>\n<script type=\"application\/ld+json\" class=\"yoast-schema-graph\">{\"@context\":\"https:\\\/\\\/schema.org\",\"@graph\":[{\"@type\":\"WebPage\",\"@id\":\"https:\\\/\\\/thesweetshop.ma\\\/?product=rosemary-mint-strengthening-hair-masque\",\"url\":\"https:\\\/\\\/thesweetshop.ma\\\/?product=rosemary-mint-strengthening-hair-masque\",\"name\":\"Rosemary Mint Strengthening Hair Masque -Maroc - The Sweet Shop\",\"isPartOf\":{\"@id\":\"https:\\\/\\\/thesweetshop.ma\\\/#website\"},\"primaryImageOfPage\":{\"@id\":\"https:\\\/\\\/thesweetshop.ma\\\/?product=rosemary-mint-strengthening-hair-masque#primaryimage\"},\"image\":{\"@id\":\"https:\\\/\\\/thesweetshop.ma\\\/?product=rosemary-mint-strengthening-hair-masque#primaryimage\"},\"thumbnailUrl\":\"https:\\\/\\\/thesweetshop.ma\\\/wp-content\\\/uploads\\\/2024\\\/11\\\/RMHairMasque-Front_600x.webp\",\"datePublished\":\"2024-11-22T05:06:56+00:00\",\"breadcrumb\":{\"@id\":\"https:\\\/\\\/thesweetshop.ma\\\/?product=rosemary-mint-strengthening-hair-masque#breadcrumb\"},\"inLanguage\":\"fr-FR\",\"potentialAction\":[{\"@type\":\"ReadAction\",\"target\":[\"https:\\\/\\\/thesweetshop.ma\\\/?product=rosemary-mint-strengthening-hair-masque\"]}]},{\"@type\":\"ImageObject\",\"inLanguage\":\"fr-FR\",\"@id\":\"https:\\\/\\\/thesweetshop.ma\\\/?product=rosemary-mint-strengthening-hair-masque#primaryimage\",\"url\":\"https:\\\/\\\/thesweetshop.ma\\\/wp-content\\\/uploads\\\/2024\\\/11\\\/RMHairMasque-Front_600x.webp\",\"contentUrl\":\"https:\\\/\\\/thesweetshop.ma\\\/wp-content\\\/uploads\\\/2024\\\/11\\\/RMHairMasque-Front_600x.webp\",\"width\":600,\"height\":600},{\"@type\":\"BreadcrumbList\",\"@id\":\"https:\\\/\\\/thesweetshop.ma\\\/?product=rosemary-mint-strengthening-hair-masque#breadcrumb\",\"itemListElement\":[{\"@type\":\"ListItem\",\"position\":1,\"name\":\"Home\",\"item\":\"https:\\\/\\\/thesweetshop.ma\\\/\"},{\"@type\":\"ListItem\",\"position\":2,\"name\":\"Shop\",\"item\":\"https:\\\/\\\/thesweetshop.ma\\\/?page_id=5\"},{\"@type\":\"ListItem\",\"position\":3,\"name\":\"Rosemary Mint Strengthening Hair Masque\"}]},{\"@type\":\"WebSite\",\"@id\":\"https:\\\/\\\/thesweetshop.ma\\\/#website\",\"url\":\"https:\\\/\\\/thesweetshop.ma\\\/\",\"name\":\"The Sweet Shop\",\"description\":\"1# Le premier site de maquillage au Maroc\",\"potentialAction\":[{\"@type\":\"SearchAction\",\"target\":{\"@type\":\"EntryPoint\",\"urlTemplate\":\"https:\\\/\\\/thesweetshop.ma\\\/?s={search_term_string}\"},\"query-input\":{\"@type\":\"PropertyValueSpecification\",\"valueRequired\":true,\"valueName\":\"search_term_string\"}}],\"inLanguage\":\"fr-FR\"}]}<\/script>\n<!-- \/ Yoast SEO plugin. -->","yoast_head_json":{"title":"Rosemary Mint Strengthening Hair Masque -Maroc - The Sweet Shop","robots":{"index":"index","follow":"follow","max-snippet":"max-snippet:-1","max-image-preview":"max-image-preview:large","max-video-preview":"max-video-preview:-1"},"canonical":"https:\/\/thesweetshop.ma\/?product=rosemary-mint-strengthening-hair-masque","og_locale":"fr_FR","og_type":"article","og_title":"Rosemary Mint Strengthening Hair Masque -Maroc - The Sweet Shop","og_description":"Vos cheveux m\u00e9ritent-ils un peu plus d&rsquo;amour ? Ajoutez le masque capillaire fortifiant au romarin et \u00e0 la menthe de Mielle \u00e0 votre routine !...","og_url":"https:\/\/thesweetshop.ma\/?product=rosemary-mint-strengthening-hair-masque","og_site_name":"The Sweet Shop","og_image":[{"width":600,"height":600,"url":"https:\/\/thesweetshop.ma\/wp-content\/uploads\/2024\/11\/RMHairMasque-Front_600x.webp","type":"image\/webp"}],"twitter_card":"summary_large_image","twitter_misc":{"Dur\u00e9e de lecture estim\u00e9e":"1 minute"},"schema":{"@context":"https:\/\/schema.org","@graph":[{"@type":"WebPage","@id":"https:\/\/thesweetshop.ma\/?product=rosemary-mint-strengthening-hair-masque","url":"https:\/\/thesweetshop.ma\/?product=rosemary-mint-strengthening-hair-masque","name":"Rosemary Mint Strengthening Hair Masque -Maroc - The Sweet Shop","isPartOf":{"@id":"https:\/\/thesweetshop.ma\/#website"},"primaryImageOfPage":{"@id":"https:\/\/thesweetshop.ma\/?product=rosemary-mint-strengthening-hair-masque#primaryimage"},"image":{"@id":"https:\/\/thesweetshop.ma\/?product=rosemary-mint-strengthening-hair-masque#primaryimage"},"thumbnailUrl":"https:\/\/thesweetshop.ma\/wp-content\/uploads\/2024\/11\/RMHairMasque-Front_600x.webp","datePublished":"2024-11-22T05:06:56+00:00","breadcrumb":{"@id":"https:\/\/thesweetshop.ma\/?product=rosemary-mint-strengthening-hair-masque#breadcrumb"},"inLanguage":"fr-FR","potentialAction":[{"@type":"ReadAction","target":["https:\/\/thesweetshop.ma\/?product=rosemary-mint-strengthening-hair-masque"]}]},{"@type":"ImageObject","inLanguage":"fr-FR","@id":"https:\/\/thesweetshop.ma\/?product=rosemary-mint-strengthening-hair-masque#primaryimage","url":"https:\/\/thesweetshop.ma\/wp-content\/uploads\/2024\/11\/RMHairMasque-Front_600x.webp","contentUrl":"https:\/\/thesweetshop.ma\/wp-content\/uploads\/2024\/11\/RMHairMasque-Front_600x.webp","width":600,"height":600},{"@type":"BreadcrumbList","@id":"https:\/\/thesweetshop.ma\/?product=rosemary-mint-strengthening-hair-masque#breadcrumb","itemListElement":[{"@type":"ListItem","position":1,"name":"Home","item":"https:\/\/thesweetshop.ma\/"},{"@type":"ListItem","position":2,"name":"Shop","item":"https:\/\/thesweetshop.ma\/?page_id=5"},{"@type":"ListItem","position":3,"name":"Rosemary Mint Strengthening Hair Masque"}]},{"@type":"WebSite","@id":"https:\/\/thesweetshop.ma\/#website","url":"https:\/\/thesweetshop.ma\/","name":"The Sweet Shop","description":"1# Le premier site de maquillage au Maroc","potentialAction":[{"@type":"SearchAction","target":{"@type":"EntryPoint","urlTemplate":"https:\/\/thesweetshop.ma\/?s={search_term_string}"},"query-input":{"@type":"PropertyValueSpecification","valueRequired":true,"valueName":"search_term_string"}}],"inLanguage":"fr-FR"}]}},"jetpack_sharing_enabled":true,"_links":{"self":[{"href":"https:\/\/thesweetshop.ma\/index.php?rest_route=\/wp\/v2\/product\/3296","targetHints":{"allow":["GET"]}}],"collection":[{"href":"https:\/\/thesweetshop.ma\/index.php?rest_route=\/wp\/v2\/product"}],"about":[{"href":"https:\/\/thesweetshop.ma\/index.php?rest_route=\/wp\/v2\/types\/product"}],"replies":[{"embeddable":true,"href":"https:\/\/thesweetshop.ma\/index.php?rest_route=%2Fwp%2Fv2%2Fcomments&post=3296"}],"version-history":[{"count":2,"href":"https:\/\/thesweetshop.ma\/index.php?rest_route=\/wp\/v2\/product\/3296\/revisions"}],"predecessor-version":[{"id":3300,"href":"https:\/\/thesweetshop.ma\/index.php?rest_route=\/wp\/v2\/product\/3296\/revisions\/3300"}],"wp:featuredmedia":[{"embeddable":true,"href":"https:\/\/thesweetshop.ma\/index.php?rest_route=\/wp\/v2\/media\/3292"}],"wp:attachment":[{"href":"https:\/\/thesweetshop.ma\/index.php?rest_route=%2Fwp%2Fv2%2Fmedia&parent=3296"}],"wp:term":[{"taxonomy":"brand","embeddable":true,"href":"https:\/\/thesweetshop.ma\/index.php?rest_route=%2Fwp%2Fv2%2Fetheme_brands&post=3296"},{"taxonomy":"product_brand","embeddable":true,"href":"https:\/\/thesweetshop.ma\/index.php?rest_route=%2Fwp%2Fv2%2Fproduct_brand&post=3296"},{"taxonomy":"product_cat","embeddable":true,"href":"https:\/\/thesweetshop.ma\/index.php?rest_route=%2Fwp%2Fv2%2Fproduct_cat&post=3296"},{"taxonomy":"product_tag","embeddable":true,"href":"https:\/\/thesweetshop.ma\/index.php?rest_route=%2Fwp%2Fv2%2Fproduct_tag&post=3296"}],"curies":[{"name":"wp","href":"https:\/\/api.w.org\/{rel}","templated":true}]}}