{"id":3554,"date":"2025-12-07T23:11:18","date_gmt":"2025-12-07T23:11:18","guid":{"rendered":"https:\/\/thesweetshop.ma\/?post_type=product&#038;p=3554"},"modified":"2025-12-07T23:14:19","modified_gmt":"2025-12-07T23:14:19","slug":"axis-y-dark-spot-correcting-glow-serum-50ml","status":"publish","type":"product","link":"https:\/\/thesweetshop.ma\/?product=axis-y-dark-spot-correcting-glow-serum-50ml","title":{"rendered":"AXIS-Y &#8211; DARK SPOT CORRECTING GLOW SERUM 50ML"},"content":{"rendered":"<p><strong>AXIS-Y Dark Spot Correcting Glow Serum est un s\u00e9rum riche en plusieurs ingr\u00e9dients lumineux (comme la niacinamide et l\u2019argousier) et contribuera \u00e0 am\u00e9liorer le teint g\u00e9n\u00e9ral de la peau. Parce que l\u2019emballage est livr\u00e9 avec un distributeur \u00e0 pompe, le s\u00e9rum est facile \u00e0 doser et donc aussi facile \u00e0 utiliser.<\/strong><\/p>\n<p>Utilisez matin et\/ou soir apr\u00e8s le toner. Appliquez 2 \u00e0 3 pompes sur le visage et tapotez jusqu\u2019\u00e0 absorption. Poursuivez avec votre cr\u00e8me hydratante. En journ\u00e9e, appliquez une protection solaire apr\u00e8s ce s\u00e9rum.<\/p>\n","protected":false},"excerpt":{"rendered":"<p>AXIS-Y Dark Spot Correcting Glow Serum est un s\u00e9rum riche en plusieurs ingr\u00e9dients lumineux (comme la niacinamide et l\u2019argousier) et contribuera \u00e0 am\u00e9liorer le teint&#8230;<\/p>\n","protected":false},"featured_media":3557,"comment_status":"open","ping_status":"closed","template":"","meta":{"_joinchat":[]},"etheme_brands":[],"product_brand":[],"product_cat":[178,156,122],"product_tag":[],"class_list":{"0":"post-3554","1":"product","2":"type-product","3":"status-publish","4":"has-post-thumbnail","6":"product_cat-axis-y","7":"product_cat-paramedical","8":"product_cat-traitements-de-la-peau","10":"first","11":"instock","12":"sale","13":"shipping-taxable","14":"purchasable","15":"product-type-simple"},"yoast_head":"<!-- This site is optimized with the Yoast SEO plugin v27.5 - https:\/\/yoast.com\/product\/yoast-seo-wordpress\/ -->\n<title>AXIS-Y - DARK SPOT CORRECTING GLOW SERUM 50ML - Maroc - The Sweet Shop<\/title>\n<meta name=\"robots\" content=\"index, follow, max-snippet:-1, max-image-preview:large, max-video-preview:-1\" \/>\n<link rel=\"canonical\" href=\"https:\/\/thesweetshop.ma\/?product=axis-y-dark-spot-correcting-glow-serum-50ml\" \/>\n<meta property=\"og:locale\" content=\"fr_FR\" \/>\n<meta property=\"og:type\" content=\"article\" \/>\n<meta property=\"og:title\" content=\"AXIS-Y - DARK SPOT CORRECTING GLOW SERUM 50ML - Maroc - The Sweet Shop\" \/>\n<meta property=\"og:description\" content=\"AXIS-Y Dark Spot Correcting Glow Serum est un s\u00e9rum riche en plusieurs ingr\u00e9dients lumineux (comme la niacinamide et l\u2019argousier) et contribuera \u00e0 am\u00e9liorer le teint...\" \/>\n<meta property=\"og:url\" content=\"https:\/\/thesweetshop.ma\/?product=axis-y-dark-spot-correcting-glow-serum-50ml\" \/>\n<meta property=\"og:site_name\" content=\"The Sweet Shop\" \/>\n<meta property=\"article:modified_time\" content=\"2025-12-07T23:14:19+00:00\" \/>\n<meta property=\"og:image\" content=\"https:\/\/thesweetshop.ma\/wp-content\/uploads\/2025\/12\/Untitleddesign_16_1080x_74686782-6372-4ca5-8833-67c57a848bda.webp\" \/>\n\t<meta property=\"og:image:width\" content=\"1080\" \/>\n\t<meta property=\"og:image:height\" content=\"1080\" \/>\n\t<meta property=\"og:image:type\" content=\"image\/webp\" \/>\n<meta name=\"twitter:card\" content=\"summary_large_image\" \/>\n<meta name=\"twitter:label1\" content=\"Dur\u00e9e de lecture estim\u00e9e\" \/>\n\t<meta name=\"twitter:data1\" content=\"1 minute\" \/>\n<script type=\"application\/ld+json\" class=\"yoast-schema-graph\">{\"@context\":\"https:\\\/\\\/schema.org\",\"@graph\":[{\"@type\":\"WebPage\",\"@id\":\"https:\\\/\\\/thesweetshop.ma\\\/?product=axis-y-dark-spot-correcting-glow-serum-50ml\",\"url\":\"https:\\\/\\\/thesweetshop.ma\\\/?product=axis-y-dark-spot-correcting-glow-serum-50ml\",\"name\":\"AXIS-Y - DARK SPOT CORRECTING GLOW SERUM 50ML - Maroc - The Sweet Shop\",\"isPartOf\":{\"@id\":\"https:\\\/\\\/thesweetshop.ma\\\/#website\"},\"primaryImageOfPage\":{\"@id\":\"https:\\\/\\\/thesweetshop.ma\\\/?product=axis-y-dark-spot-correcting-glow-serum-50ml#primaryimage\"},\"image\":{\"@id\":\"https:\\\/\\\/thesweetshop.ma\\\/?product=axis-y-dark-spot-correcting-glow-serum-50ml#primaryimage\"},\"thumbnailUrl\":\"https:\\\/\\\/thesweetshop.ma\\\/wp-content\\\/uploads\\\/2025\\\/12\\\/Untitleddesign_16_1080x_74686782-6372-4ca5-8833-67c57a848bda.webp\",\"datePublished\":\"2025-12-07T23:11:18+00:00\",\"dateModified\":\"2025-12-07T23:14:19+00:00\",\"breadcrumb\":{\"@id\":\"https:\\\/\\\/thesweetshop.ma\\\/?product=axis-y-dark-spot-correcting-glow-serum-50ml#breadcrumb\"},\"inLanguage\":\"fr-FR\",\"potentialAction\":[{\"@type\":\"ReadAction\",\"target\":[\"https:\\\/\\\/thesweetshop.ma\\\/?product=axis-y-dark-spot-correcting-glow-serum-50ml\"]}]},{\"@type\":\"ImageObject\",\"inLanguage\":\"fr-FR\",\"@id\":\"https:\\\/\\\/thesweetshop.ma\\\/?product=axis-y-dark-spot-correcting-glow-serum-50ml#primaryimage\",\"url\":\"https:\\\/\\\/thesweetshop.ma\\\/wp-content\\\/uploads\\\/2025\\\/12\\\/Untitleddesign_16_1080x_74686782-6372-4ca5-8833-67c57a848bda.webp\",\"contentUrl\":\"https:\\\/\\\/thesweetshop.ma\\\/wp-content\\\/uploads\\\/2025\\\/12\\\/Untitleddesign_16_1080x_74686782-6372-4ca5-8833-67c57a848bda.webp\",\"width\":1080,\"height\":1080},{\"@type\":\"BreadcrumbList\",\"@id\":\"https:\\\/\\\/thesweetshop.ma\\\/?product=axis-y-dark-spot-correcting-glow-serum-50ml#breadcrumb\",\"itemListElement\":[{\"@type\":\"ListItem\",\"position\":1,\"name\":\"Home\",\"item\":\"https:\\\/\\\/thesweetshop.ma\\\/\"},{\"@type\":\"ListItem\",\"position\":2,\"name\":\"Shop\",\"item\":\"https:\\\/\\\/thesweetshop.ma\\\/?page_id=5\"},{\"@type\":\"ListItem\",\"position\":3,\"name\":\"AXIS-Y &#8211; DARK SPOT CORRECTING GLOW SERUM 50ML\"}]},{\"@type\":\"WebSite\",\"@id\":\"https:\\\/\\\/thesweetshop.ma\\\/#website\",\"url\":\"https:\\\/\\\/thesweetshop.ma\\\/\",\"name\":\"The Sweet Shop\",\"description\":\"1# Le premier site de maquillage au Maroc\",\"potentialAction\":[{\"@type\":\"SearchAction\",\"target\":{\"@type\":\"EntryPoint\",\"urlTemplate\":\"https:\\\/\\\/thesweetshop.ma\\\/?s={search_term_string}\"},\"query-input\":{\"@type\":\"PropertyValueSpecification\",\"valueRequired\":true,\"valueName\":\"search_term_string\"}}],\"inLanguage\":\"fr-FR\"}]}<\/script>\n<!-- \/ Yoast SEO plugin. -->","yoast_head_json":{"title":"AXIS-Y - DARK SPOT CORRECTING GLOW SERUM 50ML - Maroc - The Sweet Shop","robots":{"index":"index","follow":"follow","max-snippet":"max-snippet:-1","max-image-preview":"max-image-preview:large","max-video-preview":"max-video-preview:-1"},"canonical":"https:\/\/thesweetshop.ma\/?product=axis-y-dark-spot-correcting-glow-serum-50ml","og_locale":"fr_FR","og_type":"article","og_title":"AXIS-Y - DARK SPOT CORRECTING GLOW SERUM 50ML - Maroc - The Sweet Shop","og_description":"AXIS-Y Dark Spot Correcting Glow Serum est un s\u00e9rum riche en plusieurs ingr\u00e9dients lumineux (comme la niacinamide et l\u2019argousier) et contribuera \u00e0 am\u00e9liorer le teint...","og_url":"https:\/\/thesweetshop.ma\/?product=axis-y-dark-spot-correcting-glow-serum-50ml","og_site_name":"The Sweet Shop","article_modified_time":"2025-12-07T23:14:19+00:00","og_image":[{"width":1080,"height":1080,"url":"https:\/\/thesweetshop.ma\/wp-content\/uploads\/2025\/12\/Untitleddesign_16_1080x_74686782-6372-4ca5-8833-67c57a848bda.webp","type":"image\/webp"}],"twitter_card":"summary_large_image","twitter_misc":{"Dur\u00e9e de lecture estim\u00e9e":"1 minute"},"schema":{"@context":"https:\/\/schema.org","@graph":[{"@type":"WebPage","@id":"https:\/\/thesweetshop.ma\/?product=axis-y-dark-spot-correcting-glow-serum-50ml","url":"https:\/\/thesweetshop.ma\/?product=axis-y-dark-spot-correcting-glow-serum-50ml","name":"AXIS-Y - DARK SPOT CORRECTING GLOW SERUM 50ML - Maroc - The Sweet Shop","isPartOf":{"@id":"https:\/\/thesweetshop.ma\/#website"},"primaryImageOfPage":{"@id":"https:\/\/thesweetshop.ma\/?product=axis-y-dark-spot-correcting-glow-serum-50ml#primaryimage"},"image":{"@id":"https:\/\/thesweetshop.ma\/?product=axis-y-dark-spot-correcting-glow-serum-50ml#primaryimage"},"thumbnailUrl":"https:\/\/thesweetshop.ma\/wp-content\/uploads\/2025\/12\/Untitleddesign_16_1080x_74686782-6372-4ca5-8833-67c57a848bda.webp","datePublished":"2025-12-07T23:11:18+00:00","dateModified":"2025-12-07T23:14:19+00:00","breadcrumb":{"@id":"https:\/\/thesweetshop.ma\/?product=axis-y-dark-spot-correcting-glow-serum-50ml#breadcrumb"},"inLanguage":"fr-FR","potentialAction":[{"@type":"ReadAction","target":["https:\/\/thesweetshop.ma\/?product=axis-y-dark-spot-correcting-glow-serum-50ml"]}]},{"@type":"ImageObject","inLanguage":"fr-FR","@id":"https:\/\/thesweetshop.ma\/?product=axis-y-dark-spot-correcting-glow-serum-50ml#primaryimage","url":"https:\/\/thesweetshop.ma\/wp-content\/uploads\/2025\/12\/Untitleddesign_16_1080x_74686782-6372-4ca5-8833-67c57a848bda.webp","contentUrl":"https:\/\/thesweetshop.ma\/wp-content\/uploads\/2025\/12\/Untitleddesign_16_1080x_74686782-6372-4ca5-8833-67c57a848bda.webp","width":1080,"height":1080},{"@type":"BreadcrumbList","@id":"https:\/\/thesweetshop.ma\/?product=axis-y-dark-spot-correcting-glow-serum-50ml#breadcrumb","itemListElement":[{"@type":"ListItem","position":1,"name":"Home","item":"https:\/\/thesweetshop.ma\/"},{"@type":"ListItem","position":2,"name":"Shop","item":"https:\/\/thesweetshop.ma\/?page_id=5"},{"@type":"ListItem","position":3,"name":"AXIS-Y &#8211; DARK SPOT CORRECTING GLOW SERUM 50ML"}]},{"@type":"WebSite","@id":"https:\/\/thesweetshop.ma\/#website","url":"https:\/\/thesweetshop.ma\/","name":"The Sweet Shop","description":"1# Le premier site de maquillage au Maroc","potentialAction":[{"@type":"SearchAction","target":{"@type":"EntryPoint","urlTemplate":"https:\/\/thesweetshop.ma\/?s={search_term_string}"},"query-input":{"@type":"PropertyValueSpecification","valueRequired":true,"valueName":"search_term_string"}}],"inLanguage":"fr-FR"}]}},"jetpack_sharing_enabled":true,"_links":{"self":[{"href":"https:\/\/thesweetshop.ma\/index.php?rest_route=\/wp\/v2\/product\/3554","targetHints":{"allow":["GET"]}}],"collection":[{"href":"https:\/\/thesweetshop.ma\/index.php?rest_route=\/wp\/v2\/product"}],"about":[{"href":"https:\/\/thesweetshop.ma\/index.php?rest_route=\/wp\/v2\/types\/product"}],"replies":[{"embeddable":true,"href":"https:\/\/thesweetshop.ma\/index.php?rest_route=%2Fwp%2Fv2%2Fcomments&post=3554"}],"version-history":[{"count":1,"href":"https:\/\/thesweetshop.ma\/index.php?rest_route=\/wp\/v2\/product\/3554\/revisions"}],"predecessor-version":[{"id":3556,"href":"https:\/\/thesweetshop.ma\/index.php?rest_route=\/wp\/v2\/product\/3554\/revisions\/3556"}],"wp:featuredmedia":[{"embeddable":true,"href":"https:\/\/thesweetshop.ma\/index.php?rest_route=\/wp\/v2\/media\/3557"}],"wp:attachment":[{"href":"https:\/\/thesweetshop.ma\/index.php?rest_route=%2Fwp%2Fv2%2Fmedia&parent=3554"}],"wp:term":[{"taxonomy":"brand","embeddable":true,"href":"https:\/\/thesweetshop.ma\/index.php?rest_route=%2Fwp%2Fv2%2Fetheme_brands&post=3554"},{"taxonomy":"product_brand","embeddable":true,"href":"https:\/\/thesweetshop.ma\/index.php?rest_route=%2Fwp%2Fv2%2Fproduct_brand&post=3554"},{"taxonomy":"product_cat","embeddable":true,"href":"https:\/\/thesweetshop.ma\/index.php?rest_route=%2Fwp%2Fv2%2Fproduct_cat&post=3554"},{"taxonomy":"product_tag","embeddable":true,"href":"https:\/\/thesweetshop.ma\/index.php?rest_route=%2Fwp%2Fv2%2Fproduct_tag&post=3554"}],"curies":[{"name":"wp","href":"https:\/\/api.w.org\/{rel}","templated":true}]}}